{"id":1993,"date":"2017-11-18T20:19:38","date_gmt":"2017-11-18T20:19:38","guid":{"rendered":"http:\/\/biblian.is\/1981\/ordskvidirnir-18-kafli\/"},"modified":"2021-06-06T11:04:35","modified_gmt":"2021-06-06T11:04:35","slug":"ordskvidirnir-18-kafli","status":"publish","type":"page","link":"https:\/\/biblian.is\/1981\/ordskvidirnir-18-kafli\/","title":{"rendered":"Or\u00f0skvi\u00f0irnir 18. kafli"},"content":{"rendered":"<p><a name=\"1\"><span class=\"versanumer\">1<\/span><\/a>S\u00e9rlyndur ma\u00f0ur fer a\u00f0 s\u00ednum munum, hann illskast vi\u00f0 \u00f6llu, sem hyggilegt er.<a name=\"2\"><span class=\"versanumer\">2<\/span><\/a>Heimskinginn hefir engar m\u00e6tur \u00e1 hyggindum, heldur \u00e1 \u00fev\u00ed a\u00f0 gj\u00f6ra kunnar hugsanir s\u00ednar.<a name=\"3\"><span class=\"versanumer\">3<\/span><\/a>\u00dear sem hinn \u00f3gu\u00f0legi kemur, \u00fear kemur og fyrirlitning, og me\u00f0 sm\u00e1ninni kemur sk\u00f6mm.<a name=\"4\"><span class=\"versanumer\">4<\/span><\/a>Dj\u00fap v\u00f6tn eru or\u00f0 af manns munni, lind viskunnar er sem rennandi l\u00e6kur.<a name=\"5\"><span class=\"versanumer\">5<\/span><\/a>\u00dea\u00f0 er ekki r\u00e9tt a\u00f0 draga taum hins \u00f3gu\u00f0lega, a\u00f0 halla r\u00e9tti hins saklausa \u00ed d\u00f3mi.<a name=\"6\"><span class=\"versanumer\">6<\/span><\/a>Varir heimskingjans valda deilum, og munnur hans kallar \u00e1 h\u00f6gg.<a name=\"7\"><span class=\"versanumer\">7<\/span><\/a>Munnur heimskingjans ver\u00f0ur honum a\u00f0 tj\u00f3ni, og varir hans eru snara fyrir l\u00edf hans.<a name=\"8\"><span class=\"versanumer\">8<\/span><\/a>Or\u00f0 r\u00f3gberans eru eins og s\u00e6lg\u00e6ti, og \u00feau l\u00e6sa sig inn \u00ed innstu fylgsni hjartans.<a name=\"9\"><span class=\"versanumer\">9<\/span><\/a>S\u00e1 sem t\u00f3ml\u00e1tur er \u00ed verki s\u00ednu, er skilgetinn br\u00f3\u00f0ir ey\u00f0sluseggsins.<a name=\"10\"><span class=\"versanumer\">10<\/span><\/a>Nafn Drottins er sterkur turn, \u00feanga\u00f0 hleypur hinn r\u00e9ttl\u00e1ti og er \u00fear \u00f3hultur.<a name=\"11\"><span class=\"versanumer\">11<\/span><\/a>Au\u00f0ur r\u00edks manns er honum \u00f6flugt v\u00edgi og \u00f3kleifur m\u00farveggur \u00ed sj\u00e1lfs hans \u00edmyndun.<a name=\"12\"><span class=\"versanumer\">12<\/span><\/a>Ofmetna\u00f0ur hjartans er undanfari falls, en au\u00f0m\u00fdkt er undanfari vir\u00f0ingar.<a name=\"13\"><span class=\"versanumer\">13<\/span><\/a>Svari einhver \u00e1\u00f0ur en hann heyrir, \u00fe\u00e1 er honum \u00fea\u00f0 fl\u00f3nska og sk\u00f6mm.<a name=\"14\"><span class=\"versanumer\">14<\/span><\/a>Hugrekki mannsins heldur honum uppi \u00ed sj\u00fakd\u00f3mi hans, en dapurt ge\u00f0, hver f\u00e6r bori\u00f0 \u00fea\u00f0?<a name=\"15\"><span class=\"versanumer\">15<\/span><\/a>Hjarta hins hyggna aflar s\u00e9r \u00feekkingar, og eyra hinna vitru leitar \u00feekkingar.<a name=\"16\"><span class=\"versanumer\">16<\/span><\/a>Gj\u00f6f sem ma\u00f0ur gefur, r\u00fdmir til fyrir honum og lei\u00f0ir hann fram fyrir st\u00f3rmenni.<a name=\"17\"><span class=\"versanumer\">17<\/span><\/a>Hinn fyrri s\u00fdnist hafa \u00e1 r\u00e9ttu a\u00f0 standa \u00ed \u00fer\u00e6tum\u00e1li s\u00ednu, en s\u00ed\u00f0an kemur m\u00f3tpartur hans og rannsakar r\u00f6ksemdir hans.<a name=\"18\"><span class=\"versanumer\">18<\/span><\/a>Hlutkesti\u00f0 gj\u00f6rir enda \u00e1 deilum og sker \u00far milli sterkra.<a name=\"19\"><span class=\"versanumer\">19<\/span><\/a>Erfi\u00f0ara er a\u00f0 \u00e1vinna svikinn br\u00f3\u00f0ur en a\u00f0 vinna rammbygg\u00f0a borg, og deilur sl\u00edkra manna eru sem slagbrandar fyrir hallardyrum.<a name=\"20\"><span class=\"versanumer\">20<\/span><\/a>Kvi\u00f0ur mannsins mettast af \u00e1vexti munns hans, af gr\u00f3\u00f0ri varanna mettast hann.<a name=\"21\"><span class=\"versanumer\">21<\/span><\/a>Dau\u00f0i og l\u00edf eru \u00e1 tungunnar valdi, og s\u00e1 sem hefir taum \u00e1 henni, mun eta \u00e1v\u00f6xt hennar.<a name=\"22\"><span class=\"versanumer\">22<\/span><\/a>S\u00e1 sem eignast konu, eignast gersemi, og hl\u00fdtur n\u00e1\u00f0argj\u00f6f af Drottni.<a name=\"23\"><span class=\"versanumer\">23<\/span><\/a>Hinn f\u00e1t\u00e6ki m\u00e6lir blj\u00fagum b\u00e6naror\u00f0um, en hinn r\u00edki svarar me\u00f0 h\u00f6rku.<a name=\"24\"><span class=\"versanumer\">24<\/span><\/a>A\u00f0 vera allra vinur er til tj\u00f3ns, en til er \u00e1stvinur, sem er tryggari en br\u00f3\u00f0ir.<\/p>\n<div class=\"footnote1981\"><b>18.5<\/b> Halla r\u00e9ttinum Slm 35.11; sbr Okv 24.23-24+<br \/>\n<b>18.6<\/b> Or\u00f0 heimskingjans Okv 13.3+<br \/>\n<b>18.10<\/b> Drottinn, turn Slm 124.8+<br \/>\n<b>18.16<\/b> M\u00fata Okv 17.8+<br \/>\n<b>18.21<\/b> Vald tungunnar Okv 16.27+<br \/>\n<b>18.22<\/b> Konan er gersemi Okv 19.14; 31.10,11; 1M\u00f3s 2.18; S\u00edr 26.1-4; sbr Okv 19.13+<\/div>\n","protected":false},"excerpt":{"rendered":"<p>1S\u00e9rlyndur ma\u00f0ur fer a\u00f0 s\u00ednum munum, hann illskast vi\u00f0 \u00f6llu, sem hyggilegt er.2Heimskinginn hefir engar m\u00e6tur \u00e1 hyggindum, heldur \u00e1 \u00fev\u00ed a\u00f0 gj\u00f6ra kunnar hugsanir s\u00ednar.3\u00dear sem hinn \u00f3gu\u00f0legi kemur, \u00fear kemur og fyrirlitning, og me\u00f0 sm\u00e1ninni kemur sk\u00f6mm.4Dj\u00fap v\u00f6tn eru or\u00f0 af manns munni, lind viskunnar er sem rennandi l\u00e6kur.5\u00dea\u00f0 er ekki r\u00e9tt a\u00f0 draga taum hins \u00f3gu\u00f0lega, a\u00f0 halla r\u00e9tti hins saklausa \u00ed d\u00f3mi.6Varir heimskingjans valda deilum, og munnur hans kallar \u00e1 h\u00f6gg.7Munnur heimskingjans ver\u00f0ur honum a\u00f0 tj\u00f3ni, og varir hans eru snara fyrir l\u00edf hans.8Or\u00f0 r\u00f3gberans eru eins og s\u00e6lg\u00e6ti, og \u00feau l\u00e6sa sig inn \u00ed innstu <a href=\"https:\/\/biblian.is\/1981\/ordskvidirnir-18-kafli\/\"> [&#8230;]<\/a><\/p>\n","protected":false},"author":1,"featured_media":0,"parent":0,"menu_order":0,"comment_status":"open","ping_status":"open","template":"bibliukaflar.php","meta":{"footnotes":""},"class_list":["post-1993","page","type-page","status-publish","hentry"],"_links":{"self":[{"href":"https:\/\/biblian.is\/1981\/wp-json\/wp\/v2\/pages\/1993","targetHints":{"allow":["GET"]}}],"collection":[{"href":"https:\/\/biblian.is\/1981\/wp-json\/wp\/v2\/pages"}],"about":[{"href":"https:\/\/biblian.is\/1981\/wp-json\/wp\/v2\/types\/page"}],"author":[{"embeddable":true,"href":"https:\/\/biblian.is\/1981\/wp-json\/wp\/v2\/users\/1"}],"replies":[{"embeddable":true,"href":"https:\/\/biblian.is\/1981\/wp-json\/wp\/v2\/comments?post=1993"}],"version-history":[{"count":0,"href":"https:\/\/biblian.is\/1981\/wp-json\/wp\/v2\/pages\/1993\/revisions"}],"wp:attachment":[{"href":"https:\/\/biblian.is\/1981\/wp-json\/wp\/v2\/media?parent=1993"}],"curies":[{"name":"wp","href":"https:\/\/api.w.org\/{rel}","templated":true}]}}