{"id":1990,"date":"2017-11-18T20:19:38","date_gmt":"2017-11-18T20:19:38","guid":{"rendered":"http:\/\/biblian.is\/1981\/ordskvidirnir-15-kafli\/"},"modified":"2021-06-06T11:04:34","modified_gmt":"2021-06-06T11:04:34","slug":"ordskvidirnir-15-kafli","status":"publish","type":"page","link":"https:\/\/biblian.is\/1981\/ordskvidirnir-15-kafli\/","title":{"rendered":"Or\u00f0skvi\u00f0irnir 15. kafli"},"content":{"rendered":"<p><a name=\"1\"><span class=\"versanumer\">1<\/span><\/a>Mj\u00faklegt andsvar st\u00f6\u00f0var br\u00e6\u00f0i, en mei\u00f0andi or\u00f0 vekur rei\u00f0i.<a name=\"2\"><span class=\"versanumer\">2<\/span><\/a>Af tungu hinna vitru dr\u00fdpur \u00feekking, en munnur heimskingjanna eys \u00far s\u00e9r vitleysu.<a name=\"3\"><span class=\"versanumer\">3<\/span><\/a>Augu Drottins eru alls sta\u00f0ar, vakandi yfir vondum og g\u00f3\u00f0um.<a name=\"4\"><span class=\"versanumer\">4<\/span><\/a>H\u00f3gv\u00e6r\u00f0 tungunnar er l\u00edfstr\u00e9, en fals hennar veldur hugarkv\u00f6l.<a name=\"5\"><span class=\"versanumer\">5<\/span><\/a>Afglapinn sm\u00e1ir aga f\u00f6\u00f0ur s\u00edns, en s\u00e1 sem tekur umv\u00f6ndun, ver\u00f0ur hygginn.<a name=\"6\"><span class=\"versanumer\">6<\/span><\/a>\u00cd h\u00fasi hins r\u00e9ttl\u00e1ta er mikill au\u00f0ur, en glundro\u00f0i er \u00ed gr\u00f3\u00f0af\u00e9 hins \u00f3gu\u00f0lega.<a name=\"7\"><span class=\"versanumer\">7<\/span><\/a>Varir hinna vitru dreifa \u00fat \u00feekkingu, en hjarta heimskingjanna er rangsn\u00fai\u00f0.<a name=\"8\"><span class=\"versanumer\">8<\/span><\/a>F\u00f3rn \u00f3gu\u00f0legra er Drottni andstygg\u00f0, en b\u00e6n hreinskilinna er honum \u00fe\u00f3knanleg.<a name=\"9\"><span class=\"versanumer\">9<\/span><\/a>Vegur hins \u00f3gu\u00f0lega er Drottni andstyggilegur, en \u00feann sem stundar r\u00e9ttl\u00e6ti, elskar hann.<a name=\"10\"><span class=\"versanumer\">10<\/span><\/a>Sl\u00e6m hirting b\u00ed\u00f0ur \u00feess, sem yfirgefur r\u00e9tta lei\u00f0, s\u00e1 sem hatar umv\u00f6ndun, hl\u00fdtur a\u00f0 deyja.<a name=\"11\"><span class=\"versanumer\">11<\/span><\/a>D\u00e1narheimur og undirdj\u00fapin eru opin fyrir Drottni, hversu miklu fremur hj\u00f6rtu mannanna barna!<a name=\"12\"><span class=\"versanumer\">12<\/span><\/a>Spottaranum er ekki vel vi\u00f0, a\u00f0 vanda\u00f0 s\u00e9 um vi\u00f0 hann, til viturra manna fer hann ekki.<a name=\"13\"><span class=\"versanumer\">13<\/span><\/a>Glatt hjarta gj\u00f6rir andliti\u00f0 h\u00fdrlegt, en s\u00e9 hrygg\u00f0 \u00ed hjarta, er hugurinn dapur.<a name=\"14\"><span class=\"versanumer\">14<\/span><\/a>Hjarta hins vitra leitar a\u00f0 \u00feekking, en munnur heimskingjanna g\u00e6\u00f0ir s\u00e9r \u00e1 f\u00edflsku.<a name=\"15\"><span class=\"versanumer\">15<\/span><\/a>Hinn vola\u00f0i s\u00e9r aldrei gla\u00f0an dag, en s\u00e1 sem vel liggur \u00e1, er s\u00edfellt \u00ed veislu.<a name=\"16\"><span class=\"versanumer\">16<\/span><\/a>Betra er l\u00edti\u00f0 \u00ed \u00f3tta Drottins en mikill fj\u00e1rsj\u00f3\u00f0ur me\u00f0 \u00e1hyggjum.<a name=\"17\"><span class=\"versanumer\">17<\/span><\/a>Betri er einn skammtur k\u00e1lmetis me\u00f0 k\u00e6rleika en alinn uxi me\u00f0 hatri.<a name=\"18\"><span class=\"versanumer\">18<\/span><\/a>Br\u00e1\u00f0lyndur ma\u00f0ur vekur deilur, en s\u00e1 sem seinn er til rei\u00f0i, stillir \u00fer\u00e6tu.<a name=\"19\"><span class=\"versanumer\">19<\/span><\/a>Vegur letingjans er eins og \u00feyrniger\u00f0i, en gata hreinskilinna er brautarvegur.<a name=\"20\"><span class=\"versanumer\">20<\/span><\/a>Vitur sonur gle\u00f0ur f\u00f6\u00f0ur sinn, en heimskur ma\u00f0ur fyrirl\u00edtur m\u00f3\u00f0ur s\u00edna.<a name=\"21\"><span class=\"versanumer\">21<\/span><\/a>\u00d3vitrum manni er f\u00edflskan gle\u00f0i, en skynsamur ma\u00f0ur gengur beint \u00e1fram.<a name=\"22\"><span class=\"versanumer\">22<\/span><\/a>\u00c1formin ver\u00f0a a\u00f0 engu, \u00fear sem engin er r\u00e1\u00f0ager\u00f0in, en ef margir leggja \u00e1 r\u00e1\u00f0in, f\u00e1 \u00feau framgang.<a name=\"23\"><span class=\"versanumer\">23<\/span><\/a>Gle\u00f0i hl\u00fdtur ma\u00f0urinn af svari munns s\u00edns, og hversu fagurt er or\u00f0 \u00ed t\u00edma tala\u00f0!<a name=\"24\"><span class=\"versanumer\">24<\/span><\/a>L\u00edfsins vegur liggur upp \u00e1 vi\u00f0 fyrir hinn hyggna, til \u00feess a\u00f0 hann lendi ekki ni\u00f0ur \u00ed Helju.<a name=\"25\"><span class=\"versanumer\">25<\/span><\/a>Drottinn r\u00edfur ni\u00f0ur h\u00fas drambl\u00e1tra, en setur f\u00f6st landamerki ekkjunnar.<a name=\"26\"><span class=\"versanumer\">26<\/span><\/a>Ill \u00e1form eru Drottni andstygg\u00f0, en hrein eru vingjarnleg or\u00f0.<a name=\"27\"><span class=\"versanumer\">27<\/span><\/a>S\u00e1 kemur \u00f3lagi \u00e1 heimilishag sinn, sem f\u00edkinn er \u00ed rangfenginn gr\u00f3\u00f0a, en s\u00e1 sem hatar m\u00fatugjafir, mun lifa.<a name=\"28\"><span class=\"versanumer\">28<\/span><\/a>Hjarta hins r\u00e9ttl\u00e1ta \u00edhugar, hverju svara skuli, en munnur \u00f3gu\u00f0legra eys \u00far s\u00e9r illsku.<a name=\"29\"><span class=\"versanumer\">29<\/span><\/a>Drottinn er fjarl\u00e6gur \u00f3gu\u00f0legum, en b\u00e6n r\u00e9ttl\u00e1tra heyrir hann.<a name=\"30\"><span class=\"versanumer\">30<\/span><\/a>Vingjarnlegt augnar\u00e1\u00f0 gle\u00f0ur hjarta\u00f0, g\u00f3\u00f0ar fr\u00e9ttir feita beinin.<a name=\"31\"><span class=\"versanumer\">31<\/span><\/a>Eyra sem hl\u00fd\u00f0ir \u00e1 holla umv\u00f6ndun, mun b\u00faa me\u00f0al hinna vitru.<a name=\"32\"><span class=\"versanumer\">32<\/span><\/a>S\u00e1 sem aga hafnar, fyrirl\u00edtur sj\u00e1lfan sig, en s\u00e1 sem hl\u00fd\u00f0ir \u00e1 umv\u00f6ndun, aflar s\u00e9r hygginda.<a name=\"33\"><span class=\"versanumer\">33<\/span><\/a>\u00d3tti Drottins er \u00f6gun til visku, og au\u00f0m\u00fdkt er undanfari vir\u00f0ingar.<\/p>\n<div class=\"footnote1981\"><b>15.5<\/b> Taka umv\u00f6ndum Okv 10.17; 12.1; 13.18; 15.31,32<br \/>\n<b>15.6<\/b> Gr\u00f3\u00f0af\u00e9 hins rangl\u00e1ta Okv 11.28; 24.4-5; Jes 5.8-10; Am 4.1-3; 6.1-7; Jak 5.1-6<br \/>\n<b>15.8<\/b> F\u00f3rn rangl\u00e1tra 1Sam 15.22+<br \/>\n<b>15.8-9<\/b> Drottni andstygg\u00f0 Okv 3.32+<br \/>\n<b>15.12<\/b> Spottarinn Okv 13.1+<br \/>\n<b>15.16<\/b> L\u00edti\u00f0 Okv 16.8+<br \/>\n<b>15.22<\/b> Margir r\u00e1\u00f0gjafar Okv 11.14+<br \/>\n<b>15.25<\/b> Landamerki ekkjunnar Okv 22.28+<br \/>\n<b>15.27<\/b> M\u00fatugjafir Okv 17.23; 5M\u00f3s 16.19; Jes 1.23; Esk 22.12<br \/>\n<b>15.33<\/b> \u00d3tti Drottins og speki Okv 9.10+<\/div>\n","protected":false},"excerpt":{"rendered":"<p>1Mj\u00faklegt andsvar st\u00f6\u00f0var br\u00e6\u00f0i, en mei\u00f0andi or\u00f0 vekur rei\u00f0i.2Af tungu hinna vitru dr\u00fdpur \u00feekking, en munnur heimskingjanna eys \u00far s\u00e9r vitleysu.3Augu Drottins eru alls sta\u00f0ar, vakandi yfir vondum og g\u00f3\u00f0um.4H\u00f3gv\u00e6r\u00f0 tungunnar er l\u00edfstr\u00e9, en fals hennar veldur hugarkv\u00f6l.5Afglapinn sm\u00e1ir aga f\u00f6\u00f0ur s\u00edns, en s\u00e1 sem tekur umv\u00f6ndun, ver\u00f0ur hygginn.6\u00cd h\u00fasi hins r\u00e9ttl\u00e1ta er mikill au\u00f0ur, en glundro\u00f0i er \u00ed gr\u00f3\u00f0af\u00e9 hins \u00f3gu\u00f0lega.7Varir hinna vitru dreifa \u00fat \u00feekkingu, en hjarta heimskingjanna er rangsn\u00fai\u00f0.8F\u00f3rn \u00f3gu\u00f0legra er Drottni andstygg\u00f0, en b\u00e6n hreinskilinna er honum \u00fe\u00f3knanleg.9Vegur hins \u00f3gu\u00f0lega er Drottni andstyggilegur, en \u00feann sem stundar r\u00e9ttl\u00e6ti, elskar hann.10Sl\u00e6m hirting b\u00ed\u00f0ur \u00feess, sem yfirgefur r\u00e9tta <a href=\"https:\/\/biblian.is\/1981\/ordskvidirnir-15-kafli\/\"> [&#8230;]<\/a><\/p>\n","protected":false},"author":1,"featured_media":0,"parent":0,"menu_order":0,"comment_status":"open","ping_status":"open","template":"bibliukaflar.php","meta":{"footnotes":""},"class_list":["post-1990","page","type-page","status-publish","hentry"],"_links":{"self":[{"href":"https:\/\/biblian.is\/1981\/wp-json\/wp\/v2\/pages\/1990","targetHints":{"allow":["GET"]}}],"collection":[{"href":"https:\/\/biblian.is\/1981\/wp-json\/wp\/v2\/pages"}],"about":[{"href":"https:\/\/biblian.is\/1981\/wp-json\/wp\/v2\/types\/page"}],"author":[{"embeddable":true,"href":"https:\/\/biblian.is\/1981\/wp-json\/wp\/v2\/users\/1"}],"replies":[{"embeddable":true,"href":"https:\/\/biblian.is\/1981\/wp-json\/wp\/v2\/comments?post=1990"}],"version-history":[{"count":0,"href":"https:\/\/biblian.is\/1981\/wp-json\/wp\/v2\/pages\/1990\/revisions"}],"wp:attachment":[{"href":"https:\/\/biblian.is\/1981\/wp-json\/wp\/v2\/media?parent=1990"}],"curies":[{"name":"wp","href":"https:\/\/api.w.org\/{rel}","templated":true}]}}