{"id":1989,"date":"2017-11-18T20:19:38","date_gmt":"2017-11-18T20:19:38","guid":{"rendered":"http:\/\/biblian.is\/1981\/ordskvidirnir-14-kafli\/"},"modified":"2021-06-06T11:04:33","modified_gmt":"2021-06-06T11:04:33","slug":"ordskvidirnir-14-kafli","status":"publish","type":"page","link":"https:\/\/biblian.is\/1981\/ordskvidirnir-14-kafli\/","title":{"rendered":"Or\u00f0skvi\u00f0irnir 14. kafli"},"content":{"rendered":"<p><a name=\"1\"><span class=\"versanumer\">1<\/span><\/a>Viska kvennanna reisir h\u00fasi\u00f0, en f\u00edflskan r\u00edfur \u00fea\u00f0 ni\u00f0ur me\u00f0 h\u00f6ndum s\u00ednum.<a name=\"2\"><span class=\"versanumer\">2<\/span><\/a>S\u00e1 sem framgengur \u00ed hreinskilni sinni, \u00f3ttast Drottin, en s\u00e1 sem fer kr\u00f3kalei\u00f0ir, fyrirl\u00edtur hann.<a name=\"3\"><span class=\"versanumer\">3<\/span><\/a>\u00cd munni afglapans er v\u00f6ndur \u00e1 hroka hans, en varir hinna vitru var\u00f0veita \u00fe\u00e1.<a name=\"4\"><span class=\"versanumer\">4<\/span><\/a>\u00dear sem engin naut eru, \u00fear er jatan t\u00f3m, en fyrir kraft uxans f\u00e6st mikill \u00e1g\u00f3\u00f0i.<a name=\"5\"><span class=\"versanumer\">5<\/span><\/a>Sannor\u00f0ur vottur l\u00fdgur ekki, en falsvottur fer me\u00f0 lygar.<a name=\"6\"><span class=\"versanumer\">6<\/span><\/a>Spottarinn leitar visku, en finnur ekki, en hyggnum manni er \u00feekkingin au\u00f0fengin.<a name=\"7\"><span class=\"versanumer\">7<\/span><\/a>Gakk \u00fe\u00fa burt fr\u00e1 heimskum manni, og \u00fe\u00fa hefir ekki kynnst \u00feekkingar-v\u00f6rum.<a name=\"8\"><span class=\"versanumer\">8<\/span><\/a>Viska hins k\u00e6na er \u00ed \u00fev\u00ed f\u00f3lgin, a\u00f0 hann skilur veg sinn, en f\u00edflska heimskingjanna er svik.<a name=\"9\"><span class=\"versanumer\">9<\/span><\/a>Afglaparnir gj\u00f6ra gys a\u00f0 sektarf\u00f3rnum, en me\u00f0al hreinskilinna er vel\u00fe\u00f3knun.<a name=\"10\"><span class=\"versanumer\">10<\/span><\/a>Hjarta\u00f0 eitt \u00feekkir kv\u00f6l s\u00edna, og jafnvel \u00ed gle\u00f0i \u00feess getur enginn annar blanda\u00f0 s\u00e9r.<a name=\"11\"><span class=\"versanumer\">11<\/span><\/a>H\u00fas \u00f3gu\u00f0legra mun ey\u00f0ileggjast, en tjald hreinskilinna mun bl\u00f3mgast.<a name=\"12\"><span class=\"versanumer\">12<\/span><\/a>Margur vegurinn vir\u00f0ist grei\u00f0f\u00e6r, en endar \u00fe\u00f3 \u00e1 helsl\u00f3\u00f0um.<a name=\"13\"><span class=\"versanumer\">13<\/span><\/a>Jafnvel \u00fe\u00f3tt hlegi\u00f0 s\u00e9, kennir hjarta\u00f0 til, og endir gle\u00f0innar er tregi.<a name=\"14\"><span class=\"versanumer\">14<\/span><\/a>Rangsn\u00fai\u00f0 hjarta mettast af vegum s\u00ednum svo og g\u00f3\u00f0ur ma\u00f0ur af verkum s\u00ednum.<a name=\"15\"><span class=\"versanumer\">15<\/span><\/a>Einfaldur ma\u00f0ur tr\u00fair \u00f6llu, en k\u00e6nn ma\u00f0ur athugar f\u00f3tm\u00e1l s\u00edn.<a name=\"16\"><span class=\"versanumer\">16<\/span><\/a>Vitur ma\u00f0ur \u00f3ttast hi\u00f0 illa og for\u00f0ast \u00fea\u00f0, en heimskinginn er framhleypinn og ugglaus.<a name=\"17\"><span class=\"versanumer\">17<\/span><\/a>Uppst\u00f6kkur ma\u00f0ur fremur f\u00edflsku, en hrekkv\u00eds ma\u00f0ur ver\u00f0ur hata\u00f0ur.<a name=\"18\"><span class=\"versanumer\">18<\/span><\/a>Einfeldningarnir erfa f\u00edflsku, en vitrir menn kr\u00fdnast \u00feekkingu.<a name=\"19\"><span class=\"versanumer\">19<\/span><\/a>Hinir vondu ver\u00f0a a\u00f0 l\u00fata hinum g\u00f3\u00f0u, og hinir \u00f3gu\u00f0legu a\u00f0 standa vi\u00f0 dyr r\u00e9ttl\u00e1tra.<a name=\"20\"><span class=\"versanumer\">20<\/span><\/a>F\u00e1t\u00e6klingurinn ver\u00f0ur hvimlei\u00f0ur jafnvel vini s\u00ednum, en r\u00edkismanninn elska margir.<a name=\"21\"><span class=\"versanumer\">21<\/span><\/a>S\u00e1 sem fyrirl\u00edtur vin sinn, dr\u00fdgir synd, en s\u00e6ll er s\u00e1, sem miskunnar sig yfir hina volu\u00f0u.<a name=\"22\"><span class=\"versanumer\">22<\/span><\/a>Vissulega villast \u00feeir, er \u00e1stunda illt, en \u00e1st og tr\u00fafesti \u00e1vinna \u00feeir s\u00e9r, er gott stunda.<a name=\"23\"><span class=\"versanumer\">23<\/span><\/a>Af \u00f6llu striti f\u00e6st \u00e1g\u00f3\u00f0i, en munnfleipri\u00f0 eitt lei\u00f0ir a\u00f0eins til skorts.<a name=\"24\"><span class=\"versanumer\">24<\/span><\/a>Vitrum m\u00f6nnum er au\u00f0ur \u00feeirra k\u00f3r\u00f3na, en f\u00edflska heimskingjanna er og ver\u00f0ur f\u00edflska.<a name=\"25\"><span class=\"versanumer\">25<\/span><\/a>Sannor\u00f0ur vottur frelsar l\u00edf, en s\u00e1 sem fer me\u00f0 lygar, er svikari.<a name=\"26\"><span class=\"versanumer\">26<\/span><\/a>\u00cd \u00f3tta Drottins er \u00f6ruggt traust, og synir sl\u00edks manns munu athvarf eiga.<a name=\"27\"><span class=\"versanumer\">27<\/span><\/a>\u00d3tti Drottins er l\u00edfslind til \u00feess a\u00f0 for\u00f0ast sn\u00f6rur dau\u00f0ans.<a name=\"28\"><span class=\"versanumer\">28<\/span><\/a>F\u00f3lksmerg\u00f0in er pr\u00fd\u00f0i konungsins, en mannaskorturinn steypir h\u00f6f\u00f0ingjanum.<a name=\"29\"><span class=\"versanumer\">29<\/span><\/a>S\u00e1 sem er seinn til rei\u00f0i, er r\u00edkur a\u00f0 skynsemd, en hinn br\u00e1\u00f0lyndi s\u00fdnir mikla f\u00edflsku.<a name=\"30\"><span class=\"versanumer\">30<\/span><\/a>R\u00f3samt hjarta er l\u00edf l\u00edkamans, en \u00e1str\u00ed\u00f0a er eitur \u00ed beinum.<a name=\"31\"><span class=\"versanumer\">31<\/span><\/a>S\u00e1 sem k\u00fagar snau\u00f0an mann, \u00f3vir\u00f0ir \u00feann er sk\u00f3p hann, en s\u00e1 hei\u00f0rar hann, er miskunnar sig yfir f\u00e1t\u00e6kan.<a name=\"32\"><span class=\"versanumer\">32<\/span><\/a>Hinn \u00f3gu\u00f0legi fellur \u00e1 illsku sinni, en hinum r\u00e9ttl\u00e1ta er r\u00e1\u00f0vendnin athvarf.<a name=\"33\"><span class=\"versanumer\">33<\/span><\/a>\u00cd hjarta hyggins manns heldur viskan kyrru fyrir, en \u00e1 me\u00f0al heimskingja gerir h\u00fan vart vi\u00f0 sig.<a name=\"34\"><span class=\"versanumer\">34<\/span><\/a>R\u00e9ttl\u00e6ti\u00f0 hefur upp l\u00fd\u00f0inn, en syndin er \u00fej\u00f3\u00f0anna sk\u00f6mm.<a name=\"35\"><span class=\"versanumer\">35<\/span><\/a>Vitur \u00fej\u00f3nn hl\u00fdtur hylli konungsins, en s\u00e1 hefir rei\u00f0i hans, sem skammarlega breytir.<\/p>\n<div class=\"footnote1981\"><b>14.1<\/b> Viska kvennanna Okv 31.10-31<br \/>\n<b>14.2<\/b> \u00d3ttast Drottin Okv 8.13+<br \/>\n<b>14.5<\/b> Falsvottur Okv 6.19+<br \/>\n<b>14.6<\/b> Spottarinn Okv 13.1+<br \/>\n<b>14.11<\/b> Rangl\u00e1tir og r\u00e9ttl\u00e1tir Okv 3.33+<br \/>\n<b>14.17<\/b> Sn\u00f6rur rei\u00f0innar Okv 15.18; 29.22; sbr 19.11<br \/>\n<b>14.20<\/b> Au\u00f0ma\u00f0urinn eignast fj\u00f6lda vina Okv 19.4,6-7, S\u00edr 6.11-12; 13.21<br \/>\n<b>14.21<\/b> S\u00fdna miskunn Okv 14.31; 19.17; 22.9; Slm 41.2; sbr Okv 17.5; 21.13<br \/>\n<b>14.27<\/b> \u00d3tti Drottins Okv 10.27+<\/div>\n","protected":false},"excerpt":{"rendered":"<p>1Viska kvennanna reisir h\u00fasi\u00f0, en f\u00edflskan r\u00edfur \u00fea\u00f0 ni\u00f0ur me\u00f0 h\u00f6ndum s\u00ednum.2S\u00e1 sem framgengur \u00ed hreinskilni sinni, \u00f3ttast Drottin, en s\u00e1 sem fer kr\u00f3kalei\u00f0ir, fyrirl\u00edtur hann.3\u00cd munni afglapans er v\u00f6ndur \u00e1 hroka hans, en varir hinna vitru var\u00f0veita \u00fe\u00e1.4\u00dear sem engin naut eru, \u00fear er jatan t\u00f3m, en fyrir kraft uxans f\u00e6st mikill \u00e1g\u00f3\u00f0i.5Sannor\u00f0ur vottur l\u00fdgur ekki, en falsvottur fer me\u00f0 lygar.6Spottarinn leitar visku, en finnur ekki, en hyggnum manni er \u00feekkingin au\u00f0fengin.7Gakk \u00fe\u00fa burt fr\u00e1 heimskum manni, og \u00fe\u00fa hefir ekki kynnst \u00feekkingar-v\u00f6rum.8Viska hins k\u00e6na er \u00ed \u00fev\u00ed f\u00f3lgin, a\u00f0 hann skilur veg sinn, en f\u00edflska heimskingjanna er svik.9Afglaparnir <a href=\"https:\/\/biblian.is\/1981\/ordskvidirnir-14-kafli\/\"> [&#8230;]<\/a><\/p>\n","protected":false},"author":1,"featured_media":0,"parent":0,"menu_order":0,"comment_status":"open","ping_status":"open","template":"bibliukaflar.php","meta":{"footnotes":""},"class_list":["post-1989","page","type-page","status-publish","hentry"],"_links":{"self":[{"href":"https:\/\/biblian.is\/1981\/wp-json\/wp\/v2\/pages\/1989","targetHints":{"allow":["GET"]}}],"collection":[{"href":"https:\/\/biblian.is\/1981\/wp-json\/wp\/v2\/pages"}],"about":[{"href":"https:\/\/biblian.is\/1981\/wp-json\/wp\/v2\/types\/page"}],"author":[{"embeddable":true,"href":"https:\/\/biblian.is\/1981\/wp-json\/wp\/v2\/users\/1"}],"replies":[{"embeddable":true,"href":"https:\/\/biblian.is\/1981\/wp-json\/wp\/v2\/comments?post=1989"}],"version-history":[{"count":0,"href":"https:\/\/biblian.is\/1981\/wp-json\/wp\/v2\/pages\/1989\/revisions"}],"wp:attachment":[{"href":"https:\/\/biblian.is\/1981\/wp-json\/wp\/v2\/media?parent=1989"}],"curies":[{"name":"wp","href":"https:\/\/api.w.org\/{rel}","templated":true}]}}