{"id":1988,"date":"2017-11-18T20:19:38","date_gmt":"2017-11-18T20:19:38","guid":{"rendered":"http:\/\/biblian.is\/1981\/ordskvidirnir-13-kafli\/"},"modified":"2021-06-06T11:04:33","modified_gmt":"2021-06-06T11:04:33","slug":"ordskvidirnir-13-kafli","status":"publish","type":"page","link":"https:\/\/biblian.is\/1981\/ordskvidirnir-13-kafli\/","title":{"rendered":"Or\u00f0skvi\u00f0irnir 13. kafli"},"content":{"rendered":"<p><a name=\"1\"><span class=\"versanumer\">1<\/span><\/a>Vitur sonur hl\u00fd\u00f0ir umv\u00f6ndun f\u00f6\u00f0ur s\u00edns, en spottarinn sinnir engum \u00e1t\u00f6lum.<a name=\"2\"><span class=\"versanumer\">2<\/span><\/a>Ma\u00f0urinn n\u00fdtur g\u00f3\u00f0s af \u00e1vexti munnsins, en svikarana \u00feyrstir \u00ed ofbeldi.<a name=\"3\"><span class=\"versanumer\">3<\/span><\/a>S\u00e1 sem g\u00e6tir munns s\u00edns, var\u00f0veitir l\u00edf sitt, en gl\u00f6tun er b\u00fain \u00feeim, er gini\u00f0 glennir.<a name=\"4\"><span class=\"versanumer\">4<\/span><\/a>S\u00e1l letingjans girnist og f\u00e6r ekki, en s\u00e1l hinna i\u00f0nu mettast r\u00edkulega.<a name=\"5\"><span class=\"versanumer\">5<\/span><\/a>R\u00e9ttl\u00e1tur ma\u00f0ur hatar fals, en hinn \u00f3gu\u00f0legi fremur sk\u00f6mm og sv\u00edvir\u00f0u.<a name=\"6\"><span class=\"versanumer\">6<\/span><\/a>R\u00e9ttl\u00e6ti\u00f0 verndar grandvara breytni, en gu\u00f0leysi\u00f0 steypir syndaranum.<a name=\"7\"><span class=\"versanumer\">7<\/span><\/a>Einn \u00feykist r\u00edkur, en \u00e1 \u00fe\u00f3 ekkert, annar l\u00e6st vera f\u00e1t\u00e6kur, en \u00e1 \u00fe\u00f3 mikinn au\u00f0.<a name=\"8\"><span class=\"versanumer\">8<\/span><\/a>Au\u00f0\u00e6fi mannsins eru lausnargjald fyrir l\u00edf hans, en hinn f\u00e1t\u00e6ki hl\u00fd\u00f0ir ekki \u00e1 neinar \u00e1v\u00edtur.<a name=\"9\"><span class=\"versanumer\">9<\/span><\/a>Lj\u00f3s r\u00e9ttl\u00e1tra logar sk\u00e6rt, en \u00e1 lampa \u00f3gu\u00f0legra slokknar.<a name=\"10\"><span class=\"versanumer\">10<\/span><\/a>Me\u00f0 hroka vekja menn a\u00f0eins \u00fer\u00e6tur, en hj\u00e1 r\u00e1\u00f0\u00fe\u00e6gnum m\u00f6nnum er viska.<a name=\"11\"><span class=\"versanumer\">11<\/span><\/a>Skj\u00f3tfenginn au\u00f0ur minnkar, en s\u00e1 sem safnar sm\u00e1tt og sm\u00e1tt, ver\u00f0ur r\u00edkur.<a name=\"12\"><span class=\"versanumer\">12<\/span><\/a>Langdregin eftirv\u00e6nting gj\u00f6rir hjarta\u00f0 sj\u00fakt, en uppfyllt \u00f3sk er l\u00edfstr\u00e9.<a name=\"13\"><span class=\"versanumer\">13<\/span><\/a>S\u00e1 sem fyrirl\u00edtur \u00e1minningaror\u00f0, b\u00fdr s\u00e9r gl\u00f6tun, en s\u00e1 sem \u00f3ttast bo\u00f0or\u00f0i\u00f0, hl\u00fdtur umbun.<a name=\"14\"><span class=\"versanumer\">14<\/span><\/a>Kenning hins vitra er l\u00edfslind til \u00feess a\u00f0 for\u00f0ast sn\u00f6ru dau\u00f0ans.<a name=\"15\"><span class=\"versanumer\">15<\/span><\/a>G\u00f3\u00f0ir vitsmunir veita hylli, en vegur svikaranna lei\u00f0ir \u00ed gl\u00f6tun.<a name=\"16\"><span class=\"versanumer\">16<\/span><\/a>K\u00e6nn ma\u00f0ur gj\u00f6rir allt me\u00f0 skynsemd, en heimskinginn brei\u00f0ir \u00fat vitleysu.<a name=\"17\"><span class=\"versanumer\">17<\/span><\/a>\u00d3gu\u00f0legur sendibo\u00f0i steypir \u00ed \u00f3g\u00e6fu, en tr\u00far sendima\u00f0ur er meinab\u00f3t.<a name=\"18\"><span class=\"versanumer\">18<\/span><\/a>F\u00e1t\u00e6kt og sm\u00e1n hl\u00fdtur s\u00e1, er l\u00e6tur \u00e1minning sem vind um eyrun \u00fej\u00f3ta, en s\u00e1 sem tekur umv\u00f6ndun, ver\u00f0ur hei\u00f0ra\u00f0ur.<a name=\"19\"><span class=\"versanumer\">19<\/span><\/a>Uppfyllt \u00f3sk er s\u00e1lunni s\u00e6t, en a\u00f0 for\u00f0ast illt er heimskingjunum andstygg\u00f0.<a name=\"20\"><span class=\"versanumer\">20<\/span><\/a>Haf umgengni vi\u00f0 vitra menn, \u00fe\u00e1 ver\u00f0ur \u00fe\u00fa vitur, en illa fer \u00feeim, sem leggur lag sitt vi\u00f0 heimskingja.<a name=\"21\"><span class=\"versanumer\">21<\/span><\/a>\u00d3hamingjan eltir syndarana, en g\u00e6fan n\u00e6r hinum r\u00e9ttl\u00e1tu.<a name=\"22\"><span class=\"versanumer\">22<\/span><\/a>G\u00f3\u00f0ur ma\u00f0ur l\u00e6tur eftir sig arf handa barnab\u00f6rnunum, en eigur syndarans eru geymdar hinum r\u00e9ttl\u00e1ta.<a name=\"23\"><span class=\"versanumer\">23<\/span><\/a>N\u00fdbroti\u00f0 land f\u00e1t\u00e6klinganna gefur mikla f\u00e6\u00f0u, en m\u00f6rgum er burtu kippt fyrir rangl\u00e6ti sitt.<a name=\"24\"><span class=\"versanumer\">24<\/span><\/a>S\u00e1 sem sparar v\u00f6ndinn, hatar son sinn, en s\u00e1 sem elskar hann, agar hann snemma.<a name=\"25\"><span class=\"versanumer\">25<\/span><\/a>Hinn r\u00e9ttl\u00e1ti etur n\u00e6gju s\u00edna, en kvi\u00f0ur \u00f3gu\u00f0legra l\u00ed\u00f0ur skort.<\/p>\n<div class=\"footnote1981\"><b>13.1<\/b> Hinn \u00feverm\u00f3\u00f0skufulli Okv 15.12; 24.9; 1.22+<br \/>\n<b>13.3<\/b> M\u00e1l\u00e6\u00f0i Okv 10.14,19; 18.6-7; S\u00edr 5.13; Jak 3.1-12; sbr Okv 12.6+ ; 17.27,28<br \/>\n<b>13.9<\/b> Hlutskipti r\u00e9ttl\u00e1tra og rangl\u00e1tra Okv 3.33+<br \/>\n<b>13.10<\/b> Hroki og au\u00f0m\u00fdkt Okv 11.2+<br \/>\n<b>13.13<\/b> Umbun Okv 13.21; 5M\u00f3s 4.40; 7.12-15; 11.22-25; sbr Okv 11.31+<br \/>\n<b>13.14<\/b> Speki og l\u00edf Okv 4.13+<br \/>\n<b>13.17<\/b> \u00d3tr\u00far sendibo\u00f0i 2Sam 1.1-16<br \/>\n<b>13.18<\/b> Taka umv\u00f6ndum Okv 15.5+<br \/>\n<b>13.21<\/b> Heill, \u00f3heill Okv 3.33+ , sbr 11.31+<br \/>\n<b>13.24<\/b> L\u00edkamleg \u00f6gun Okv 10.13; 19.29; 23.13,14; 29.15,17<br \/>\n<b>13.25<\/b> N\u00e6gju s\u00edna Okv 10.3+<\/div>\n","protected":false},"excerpt":{"rendered":"<p>1Vitur sonur hl\u00fd\u00f0ir umv\u00f6ndun f\u00f6\u00f0ur s\u00edns, en spottarinn sinnir engum \u00e1t\u00f6lum.2Ma\u00f0urinn n\u00fdtur g\u00f3\u00f0s af \u00e1vexti munnsins, en svikarana \u00feyrstir \u00ed ofbeldi.3S\u00e1 sem g\u00e6tir munns s\u00edns, var\u00f0veitir l\u00edf sitt, en gl\u00f6tun er b\u00fain \u00feeim, er gini\u00f0 glennir.4S\u00e1l letingjans girnist og f\u00e6r ekki, en s\u00e1l hinna i\u00f0nu mettast r\u00edkulega.5R\u00e9ttl\u00e1tur ma\u00f0ur hatar fals, en hinn \u00f3gu\u00f0legi fremur sk\u00f6mm og sv\u00edvir\u00f0u.6R\u00e9ttl\u00e6ti\u00f0 verndar grandvara breytni, en gu\u00f0leysi\u00f0 steypir syndaranum.7Einn \u00feykist r\u00edkur, en \u00e1 \u00fe\u00f3 ekkert, annar l\u00e6st vera f\u00e1t\u00e6kur, en \u00e1 \u00fe\u00f3 mikinn au\u00f0.8Au\u00f0\u00e6fi mannsins eru lausnargjald fyrir l\u00edf hans, en hinn f\u00e1t\u00e6ki hl\u00fd\u00f0ir ekki \u00e1 neinar \u00e1v\u00edtur.9Lj\u00f3s r\u00e9ttl\u00e1tra logar sk\u00e6rt, en \u00e1 lampa \u00f3gu\u00f0legra <a href=\"https:\/\/biblian.is\/1981\/ordskvidirnir-13-kafli\/\"> [&#8230;]<\/a><\/p>\n","protected":false},"author":1,"featured_media":0,"parent":0,"menu_order":0,"comment_status":"open","ping_status":"open","template":"bibliukaflar.php","meta":{"footnotes":""},"class_list":["post-1988","page","type-page","status-publish","hentry"],"_links":{"self":[{"href":"https:\/\/biblian.is\/1981\/wp-json\/wp\/v2\/pages\/1988","targetHints":{"allow":["GET"]}}],"collection":[{"href":"https:\/\/biblian.is\/1981\/wp-json\/wp\/v2\/pages"}],"about":[{"href":"https:\/\/biblian.is\/1981\/wp-json\/wp\/v2\/types\/page"}],"author":[{"embeddable":true,"href":"https:\/\/biblian.is\/1981\/wp-json\/wp\/v2\/users\/1"}],"replies":[{"embeddable":true,"href":"https:\/\/biblian.is\/1981\/wp-json\/wp\/v2\/comments?post=1988"}],"version-history":[{"count":0,"href":"https:\/\/biblian.is\/1981\/wp-json\/wp\/v2\/pages\/1988\/revisions"}],"wp:attachment":[{"href":"https:\/\/biblian.is\/1981\/wp-json\/wp\/v2\/media?parent=1988"}],"curies":[{"name":"wp","href":"https:\/\/api.w.org\/{rel}","templated":true}]}}