{"id":1987,"date":"2017-11-18T20:19:32","date_gmt":"2017-11-18T20:19:32","guid":{"rendered":"http:\/\/biblian.is\/1981\/ordskvidirnir-12-kafli\/"},"modified":"2021-06-06T11:04:33","modified_gmt":"2021-06-06T11:04:33","slug":"ordskvidirnir-12-kafli","status":"publish","type":"page","link":"https:\/\/biblian.is\/1981\/ordskvidirnir-12-kafli\/","title":{"rendered":"Or\u00f0skvi\u00f0irnir 12. kafli"},"content":{"rendered":"<p><a name=\"1\"><span class=\"versanumer\">1<\/span><\/a>S\u00e1 sem elskar aga, elskar \u00feekking, en s\u00e1 sem hatar umv\u00f6ndun, er heimskur.<a name=\"2\"><span class=\"versanumer\">2<\/span><\/a>Hinn g\u00f3\u00f0i hl\u00fdtur vel\u00fe\u00f3knun af Drottni, en hrekkv\u00edsan mann fyrird\u00e6mir hann.<a name=\"3\"><span class=\"versanumer\">3<\/span><\/a>Enginn ma\u00f0ur n\u00e6r f\u00f3tfestu me\u00f0 \u00f3gu\u00f0leika, en r\u00f3t hinna r\u00e9ttl\u00e1tu mun eigi bifast.<a name=\"4\"><span class=\"versanumer\">4<\/span><\/a>V\u00e6n kona er k\u00f3r\u00f3na manns s\u00edns, en vond kona er sem rotnun \u00ed beinum hans.<a name=\"5\"><span class=\"versanumer\">5<\/span><\/a>Hugsanir r\u00e9ttl\u00e1tra stefna a\u00f0 r\u00e9tti, en r\u00e1\u00f0agj\u00f6r\u00f0ir \u00f3gu\u00f0legra a\u00f0 svikum.<a name=\"6\"><span class=\"versanumer\">6<\/span><\/a>Or\u00f0 \u00f3gu\u00f0legra brugga banar\u00e1\u00f0, en munnur hreinskilinna frelsar \u00fe\u00e1.<a name=\"7\"><span class=\"versanumer\">7<\/span><\/a>\u00d3gu\u00f0legir kollsteypast og eru eigi framar til, en h\u00fas r\u00e9ttl\u00e1tra stendur.<a name=\"8\"><span class=\"versanumer\">8<\/span><\/a>Manninum ver\u00f0ur hr\u00f3sa\u00f0 eftir vitsmunum hans, en s\u00e1 sem er rangsn\u00fainn \u00ed hjarta, ver\u00f0ur fyrirlitinn.<a name=\"9\"><span class=\"versanumer\">9<\/span><\/a>Betra er a\u00f0 l\u00e1ta l\u00edti\u00f0 yfir s\u00e9r og hafa \u00fej\u00f3n en a\u00f0 berast miki\u00f0 \u00e1 og hafa ekki ofan \u00ed sig.<a name=\"10\"><span class=\"versanumer\">10<\/span><\/a>Hinn r\u00e9ttl\u00e1ti er n\u00e6rg\u00e6tinn um \u00fe\u00f6rf skepna sinna, en hjarta \u00f3gu\u00f0legra er hart.<a name=\"11\"><span class=\"versanumer\">11<\/span><\/a>S\u00e1 sem yrkir land sitt, mettast af brau\u00f0i, en s\u00e1 sem s\u00e6kist eftir h\u00e9g\u00f3mlegum hlutum, er \u00f3vitur.<a name=\"12\"><span class=\"versanumer\">12<\/span><\/a>Hinn \u00f3gu\u00f0legi \u00e1girnist feng hinna vondu, en r\u00f3t r\u00e9ttl\u00e1tra er varanleg.<a name=\"13\"><span class=\"versanumer\">13<\/span><\/a>Yfirsj\u00f3n varanna er ill snara, en hinn r\u00e9ttl\u00e1ti bjargast \u00far nau\u00f0um.<a name=\"14\"><span class=\"versanumer\">14<\/span><\/a>Af \u00e1vexti munnsins mettast ma\u00f0urinn g\u00e6\u00f0um, og \u00fea\u00f0 sem hendur hans hafa \u00f6\u00f0rum gj\u00f6rt, kemur aftur yfir hann.<a name=\"15\"><span class=\"versanumer\">15<\/span><\/a>Afglapanum finnst sinn vegur r\u00e9ttur, en vitur ma\u00f0ur hl\u00fd\u00f0ir \u00e1 r\u00e1\u00f0.<a name=\"16\"><span class=\"versanumer\">16<\/span><\/a>Gremja afglapans kemur \u00feegar \u00ed lj\u00f3s, en k\u00e6nn ma\u00f0ur dylur sm\u00e1n s\u00edna.<a name=\"17\"><span class=\"versanumer\">17<\/span><\/a>S\u00e1 sem segir sannleikann hispurslaust, m\u00e6lir fram \u00fea\u00f0 sem r\u00e9tt er, en falsvotturinn svik.<a name=\"18\"><span class=\"versanumer\">18<\/span><\/a>\u00deva\u00f0ur sumra manna er sem spj\u00f3tsstungur, en tunga hinna vitru gr\u00e6\u00f0ir.<a name=\"19\"><span class=\"versanumer\">19<\/span><\/a>Sannm\u00e1lar varir munu \u00e1vallt standast, en lygin tunga a\u00f0eins stutta stund.<a name=\"20\"><span class=\"versanumer\">20<\/span><\/a>Yfir svikum b\u00faa \u00feeir, er illt brugga, en gle\u00f0i valda \u00feeir, er r\u00e1\u00f0a til fri\u00f0ar.<a name=\"21\"><span class=\"versanumer\">21<\/span><\/a>R\u00e9ttl\u00e1tum manni ber aldrei b\u00f6l a\u00f0 hendi, en \u00f3hamingja hle\u00f0st \u00e1 \u00f3gu\u00f0lega.<a name=\"22\"><span class=\"versanumer\">22<\/span><\/a>Lygavarir eru Drottni andstygg\u00f0, en \u00feeir sem sannleik i\u00f0ka, eru yndi hans.<a name=\"23\"><span class=\"versanumer\">23<\/span><\/a>K\u00e6nn ma\u00f0ur fer dult me\u00f0 \u00feekking s\u00edna, en hjarta heimskingjanna fer h\u00e1tt me\u00f0 fl\u00f3nsku s\u00edna.<a name=\"24\"><span class=\"versanumer\">24<\/span><\/a>H\u00f6nd hinna i\u00f0nu mun drottna, en hangandi h\u00f6ndin ver\u00f0ur vinnuskyld.<a name=\"25\"><span class=\"versanumer\">25<\/span><\/a>Hugs\u00fdki beygir manninn, en vingjarnlegt or\u00f0 gle\u00f0ur hann.<a name=\"26\"><span class=\"versanumer\">26<\/span><\/a>Hinum r\u00e9ttl\u00e1ta vegnar betur en \u00f6\u00f0rum, en vegur \u00f3gu\u00f0legra lei\u00f0ir \u00fe\u00e1 \u00ed villu.<a name=\"27\"><span class=\"versanumer\">27<\/span><\/a>Letinginn n\u00e6r ekki villibr\u00e1\u00f0inni, en i\u00f0nin er manninum d\u00fdrm\u00e6tur au\u00f0ur.<a name=\"28\"><span class=\"versanumer\">28<\/span><\/a>\u00c1 vegi r\u00e9ttl\u00e6tisins er l\u00edf, en gl\u00e6palei\u00f0in liggur \u00fat \u00ed dau\u00f0ann.<\/p>\n<div class=\"footnote1981\"><b>12.3<\/b> F\u00f6stum f\u00f3tum Okv 10.30+<br \/>\n<b>12.6<\/b> Or\u00f0 rangl\u00e1tra Okv 10.31,32; 11.9; 15.28; Jes 32.6-7; sbr Okv 6.19+ &#8211; tunga r\u00e9tts\u00fdnna Okv 10.21+<br \/>\n<b>12.10<\/b> Umhyggja fyrir d\u00fdrum 5M\u00f3s 22.4,6-7; 25.4<br \/>\n<b>12.12<\/b> Sta\u00f0festa r\u00e9ttl\u00e1tra Jer 17.7-8; Slm 1.3; sbr Okv 11.28<br \/>\n<b>12.17<\/b> Falsvottur Okv 6.19+<br \/>\n<b>12.21<\/b> Hlutskipti r\u00e9ttl\u00e1tra og rangl\u00e1tra Okv 3.33+<br \/>\n<b>12.22<\/b> Drottni andstygg\u00f0 Okv 3.32+<br \/>\n<b>12.28<\/b> R\u00e9ttl\u00e6ti og l\u00edf Okv 10.11+ , sbr Matt 7.13-14; J\u00f3h 14.6<\/div>\n","protected":false},"excerpt":{"rendered":"<p>1S\u00e1 sem elskar aga, elskar \u00feekking, en s\u00e1 sem hatar umv\u00f6ndun, er heimskur.2Hinn g\u00f3\u00f0i hl\u00fdtur vel\u00fe\u00f3knun af Drottni, en hrekkv\u00edsan mann fyrird\u00e6mir hann.3Enginn ma\u00f0ur n\u00e6r f\u00f3tfestu me\u00f0 \u00f3gu\u00f0leika, en r\u00f3t hinna r\u00e9ttl\u00e1tu mun eigi bifast.4V\u00e6n kona er k\u00f3r\u00f3na manns s\u00edns, en vond kona er sem rotnun \u00ed beinum hans.5Hugsanir r\u00e9ttl\u00e1tra stefna a\u00f0 r\u00e9tti, en r\u00e1\u00f0agj\u00f6r\u00f0ir \u00f3gu\u00f0legra a\u00f0 svikum.6Or\u00f0 \u00f3gu\u00f0legra brugga banar\u00e1\u00f0, en munnur hreinskilinna frelsar \u00fe\u00e1.7\u00d3gu\u00f0legir kollsteypast og eru eigi framar til, en h\u00fas r\u00e9ttl\u00e1tra stendur.8Manninum ver\u00f0ur hr\u00f3sa\u00f0 eftir vitsmunum hans, en s\u00e1 sem er rangsn\u00fainn \u00ed hjarta, ver\u00f0ur fyrirlitinn.9Betra er a\u00f0 l\u00e1ta l\u00edti\u00f0 yfir s\u00e9r og hafa \u00fej\u00f3n en <a href=\"https:\/\/biblian.is\/1981\/ordskvidirnir-12-kafli\/\"> [&#8230;]<\/a><\/p>\n","protected":false},"author":1,"featured_media":0,"parent":0,"menu_order":0,"comment_status":"open","ping_status":"open","template":"bibliukaflar.php","meta":{"footnotes":""},"class_list":["post-1987","page","type-page","status-publish","hentry"],"_links":{"self":[{"href":"https:\/\/biblian.is\/1981\/wp-json\/wp\/v2\/pages\/1987","targetHints":{"allow":["GET"]}}],"collection":[{"href":"https:\/\/biblian.is\/1981\/wp-json\/wp\/v2\/pages"}],"about":[{"href":"https:\/\/biblian.is\/1981\/wp-json\/wp\/v2\/types\/page"}],"author":[{"embeddable":true,"href":"https:\/\/biblian.is\/1981\/wp-json\/wp\/v2\/users\/1"}],"replies":[{"embeddable":true,"href":"https:\/\/biblian.is\/1981\/wp-json\/wp\/v2\/comments?post=1987"}],"version-history":[{"count":0,"href":"https:\/\/biblian.is\/1981\/wp-json\/wp\/v2\/pages\/1987\/revisions"}],"wp:attachment":[{"href":"https:\/\/biblian.is\/1981\/wp-json\/wp\/v2\/media?parent=1987"}],"curies":[{"name":"wp","href":"https:\/\/api.w.org\/{rel}","templated":true}]}}