{"id":1986,"date":"2017-11-18T20:19:32","date_gmt":"2017-11-18T20:19:32","guid":{"rendered":"http:\/\/biblian.is\/1981\/ordskvidirnir-11-kafli\/"},"modified":"2021-06-06T11:04:32","modified_gmt":"2021-06-06T11:04:32","slug":"ordskvidirnir-11-kafli","status":"publish","type":"page","link":"https:\/\/biblian.is\/1981\/ordskvidirnir-11-kafli\/","title":{"rendered":"Or\u00f0skvi\u00f0irnir 11. kafli"},"content":{"rendered":"<p><a name=\"1\"><span class=\"versanumer\">1<\/span><\/a>Svikavog er Drottni andstygg\u00f0, en full vog yndi hans.<a name=\"2\"><span class=\"versanumer\">2<\/span><\/a>Komi hroki, kemur sm\u00e1n, en hj\u00e1 l\u00edtill\u00e1tum er viska.<a name=\"3\"><span class=\"versanumer\">3<\/span><\/a>R\u00e1\u00f0vendni hreinskilinna lei\u00f0ir \u00fe\u00e1, en undirferli svikulla tort\u00edmir \u00feeim.<a name=\"4\"><span class=\"versanumer\">4<\/span><\/a>Au\u00f0\u00e6fi sto\u00f0a ekki \u00e1 degi rei\u00f0innar, en r\u00e9ttl\u00e6ti frelsar fr\u00e1 dau\u00f0a.<a name=\"5\"><span class=\"versanumer\">5<\/span><\/a>R\u00e9ttl\u00e6ti hins r\u00e1\u00f0vanda gj\u00f6rir veg hans sl\u00e9ttan, en hinn \u00f3gu\u00f0legi fellur um gu\u00f0leysi sitt.<a name=\"6\"><span class=\"versanumer\">6<\/span><\/a>R\u00e9ttl\u00e6ti hinna hreinskilnu frelsar \u00fe\u00e1, en hinir svikulu \u00e1netjast \u00ed eigin gr\u00e6\u00f0gi.<a name=\"7\"><span class=\"versanumer\">7<\/span><\/a>\u00deegar \u00f3gu\u00f0legur ma\u00f0ur deyr, ver\u00f0ur von hans a\u00f0 engu, og eftirv\u00e6nting gl\u00e6pamannanna er a\u00f0 engu or\u00f0in.<a name=\"8\"><span class=\"versanumer\">8<\/span><\/a>Hinn r\u00e9ttl\u00e1ti frelsast \u00far nau\u00f0um, og hinn \u00f3gu\u00f0legi kemur \u00ed hans sta\u00f0.<a name=\"9\"><span class=\"versanumer\">9<\/span><\/a>Me\u00f0 munninum steypir hinn gu\u00f0lausi n\u00e1unga s\u00ednum \u00ed gl\u00f6tun, en hinir r\u00e9ttl\u00e1tu frelsast fyrir \u00feekkingu.<a name=\"10\"><span class=\"versanumer\">10<\/span><\/a>Borgin fagnar yfir g\u00e6fu r\u00e9ttl\u00e1tra, og \u00feegar \u00f3gu\u00f0legir farast, gjalla gle\u00f0i\u00f3pin.<a name=\"11\"><span class=\"versanumer\">11<\/span><\/a>Borgin hefst fyrir blessun hreinskilinna, en fyrir munn \u00f3gu\u00f0legra steypist h\u00fan.<a name=\"12\"><span class=\"versanumer\">12<\/span><\/a>\u00d3vitur ma\u00f0ur s\u00fdnir n\u00e1unga s\u00ednum fyrirlitningu, en hygginn ma\u00f0ur \u00feegir.<a name=\"13\"><span class=\"versanumer\">13<\/span><\/a>S\u00e1 er gengur um sem r\u00f3gberi, l\u00fdstur upp leyndarm\u00e1lum, en s\u00e1 sem er sta\u00f0fastur \u00ed lund, leynir s\u00f6kinni.<a name=\"14\"><span class=\"versanumer\">14<\/span><\/a>\u00dear sem engin stj\u00f3rn er, \u00fear fellur \u00fej\u00f3\u00f0in, en \u00fear sem margir r\u00e1\u00f0gjafar eru, fer allt vel.<a name=\"15\"><span class=\"versanumer\">15<\/span><\/a>Hrapallega fer fyrir \u00feeim, er gengur \u00ed \u00e1byrg\u00f0 fyrir annan mann, en s\u00e1 sem hatar hands\u00f6l, er \u00f3hultur.<a name=\"16\"><span class=\"versanumer\">16<\/span><\/a>Yndisleg kona hl\u00fdtur s\u00e6md, og hinir sterku hlj\u00f3ta au\u00f0\u00e6fi.<a name=\"17\"><span class=\"versanumer\">17<\/span><\/a>K\u00e6rleiksr\u00edkur ma\u00f0ur gj\u00f6rir s\u00e1lu sinni gott, en hinn grimmi kvelur sitt eigi\u00f0 hold.<a name=\"18\"><span class=\"versanumer\">18<\/span><\/a>Hinn \u00f3gu\u00f0legi aflar s\u00e9r svikuls \u00e1vinnings, en s\u00e1 er r\u00e9ttl\u00e6ti s\u00e1ir, sannra launa.<a name=\"19\"><span class=\"versanumer\">19<\/span><\/a>I\u00f0ki einhver r\u00e9ttl\u00e6ti, \u00fe\u00e1 lei\u00f0ir \u00fea\u00f0 til l\u00edfs, en ef hann eltir hi\u00f0 illa, lei\u00f0ir \u00fea\u00f0 hann til dau\u00f0a.<a name=\"20\"><span class=\"versanumer\">20<\/span><\/a>Andstygg\u00f0 fyrir Drottni eru \u00feeir, sem hafa rangsn\u00fai\u00f0 hjarta, en yndi hans \u00feeir, er breyta r\u00e1\u00f0vandlega.<a name=\"21\"><span class=\"versanumer\">21<\/span><\/a>H\u00e9r er h\u00f6ndin upp \u00e1 \u00fea\u00f0: Hinn vondi sleppur ekki \u00f3hegndur! en ni\u00f0jar r\u00e9ttl\u00e1tra komast undan.<a name=\"22\"><span class=\"versanumer\">22<\/span><\/a>Eins og gullhringur \u00ed sv\u00ednstr\u00fdni, svo er fr\u00ed\u00f0 kona, sem enga si\u00f0pr\u00fd\u00f0i kann.<a name=\"23\"><span class=\"versanumer\">23<\/span><\/a>\u00d3skir hinna r\u00e9ttl\u00e1tu lei\u00f0a a\u00f0eins til g\u00f3\u00f0s, en vonir \u00f3gu\u00f0legra lei\u00f0a yfir sig rei\u00f0id\u00f3m.<a name=\"24\"><span class=\"versanumer\">24<\/span><\/a>Sumir mi\u00f0la \u00f6\u00f0rum mildilega, og eignast \u00e6 meira, a\u00f0rir halda \u00ed meira en r\u00e9tt er, og ver\u00f0a \u00fe\u00f3 f\u00e1t\u00e6kari.<a name=\"25\"><span class=\"versanumer\">25<\/span><\/a>Velgj\u00f6r\u00f0as\u00f6m s\u00e1l mettast r\u00edkulega, og s\u00e1 sem gefur \u00f6\u00f0rum a\u00f0 drekka, mun og sj\u00e1lfur drykk hlj\u00f3ta.<a name=\"26\"><span class=\"versanumer\">26<\/span><\/a>F\u00f3lki\u00f0 form\u00e6lir \u00feeim, sem heldur \u00ed korni\u00f0, en blessun kemur yfir h\u00f6fu\u00f0 \u00feess, er selur \u00fea\u00f0.<a name=\"27\"><span class=\"versanumer\">27<\/span><\/a>S\u00e1 sem leitar g\u00f3\u00f0s, stundar \u00fea\u00f0, sem vel\u00fe\u00f3knanlegt er, en s\u00e1 sem s\u00e6kist eftir illu, ver\u00f0ur fyrir \u00fev\u00ed.<a name=\"28\"><span class=\"versanumer\">28<\/span><\/a>S\u00e1 sem treystir \u00e1 au\u00f0 sinn, hann fellur, en hinir r\u00e9ttl\u00e1tu munu gr\u00e6nka eins og laufi\u00f0.<a name=\"29\"><span class=\"versanumer\">29<\/span><\/a>S\u00e1 sem kemur \u00f3lagi \u00e1 heimilishag sinn, erfir vind, og afglapinn ver\u00f0ur \u00fej\u00f3nn hins vitra.<a name=\"30\"><span class=\"versanumer\">30<\/span><\/a>\u00c1v\u00f6xtur hins r\u00e9ttl\u00e1ta er l\u00edfstr\u00e9, og hinn vitri hyllir a\u00f0 s\u00e9r hj\u00f6rtun.<a name=\"31\"><span class=\"versanumer\">31<\/span><\/a>Sj\u00e1, hinn r\u00e9ttl\u00e1ti f\u00e6r endurgjald h\u00e9r \u00e1 j\u00f6r\u00f0u, hva\u00f0 \u00fe\u00e1 hinn \u00f3gu\u00f0legi og syndarinn?<\/p>\n<div class=\"footnote1981\"><b>11.1<\/b> R\u00e9tt vog 3M\u00f3s 19.36+ ; M\u00edk 6.9-12, sbr S\u00edr 26.29-27.3<br \/>\n<b>11.2<\/b> H\u00f3gv\u00e6rir Okv 3.34; 15.33; 16.19; 22.4; 29.23; sbr Okv 21.24<br \/>\n<b>11.4<\/b> Dagur rei\u00f0i Jes 13.13, Sef 1.14-18; Slm 110.5<br \/>\n<b>11.9<\/b> Me\u00f0 or\u00f0um Okv 12.6+<br \/>\n<b>11.11<\/b> Blessun 1M\u00f3s 12.2-3; J\u00fadt 13.18-20; sbr Okv 10.6-7+<br \/>\n<b>11.14<\/b> Margir r\u00e1\u00f0gjafar Okv 15.22; 24.6; SSal 6.24; sbr Okv 29.16<br \/>\n<b>11.15<\/b> Hands\u00f6l Okv 6.1-5+<br \/>\n<b>11.19<\/b> R\u00e9ttl\u00e6ti til l\u00edfs Okv 10.11+<br \/>\n<b>11.23<\/b> Vonir rangl\u00e1tra Okv 10.28+<br \/>\n<b>11.25<\/b> \u00d6rl\u00e6ti Okv 14.21+<br \/>\n<b>11.28<\/b> \u00der\u00edfast Slm 1.3<br \/>\n<b>11.30<\/b> R\u00e9ttl\u00e6ti og l\u00edf Okv 10.11+<br \/>\n<b>11.31<\/b> Endurgjald hins r\u00e9ttl\u00e1ta Okv 10.6-7+ ; 11.21,24; Slm 37.25,26; sbr Okv 8.35+ ; 13.13+ &#8211; og syndarans Okv 11.21; 1P\u00e9t 4.18<\/div>\n","protected":false},"excerpt":{"rendered":"<p>1Svikavog er Drottni andstygg\u00f0, en full vog yndi hans.2Komi hroki, kemur sm\u00e1n, en hj\u00e1 l\u00edtill\u00e1tum er viska.3R\u00e1\u00f0vendni hreinskilinna lei\u00f0ir \u00fe\u00e1, en undirferli svikulla tort\u00edmir \u00feeim.4Au\u00f0\u00e6fi sto\u00f0a ekki \u00e1 degi rei\u00f0innar, en r\u00e9ttl\u00e6ti frelsar fr\u00e1 dau\u00f0a.5R\u00e9ttl\u00e6ti hins r\u00e1\u00f0vanda gj\u00f6rir veg hans sl\u00e9ttan, en hinn \u00f3gu\u00f0legi fellur um gu\u00f0leysi sitt.6R\u00e9ttl\u00e6ti hinna hreinskilnu frelsar \u00fe\u00e1, en hinir svikulu \u00e1netjast \u00ed eigin gr\u00e6\u00f0gi.7\u00deegar \u00f3gu\u00f0legur ma\u00f0ur deyr, ver\u00f0ur von hans a\u00f0 engu, og eftirv\u00e6nting gl\u00e6pamannanna er a\u00f0 engu or\u00f0in.8Hinn r\u00e9ttl\u00e1ti frelsast \u00far nau\u00f0um, og hinn \u00f3gu\u00f0legi kemur \u00ed hans sta\u00f0.9Me\u00f0 munninum steypir hinn gu\u00f0lausi n\u00e1unga s\u00ednum \u00ed gl\u00f6tun, en hinir r\u00e9ttl\u00e1tu frelsast fyrir \u00feekkingu.10Borgin fagnar <a href=\"https:\/\/biblian.is\/1981\/ordskvidirnir-11-kafli\/\"> [&#8230;]<\/a><\/p>\n","protected":false},"author":1,"featured_media":0,"parent":0,"menu_order":0,"comment_status":"open","ping_status":"open","template":"bibliukaflar.php","meta":{"footnotes":""},"class_list":["post-1986","page","type-page","status-publish","hentry"],"_links":{"self":[{"href":"https:\/\/biblian.is\/1981\/wp-json\/wp\/v2\/pages\/1986","targetHints":{"allow":["GET"]}}],"collection":[{"href":"https:\/\/biblian.is\/1981\/wp-json\/wp\/v2\/pages"}],"about":[{"href":"https:\/\/biblian.is\/1981\/wp-json\/wp\/v2\/types\/page"}],"author":[{"embeddable":true,"href":"https:\/\/biblian.is\/1981\/wp-json\/wp\/v2\/users\/1"}],"replies":[{"embeddable":true,"href":"https:\/\/biblian.is\/1981\/wp-json\/wp\/v2\/comments?post=1986"}],"version-history":[{"count":0,"href":"https:\/\/biblian.is\/1981\/wp-json\/wp\/v2\/pages\/1986\/revisions"}],"wp:attachment":[{"href":"https:\/\/biblian.is\/1981\/wp-json\/wp\/v2\/media?parent=1986"}],"curies":[{"name":"wp","href":"https:\/\/api.w.org\/{rel}","templated":true}]}}