{"id":1985,"date":"2017-11-18T20:19:32","date_gmt":"2017-11-18T20:19:32","guid":{"rendered":"http:\/\/biblian.is\/1981\/ordskvidirnir-10-kafli\/"},"modified":"2021-06-06T11:04:32","modified_gmt":"2021-06-06T11:04:32","slug":"ordskvidirnir-10-kafli","status":"publish","type":"page","link":"https:\/\/biblian.is\/1981\/ordskvidirnir-10-kafli\/","title":{"rendered":"Or\u00f0skvi\u00f0irnir 10. kafli"},"content":{"rendered":"<p><a name=\"1\"><span class=\"versanumer\">1<\/span><\/a>Or\u00f0skvi\u00f0ir Sal\u00f3mons. Vitur sonur gle\u00f0ur f\u00f6\u00f0ur sinn, en heimskur sonur er m\u00f3\u00f0ur sinni til m\u00e6\u00f0u.<a name=\"2\"><span class=\"versanumer\">2<\/span><\/a>Rangfenginn au\u00f0ur sto\u00f0ar ekki, en r\u00e9ttl\u00e6ti frelsar fr\u00e1 dau\u00f0a.<a name=\"3\"><span class=\"versanumer\">3<\/span><\/a>Drottinn l\u00e6tur ekki r\u00e9ttl\u00e1tan mann \u00feola hungur, en gr\u00e6\u00f0gi gu\u00f0lausra hrindir hann fr\u00e1 s\u00e9r.<a name=\"4\"><span class=\"versanumer\">4<\/span><\/a>Snau\u00f0ur ver\u00f0ur s\u00e1, er me\u00f0 hangandi hendi vinnur, en au\u00f0s aflar i\u00f0in h\u00f6nd.<a name=\"5\"><span class=\"versanumer\">5<\/span><\/a>Hygginn er s\u00e1, er \u00e1 sumri safnar, en skammarlega fer \u00feeim, er um kornsl\u00e1ttinn sefur.<a name=\"6\"><span class=\"versanumer\">6<\/span><\/a>Blessun kemur yfir h\u00f6fu\u00f0 hins r\u00e9ttl\u00e1ta, en munnur \u00f3gu\u00f0legra hylmir yfir ofbeldi.<a name=\"7\"><span class=\"versanumer\">7<\/span><\/a>Minning hins r\u00e9ttl\u00e1ta ver\u00f0ur blessu\u00f0, en nafn \u00f3gu\u00f0legra f\u00fanar.<a name=\"8\"><span class=\"versanumer\">8<\/span><\/a>S\u00e1 sem er vitur \u00ed hjarta, \u00fe\u00fd\u00f0ist bo\u00f0or\u00f0in, en s\u00e1 sem er afglapi \u00ed munninum, steypir s\u00e9r \u00ed gl\u00f6tun.<a name=\"9\"><span class=\"versanumer\">9<\/span><\/a>S\u00e1 sem gengur r\u00e1\u00f0vandlega, gengur \u00f3hultur, en s\u00e1 sem gj\u00f6rir vegu s\u00edna hlykkj\u00f3tta, ver\u00f0ur uppv\u00eds.<a name=\"10\"><span class=\"versanumer\">10<\/span><\/a>S\u00e1 sem deplar me\u00f0 auganu, veldur skapraun, en s\u00e1 sem finnur a\u00f0 me\u00f0 dj\u00f6rfung, semur fri\u00f0.<a name=\"11\"><span class=\"versanumer\">11<\/span><\/a>Munnur hins r\u00e9ttl\u00e1ta er l\u00edfslind, en munnur \u00f3gu\u00f0legra hylmir yfir ofbeldi.<a name=\"12\"><span class=\"versanumer\">12<\/span><\/a>Hatur vekur illdeilur, en k\u00e6rleikurinn brei\u00f0ir yfir alla bresti.<a name=\"13\"><span class=\"versanumer\">13<\/span><\/a>Viska er \u00e1 v\u00f6rum hyggins manns, en \u00e1 baki hins \u00f3vitra hv\u00edn v\u00f6ndurinn.<a name=\"14\"><span class=\"versanumer\">14<\/span><\/a>Vitrir menn geyma \u00feekking s\u00edna, en munnur afglapans er yfirvofandi hrun.<a name=\"15\"><span class=\"versanumer\">15<\/span><\/a>Au\u00f0ur r\u00edks manns er honum \u00f6flugt v\u00edgi, en f\u00e1t\u00e6kt hinna snau\u00f0u ver\u00f0ur \u00feeim a\u00f0 falli.<a name=\"16\"><span class=\"versanumer\">16<\/span><\/a>Afli hins r\u00e9ttl\u00e1ta ver\u00f0ur til l\u00edfs, gr\u00f3\u00f0i hins \u00f3gu\u00f0lega til syndar.<a name=\"17\"><span class=\"versanumer\">17<\/span><\/a>S\u00e1 fer l\u00edfsins lei\u00f0, er var\u00f0veitir aga, en s\u00e1 villist, er hafnar umv\u00f6ndun.<a name=\"18\"><span class=\"versanumer\">18<\/span><\/a>S\u00e1 er leynir hatri, er lygari, en s\u00e1 sem ber \u00fat \u00f3hr\u00f3\u00f0ur, er heimskingi.<a name=\"19\"><span class=\"versanumer\">19<\/span><\/a>M\u00e1l\u00e6\u00f0inu fylgja yfirsj\u00f3nir, en s\u00e1 breytir hyggilega, sem hefir taum \u00e1 tungu sinni.<a name=\"20\"><span class=\"versanumer\">20<\/span><\/a>Tunga hins r\u00e9ttl\u00e1ta er \u00farvals silfur, vit hins \u00f3gu\u00f0lega er l\u00edtils vir\u00f0i.<a name=\"21\"><span class=\"versanumer\">21<\/span><\/a>Varir hins r\u00e9ttl\u00e1ta f\u00e6\u00f0a marga, en afglaparnir deyja \u00far vitleysu.<a name=\"22\"><span class=\"versanumer\">22<\/span><\/a>Blessun Drottins, h\u00fan au\u00f0gar, og erfi\u00f0i mannsins b\u00e6tir engu vi\u00f0 hana.<a name=\"23\"><span class=\"versanumer\">23<\/span><\/a>Heimskingjanum er \u00e1n\u00e6gja a\u00f0 fremja sv\u00edvir\u00f0ing, en viskan er hyggnum manni gle\u00f0i.<a name=\"24\"><span class=\"versanumer\">24<\/span><\/a>\u00dea\u00f0 sem hinn \u00f3gu\u00f0legi \u00f3ttast, kemur yfir hann, en r\u00e9ttl\u00e1tum gefst \u00fea\u00f0, er \u00feeir girnast.<a name=\"25\"><span class=\"versanumer\">25<\/span><\/a>\u00deegar vindbylurinn skellur \u00e1, er \u00fati um hinn \u00f3gu\u00f0lega, en hinn r\u00e9ttl\u00e1ti stendur \u00e1 eil\u00edfum grundvelli.<a name=\"26\"><span class=\"versanumer\">26<\/span><\/a>\u00dea\u00f0 sem edik er t\u00f6nnunum og reykur augunum, \u00fea\u00f0 er letinginn \u00feeim, er hann senda.<a name=\"27\"><span class=\"versanumer\">27<\/span><\/a>\u00d3tti Drottins lengir l\u00edfdagana, en \u00e6vi\u00e1r \u00f3gu\u00f0legra ver\u00f0a stytt.<a name=\"28\"><span class=\"versanumer\">28<\/span><\/a>Eftirv\u00e6nting r\u00e9ttl\u00e1tra endar \u00ed gle\u00f0i, en von \u00f3gu\u00f0legra ver\u00f0ur a\u00f0 engu.<a name=\"29\"><span class=\"versanumer\">29<\/span><\/a>Vegur Drottins er athvarf sakleysisins, en hrun \u00feeim, er a\u00f0hafast illt.<a name=\"30\"><span class=\"versanumer\">30<\/span><\/a>Hinn r\u00e9ttl\u00e1ti bifast ekki a\u00f0 eil\u00edfu, en hinir \u00f3gu\u00f0legu munu ekki byggja landi\u00f0.<a name=\"31\"><span class=\"versanumer\">31<\/span><\/a>Munnur hins r\u00e9ttl\u00e1ta framlei\u00f0ir visku, en fl\u00e1r\u00e1\u00f0 tunga ver\u00f0ur uppr\u00e6tt.<a name=\"32\"><span class=\"versanumer\">32<\/span><\/a>Varir hins r\u00e9ttl\u00e1ta vita, hva\u00f0 ge\u00f0fellt er, en munnur \u00f3gu\u00f0legra er eint\u00f3m fl\u00e6r\u00f0.<\/p>\n<div class=\"footnote1981\"><b>10.3<\/b> Ekki hungur Okv 13.25; Slm 34.10+ ; sbr Okv 3.33+<br \/>\n<b>10.6-7<\/b> Blessun Okv 11.11; 24.25; 3.33+ &#8211; hlutskipti \u00f3gu\u00f0legra Okv 3.33+<br \/>\n<b>10.11<\/b> L\u00edfslind Okv 10.2,16; 11.4,19; 12.28; sbr 4.13+<br \/>\n<b>10.12<\/b> Brei\u00f0ir yfir bresti Okv 17.9; Jak 5.20; 1P\u00e9t 4.8; sbr 1Kor 13.7<br \/>\n<b>10.13<\/b> V\u00f6ndur Okv 13.24+<br \/>\n<b>10.15<\/b> R\u00edkir og f\u00e1t\u00e6kir Okv 14.20; 22.7; sbr 22.2+<br \/>\n<b>10.20-21<\/b> Or\u00f0 hins r\u00e9ttl\u00e1ta Okv 10.31,32; 12.6; 15.28; Slm 37.30<br \/>\n<b>10.27<\/b> Gu\u00f0s\u00f3tti, miskunn Okv 14.26,27; 19.23; Slm 33.18; 85.10; 103.11; Pr\u00e9d 7.18; 8.12; S\u00edr 6.16; 40.26; L\u00fak 1.50; sbr Okv 8.13+ ; 9.10+<br \/>\n<b>10.28<\/b> Von rangl\u00e1tra Okv 11.7; Job 8.13; Slm 112.10; sbr Okv 3.33+<br \/>\n<b>10.30<\/b> Ekki \u00feoka\u00f0 Slm 15.5+ &#8211; byggja landi\u00f0 Okv 2.21+<\/div>\n","protected":false},"excerpt":{"rendered":"<p>1Or\u00f0skvi\u00f0ir Sal\u00f3mons. Vitur sonur gle\u00f0ur f\u00f6\u00f0ur sinn, en heimskur sonur er m\u00f3\u00f0ur sinni til m\u00e6\u00f0u.2Rangfenginn au\u00f0ur sto\u00f0ar ekki, en r\u00e9ttl\u00e6ti frelsar fr\u00e1 dau\u00f0a.3Drottinn l\u00e6tur ekki r\u00e9ttl\u00e1tan mann \u00feola hungur, en gr\u00e6\u00f0gi gu\u00f0lausra hrindir hann fr\u00e1 s\u00e9r.4Snau\u00f0ur ver\u00f0ur s\u00e1, er me\u00f0 hangandi hendi vinnur, en au\u00f0s aflar i\u00f0in h\u00f6nd.5Hygginn er s\u00e1, er \u00e1 sumri safnar, en skammarlega fer \u00feeim, er um kornsl\u00e1ttinn sefur.6Blessun kemur yfir h\u00f6fu\u00f0 hins r\u00e9ttl\u00e1ta, en munnur \u00f3gu\u00f0legra hylmir yfir ofbeldi.7Minning hins r\u00e9ttl\u00e1ta ver\u00f0ur blessu\u00f0, en nafn \u00f3gu\u00f0legra f\u00fanar.8S\u00e1 sem er vitur \u00ed hjarta, \u00fe\u00fd\u00f0ist bo\u00f0or\u00f0in, en s\u00e1 sem er afglapi \u00ed munninum, steypir s\u00e9r \u00ed gl\u00f6tun.9S\u00e1 sem <a href=\"https:\/\/biblian.is\/1981\/ordskvidirnir-10-kafli\/\"> [&#8230;]<\/a><\/p>\n","protected":false},"author":1,"featured_media":0,"parent":0,"menu_order":0,"comment_status":"open","ping_status":"open","template":"bibliukaflar.php","meta":{"footnotes":""},"class_list":["post-1985","page","type-page","status-publish","hentry"],"_links":{"self":[{"href":"https:\/\/biblian.is\/1981\/wp-json\/wp\/v2\/pages\/1985","targetHints":{"allow":["GET"]}}],"collection":[{"href":"https:\/\/biblian.is\/1981\/wp-json\/wp\/v2\/pages"}],"about":[{"href":"https:\/\/biblian.is\/1981\/wp-json\/wp\/v2\/types\/page"}],"author":[{"embeddable":true,"href":"https:\/\/biblian.is\/1981\/wp-json\/wp\/v2\/users\/1"}],"replies":[{"embeddable":true,"href":"https:\/\/biblian.is\/1981\/wp-json\/wp\/v2\/comments?post=1985"}],"version-history":[{"count":0,"href":"https:\/\/biblian.is\/1981\/wp-json\/wp\/v2\/pages\/1985\/revisions"}],"wp:attachment":[{"href":"https:\/\/biblian.is\/1981\/wp-json\/wp\/v2\/media?parent=1985"}],"curies":[{"name":"wp","href":"https:\/\/api.w.org\/{rel}","templated":true}]}}