{"id":1984,"date":"2017-11-18T20:19:32","date_gmt":"2017-11-18T20:19:32","guid":{"rendered":"http:\/\/biblian.is\/1981\/ordskvidirnir-9-kafli\/"},"modified":"2021-06-06T11:04:44","modified_gmt":"2021-06-06T11:04:44","slug":"ordskvidirnir-9-kafli","status":"publish","type":"page","link":"https:\/\/biblian.is\/1981\/ordskvidirnir-9-kafli\/","title":{"rendered":"Or\u00f0skvi\u00f0irnir 9. kafli"},"content":{"rendered":"<p><a name=\"1\"><span class=\"versanumer\">1<\/span><\/a>Spekin hefir reist s\u00e9r h\u00fas, h\u00f6ggvi\u00f0 til sj\u00f6 st\u00f3lpa s\u00edna.<a name=\"2\"><span class=\"versanumer\">2<\/span><\/a>H\u00fan hefir sl\u00e1tra\u00f0 sl\u00e1turf\u00e9 s\u00ednu, byrla\u00f0 v\u00edn sitt, j\u00e1, h\u00fan hefir \u00feegar b\u00fai\u00f0 bor\u00f0 sitt.<a name=\"3\"><span class=\"versanumer\">3<\/span><\/a>H\u00fan hefir sent \u00fat \u00feernur s\u00ednar, h\u00fan kallar \u00e1 h\u00e1um st\u00f6\u00f0um \u00ed borginni:<a name=\"4\"><span class=\"versanumer\">4<\/span><\/a>Hver, sem \u00f3reyndur er, komi hinga\u00f0! Vi\u00f0 \u00feann, sem \u00f3vitur er, segir h\u00fan:<a name=\"5\"><span class=\"versanumer\">5<\/span><\/a>Komi\u00f0, eti\u00f0 mat minn og drekki\u00f0 v\u00edni\u00f0, sem \u00e9g hefi byrla\u00f0.<a name=\"6\"><span class=\"versanumer\">6<\/span><\/a>L\u00e1ti\u00f0 af heimskunni, \u00fe\u00e1 munu\u00f0 \u00fe\u00e9r lifa, og feti\u00f0 veg hyggindanna.<a name=\"7\"><span class=\"versanumer\">7<\/span><\/a>S\u00e1 sem \u00e1minnir spottara, bakar s\u00e9r sm\u00e1n, og \u00feeim sem \u00e1v\u00edtar \u00f3gu\u00f0legan, ver\u00f0ur \u00fea\u00f0 til vansa.<a name=\"8\"><span class=\"versanumer\">8<\/span><\/a>\u00c1v\u00edta eigi spottarann, svo a\u00f0 hann hati \u00feig eigi, \u00e1v\u00edta hinn vitra, og hann mun elska \u00feig.<a name=\"9\"><span class=\"versanumer\">9<\/span><\/a>Gef hinum vitra, \u00fe\u00e1 ver\u00f0ur hann a\u00f0 vitrari, fr\u00e6\u00f0 hinn r\u00e9ttl\u00e1ta, og hann mun auka l\u00e6rd\u00f3m sinn.<a name=\"10\"><span class=\"versanumer\">10<\/span><\/a>\u00d3tti Drottins er upphaf viskunnar og a\u00f0 \u00feekkja Hinn heilaga eru hyggindi.<a name=\"11\"><span class=\"versanumer\">11<\/span><\/a>\u00dev\u00ed a\u00f0 fyrir mitt fulltingi munu dagar \u00fe\u00ednir ver\u00f0a margir og \u00e1r l\u00edfs \u00fe\u00edns aukast.<a name=\"12\"><span class=\"versanumer\">12<\/span><\/a>S\u00e9rt \u00fe\u00fa vitur, \u00fe\u00e1 ert \u00fe\u00fa vitur \u00fe\u00e9r til g\u00f3\u00f0s, en s\u00e9rt \u00fe\u00fa spottari, \u00fe\u00e1 mun \u00fea\u00f0 bitna \u00e1 \u00fe\u00e9r einum.<a name=\"13\"><span class=\"versanumer\">13<\/span><\/a>Fr\u00fa Heimska er \u00f3hemja, einf\u00f6ld og veit ekkert.<a name=\"14\"><span class=\"versanumer\">14<\/span><\/a>H\u00fan situr \u00fati fyrir h\u00fasdyrum s\u00ednum, \u00e1 st\u00f3l uppi \u00e1 h\u00e1u st\u00f6\u00f0unum \u00ed borginni<a name=\"15\"><span class=\"versanumer\">15<\/span><\/a>til \u00feess a\u00f0 kalla \u00e1 \u00fe\u00e1, sem um veginn fara, \u00fe\u00e1 er ganga beint \u00e1fram lei\u00f0 s\u00edna:<a name=\"16\"><span class=\"versanumer\">16<\/span><\/a>Hver sem \u00f3reyndur er, komi hinga\u00f0! og vi\u00f0 \u00feann sem \u00f3vitur er, segir h\u00fan:<a name=\"17\"><span class=\"versanumer\">17<\/span><\/a>Stoli\u00f0 vatn er s\u00e6tt, og lost\u00e6tt er launeti\u00f0 brau\u00f0.<a name=\"18\"><span class=\"versanumer\">18<\/span><\/a>Og hann veit ekki, a\u00f0 \u00fear eru hinir framli\u00f0nu, a\u00f0 \u00feeir sem h\u00fan hefir bo\u00f0i\u00f0 heim, eru \u00ed dj\u00fapum Heljar.<\/p>\n<div class=\"footnote1981\"><b>9.3<\/b> Spekin kallar Okv 1.20+<br \/>\n<b>9.5<\/b> Eti\u00f0 og drekki\u00f0 Jes 55.1-3; J\u00f3h 6.35<br \/>\n<b>9.7<\/b> H\u00e1\u00f0skur Okv 21.24; sbr 1.22+<br \/>\n<b>9.10<\/b> \u00d3tti Drottins og speki Okv 1.7; 2.5; 15.33, Slm 111.10+ ; S\u00edr 1.14,16; sbr Okv 8.13+ ; 10.27<br \/>\n<b>9.11<\/b> Langl\u00edfi Okv 3.2+<\/div>\n","protected":false},"excerpt":{"rendered":"<p>1Spekin hefir reist s\u00e9r h\u00fas, h\u00f6ggvi\u00f0 til sj\u00f6 st\u00f3lpa s\u00edna.2H\u00fan hefir sl\u00e1tra\u00f0 sl\u00e1turf\u00e9 s\u00ednu, byrla\u00f0 v\u00edn sitt, j\u00e1, h\u00fan hefir \u00feegar b\u00fai\u00f0 bor\u00f0 sitt.3H\u00fan hefir sent \u00fat \u00feernur s\u00ednar, h\u00fan kallar \u00e1 h\u00e1um st\u00f6\u00f0um \u00ed borginni:4Hver, sem \u00f3reyndur er, komi hinga\u00f0! Vi\u00f0 \u00feann, sem \u00f3vitur er, segir h\u00fan:5Komi\u00f0, eti\u00f0 mat minn og drekki\u00f0 v\u00edni\u00f0, sem \u00e9g hefi byrla\u00f0.6L\u00e1ti\u00f0 af heimskunni, \u00fe\u00e1 munu\u00f0 \u00fe\u00e9r lifa, og feti\u00f0 veg hyggindanna.7S\u00e1 sem \u00e1minnir spottara, bakar s\u00e9r sm\u00e1n, og \u00feeim sem \u00e1v\u00edtar \u00f3gu\u00f0legan, ver\u00f0ur \u00fea\u00f0 til vansa.8\u00c1v\u00edta eigi spottarann, svo a\u00f0 hann hati \u00feig eigi, \u00e1v\u00edta hinn vitra, og hann mun elska \u00feig.9Gef hinum <a href=\"https:\/\/biblian.is\/1981\/ordskvidirnir-9-kafli\/\"> [&#8230;]<\/a><\/p>\n","protected":false},"author":1,"featured_media":0,"parent":0,"menu_order":0,"comment_status":"open","ping_status":"open","template":"bibliukaflar.php","meta":{"footnotes":""},"class_list":["post-1984","page","type-page","status-publish","hentry"],"_links":{"self":[{"href":"https:\/\/biblian.is\/1981\/wp-json\/wp\/v2\/pages\/1984","targetHints":{"allow":["GET"]}}],"collection":[{"href":"https:\/\/biblian.is\/1981\/wp-json\/wp\/v2\/pages"}],"about":[{"href":"https:\/\/biblian.is\/1981\/wp-json\/wp\/v2\/types\/page"}],"author":[{"embeddable":true,"href":"https:\/\/biblian.is\/1981\/wp-json\/wp\/v2\/users\/1"}],"replies":[{"embeddable":true,"href":"https:\/\/biblian.is\/1981\/wp-json\/wp\/v2\/comments?post=1984"}],"version-history":[{"count":0,"href":"https:\/\/biblian.is\/1981\/wp-json\/wp\/v2\/pages\/1984\/revisions"}],"wp:attachment":[{"href":"https:\/\/biblian.is\/1981\/wp-json\/wp\/v2\/media?parent=1984"}],"curies":[{"name":"wp","href":"https:\/\/api.w.org\/{rel}","templated":true}]}}