{"id":1983,"date":"2017-11-18T20:19:32","date_gmt":"2017-11-18T20:19:32","guid":{"rendered":"http:\/\/biblian.is\/1981\/ordskvidirnir-8-kafli\/"},"modified":"2021-06-06T11:04:43","modified_gmt":"2021-06-06T11:04:43","slug":"ordskvidirnir-8-kafli","status":"publish","type":"page","link":"https:\/\/biblian.is\/1981\/ordskvidirnir-8-kafli\/","title":{"rendered":"Or\u00f0skvi\u00f0irnir 8. kafli"},"content":{"rendered":"<p><a name=\"1\"><span class=\"versanumer\">1<\/span><\/a>Heyr, spekin kallar og hyggnin l\u00e6tur raust s\u00edna gjalla.<a name=\"2\"><span class=\"versanumer\">2<\/span><\/a>Uppi \u00e1 h\u00e6\u00f0unum vi\u00f0 veginn, \u00fear sem g\u00f6turnar kv\u00edslast stendur h\u00fan.<a name=\"3\"><span class=\"versanumer\">3<\/span><\/a>Vi\u00f0 hli\u00f0in, \u00fear sem gengi\u00f0 er \u00fat \u00far borginni, \u00fear sem gengi\u00f0 er inn um dyrnar, kallar h\u00fan h\u00e1tt:<a name=\"4\"><span class=\"versanumer\">4<\/span><\/a>Til y\u00f0ar, menn, tala \u00e9g, og raust m\u00edn hlj\u00f3mar til mannanna barna.<a name=\"5\"><span class=\"versanumer\">5<\/span><\/a>\u00de\u00e9r \u00f3reyndu, l\u00e6ri\u00f0 hyggindi, og \u00fe\u00e9r heimskingjar, l\u00e6ri\u00f0 skynsemi.<a name=\"6\"><span class=\"versanumer\">6<\/span><\/a>Hl\u00fd\u00f0i\u00f0 \u00e1, \u00fev\u00ed a\u00f0 \u00e9g tala \u00fea\u00f0 sem g\u00f6fuglegt er, og varir m\u00ednar tj\u00e1 \u00fea\u00f0 sem r\u00e9tt er.<a name=\"7\"><span class=\"versanumer\">7<\/span><\/a>\u00dev\u00ed a\u00f0 sannleika m\u00e6lir g\u00f3mur minn og gu\u00f0leysi er vi\u00f0bj\u00f3\u00f0ur v\u00f6rum m\u00ednum.<a name=\"8\"><span class=\"versanumer\">8<\/span><\/a>Einl\u00e6g eru \u00f6ll or\u00f0 munns m\u00edns, \u00ed \u00feeim er ekkert fals n\u00e9 fl\u00e1r\u00e6\u00f0i.<a name=\"9\"><span class=\"versanumer\">9<\/span><\/a>\u00d6ll eru \u00feau einf\u00f6ld \u00feeim sem skilning hefir, og bl\u00e1tt \u00e1fram fyrir \u00feann sem hloti\u00f0 hefir \u00feekkingu.<a name=\"10\"><span class=\"versanumer\">10<\/span><\/a>Taki\u00f0 \u00e1 m\u00f3ti \u00f6gun minni fremur en \u00e1 m\u00f3ti silfri og fr\u00e6\u00f0slu fremur en \u00farvals gulli.<a name=\"11\"><span class=\"versanumer\">11<\/span><\/a>\u00dev\u00ed a\u00f0 viska er betri en perlur, og engir d\u00fdrgripir jafnast \u00e1 vi\u00f0 hana.<a name=\"12\"><span class=\"versanumer\">12<\/span><\/a>\u00c9g, spekin, er handgengin hyggindunum og r\u00e6\u00f0 yfir r\u00e1\u00f0deildarsamri \u00feekking.<a name=\"13\"><span class=\"versanumer\">13<\/span><\/a>A\u00f0 \u00f3ttast Drottin er a\u00f0 hata hi\u00f0 illa, drambsemi og ofdramb og illa breytni og fl\u00e1r\u00e1\u00f0an munn \u00fea\u00f0 hata \u00e9g.<a name=\"14\"><span class=\"versanumer\">14<\/span><\/a>M\u00edn er r\u00e1\u00f0spekin og framkv\u00e6mdarsemin, \u00e9g er hyggnin, minn er krafturinn.<a name=\"15\"><span class=\"versanumer\">15<\/span><\/a>Fyrir m\u00edna hj\u00e1lp r\u00edkja konungarnir og \u00farskur\u00f0a h\u00f6f\u00f0ingjarnir r\u00e9ttv\u00edslega.<a name=\"16\"><span class=\"versanumer\">16<\/span><\/a>Fyrir m\u00edna hj\u00e1lp stj\u00f3rna stj\u00f3rnendurnir og tignarmennin allir valdsmenn \u00e1 j\u00f6r\u00f0u.<a name=\"17\"><span class=\"versanumer\">17<\/span><\/a>\u00c9g elska \u00fe\u00e1 sem mig elska, og \u00feeir sem leita m\u00edn, finna mig.<a name=\"18\"><span class=\"versanumer\">18<\/span><\/a>Au\u00f0ur og hei\u00f0ur eru hj\u00e1 m\u00e9r, \u00e6vagamlir fj\u00e1rmunir og r\u00e9ttl\u00e6ti.<a name=\"19\"><span class=\"versanumer\">19<\/span><\/a>\u00c1v\u00f6xtur minn er betri en gull og gimsteinar og eftirtekjan eftir mig betri en \u00farvals silfur.<a name=\"20\"><span class=\"versanumer\">20<\/span><\/a>\u00c9g geng \u00e1 g\u00f6tu r\u00e9ttl\u00e6tisins, \u00e1 stigum r\u00e9ttarins mi\u00f0jum,<a name=\"21\"><span class=\"versanumer\">21<\/span><\/a>til \u00feess a\u00f0 gefa \u00feeim sanna au\u00f0leg\u00f0, er elska mig, og fylla for\u00f0ab\u00far \u00feeirra.<a name=\"22\"><span class=\"versanumer\">22<\/span><\/a>Drottinn sk\u00f3p mig \u00ed upphafi vega sinna, \u00e1 undan \u00f6\u00f0rum verkum s\u00ednum, fyrir alda \u00f6\u00f0li.<a name=\"23\"><span class=\"versanumer\">23<\/span><\/a>Fr\u00e1 eil\u00edf\u00f0 var \u00e9g sett til valda, fr\u00e1 upphafi, \u00e1\u00f0ur en j\u00f6r\u00f0in var til.<a name=\"24\"><span class=\"versanumer\">24<\/span><\/a>\u00c9g f\u00e6ddist \u00e1\u00f0ur en hafdj\u00fapin ur\u00f0u til, \u00fe\u00e1 er engar vatnsmiklar lindir voru til.<a name=\"25\"><span class=\"versanumer\">25<\/span><\/a>\u00c1\u00f0ur en fj\u00f6llunum var hleypt ni\u00f0ur, \u00e1 undan h\u00e6\u00f0unum f\u00e6ddist \u00e9g,<a name=\"26\"><span class=\"versanumer\">26<\/span><\/a>\u00e1\u00f0ur en hann skapa\u00f0i v\u00f6ll og vengi og fyrstu moldarkekki jar\u00f0r\u00edkis.<a name=\"27\"><span class=\"versanumer\">27<\/span><\/a>\u00deegar hann gj\u00f6r\u00f0i himininn, \u00fe\u00e1 var \u00e9g \u00fear, \u00feegar hann setti hvelfinguna yfir hafdj\u00fapi\u00f0,<a name=\"28\"><span class=\"versanumer\">28<\/span><\/a>\u00feegar hann festi sk\u00fdin uppi, \u00feegar uppsprettur hafdj\u00fapsins komust \u00ed skor\u00f0ur,<a name=\"29\"><span class=\"versanumer\">29<\/span><\/a>\u00feegar hann setti hafinu takm\u00f6rk, til \u00feess a\u00f0 v\u00f6tnin f\u00e6ru eigi lengra en hann bau\u00f0, \u00feegar hann festi undirst\u00f6\u00f0ur jar\u00f0ar.<a name=\"30\"><span class=\"versanumer\">30<\/span><\/a>\u00de\u00e1 st\u00f3\u00f0 \u00e9g honum vi\u00f0 hli\u00f0 sem verkst\u00fdra, og \u00e9g var yndi hans dag hvern, leikandi m\u00e9r fyrir augliti hans alla t\u00edma,<a name=\"31\"><span class=\"versanumer\">31<\/span><\/a>leikandi m\u00e9r \u00e1 jar\u00f0arkringlu hans, og haf\u00f0i yndi mitt af mannanna b\u00f6rnum.<a name=\"32\"><span class=\"versanumer\">32<\/span><\/a>Og n\u00fa, \u00fe\u00e9r yngismenn, hl\u00fd\u00f0i\u00f0 m\u00e9r, \u00fev\u00ed a\u00f0 s\u00e6lir eru \u00feeir, sem var\u00f0veita vegu m\u00edna.<a name=\"33\"><span class=\"versanumer\">33<\/span><\/a>Hl\u00fd\u00f0i\u00f0 \u00e1 aga, svo a\u00f0 \u00fe\u00e9r ver\u00f0i\u00f0 vitrir, og l\u00e1ti\u00f0 hann eigi sem vind um eyrun \u00fej\u00f3ta.<a name=\"34\"><span class=\"versanumer\">34<\/span><\/a>S\u00e6ll er s\u00e1 ma\u00f0ur, sem hl\u00fd\u00f0ir m\u00e9r, sem vakir daglega vi\u00f0 dyr m\u00ednar og geymir dyrastafa minna.<a name=\"35\"><span class=\"versanumer\">35<\/span><\/a>\u00dev\u00ed a\u00f0 s\u00e1 sem mig finnur, finnur l\u00edfi\u00f0 og hl\u00fdtur blessun af Drottni.<a name=\"36\"><span class=\"versanumer\">36<\/span><\/a>En s\u00e1 sem missir m\u00edn, ska\u00f0ar sj\u00e1lfan sig. Allir \u00feeir, sem hata mig, elska dau\u00f0ann.<\/p>\n<div class=\"footnote1981\"><b>8.1<\/b> Spekin kallar Okv 1.20+<br \/>\n<b>8.11<\/b> Gildi spekinnar Okv 2.4; 3.14-16; Job 28.15-19; Pr\u00e9d 9.16-18; SSal 7.8-14; S\u00edr 24.12-22; Matt 13.44<br \/>\n<b>8.13<\/b> \u00d3ttast Drottin Okv 3.7; 14.2; 5M\u00f3s 8.6; Pr\u00e9d 12.13; S\u00edr 15.1; 19.20; 21.6; sbr Okv 9.10+ ; 10.27+<br \/>\n<b>8.14-16<\/b> Stj\u00f3rna me\u00f0 speki Jes 11.2-5<br \/>\n<b>8.22<\/b> Skapa\u00f0i mig S\u00edr 1.4,9; 24.9 \u2013 \u00ed upphafi Okv 3.19-20<br \/>\n<b>8.23<\/b> \u00c1\u00f0ur en j\u00f6r\u00f0in var til 1M\u00f3s 1.1; J\u00f3h 1.1<br \/>\n<b>8.29<\/b> Takm\u00f6rk hafsins Job 38.11+<br \/>\n<b>8.31<\/b> Me\u00f0 mannanna b\u00f6rnum Bar 3.38<br \/>\n<b>8.35<\/b> Vel\u00fe\u00f3knun Drottins Okv 3.4,34; 11.1,20; 12.2<\/div>\n","protected":false},"excerpt":{"rendered":"<p>1Heyr, spekin kallar og hyggnin l\u00e6tur raust s\u00edna gjalla.2Uppi \u00e1 h\u00e6\u00f0unum vi\u00f0 veginn, \u00fear sem g\u00f6turnar kv\u00edslast stendur h\u00fan.3Vi\u00f0 hli\u00f0in, \u00fear sem gengi\u00f0 er \u00fat \u00far borginni, \u00fear sem gengi\u00f0 er inn um dyrnar, kallar h\u00fan h\u00e1tt:4Til y\u00f0ar, menn, tala \u00e9g, og raust m\u00edn hlj\u00f3mar til mannanna barna.5\u00de\u00e9r \u00f3reyndu, l\u00e6ri\u00f0 hyggindi, og \u00fe\u00e9r heimskingjar, l\u00e6ri\u00f0 skynsemi.6Hl\u00fd\u00f0i\u00f0 \u00e1, \u00fev\u00ed a\u00f0 \u00e9g tala \u00fea\u00f0 sem g\u00f6fuglegt er, og varir m\u00ednar tj\u00e1 \u00fea\u00f0 sem r\u00e9tt er.7\u00dev\u00ed a\u00f0 sannleika m\u00e6lir g\u00f3mur minn og gu\u00f0leysi er vi\u00f0bj\u00f3\u00f0ur v\u00f6rum m\u00ednum.8Einl\u00e6g eru \u00f6ll or\u00f0 munns m\u00edns, \u00ed \u00feeim er ekkert fals n\u00e9 fl\u00e1r\u00e6\u00f0i.9\u00d6ll eru \u00feau einf\u00f6ld \u00feeim <a href=\"https:\/\/biblian.is\/1981\/ordskvidirnir-8-kafli\/\"> [&#8230;]<\/a><\/p>\n","protected":false},"author":1,"featured_media":0,"parent":0,"menu_order":0,"comment_status":"open","ping_status":"open","template":"bibliukaflar.php","meta":{"footnotes":""},"class_list":["post-1983","page","type-page","status-publish","hentry"],"_links":{"self":[{"href":"https:\/\/biblian.is\/1981\/wp-json\/wp\/v2\/pages\/1983","targetHints":{"allow":["GET"]}}],"collection":[{"href":"https:\/\/biblian.is\/1981\/wp-json\/wp\/v2\/pages"}],"about":[{"href":"https:\/\/biblian.is\/1981\/wp-json\/wp\/v2\/types\/page"}],"author":[{"embeddable":true,"href":"https:\/\/biblian.is\/1981\/wp-json\/wp\/v2\/users\/1"}],"replies":[{"embeddable":true,"href":"https:\/\/biblian.is\/1981\/wp-json\/wp\/v2\/comments?post=1983"}],"version-history":[{"count":0,"href":"https:\/\/biblian.is\/1981\/wp-json\/wp\/v2\/pages\/1983\/revisions"}],"wp:attachment":[{"href":"https:\/\/biblian.is\/1981\/wp-json\/wp\/v2\/media?parent=1983"}],"curies":[{"name":"wp","href":"https:\/\/api.w.org\/{rel}","templated":true}]}}