{"id":1982,"date":"2017-11-18T20:19:32","date_gmt":"2017-11-18T20:19:32","guid":{"rendered":"http:\/\/biblian.is\/1981\/ordskvidirnir-7-kafli\/"},"modified":"2021-06-06T11:04:42","modified_gmt":"2021-06-06T11:04:42","slug":"ordskvidirnir-7-kafli","status":"publish","type":"page","link":"https:\/\/biblian.is\/1981\/ordskvidirnir-7-kafli\/","title":{"rendered":"Or\u00f0skvi\u00f0irnir 7. kafli"},"content":{"rendered":"<p><a name=\"1\"><span class=\"versanumer\">1<\/span><\/a>Son minn, var\u00f0veit \u00fe\u00fa or\u00f0 m\u00edn og geym \u00fe\u00fa hj\u00e1 \u00fe\u00e9r bo\u00f0or\u00f0 m\u00edn.<a name=\"2\"><span class=\"versanumer\">2<\/span><\/a>Var\u00f0veit \u00fe\u00fa bo\u00f0or\u00f0 m\u00edn, og \u00fe\u00e1 munt \u00fe\u00fa lifa, og \u00e1minning m\u00edna eins og sj\u00e1aldur auga \u00fe\u00edns.<a name=\"3\"><span class=\"versanumer\">3<\/span><\/a>Bind \u00feau \u00e1 fingur \u00fe\u00edna, skrifa \u00feau \u00e1 spjald hjarta \u00fe\u00edns.<a name=\"4\"><span class=\"versanumer\">4<\/span><\/a>Seg vi\u00f0 spekina: \u00de\u00fa ert systir m\u00edn! og kalla\u00f0u skynsemina vinkonu,<a name=\"5\"><span class=\"versanumer\">5<\/span><\/a>svo a\u00f0 \u00fe\u00e6r var\u00f0veiti \u00feig fyrir l\u00e9tt\u00fa\u00f0arkonu, fyrir bl\u00ed\u00f0m\u00e1lugri konu sem annar \u00e1.<a name=\"6\"><span class=\"versanumer\">6<\/span><\/a>\u00dat um gluggann \u00e1 h\u00fasi m\u00ednu, \u00fat um grindurnar skima\u00f0i \u00e9g<a name=\"7\"><span class=\"versanumer\">7<\/span><\/a>og s\u00e1 \u00fear me\u00f0al sveinanna ungan og vitstola mann.<a name=\"8\"><span class=\"versanumer\">8<\/span><\/a>Hann gekk \u00e1 str\u00e6tinu n\u00e1l\u00e6gt horni einu og feta\u00f0i lei\u00f0ina a\u00f0 h\u00fasi hennar,<a name=\"9\"><span class=\"versanumer\">9<\/span><\/a>\u00ed r\u00f6kkrinu, a\u00f0 kveldi dags, um mi\u00f0ja n\u00f3tt og \u00ed ni\u00f0dimmu.<a name=\"10\"><span class=\"versanumer\">10<\/span><\/a>Gekk \u00fe\u00e1 kona \u00ed m\u00f3ti honum, b\u00fain sem portkona og undirf\u00f6rul \u00ed hjarta<a name=\"11\"><span class=\"versanumer\">11<\/span><\/a>h\u00e1v\u00e6r er h\u00fan og \u00f3hemjuleg, f\u00e6tur hennar tolla aldrei heima,<a name=\"12\"><span class=\"versanumer\">12<\/span><\/a>h\u00fan er \u00fdmist \u00e1 g\u00f6tunum e\u00f0a \u00e1 torgunum, og situr um menn hj\u00e1 hverju horni,<a name=\"13\"><span class=\"versanumer\">13<\/span><\/a>h\u00fan \u00fer\u00edfur \u00ed hann og kyssir hann og segir vi\u00f0 hann, \u00f3sv\u00edfin \u00ed brag\u00f0i:<a name=\"14\"><span class=\"versanumer\">14<\/span><\/a>\u00c9g \u00e1tti a\u00f0 grei\u00f0a heillaf\u00f3rn, \u00ed dag hefi \u00e9g goldi\u00f0 heit mitt.<a name=\"15\"><span class=\"versanumer\">15<\/span><\/a>Fyrir \u00fev\u00ed f\u00f3r \u00e9g \u00fat til m\u00f3ts vi\u00f0 \u00feig, til \u00feess a\u00f0 leita \u00fe\u00edn, og hefi n\u00fa fundi\u00f0 \u00feig.<a name=\"16\"><span class=\"versanumer\">16<\/span><\/a>\u00c9g hefi b\u00fai\u00f0 r\u00fam mitt \u00e1brei\u00f0um, marglitum \u00e1brei\u00f0um \u00far egypsku l\u00edni.<a name=\"17\"><span class=\"versanumer\">17<\/span><\/a>Myrru, al\u00f3e og kanel hefi \u00e9g st\u00f6kkt \u00e1 hv\u00edlu m\u00edna.<a name=\"18\"><span class=\"versanumer\">18<\/span><\/a>Kom \u00fe\u00fa, vi\u00f0 skulum drekka okkur \u00e1stdrukkin fram \u00e1 morgun, gamna okkur me\u00f0 bl\u00ed\u00f0uh\u00f3tum.<a name=\"19\"><span class=\"versanumer\">19<\/span><\/a>\u00dev\u00ed a\u00f0 ma\u00f0urinn minn er ekki heima, hann er farinn \u00ed langfer\u00f0.<a name=\"20\"><span class=\"versanumer\">20<\/span><\/a>Peningapyngjuna t\u00f3k hann me\u00f0 s\u00e9r, hann kemur ekki heim fyrr en \u00ed tunglfylling.<a name=\"21\"><span class=\"versanumer\">21<\/span><\/a>H\u00fan t\u00e6ldi hann me\u00f0 s\u00ednum \u00e1k\u00f6fu fort\u00f6lum, ginnti hann me\u00f0 kjassm\u00e6lum s\u00ednum.<a name=\"22\"><span class=\"versanumer\">22<\/span><\/a>Hann fer raklei\u00f0is \u00e1 eftir henni, eins og naut gengur fram \u00e1 bl\u00f3\u00f0v\u00f6llinn, og eins og hj\u00f6rtur, sem anar \u00ed neti\u00f0,<a name=\"23\"><span class=\"versanumer\">23<\/span><\/a>uns \u00f6rin fer \u00ed gegnum lifur hans, eins og fuglinn hra\u00f0ar s\u00e9r \u00ed sn\u00f6runa, og veit ekki, a\u00f0 l\u00edf hans er \u00ed ve\u00f0i.<a name=\"24\"><span class=\"versanumer\">24<\/span><\/a>Og n\u00fa, \u00fe\u00e9r yngismenn, hl\u00fd\u00f0i\u00f0 \u00e1 mig og gefi\u00f0 gaum a\u00f0 or\u00f0um munns m\u00edns.<a name=\"25\"><span class=\"versanumer\">25<\/span><\/a>L\u00e1t eigi hjarta \u00feitt teygjast \u00e1 vegu hennar, villst eigi inn \u00e1 stigu hennar.<a name=\"26\"><span class=\"versanumer\">26<\/span><\/a>\u00dev\u00ed a\u00f0 margir eru \u00feeir, sem h\u00fan hefir s\u00e6rt til \u00f3l\u00edfis, og mesti gr\u00fai allir \u00feeir, sem h\u00fan hefir myrt.<a name=\"27\"><span class=\"versanumer\">27<\/span><\/a>H\u00fas hennar er helvegur, er liggur ni\u00f0ur til heimkynna dau\u00f0ans.<\/p>\n<div class=\"footnote1981\"><b>7.22-23<\/b> Kona annars Okv 5.3-5+<\/div>\n","protected":false},"excerpt":{"rendered":"<p>1Son minn, var\u00f0veit \u00fe\u00fa or\u00f0 m\u00edn og geym \u00fe\u00fa hj\u00e1 \u00fe\u00e9r bo\u00f0or\u00f0 m\u00edn.2Var\u00f0veit \u00fe\u00fa bo\u00f0or\u00f0 m\u00edn, og \u00fe\u00e1 munt \u00fe\u00fa lifa, og \u00e1minning m\u00edna eins og sj\u00e1aldur auga \u00fe\u00edns.3Bind \u00feau \u00e1 fingur \u00fe\u00edna, skrifa \u00feau \u00e1 spjald hjarta \u00fe\u00edns.4Seg vi\u00f0 spekina: \u00de\u00fa ert systir m\u00edn! og kalla\u00f0u skynsemina vinkonu,5svo a\u00f0 \u00fe\u00e6r var\u00f0veiti \u00feig fyrir l\u00e9tt\u00fa\u00f0arkonu, fyrir bl\u00ed\u00f0m\u00e1lugri konu sem annar \u00e1.6\u00dat um gluggann \u00e1 h\u00fasi m\u00ednu, \u00fat um grindurnar skima\u00f0i \u00e9g7og s\u00e1 \u00fear me\u00f0al sveinanna ungan og vitstola mann.8Hann gekk \u00e1 str\u00e6tinu n\u00e1l\u00e6gt horni einu og feta\u00f0i lei\u00f0ina a\u00f0 h\u00fasi hennar,9\u00ed r\u00f6kkrinu, a\u00f0 kveldi dags, um mi\u00f0ja n\u00f3tt og \u00ed <a href=\"https:\/\/biblian.is\/1981\/ordskvidirnir-7-kafli\/\"> [&#8230;]<\/a><\/p>\n","protected":false},"author":1,"featured_media":0,"parent":0,"menu_order":0,"comment_status":"open","ping_status":"open","template":"bibliukaflar.php","meta":{"footnotes":""},"class_list":["post-1982","page","type-page","status-publish","hentry"],"_links":{"self":[{"href":"https:\/\/biblian.is\/1981\/wp-json\/wp\/v2\/pages\/1982","targetHints":{"allow":["GET"]}}],"collection":[{"href":"https:\/\/biblian.is\/1981\/wp-json\/wp\/v2\/pages"}],"about":[{"href":"https:\/\/biblian.is\/1981\/wp-json\/wp\/v2\/types\/page"}],"author":[{"embeddable":true,"href":"https:\/\/biblian.is\/1981\/wp-json\/wp\/v2\/users\/1"}],"replies":[{"embeddable":true,"href":"https:\/\/biblian.is\/1981\/wp-json\/wp\/v2\/comments?post=1982"}],"version-history":[{"count":0,"href":"https:\/\/biblian.is\/1981\/wp-json\/wp\/v2\/pages\/1982\/revisions"}],"wp:attachment":[{"href":"https:\/\/biblian.is\/1981\/wp-json\/wp\/v2\/media?parent=1982"}],"curies":[{"name":"wp","href":"https:\/\/api.w.org\/{rel}","templated":true}]}}