{"id":1980,"date":"2017-11-18T20:19:32","date_gmt":"2017-11-18T20:19:32","guid":{"rendered":"http:\/\/biblian.is\/1981\/ordskvidirnir-5-kafli\/"},"modified":"2021-06-06T11:04:42","modified_gmt":"2021-06-06T11:04:42","slug":"ordskvidirnir-5-kafli","status":"publish","type":"page","link":"https:\/\/biblian.is\/1981\/ordskvidirnir-5-kafli\/","title":{"rendered":"Or\u00f0skvi\u00f0irnir 5. kafli"},"content":{"rendered":"<p><a name=\"1\"><span class=\"versanumer\">1<\/span><\/a>Son minn, gef gaum a\u00f0 speki minni, hneig eyra \u00feitt a\u00f0 hyggindum m\u00ednum,<a name=\"2\"><span class=\"versanumer\">2<\/span><\/a>til \u00feess a\u00f0 \u00fe\u00fa megir var\u00f0veita mannvit og varir \u00fe\u00ednar geymi \u00feekkingu.<a name=\"3\"><span class=\"versanumer\">3<\/span><\/a>\u00dev\u00ed a\u00f0 hunangsseimur dr\u00fdpur af v\u00f6rum lausl\u00e1trar konu, og g\u00f3mur hennar er h\u00e1lli en ol\u00eda.<a name=\"4\"><span class=\"versanumer\">4<\/span><\/a>En a\u00f0 s\u00ed\u00f0ustu er h\u00fan beiskari en malurt, beitt eins og tv\u00edeggja\u00f0 sver\u00f0.<a name=\"5\"><span class=\"versanumer\">5<\/span><\/a>F\u00e6tur hennar ganga ni\u00f0ur til dau\u00f0ans, spor hennar liggja til Heljar.<a name=\"6\"><span class=\"versanumer\">6<\/span><\/a>Til \u00feess a\u00f0 h\u00fan hitti ekki lei\u00f0 l\u00edfsins, eru brautir hennar \u00e1 reiki, og h\u00fan veit ekki hvert h\u00fan fer.<a name=\"7\"><span class=\"versanumer\">7<\/span><\/a>Heyri\u00f0 mig \u00fev\u00ed, synir, og v\u00edki\u00f0 eigi fr\u00e1 or\u00f0um munns m\u00edns.<a name=\"8\"><span class=\"versanumer\">8<\/span><\/a>Legg lei\u00f0 \u00fe\u00edna langt fr\u00e1 henni og kom \u00fe\u00fa ekki n\u00e1l\u00e6gt h\u00fasdyrum hennar,<a name=\"9\"><span class=\"versanumer\">9<\/span><\/a>svo a\u00f0 \u00fe\u00fa gefir ekki \u00f6\u00f0rum \u00e6skubl\u00f3ma \u00feinn og \u00e1r \u00fe\u00edn grimmum manni,<a name=\"10\"><span class=\"versanumer\">10<\/span><\/a>svo a\u00f0 \u00fatlendir menn mettist ekki af eigum \u00fe\u00ednum og aflaf\u00e9 \u00feitt lendi ekki \u00ed annarlegu h\u00fasi,<a name=\"11\"><span class=\"versanumer\">11<\/span><\/a>og \u00fe\u00fa andvarpir a\u00f0 lokum, \u00fe\u00e1 er l\u00edkami \u00feinn og hold veslast upp,<a name=\"12\"><span class=\"versanumer\">12<\/span><\/a>og segir: Hversu hefi \u00e9g hata\u00f0 aga og hjarta mitt fyrirliti\u00f0 umv\u00f6ndun!<a name=\"13\"><span class=\"versanumer\">13<\/span><\/a>a\u00f0 \u00e9g skyldi ekki hl\u00fd\u00f0a raustu kennara minna og hneigja eyra mitt til \u00feeirra, er fr\u00e6ddu mig!<a name=\"14\"><span class=\"versanumer\">14<\/span><\/a>Vi\u00f0 sj\u00e1lft l\u00e1, a\u00f0 \u00e9g hef\u00f0i rata\u00f0 \u00ed mestu \u00f3g\u00e6fu \u00e1 mi\u00f0ju d\u00f3m\u00feingi safna\u00f0arins.<a name=\"15\"><span class=\"versanumer\">15<\/span><\/a>Drekk \u00fe\u00fa vatn \u00far vatns\u00fer\u00f3 \u00feinni og rennandi vatn \u00far brunni \u00fe\u00ednum.<a name=\"16\"><span class=\"versanumer\">16<\/span><\/a>Eiga lindir \u00fe\u00ednar a\u00f0 fl\u00f3a \u00fat \u00e1 g\u00f6tuna, l\u00e6kir \u00fe\u00ednir \u00fat \u00e1 torgin?<a name=\"17\"><span class=\"versanumer\">17<\/span><\/a>\u00de\u00e9r einum skulu \u00fe\u00e6r tilheyra og engum \u00f3vi\u00f0komandi me\u00f0 \u00fe\u00e9r.<a name=\"18\"><span class=\"versanumer\">18<\/span><\/a>Uppspretta \u00fe\u00edn s\u00e9 blessu\u00f0, og gle\u00f0 \u00feig yfir festarmey \u00e6sku \u00feinnar,<a name=\"19\"><span class=\"versanumer\">19<\/span><\/a>elsku-hindinni, yndis-gemsunni. Brj\u00f3st hennar gj\u00f6ri \u00feig \u00e6t\u00ed\u00f0 drukkinn, og \u00e1st hennar fj\u00f6tri \u00feig \u00e6vinlega.<a name=\"20\"><span class=\"versanumer\">20<\/span><\/a>En hv\u00ed skyldir \u00fe\u00fa, son minn, l\u00e1ta l\u00e9tt\u00fa\u00f0arkonu t\u00f6fra \u00feig, og fa\u00f0ma barm lausl\u00e1trar konu?<a name=\"21\"><span class=\"versanumer\">21<\/span><\/a>\u00dev\u00ed a\u00f0 vegir s\u00e9rhvers manns blasa vi\u00f0 Drottni, og allar brautir hans gj\u00f6rir hann sl\u00e9ttar.<a name=\"22\"><span class=\"versanumer\">22<\/span><\/a>Misgj\u00f6r\u00f0ir hins \u00f3gu\u00f0lega fanga hann, og hann ver\u00f0ur veiddur \u00ed sn\u00f6rur synda sinna.<a name=\"23\"><span class=\"versanumer\">23<\/span><\/a>Hann mun deyja vegna skorts \u00e1 aga og kollsteypast vegna sinnar miklu heimsku.<\/p>\n<div class=\"footnote1981\"><b>5.3-5<\/b> Framandi kona Okv 7.6-27; 22.14; Pr\u00e9d 7.26<br \/>\n<b>5.15<\/b> Brunnur Ljl 4.12,15<br \/>\n<b>5.19<\/b> D\u00e1d\u00fdr Ljl 4.5; 7.4<br \/>\n<b>5.20<\/b> Framandi kona Okv 2.16+<br \/>\n<b>5.22<\/b> \u00cd eigin sn\u00f6ru Slm 7.17+ ; sbr Okv 26.27<\/div>\n","protected":false},"excerpt":{"rendered":"<p>1Son minn, gef gaum a\u00f0 speki minni, hneig eyra \u00feitt a\u00f0 hyggindum m\u00ednum,2til \u00feess a\u00f0 \u00fe\u00fa megir var\u00f0veita mannvit og varir \u00fe\u00ednar geymi \u00feekkingu.3\u00dev\u00ed a\u00f0 hunangsseimur dr\u00fdpur af v\u00f6rum lausl\u00e1trar konu, og g\u00f3mur hennar er h\u00e1lli en ol\u00eda.4En a\u00f0 s\u00ed\u00f0ustu er h\u00fan beiskari en malurt, beitt eins og tv\u00edeggja\u00f0 sver\u00f0.5F\u00e6tur hennar ganga ni\u00f0ur til dau\u00f0ans, spor hennar liggja til Heljar.6Til \u00feess a\u00f0 h\u00fan hitti ekki lei\u00f0 l\u00edfsins, eru brautir hennar \u00e1 reiki, og h\u00fan veit ekki hvert h\u00fan fer.7Heyri\u00f0 mig \u00fev\u00ed, synir, og v\u00edki\u00f0 eigi fr\u00e1 or\u00f0um munns m\u00edns.8Legg lei\u00f0 \u00fe\u00edna langt fr\u00e1 henni og kom \u00fe\u00fa ekki n\u00e1l\u00e6gt h\u00fasdyrum <a href=\"https:\/\/biblian.is\/1981\/ordskvidirnir-5-kafli\/\"> [&#8230;]<\/a><\/p>\n","protected":false},"author":1,"featured_media":0,"parent":0,"menu_order":0,"comment_status":"open","ping_status":"open","template":"bibliukaflar.php","meta":{"footnotes":""},"class_list":["post-1980","page","type-page","status-publish","hentry"],"_links":{"self":[{"href":"https:\/\/biblian.is\/1981\/wp-json\/wp\/v2\/pages\/1980","targetHints":{"allow":["GET"]}}],"collection":[{"href":"https:\/\/biblian.is\/1981\/wp-json\/wp\/v2\/pages"}],"about":[{"href":"https:\/\/biblian.is\/1981\/wp-json\/wp\/v2\/types\/page"}],"author":[{"embeddable":true,"href":"https:\/\/biblian.is\/1981\/wp-json\/wp\/v2\/users\/1"}],"replies":[{"embeddable":true,"href":"https:\/\/biblian.is\/1981\/wp-json\/wp\/v2\/comments?post=1980"}],"version-history":[{"count":0,"href":"https:\/\/biblian.is\/1981\/wp-json\/wp\/v2\/pages\/1980\/revisions"}],"wp:attachment":[{"href":"https:\/\/biblian.is\/1981\/wp-json\/wp\/v2\/media?parent=1980"}],"curies":[{"name":"wp","href":"https:\/\/api.w.org\/{rel}","templated":true}]}}