{"id":1979,"date":"2017-11-18T20:19:32","date_gmt":"2017-11-18T20:19:32","guid":{"rendered":"http:\/\/biblian.is\/1981\/ordskvidirnir-4-kafli\/"},"modified":"2021-06-06T11:04:41","modified_gmt":"2021-06-06T11:04:41","slug":"ordskvidirnir-4-kafli","status":"publish","type":"page","link":"https:\/\/biblian.is\/1981\/ordskvidirnir-4-kafli\/","title":{"rendered":"Or\u00f0skvi\u00f0irnir 4. kafli"},"content":{"rendered":"<p><a name=\"1\"><span class=\"versanumer\">1<\/span><\/a>Heyri\u00f0, synir, \u00e1minning f\u00f6\u00f0ur y\u00f0ar og hl\u00fd\u00f0i\u00f0 til, svo a\u00f0 \u00fe\u00e9r l\u00e6ri\u00f0 hyggindi!<a name=\"2\"><span class=\"versanumer\">2<\/span><\/a>\u00dev\u00ed a\u00f0 g\u00f3\u00f0an l\u00e6rd\u00f3m gef \u00e9g y\u00f0ur, hafni\u00f0 eigi kenning minni!<a name=\"3\"><span class=\"versanumer\">3<\/span><\/a>\u00deegar \u00e9g var sonur \u00ed f\u00f6\u00f0urh\u00fasum, vi\u00f0kv\u00e6mt einkabarn heima hj\u00e1 m\u00f3\u00f0ur minni,<a name=\"4\"><span class=\"versanumer\">4<\/span><\/a>\u00fe\u00e1 kenndi fa\u00f0ir minn m\u00e9r og sag\u00f0i vi\u00f0 mig: Hjarta \u00feitt haldi fast or\u00f0um m\u00ednum, var\u00f0veit \u00fe\u00fa bo\u00f0or\u00f0 m\u00edn, og muntu lifa!<a name=\"5\"><span class=\"versanumer\">5<\/span><\/a>Afla \u00fe\u00e9r visku, afla \u00fe\u00e9r hygginda! Gleym eigi og v\u00edk eigi fr\u00e1 or\u00f0um munns m\u00edns!<a name=\"6\"><span class=\"versanumer\">6<\/span><\/a>Hafna henni eigi, \u00fe\u00e1 mun h\u00fan var\u00f0veita \u00feig, elska hana, \u00fe\u00e1 mun h\u00fan vernda \u00feig.<a name=\"7\"><span class=\"versanumer\">7<\/span><\/a>Upphaf viskunnar er: afla \u00fe\u00e9r visku, afla \u00fe\u00e9r hygginda fyrir allar eigur \u00fe\u00ednar!<a name=\"8\"><span class=\"versanumer\">8<\/span><\/a>Haf hana \u00ed h\u00e1vegum, \u00fe\u00e1 mun h\u00fan hefja \u00feig, h\u00fan mun koma \u00fe\u00e9r til vegs, ef \u00fe\u00fa umfa\u00f0mar hana.<a name=\"9\"><span class=\"versanumer\">9<\/span><\/a>H\u00fan mun setja yndislegan sveig \u00e1 h\u00f6fu\u00f0 \u00fe\u00e9r, s\u00e6ma \u00feig pr\u00fd\u00f0ilegri k\u00f3r\u00f3nu.<a name=\"10\"><span class=\"versanumer\">10<\/span><\/a>Heyr \u00fe\u00fa, son minn, og veit vi\u00f0t\u00f6ku or\u00f0um m\u00ednum, \u00fe\u00e1 munu \u00e6vi\u00e1r \u00fe\u00edn m\u00f6rg ver\u00f0a.<a name=\"11\"><span class=\"versanumer\">11<\/span><\/a>\u00c9g v\u00edsa \u00fe\u00e9r veg spekinnar, lei\u00f0i \u00feig \u00e1 brautir r\u00e1\u00f0vendninnar.<a name=\"12\"><span class=\"versanumer\">12<\/span><\/a>Gangir \u00fe\u00fa \u00fe\u00e6r, skal lei\u00f0 \u00fe\u00edn ekki ver\u00f0a \u00fer\u00f6ng, og hlaupir \u00fe\u00fa, skalt \u00fe\u00fa ekki hrasa.<a name=\"13\"><span class=\"versanumer\">13<\/span><\/a>Haltu fast \u00ed agann, slepptu honum ekki, var\u00f0veittu hann, \u00fev\u00ed a\u00f0 hann er l\u00edf \u00feitt.<a name=\"14\"><span class=\"versanumer\">14<\/span><\/a>Kom \u00fe\u00fa eigi \u00e1 g\u00f6tu \u00f3gu\u00f0legra og gakk eigi \u00e1 vegi vondra manna.<a name=\"15\"><span class=\"versanumer\">15<\/span><\/a>Snei\u00f0 hj\u00e1 honum, far\u00f0u hann ekki, sn\u00fa \u00fe\u00fa fr\u00e1 honum og far\u00f0u fram hj\u00e1.<a name=\"16\"><span class=\"versanumer\">16<\/span><\/a>\u00dev\u00ed a\u00f0 \u00feeir geta ekki sofi\u00f0, nema \u00feeir hafi gj\u00f6rt illt, og \u00feeim kemur ekki d\u00far \u00e1 auga, nema \u00feeir hafi fellt einhvern.<a name=\"17\"><span class=\"versanumer\">17<\/span><\/a>\u00dev\u00ed a\u00f0 \u00feeir eta gl\u00e6pabrau\u00f0 og drekka ofbeldisv\u00edn.<a name=\"18\"><span class=\"versanumer\">18<\/span><\/a>Gata r\u00e9ttl\u00e1tra er eins og bjartur \u00e1rdagslj\u00f3mi, sem ver\u00f0ur \u00e6 sk\u00e6rari fram \u00e1 h\u00e1degi.<a name=\"19\"><span class=\"versanumer\">19<\/span><\/a>Vegur \u00f3gu\u00f0legra er eins og ni\u00f0amyrkur, \u00feeir vita ekki, um hva\u00f0 \u00feeir hrasa.<a name=\"20\"><span class=\"versanumer\">20<\/span><\/a>Son minn, gef gaum a\u00f0 r\u00e6\u00f0u minni, hneig eyra \u00feitt a\u00f0 or\u00f0um m\u00ednum.<a name=\"21\"><span class=\"versanumer\">21<\/span><\/a>L\u00e1t \u00feau eigi v\u00edkja fr\u00e1 augum \u00fe\u00ednum, var\u00f0veit \u00feau innst \u00ed hjarta \u00fe\u00ednu.<a name=\"22\"><span class=\"versanumer\">22<\/span><\/a>\u00dev\u00ed a\u00f0 \u00feau eru l\u00edf \u00feeirra, er \u00f6\u00f0last \u00feau, og l\u00e6kning fyrir allan l\u00edkama \u00feeirra.<a name=\"23\"><span class=\"versanumer\">23<\/span><\/a>Var\u00f0veit hjarta \u00feitt framar \u00f6llu \u00f6\u00f0ru, \u00fev\u00ed a\u00f0 \u00fear eru uppsprettur l\u00edfsins.<a name=\"24\"><span class=\"versanumer\">24<\/span><\/a>Haltu fl\u00e1r\u00e6\u00f0i munnsins burt fr\u00e1 \u00fe\u00e9r og l\u00e1t fals varanna vera fjarri \u00fe\u00e9r.<a name=\"25\"><span class=\"versanumer\">25<\/span><\/a>Augu \u00fe\u00edn l\u00edti beint fram og augnalok \u00fe\u00edn horfi beint fram undan \u00fe\u00e9r.<a name=\"26\"><span class=\"versanumer\">26<\/span><\/a>Gj\u00f6r braut f\u00f3ta \u00feinna sl\u00e9tta, og allir vegir \u00fe\u00ednir s\u00e9u sta\u00f0fastir.<a name=\"27\"><span class=\"versanumer\">27<\/span><\/a>V\u00edk hvorki til h\u00e6gri n\u00e9 vinstri, haltu f\u00e6ti \u00fe\u00ednum burt fr\u00e1 illu.<\/p>\n<div class=\"footnote1981\"><b>4.4<\/b> Var\u00f0veita kenninguna Okv 3.1+<br \/>\n<b>4.5<\/b> Afla \u00fe\u00e9r visku Okv 4.7; Matt 13.44-46<br \/>\n<b>4.10<\/b> Langl\u00edfi Okv 3.2+<br \/>\n<b>4.13<\/b> Speki og l\u00edf Okv 3.18,22; 6.23; 10.17; 13.14; S\u00edr 21.13; sbr Okv 3.2+<br \/>\n<b>4.14-19<\/b> Rangl\u00e1tir og r\u00e9ttl\u00e1tir Okv 3.33+<br \/>\n<b>4.27<\/b> V\u00edktu ekki 5M\u00f3s 5.32; 28.14<\/div>\n","protected":false},"excerpt":{"rendered":"<p>1Heyri\u00f0, synir, \u00e1minning f\u00f6\u00f0ur y\u00f0ar og hl\u00fd\u00f0i\u00f0 til, svo a\u00f0 \u00fe\u00e9r l\u00e6ri\u00f0 hyggindi!2\u00dev\u00ed a\u00f0 g\u00f3\u00f0an l\u00e6rd\u00f3m gef \u00e9g y\u00f0ur, hafni\u00f0 eigi kenning minni!3\u00deegar \u00e9g var sonur \u00ed f\u00f6\u00f0urh\u00fasum, vi\u00f0kv\u00e6mt einkabarn heima hj\u00e1 m\u00f3\u00f0ur minni,4\u00fe\u00e1 kenndi fa\u00f0ir minn m\u00e9r og sag\u00f0i vi\u00f0 mig: Hjarta \u00feitt haldi fast or\u00f0um m\u00ednum, var\u00f0veit \u00fe\u00fa bo\u00f0or\u00f0 m\u00edn, og muntu lifa!5Afla \u00fe\u00e9r visku, afla \u00fe\u00e9r hygginda! Gleym eigi og v\u00edk eigi fr\u00e1 or\u00f0um munns m\u00edns!6Hafna henni eigi, \u00fe\u00e1 mun h\u00fan var\u00f0veita \u00feig, elska hana, \u00fe\u00e1 mun h\u00fan vernda \u00feig.7Upphaf viskunnar er: afla \u00fe\u00e9r visku, afla \u00fe\u00e9r hygginda fyrir allar eigur \u00fe\u00ednar!8Haf hana \u00ed h\u00e1vegum, \u00fe\u00e1 mun <a href=\"https:\/\/biblian.is\/1981\/ordskvidirnir-4-kafli\/\"> [&#8230;]<\/a><\/p>\n","protected":false},"author":1,"featured_media":0,"parent":0,"menu_order":0,"comment_status":"open","ping_status":"open","template":"bibliukaflar.php","meta":{"footnotes":""},"class_list":["post-1979","page","type-page","status-publish","hentry"],"_links":{"self":[{"href":"https:\/\/biblian.is\/1981\/wp-json\/wp\/v2\/pages\/1979","targetHints":{"allow":["GET"]}}],"collection":[{"href":"https:\/\/biblian.is\/1981\/wp-json\/wp\/v2\/pages"}],"about":[{"href":"https:\/\/biblian.is\/1981\/wp-json\/wp\/v2\/types\/page"}],"author":[{"embeddable":true,"href":"https:\/\/biblian.is\/1981\/wp-json\/wp\/v2\/users\/1"}],"replies":[{"embeddable":true,"href":"https:\/\/biblian.is\/1981\/wp-json\/wp\/v2\/comments?post=1979"}],"version-history":[{"count":0,"href":"https:\/\/biblian.is\/1981\/wp-json\/wp\/v2\/pages\/1979\/revisions"}],"wp:attachment":[{"href":"https:\/\/biblian.is\/1981\/wp-json\/wp\/v2\/media?parent=1979"}],"curies":[{"name":"wp","href":"https:\/\/api.w.org\/{rel}","templated":true}]}}