{"id":1978,"date":"2017-11-18T20:19:32","date_gmt":"2017-11-18T20:19:32","guid":{"rendered":"http:\/\/biblian.is\/1981\/ordskvidirnir-3-kafli\/"},"modified":"2021-06-06T11:04:40","modified_gmt":"2021-06-06T11:04:40","slug":"ordskvidirnir-3-kafli","status":"publish","type":"page","link":"https:\/\/biblian.is\/1981\/ordskvidirnir-3-kafli\/","title":{"rendered":"Or\u00f0skvi\u00f0irnir 3. kafli"},"content":{"rendered":"<p><a name=\"1\"><span class=\"versanumer\">1<\/span><\/a>Son minn, gleym eigi kenning minni, og hjarta \u00feitt var\u00f0veiti bo\u00f0or\u00f0 m\u00edn,<a name=\"2\"><span class=\"versanumer\">2<\/span><\/a>\u00fev\u00ed a\u00f0 langa l\u00edfdaga og fars\u00e6l \u00e1r og velgengni munu \u00feau veita \u00fe\u00e9r \u00ed r\u00edkum m\u00e6li.<a name=\"3\"><span class=\"versanumer\">3<\/span><\/a>K\u00e6rleiki og tr\u00fafesti munu aldrei yfirgefa \u00feig. Bind \u00feau um h\u00e1ls \u00fe\u00e9r, rita \u00feau \u00e1 spjald hjarta \u00fe\u00edns,<a name=\"4\"><span class=\"versanumer\">4<\/span><\/a>\u00fe\u00e1 munt \u00fe\u00fa \u00e1vinna \u00fe\u00e9r hylli og f\u00f6gur hyggindi, b\u00e6\u00f0i \u00ed augum Gu\u00f0s og manna.<a name=\"5\"><span class=\"versanumer\">5<\/span><\/a>Treystu Drottni af \u00f6llu hjarta, en reiddu \u00feig ekki \u00e1 eigi\u00f0 hyggjuvit.<a name=\"6\"><span class=\"versanumer\">6<\/span><\/a>Mundu til hans \u00e1 \u00f6llum \u00fe\u00ednum vegum, \u00fe\u00e1 mun hann gj\u00f6ra stigu \u00fe\u00edna sl\u00e9tta.<a name=\"7\"><span class=\"versanumer\">7<\/span><\/a>\u00de\u00fa skalt ekki \u00feykjast vitur, \u00f3ttast Drottin og for\u00f0ast illt,<a name=\"8\"><span class=\"versanumer\">8<\/span><\/a>\u00fea\u00f0 mun ver\u00f0a heiln\u00e6mt fyrir l\u00edkama \u00feinn og hressandi fyrir bein \u00fe\u00edn.<a name=\"9\"><span class=\"versanumer\">9<\/span><\/a>Tigna Drottin me\u00f0 eigum \u00fe\u00ednum og me\u00f0 frumgr\u00f3\u00f0a allrar uppskeru \u00feinnar,<a name=\"10\"><span class=\"versanumer\">10<\/span><\/a>\u00fe\u00e1 munu hl\u00f6\u00f0ur \u00fe\u00ednar ver\u00f0a n\u00e6gtafullar og v\u00ednberjal\u00f6gurinn fl\u00f3a \u00fat af v\u00ednlagar\u00fer\u00f3m \u00fe\u00ednum.<a name=\"11\"><span class=\"versanumer\">11<\/span><\/a>Son minn, l\u00edtilsvir\u00f0 eigi \u00f6gun Drottins og l\u00e1t \u00fe\u00e9r eigi gremjast umv\u00f6ndun hans,<a name=\"12\"><span class=\"versanumer\">12<\/span><\/a>\u00fev\u00ed a\u00f0 Drottinn agar \u00feann, sem hann elskar, og l\u00e6tur \u00feann son kenna til, sem hann hefir m\u00e6tur \u00e1.<a name=\"13\"><span class=\"versanumer\">13<\/span><\/a>S\u00e6ll er s\u00e1 ma\u00f0ur, sem \u00f6\u00f0last hefir speki, s\u00e1 ma\u00f0ur, sem hyggindi hlotnast.<a name=\"14\"><span class=\"versanumer\">14<\/span><\/a>\u00dev\u00ed a\u00f0 betra er a\u00f0 afla s\u00e9r hennar en a\u00f0 afla silfurs, og ar\u00f0urinn af henni \u00e1g\u00e6tari en gull.<a name=\"15\"><span class=\"versanumer\">15<\/span><\/a>H\u00fan er d\u00fdrm\u00e6tari en perlur, og allir d\u00fdrgripir \u00fe\u00ednir jafnast ekki \u00e1 vi\u00f0 hana.<a name=\"16\"><span class=\"versanumer\">16<\/span><\/a>Langir l\u00edfdagar eru \u00ed h\u00e6gri hendi hennar, au\u00f0ur og mannvir\u00f0ingar \u00ed vinstri hendi hennar.<a name=\"17\"><span class=\"versanumer\">17<\/span><\/a>Vegir hennar eru yndislegir vegir og allar g\u00f6tur hennar velgengni.<a name=\"18\"><span class=\"versanumer\">18<\/span><\/a>H\u00fan er l\u00edfstr\u00e9 \u00feeim, sem gr\u00edpa hana, og s\u00e6ll er hver s\u00e1, er heldur fast \u00ed hana.<a name=\"19\"><span class=\"versanumer\">19<\/span><\/a>Drottinn grundvalla\u00f0i j\u00f6r\u00f0ina me\u00f0 visku, festi himininn af hyggjuviti.<a name=\"20\"><span class=\"versanumer\">20<\/span><\/a>Fyrir \u00feekking hans myndu\u00f0ust hafdj\u00fapin og dr\u00fdpur d\u00f6ggin \u00far sk\u00fdjunum.<a name=\"21\"><span class=\"versanumer\">21<\/span><\/a>Son minn, var\u00f0veit \u00fe\u00fa visku og g\u00e6tni, l\u00e1t \u00fe\u00e6r eigi v\u00edkja fr\u00e1 augum \u00fe\u00ednum,<a name=\"22\"><span class=\"versanumer\">22<\/span><\/a>\u00fe\u00e1 munu \u00fe\u00e6r ver\u00f0a l\u00edf s\u00e1lu \u00feinni og pr\u00fd\u00f0i fyrir h\u00e1ls \u00feinn.<a name=\"23\"><span class=\"versanumer\">23<\/span><\/a>\u00de\u00e1 muntu ganga \u00f3hultur veg \u00feinn og eigi drepa vi\u00f0 f\u00e6ti.<a name=\"24\"><span class=\"versanumer\">24<\/span><\/a>\u00deegar \u00fe\u00fa leggst til hv\u00edldar, \u00fearft \u00fe\u00fa ekki a\u00f0 hr\u00e6\u00f0ast, og hv\u00edlist \u00fe\u00fa, mun svefninn ver\u00f0a v\u00e6r.<a name=\"25\"><span class=\"versanumer\">25<\/span><\/a>\u00de\u00fa \u00fearft ekki a\u00f0 \u00f3ttast skyndilega hr\u00e6\u00f0slu, n\u00e9 ey\u00f0ilegging hinna \u00f3gu\u00f0legu, \u00feegar h\u00fan dynur yfir.<a name=\"26\"><span class=\"versanumer\">26<\/span><\/a>\u00dev\u00ed a\u00f0 Drottinn mun vera athvarf \u00feitt og var\u00f0veita f\u00f3t \u00feinn, a\u00f0 hann ver\u00f0i eigi fanginn.<a name=\"27\"><span class=\"versanumer\">27<\/span><\/a>Synja eigi g\u00f3\u00f0s \u00feeim, er \u00fearfnast \u00feess, ef \u00fea\u00f0 er \u00e1 \u00fe\u00ednu valdi a\u00f0 gj\u00f6ra \u00fea\u00f0.<a name=\"28\"><span class=\"versanumer\">28<\/span><\/a>Seg \u00fe\u00fa ekki vi\u00f0 n\u00e1unga \u00feinn: Far og kom aftur! \u00e1 morgun skal \u00e9g gefa \u00fe\u00e9r ef \u00fe\u00fa \u00fe\u00f3 \u00e1tt \u00fea\u00f0 til.<a name=\"29\"><span class=\"versanumer\">29<\/span><\/a>Brugga eigi illt gegn n\u00e1unga \u00fe\u00ednum, \u00feegar hann b\u00fdr \u00f6ruggur hj\u00e1 \u00fe\u00e9r.<a name=\"30\"><span class=\"versanumer\">30<\/span><\/a>Deil ekki vi\u00f0 neinn a\u00f0 \u00e1st\u00e6\u00f0ulausu, ef hann hefir ekki gj\u00f6rt \u00fe\u00e9r neitt mein.<a name=\"31\"><span class=\"versanumer\">31<\/span><\/a>\u00d6funda ekki ofbeldismanninn og haf engar m\u00e6tur \u00e1 neinum gj\u00f6r\u00f0um hans.<a name=\"32\"><span class=\"versanumer\">32<\/span><\/a>\u00dev\u00ed a\u00f0 andstygg\u00f0 er s\u00e1 Drottni, er afvega fer, en r\u00e1\u00f0vandir menn al\u00fa\u00f0arvinir hans.<a name=\"33\"><span class=\"versanumer\">33<\/span><\/a>B\u00f6lvun Drottins er yfir h\u00fasi hins \u00f3gu\u00f0lega, en b\u00fasta\u00f0 r\u00e9ttl\u00e1tra blessar hann.<a name=\"34\"><span class=\"versanumer\">34<\/span><\/a>Spottsama spottar hann, en l\u00edtill\u00e1tum veitir hann n\u00e1\u00f0.<a name=\"35\"><span class=\"versanumer\">35<\/span><\/a>Vitrir menn munu hei\u00f0ur hlj\u00f3ta, en heimskingjar bera sm\u00e1n \u00far b\u00fdtum.<\/p>\n<div class=\"footnote1981\"><b>3.1<\/b> Var\u00f0veita kenninguna Okv 1.8; 6.20,21; 7.2,3; 5M\u00f3s 30.16<br \/>\n<b>3.2<\/b> Langl\u00edfi Okv 4.10; 9.11, 10.27; 5M\u00f3s 4.40<br \/>\n<b>3.3<\/b> Spjald hjarta \u00fe\u00edns 5M\u00f3s 6.6; Jer 31.33; 2Kor 3.3<br \/>\n<b>3.5-6<\/b> Treysta Drottni Okv 22.19; Slm 9.11+ ; 55.24+<br \/>\n<b>3.7<\/b> \u00d3ttast Drottin Okv 8.13+<br \/>\n<b>3.11-12<\/b> Drottinn agar 5M\u00f3s 8.5; 2Sam 7.14; SSal 11.10; 1Kor 11.31-32<br \/>\n<b>3.15<\/b> Gildi spekinnar Okv 8.11+<br \/>\n<b>3.19-20<\/b> Gu\u00f0 og spekin Okv 8.22-31, SSal 7.25-26, S\u00edr 24.1-10<br \/>\n<b>3.28<\/b> N\u00e1ungi 3M\u00f3s 19.18; L\u00fak 10.25-37<br \/>\n<b>3.31<\/b> \u00d6funda ekki \u00f3gu\u00f0lega Okv 23.17; 24.1,19; Slm 73.3+<br \/>\n<b>3.32<\/b> Drottni andstygg\u00f0 Okv 6.16-19; 15.8-9,26; 17.15; 20.23; 5M\u00f3s 25.16<br \/>\n<b>3.33<\/b> Hlutskipti rangl\u00e1tra Okv 2.22; 24.20; 1Sam 2.9; Jes 3.11; Job 20.4-29; Matt 25.45-46 \u2013 hlutskipti r\u00e9ttl\u00e1tra Okv 10.6-7; Slm 5.13; Jes 3.10; SSal 5.15; Matt 25.46<br \/>\n<b>3.34<\/b> H\u00e1\u00f0skir og h\u00f3gv\u00e6rir Jak 4.6; 1P\u00e9t 5.5<\/div>\n","protected":false},"excerpt":{"rendered":"<p>1Son minn, gleym eigi kenning minni, og hjarta \u00feitt var\u00f0veiti bo\u00f0or\u00f0 m\u00edn,2\u00fev\u00ed a\u00f0 langa l\u00edfdaga og fars\u00e6l \u00e1r og velgengni munu \u00feau veita \u00fe\u00e9r \u00ed r\u00edkum m\u00e6li.3K\u00e6rleiki og tr\u00fafesti munu aldrei yfirgefa \u00feig. Bind \u00feau um h\u00e1ls \u00fe\u00e9r, rita \u00feau \u00e1 spjald hjarta \u00fe\u00edns,4\u00fe\u00e1 munt \u00fe\u00fa \u00e1vinna \u00fe\u00e9r hylli og f\u00f6gur hyggindi, b\u00e6\u00f0i \u00ed augum Gu\u00f0s og manna.5Treystu Drottni af \u00f6llu hjarta, en reiddu \u00feig ekki \u00e1 eigi\u00f0 hyggjuvit.6Mundu til hans \u00e1 \u00f6llum \u00fe\u00ednum vegum, \u00fe\u00e1 mun hann gj\u00f6ra stigu \u00fe\u00edna sl\u00e9tta.7\u00de\u00fa skalt ekki \u00feykjast vitur, \u00f3ttast Drottin og for\u00f0ast illt,8\u00fea\u00f0 mun ver\u00f0a heiln\u00e6mt fyrir l\u00edkama \u00feinn og hressandi fyrir <a href=\"https:\/\/biblian.is\/1981\/ordskvidirnir-3-kafli\/\"> [&#8230;]<\/a><\/p>\n","protected":false},"author":1,"featured_media":0,"parent":0,"menu_order":0,"comment_status":"open","ping_status":"open","template":"bibliukaflar.php","meta":{"footnotes":""},"class_list":["post-1978","page","type-page","status-publish","hentry"],"_links":{"self":[{"href":"https:\/\/biblian.is\/1981\/wp-json\/wp\/v2\/pages\/1978","targetHints":{"allow":["GET"]}}],"collection":[{"href":"https:\/\/biblian.is\/1981\/wp-json\/wp\/v2\/pages"}],"about":[{"href":"https:\/\/biblian.is\/1981\/wp-json\/wp\/v2\/types\/page"}],"author":[{"embeddable":true,"href":"https:\/\/biblian.is\/1981\/wp-json\/wp\/v2\/users\/1"}],"replies":[{"embeddable":true,"href":"https:\/\/biblian.is\/1981\/wp-json\/wp\/v2\/comments?post=1978"}],"version-history":[{"count":0,"href":"https:\/\/biblian.is\/1981\/wp-json\/wp\/v2\/pages\/1978\/revisions"}],"wp:attachment":[{"href":"https:\/\/biblian.is\/1981\/wp-json\/wp\/v2\/media?parent=1978"}],"curies":[{"name":"wp","href":"https:\/\/api.w.org\/{rel}","templated":true}]}}