{"id":1977,"date":"2017-11-18T20:19:32","date_gmt":"2017-11-18T20:19:32","guid":{"rendered":"http:\/\/biblian.is\/1981\/ordskvidirnir-2-kafli\/"},"modified":"2021-06-06T11:04:36","modified_gmt":"2021-06-06T11:04:36","slug":"ordskvidirnir-2-kafli","status":"publish","type":"page","link":"https:\/\/biblian.is\/1981\/ordskvidirnir-2-kafli\/","title":{"rendered":"Or\u00f0skvi\u00f0irnir 2. kafli"},"content":{"rendered":"<p><a name=\"1\"><span class=\"versanumer\">1<\/span><\/a>Son minn, ef \u00fe\u00fa veitir or\u00f0um m\u00ednum vi\u00f0t\u00f6ku og geymir bo\u00f0or\u00f0 m\u00edn hj\u00e1 \u00fe\u00e9r,<a name=\"2\"><span class=\"versanumer\">2<\/span><\/a>svo a\u00f0 \u00fe\u00fa lj\u00e1ir spekinni athygli \u00fe\u00edna, hneigir hjarta \u00feitt a\u00f0 hyggindum,<a name=\"3\"><span class=\"versanumer\">3<\/span><\/a>j\u00e1, ef \u00fe\u00fa kallar \u00e1 skynsemina og hr\u00f3par \u00e1 hyggindin,<a name=\"4\"><span class=\"versanumer\">4<\/span><\/a>ef \u00fe\u00fa leitar a\u00f0 \u00feeim sem a\u00f0 silfri og grefst eftir \u00feeim eins og f\u00f3lgnum fj\u00e1rsj\u00f3\u00f0um,<a name=\"5\"><span class=\"versanumer\">5<\/span><\/a>\u00fe\u00e1 munt \u00fe\u00fa skilja, hva\u00f0 \u00f3tti Drottins er, og \u00f6\u00f0last \u00feekking \u00e1 Gu\u00f0i.<a name=\"6\"><span class=\"versanumer\">6<\/span><\/a>\u00dev\u00ed a\u00f0 Drottinn veitir speki, af munni hans kemur \u00feekking og hyggindi.<a name=\"7\"><span class=\"versanumer\">7<\/span><\/a>Hann geymir hinum r\u00e1\u00f0v\u00f6ndu g\u00e6funa, er skj\u00f6ldur \u00feeirra, sem breyta grandvarlega,<a name=\"8\"><span class=\"versanumer\">8<\/span><\/a>me\u00f0 \u00fev\u00ed a\u00f0 hann vakir yfir stigum r\u00e9ttarins og var\u00f0veitir veg sinna gu\u00f0hr\u00e6ddu.<a name=\"9\"><span class=\"versanumer\">9<\/span><\/a>\u00de\u00e1 munt \u00fe\u00fa og skilja, hva\u00f0 r\u00e9ttl\u00e6ti er og r\u00e9ttur og r\u00e1\u00f0vendni, \u00ed stuttu m\u00e1li, s\u00e9rhverja braut hins g\u00f3\u00f0a.<a name=\"10\"><span class=\"versanumer\">10<\/span><\/a>\u00dev\u00ed a\u00f0 speki mun koma \u00ed hjarta \u00feitt, og \u00feekking ver\u00f0a s\u00e1lu \u00feinni yndisleg.<a name=\"11\"><span class=\"versanumer\">11<\/span><\/a>A\u00f0g\u00e6tni mun vernda \u00feig, og hyggindin var\u00f0veita \u00feig,<a name=\"12\"><span class=\"versanumer\">12<\/span><\/a>til \u00feess a\u00f0 frelsa \u00feig fr\u00e1 vegi hins illa, fr\u00e1 \u00feeim m\u00f6nnum, sem fara me\u00f0 fals,<a name=\"13\"><span class=\"versanumer\">13<\/span><\/a>sem yfirgefa stigu einl\u00e6gninnar og ganga \u00e1 vegum myrkursins<a name=\"14\"><span class=\"versanumer\">14<\/span><\/a>sem hafa gle\u00f0i af \u00fev\u00ed a\u00f0 gj\u00f6ra illt, fagna yfir illsku hrekkjum,<a name=\"15\"><span class=\"versanumer\">15<\/span><\/a>sem gj\u00f6ra vegu s\u00edna hlykkj\u00f3tta og komnir eru \u00fat \u00e1 glapstigu \u00ed breytni sinni,<a name=\"16\"><span class=\"versanumer\">16<\/span><\/a>til \u00feess a\u00f0 frelsa \u00feig fr\u00e1 l\u00e9tt\u00fa\u00f0arkonu, fr\u00e1 bl\u00ed\u00f0m\u00e1lugri konu sem annar \u00e1,<a name=\"17\"><span class=\"versanumer\">17<\/span><\/a>sem yfirgefi\u00f0 hefir unnusta \u00e6sku sinnar og gleymt s\u00e1ttm\u00e1la Gu\u00f0s s\u00edns,<a name=\"18\"><span class=\"versanumer\">18<\/span><\/a>\u00fev\u00ed a\u00f0 h\u00fas hennar hn\u00edgur \u00ed dau\u00f0ann, og brautir hennar liggja ni\u00f0ur til framli\u00f0inna,<a name=\"19\"><span class=\"versanumer\">19<\/span><\/a>\u00feeir sem inn til hennar fara, sn\u00faa engir aftur, og aldrei komast \u00feeir \u00e1 l\u00edfsins stigu,<a name=\"20\"><span class=\"versanumer\">20<\/span><\/a>til \u00feess a\u00f0 \u00fe\u00fa gangir \u00e1 vegi g\u00f3\u00f0ra manna og haldir \u00feig \u00e1 stigum r\u00e9ttl\u00e1tra.<a name=\"21\"><span class=\"versanumer\">21<\/span><\/a>\u00dev\u00ed a\u00f0 hinir hreinskilnu munu byggja landi\u00f0, og hinir grandv\u00f6ru ver\u00f0a eftir \u00ed \u00fev\u00ed.<a name=\"22\"><span class=\"versanumer\">22<\/span><\/a>En hinir \u00f3gu\u00f0legu munu uppr\u00e6ttir ver\u00f0a \u00far landinu, og hinum svikulu ver\u00f0a \u00fatr\u00fdmt \u00fea\u00f0an.<\/p>\n<div class=\"footnote1981\"><b>2.4<\/b> Spekin er fj\u00e1rsj\u00f3\u00f0ur Okv 8.11+<br \/>\n<b>2.5<\/b> \u00d3tti Drottins Okv 8.13+<br \/>\n<b>2.6<\/b> Gj\u00f6f Gu\u00f0s 2M\u00f3s 31.3; 1Kon 5.9; Pr\u00e9d 2.26; SSal 8.21; S\u00edr 1.1; L\u00fak 21.15; Ef 1.17<br \/>\n<b>2.7<\/b> Skj\u00f6ldur Slm 3.4+<br \/>\n<b>2.16<\/b> L\u00e9tt\u00fa\u00f0ardr\u00f3s Okv 5.3,20; 6.24-7.27; 22.14; sbr 6.26+<br \/>\n<b>2.18<\/b> Til framli\u00f0inna Okv 9.18; 21.16; Jes 14.9<br \/>\n<b>2.21<\/b> Byggja landi\u00f0 5M\u00f3s 5.33; Slm 37.9+<br \/>\n<b>2.22<\/b> Hlutskipti rangl\u00e1tra Okv 3.33+<\/div>\n","protected":false},"excerpt":{"rendered":"<p>1Son minn, ef \u00fe\u00fa veitir or\u00f0um m\u00ednum vi\u00f0t\u00f6ku og geymir bo\u00f0or\u00f0 m\u00edn hj\u00e1 \u00fe\u00e9r,2svo a\u00f0 \u00fe\u00fa lj\u00e1ir spekinni athygli \u00fe\u00edna, hneigir hjarta \u00feitt a\u00f0 hyggindum,3j\u00e1, ef \u00fe\u00fa kallar \u00e1 skynsemina og hr\u00f3par \u00e1 hyggindin,4ef \u00fe\u00fa leitar a\u00f0 \u00feeim sem a\u00f0 silfri og grefst eftir \u00feeim eins og f\u00f3lgnum fj\u00e1rsj\u00f3\u00f0um,5\u00fe\u00e1 munt \u00fe\u00fa skilja, hva\u00f0 \u00f3tti Drottins er, og \u00f6\u00f0last \u00feekking \u00e1 Gu\u00f0i.6\u00dev\u00ed a\u00f0 Drottinn veitir speki, af munni hans kemur \u00feekking og hyggindi.7Hann geymir hinum r\u00e1\u00f0v\u00f6ndu g\u00e6funa, er skj\u00f6ldur \u00feeirra, sem breyta grandvarlega,8me\u00f0 \u00fev\u00ed a\u00f0 hann vakir yfir stigum r\u00e9ttarins og var\u00f0veitir veg sinna gu\u00f0hr\u00e6ddu.9\u00de\u00e1 munt \u00fe\u00fa og skilja, hva\u00f0 r\u00e9ttl\u00e6ti <a href=\"https:\/\/biblian.is\/1981\/ordskvidirnir-2-kafli\/\"> [&#8230;]<\/a><\/p>\n","protected":false},"author":1,"featured_media":0,"parent":0,"menu_order":0,"comment_status":"open","ping_status":"open","template":"bibliukaflar.php","meta":{"footnotes":""},"class_list":["post-1977","page","type-page","status-publish","hentry"],"_links":{"self":[{"href":"https:\/\/biblian.is\/1981\/wp-json\/wp\/v2\/pages\/1977","targetHints":{"allow":["GET"]}}],"collection":[{"href":"https:\/\/biblian.is\/1981\/wp-json\/wp\/v2\/pages"}],"about":[{"href":"https:\/\/biblian.is\/1981\/wp-json\/wp\/v2\/types\/page"}],"author":[{"embeddable":true,"href":"https:\/\/biblian.is\/1981\/wp-json\/wp\/v2\/users\/1"}],"replies":[{"embeddable":true,"href":"https:\/\/biblian.is\/1981\/wp-json\/wp\/v2\/comments?post=1977"}],"version-history":[{"count":0,"href":"https:\/\/biblian.is\/1981\/wp-json\/wp\/v2\/pages\/1977\/revisions"}],"wp:attachment":[{"href":"https:\/\/biblian.is\/1981\/wp-json\/wp\/v2\/media?parent=1977"}],"curies":[{"name":"wp","href":"https:\/\/api.w.org\/{rel}","templated":true}]}}