{"id":1976,"date":"2017-11-18T20:19:32","date_gmt":"2017-11-18T20:19:32","guid":{"rendered":"http:\/\/biblian.is\/1981\/ordskvidirnir-1-kafli\/"},"modified":"2021-06-06T11:04:31","modified_gmt":"2021-06-06T11:04:31","slug":"ordskvidirnir-1-kafli","status":"publish","type":"page","link":"https:\/\/biblian.is\/1981\/ordskvidirnir-1-kafli\/","title":{"rendered":"Or\u00f0skvi\u00f0irnir 1. kafli"},"content":{"rendered":"<p><a name=\"1\"><span class=\"versanumer\">1<\/span><\/a>Or\u00f0skvi\u00f0ir Sal\u00f3mons Dav\u00ed\u00f0ssonar, \u00cdsraels konungs,<a name=\"2\"><span class=\"versanumer\">2<\/span><\/a>til \u00feess a\u00f0 menn kynnist visku og aga, l\u00e6ri a\u00f0 skilja skynsamleg or\u00f0,<a name=\"3\"><span class=\"versanumer\">3<\/span><\/a>til \u00feess a\u00f0 menn f\u00e1i viturlegan aga, r\u00e9ttl\u00e6ti, r\u00e9ttv\u00edsi og r\u00e1\u00f0vendni,<a name=\"4\"><span class=\"versanumer\">4<\/span><\/a>til \u00feess a\u00f0 \u00feeir veiti hinum \u00f3reyndu hyggindi, unglingum \u00feekking og a\u00f0g\u00e6tni,<a name=\"5\"><span class=\"versanumer\">5<\/span><\/a>hinn vitri hl\u00fd\u00f0ir \u00e1 og eykur l\u00e6rd\u00f3m sinn, og hinn hyggni nemur hollar l\u00edfsreglur<a name=\"6\"><span class=\"versanumer\">6<\/span><\/a>til \u00feess a\u00f0 menn skilji or\u00f0skvi\u00f0i og l\u00edkingam\u00e1l, or\u00f0 spekinganna og g\u00e1tur \u00feeirra.<a name=\"7\"><span class=\"versanumer\">7<\/span><\/a>\u00d3tti Drottins er upphaf \u00feekkingar, visku og aga fyrirl\u00edta afglapar einir.<a name=\"8\"><span class=\"versanumer\">8<\/span><\/a>Hl\u00fd\u00f0 \u00fe\u00fa, son minn, \u00e1 \u00e1minning f\u00f6\u00f0ur \u00fe\u00edns og hafna eigi vi\u00f0v\u00f6run m\u00f3\u00f0ur \u00feinnar,<a name=\"9\"><span class=\"versanumer\">9<\/span><\/a>\u00fev\u00ed a\u00f0 \u00fe\u00e6r eru yndislegur sveigur \u00e1 h\u00f6f\u00f0i \u00fe\u00e9r og men um h\u00e1ls \u00feinn.<a name=\"10\"><span class=\"versanumer\">10<\/span><\/a>Son minn, \u00feegar sk\u00e1lkar ginna \u00feig, \u00fe\u00e1 gegn \u00feeim eigi.<a name=\"11\"><span class=\"versanumer\">11<\/span><\/a>\u00deegar \u00feeir segja: Kom me\u00f0 oss! Leggjumst \u00ed launs\u00e1tur til manndr\u00e1pa, sitjum \u00e1n saka um saklausan mann,<a name=\"12\"><span class=\"versanumer\">12<\/span><\/a>gleypum \u00fe\u00e1 lifandi eins og Hel me\u00f0 h\u00fa\u00f0 og h\u00e1ri, eins og \u00fe\u00e1 sem farnir eru til d\u00e1narheima.<a name=\"13\"><span class=\"versanumer\">13<\/span><\/a>Alls konar d\u00fdra muni munum v\u00e9r eignast, fylla h\u00fas vor r\u00e6ndum fj\u00e1rmunum.<a name=\"14\"><span class=\"versanumer\">14<\/span><\/a>\u00de\u00fa skalt taka jafnan hlut me\u00f0 oss, einn sj\u00f3\u00f0 skulum v\u00e9r allir hafa<a name=\"15\"><span class=\"versanumer\">15<\/span><\/a>son minn, \u00fe\u00e1 haf ekki samlei\u00f0 vi\u00f0 \u00fe\u00e1, halt f\u00e6ti \u00fe\u00ednum fr\u00e1 stigum \u00feeirra.<a name=\"16\"><span class=\"versanumer\">16<\/span><\/a>\u00dev\u00ed a\u00f0 f\u00e6tur \u00feeirra eru skj\u00f3tir til ills og flj\u00f3tir til a\u00f0 \u00fathella bl\u00f3\u00f0i.<a name=\"17\"><span class=\"versanumer\">17<\/span><\/a>\u00dev\u00ed a\u00f0 til einskis \u00feenja menn \u00fat neti\u00f0 \u00ed augs\u00fdn allra fleygra fugla,<a name=\"18\"><span class=\"versanumer\">18<\/span><\/a>og sl\u00edkir menn sitja um sitt eigi\u00f0 l\u00edf, liggja \u00ed launs\u00e1tri fyrir sj\u00e1lfum s\u00e9r.<a name=\"19\"><span class=\"versanumer\">19<\/span><\/a>\u00deannig fer \u00f6llum \u00feeim, sem f\u00edknir eru \u00ed rangfenginn gr\u00f3\u00f0a: f\u00edknin ver\u00f0ur \u00feeim a\u00f0 fj\u00f6rlesti.<a name=\"20\"><span class=\"versanumer\">20<\/span><\/a>Spekin kallar h\u00e1tt \u00e1 str\u00e6tunum, l\u00e6tur r\u00f6dd s\u00edna gjalla \u00e1 torgunum.<a name=\"21\"><span class=\"versanumer\">21<\/span><\/a>H\u00fan hr\u00f3par \u00e1 glaummiklum gatnam\u00f3tum, vi\u00f0 borgarhli\u00f0in heldur h\u00fan t\u00f6lur s\u00ednar:<a name=\"22\"><span class=\"versanumer\">22<\/span><\/a>Hversu lengi \u00e6tli\u00f0 \u00fe\u00e9r, f\u00e1v\u00edsir, a\u00f0 elska f\u00e1v\u00edsi og hinir h\u00e1\u00f0gj\u00f6rnu a\u00f0 hafa yndi af h\u00e1\u00f0i og heimskingjarnir a\u00f0 hata \u00feekkingu?<a name=\"23\"><span class=\"versanumer\">23<\/span><\/a>Sn\u00faist til umv\u00f6ndunar minnar, sj\u00e1, \u00e9g l\u00e6t anda minn streyma yfir y\u00f0ur, kunngj\u00f6ri y\u00f0ur or\u00f0 m\u00edn.<a name=\"24\"><span class=\"versanumer\">24<\/span><\/a>En af \u00fev\u00ed a\u00f0 \u00fe\u00e9r f\u00e6r\u00f0ust undan, \u00fe\u00e1 er \u00e9g kalla\u00f0i, og enginn gaf \u00fev\u00ed gaum, \u00fe\u00f3tt \u00e9g r\u00e9tti \u00fat h\u00f6ndina,<a name=\"25\"><span class=\"versanumer\">25<\/span><\/a>heldur l\u00e9tu\u00f0 \u00f6ll m\u00edn r\u00e1\u00f0 sem vind um eyrun \u00fej\u00f3ta og skeyttu\u00f0 eigi umv\u00f6ndun minni,<a name=\"26\"><span class=\"versanumer\">26<\/span><\/a>\u00fe\u00e1 mun \u00e9g hl\u00e6ja \u00ed \u00f3g\u00e6fu y\u00f0ar, draga d\u00e1r a\u00f0, \u00feegar skelfingin dynur yfir y\u00f0ur,<a name=\"27\"><span class=\"versanumer\">27<\/span><\/a>\u00feegar skelfingin dynur yfir y\u00f0ur eins og \u00ferumuve\u00f0ur og \u00f3g\u00e6fa y\u00f0ar n\u00e1lgast eins og fellibylur, \u00feegar ney\u00f0 og angist dynja yfir y\u00f0ur.<a name=\"28\"><span class=\"versanumer\">28<\/span><\/a>\u00de\u00e1 munu \u00feeir kalla \u00e1 mig, en \u00e9g mun ekki svara, \u00feeir munu leita m\u00edn, en ekki finna mig.<a name=\"29\"><span class=\"versanumer\">29<\/span><\/a>Vegna \u00feess a\u00f0 \u00feeir h\u00f6tu\u00f0u \u00feekking og a\u00f0hylltust ekki \u00f3tta Drottins,<a name=\"30\"><span class=\"versanumer\">30<\/span><\/a>skeyttu ekki r\u00e1\u00f0um m\u00ednum og sm\u00e1\u00f0u alla umv\u00f6ndun m\u00edna,<a name=\"31\"><span class=\"versanumer\">31<\/span><\/a>\u00fe\u00e1 skulu \u00feeir f\u00e1 a\u00f0 neyta \u00e1vaxtar breytni sinnar og mettast af s\u00ednum eigin v\u00e9lr\u00e6\u00f0um.<a name=\"32\"><span class=\"versanumer\">32<\/span><\/a>\u00dev\u00ed a\u00f0 fr\u00e1hvarf f\u00e1v\u00edsra drepur \u00fe\u00e1, og uggleysi heimskingjanna tort\u00edmir \u00feeim.<a name=\"33\"><span class=\"versanumer\">33<\/span><\/a>En s\u00e1 sem \u00e1 mig hl\u00fd\u00f0ir, mun b\u00faa \u00f3hultur, mun vera \u00f6ruggur og engri \u00f3hamingju kv\u00ed\u00f0a.<\/p>\n<div class=\"footnote1981\"><b>1.7<\/b> Gu\u00f0s\u00f3tti er viska Okv 9.10+<br \/>\n<b>1.8<\/b> Vi\u00f0v\u00f6run foreldra Okv 6.20; 2M\u00f3s 13.8; 5M\u00f3s 4.9; Slm 78.5<br \/>\n<b>1.12<\/b> Hel Okv 5.5; 7.27; 9.18; Jes 14.9<br \/>\n<b>1.19<\/b> Rangfenginn gr\u00f3\u00f0i Okv 15.27; Jer 8.10<br \/>\n<b>1.20<\/b> Spekin kallar Okv 8.1-10; 9.3; S\u00edr 24.19-22; sbr Matt 22.1-14; L\u00fak 14.15-24; J\u00f3h 7.37<br \/>\n<b>1.22<\/b> Hinir h\u00e1\u00f0gj\u00f6rnu Okv 13.1; 14.6; 15.12; Matt 20.19; 2P\u00e9t 3.3; sbr Okv 9.7<br \/>\n<b>1.24-25<\/b> Hl\u00fdddu\u00f0 ekki Jes 65.12; 66.4; Jer 7.13<br \/>\n<b>1.28<\/b> Finna mig ekki Jer 11.11; H\u00f3s 5.6; Am 8.11,12; M\u00edk 3.3-4; J\u00f3h 7.34<br \/>\n<b>1.29<\/b> \u00d3tti Drottins 1M\u00f3s 20.11; 2Sam 23.3; Slm 19.10; L\u00fak 18.2; Post 9.31; 1P\u00e9t 2.17; sbr Okv 8.13+ ; 9.10+ ; 10.27+<\/div>\n","protected":false},"excerpt":{"rendered":"<p>1Or\u00f0skvi\u00f0ir Sal\u00f3mons Dav\u00ed\u00f0ssonar, \u00cdsraels konungs,2til \u00feess a\u00f0 menn kynnist visku og aga, l\u00e6ri a\u00f0 skilja skynsamleg or\u00f0,3til \u00feess a\u00f0 menn f\u00e1i viturlegan aga, r\u00e9ttl\u00e6ti, r\u00e9ttv\u00edsi og r\u00e1\u00f0vendni,4til \u00feess a\u00f0 \u00feeir veiti hinum \u00f3reyndu hyggindi, unglingum \u00feekking og a\u00f0g\u00e6tni,5hinn vitri hl\u00fd\u00f0ir \u00e1 og eykur l\u00e6rd\u00f3m sinn, og hinn hyggni nemur hollar l\u00edfsreglur6til \u00feess a\u00f0 menn skilji or\u00f0skvi\u00f0i og l\u00edkingam\u00e1l, or\u00f0 spekinganna og g\u00e1tur \u00feeirra.7\u00d3tti Drottins er upphaf \u00feekkingar, visku og aga fyrirl\u00edta afglapar einir.8Hl\u00fd\u00f0 \u00fe\u00fa, son minn, \u00e1 \u00e1minning f\u00f6\u00f0ur \u00fe\u00edns og hafna eigi vi\u00f0v\u00f6run m\u00f3\u00f0ur \u00feinnar,9\u00fev\u00ed a\u00f0 \u00fe\u00e6r eru yndislegur sveigur \u00e1 h\u00f6f\u00f0i \u00fe\u00e9r og men um h\u00e1ls \u00feinn.10Son minn, <a href=\"https:\/\/biblian.is\/1981\/ordskvidirnir-1-kafli\/\"> [&#8230;]<\/a><\/p>\n","protected":false},"author":1,"featured_media":0,"parent":0,"menu_order":0,"comment_status":"open","ping_status":"open","template":"bibliukaflar.php","meta":{"footnotes":""},"class_list":["post-1976","page","type-page","status-publish","hentry"],"_links":{"self":[{"href":"https:\/\/biblian.is\/1981\/wp-json\/wp\/v2\/pages\/1976","targetHints":{"allow":["GET"]}}],"collection":[{"href":"https:\/\/biblian.is\/1981\/wp-json\/wp\/v2\/pages"}],"about":[{"href":"https:\/\/biblian.is\/1981\/wp-json\/wp\/v2\/types\/page"}],"author":[{"embeddable":true,"href":"https:\/\/biblian.is\/1981\/wp-json\/wp\/v2\/users\/1"}],"replies":[{"embeddable":true,"href":"https:\/\/biblian.is\/1981\/wp-json\/wp\/v2\/comments?post=1976"}],"version-history":[{"count":0,"href":"https:\/\/biblian.is\/1981\/wp-json\/wp\/v2\/pages\/1976\/revisions"}],"wp:attachment":[{"href":"https:\/\/biblian.is\/1981\/wp-json\/wp\/v2\/media?parent=1976"}],"curies":[{"name":"wp","href":"https:\/\/api.w.org\/{rel}","templated":true}]}}