{"id":1975,"date":"2017-11-18T20:19:32","date_gmt":"2017-11-18T20:19:32","guid":{"rendered":"http:\/\/biblian.is\/1981\/salmarnir-150-kafli\/"},"modified":"2021-06-06T11:07:47","modified_gmt":"2021-06-06T11:07:47","slug":"salmarnir-150-kafli","status":"publish","type":"page","link":"https:\/\/biblian.is\/1981\/salmarnir-150-kafli\/","title":{"rendered":"S\u00e1lmarnir 150. kafli"},"content":{"rendered":"<p><a name=\"1\"><span class=\"versanumer\">1<\/span><\/a>Halel\u00faja. Lofi\u00f0 Gu\u00f0 \u00ed helgid\u00f3mi hans, lofi\u00f0 hann \u00ed voldugri festingu hans!<a name=\"2\"><span class=\"versanumer\">2<\/span><\/a>Lofi\u00f0 hann fyrir m\u00e1ttarverk hans, lofi\u00f0 hann eftir mikilleik h\u00e1tignar hans!<a name=\"3\"><span class=\"versanumer\">3<\/span><\/a>Lofi\u00f0 hann me\u00f0 l\u00fa\u00f0urhlj\u00f3mi, lofi\u00f0 hann me\u00f0 h\u00f6rpu og g\u00edgju!<a name=\"4\"><span class=\"versanumer\">4<\/span><\/a>Lofi\u00f0 hann me\u00f0 bumbum og gle\u00f0idansi, lofi\u00f0 hann me\u00f0 strengleik og hjar\u00f0p\u00edpum!<a name=\"5\"><span class=\"versanumer\">5<\/span><\/a>Lofi\u00f0 hann me\u00f0 hlj\u00f3mandi sk\u00e1labumbum, lofi\u00f0 hann me\u00f0 hvellum sk\u00e1labumbum!<a name=\"6\"><span class=\"versanumer\">6<\/span><\/a>Allt sem andardr\u00e1tt hefir lofi Drottin! Halel\u00faja!<\/p>\n<div class=\"footnote1981\"><b>150.1<\/b> Hallel\u00faja Slm 106.1+<br \/>\n<b>150.2<\/b> Fyrir m\u00e1ttarverk hans Slm 105.2; 145.4<br \/>\n<b>150.3-5<\/b> Lofa Gu\u00f0 me\u00f0 hlj\u00f3\u00f0f\u00e6rum Slm 147.7+<br \/>\n<b>150.6<\/b> Hallel\u00faja Slm 104.35+<\/div>\n","protected":false},"excerpt":{"rendered":"<p>1Halel\u00faja. Lofi\u00f0 Gu\u00f0 \u00ed helgid\u00f3mi hans, lofi\u00f0 hann \u00ed voldugri festingu hans!2Lofi\u00f0 hann fyrir m\u00e1ttarverk hans, lofi\u00f0 hann eftir mikilleik h\u00e1tignar hans!3Lofi\u00f0 hann me\u00f0 l\u00fa\u00f0urhlj\u00f3mi, lofi\u00f0 hann me\u00f0 h\u00f6rpu og g\u00edgju!4Lofi\u00f0 hann me\u00f0 bumbum og gle\u00f0idansi, lofi\u00f0 hann me\u00f0 strengleik og hjar\u00f0p\u00edpum!5Lofi\u00f0 hann me\u00f0 hlj\u00f3mandi sk\u00e1labumbum, lofi\u00f0 hann me\u00f0 hvellum sk\u00e1labumbum!6Allt sem andardr\u00e1tt hefir lofi Drottin! Halel\u00faja! 150.1 Hallel\u00faja Slm 106.1+ 150.2 Fyrir m\u00e1ttarverk hans Slm 105.2; 145.4 150.3-5 Lofa Gu\u00f0 me\u00f0 hlj\u00f3\u00f0f\u00e6rum Slm 147.7+ 150.6 Hallel\u00faja Slm 104.35+<\/p>\n","protected":false},"author":1,"featured_media":0,"parent":0,"menu_order":0,"comment_status":"open","ping_status":"open","template":"bibliukaflar.php","meta":{"footnotes":""},"class_list":["post-1975","page","type-page","status-publish","hentry"],"_links":{"self":[{"href":"https:\/\/biblian.is\/1981\/wp-json\/wp\/v2\/pages\/1975","targetHints":{"allow":["GET"]}}],"collection":[{"href":"https:\/\/biblian.is\/1981\/wp-json\/wp\/v2\/pages"}],"about":[{"href":"https:\/\/biblian.is\/1981\/wp-json\/wp\/v2\/types\/page"}],"author":[{"embeddable":true,"href":"https:\/\/biblian.is\/1981\/wp-json\/wp\/v2\/users\/1"}],"replies":[{"embeddable":true,"href":"https:\/\/biblian.is\/1981\/wp-json\/wp\/v2\/comments?post=1975"}],"version-history":[{"count":0,"href":"https:\/\/biblian.is\/1981\/wp-json\/wp\/v2\/pages\/1975\/revisions"}],"wp:attachment":[{"href":"https:\/\/biblian.is\/1981\/wp-json\/wp\/v2\/media?parent=1975"}],"curies":[{"name":"wp","href":"https:\/\/api.w.org\/{rel}","templated":true}]}}