{"id":1974,"date":"2017-11-18T20:19:32","date_gmt":"2017-11-18T20:19:32","guid":{"rendered":"http:\/\/biblian.is\/1981\/salmarnir-149-kafli\/"},"modified":"2021-06-06T11:07:42","modified_gmt":"2021-06-06T11:07:42","slug":"salmarnir-149-kafli","status":"publish","type":"page","link":"https:\/\/biblian.is\/1981\/salmarnir-149-kafli\/","title":{"rendered":"S\u00e1lmarnir 149. kafli"},"content":{"rendered":"<p><a name=\"1\"><span class=\"versanumer\">1<\/span><\/a>Halel\u00faja. Syngi\u00f0 Drottni n\u00fdjan s\u00f6ng, lofs\u00f6ngur hans hlj\u00f3mi \u00ed s\u00f6fnu\u00f0i tr\u00faa\u00f0ra.<a name=\"2\"><span class=\"versanumer\">2<\/span><\/a>\u00cdsrael gle\u00f0jist yfir skapara s\u00ednum, synir S\u00edonar fagni yfir konungi s\u00ednum.<a name=\"3\"><span class=\"versanumer\">3<\/span><\/a>\u00deeir skulu lofa nafn hans me\u00f0 gle\u00f0idansi, leika fyrir honum \u00e1 bumbur og g\u00edgjur.<a name=\"4\"><span class=\"versanumer\">4<\/span><\/a>\u00dev\u00ed a\u00f0 Drottinn hefir \u00fe\u00f3knun \u00e1 l\u00fd\u00f0 s\u00ednum, hann skr\u00fd\u00f0ir hrj\u00e1\u00f0a me\u00f0 sigri.<a name=\"5\"><span class=\"versanumer\">5<\/span><\/a>Hinir tr\u00fau\u00f0u skulu gle\u00f0jast me\u00f0 s\u00e6md, syngja fagnandi \u00ed hv\u00edlum s\u00ednum<a name=\"6\"><span class=\"versanumer\">6<\/span><\/a>me\u00f0 lofgj\u00f6r\u00f0 Gu\u00f0s \u00e1 tungu og tv\u00edeggja\u00f0 sver\u00f0 \u00ed h\u00f6ndum<a name=\"7\"><span class=\"versanumer\">7<\/span><\/a>til \u00feess a\u00f0 framkv\u00e6ma hefnd \u00e1 \u00fej\u00f3\u00f0unum, hirtingu \u00e1 l\u00fd\u00f0unum,<a name=\"8\"><span class=\"versanumer\">8<\/span><\/a>til \u00feess a\u00f0 binda konunga \u00feeirra me\u00f0 fj\u00f6trum, \u00fej\u00f3\u00f0h\u00f6f\u00f0ingja \u00feeirra me\u00f0 j\u00e1rnhlekkjum,<a name=\"9\"><span class=\"versanumer\">9<\/span><\/a>til \u00feess a\u00f0 fulln\u00e6gja \u00e1 \u00feeim skr\u00e1\u00f0um d\u00f3mi. \u00dea\u00f0 er til vegsemdar \u00f6llum d\u00fdrkendum hans. Halel\u00faja.<\/p>\n<div class=\"footnote1981\"><b>149.1<\/b> Hallel\u00faja Slm 106.1+ &#8211; n\u00fdjan s\u00f6ng Slm 33.3+ &#8211; s\u00f6fnu\u00f0i tr\u00fafastra Slm 68.27<br \/>\n<b>149.3<\/b> Leika fyrir Drottni Slm 147.7+<br \/>\n<b>149.9<\/b> Hallel\u00faja Slm 104.35+<\/div>\n","protected":false},"excerpt":{"rendered":"<p>1Halel\u00faja. Syngi\u00f0 Drottni n\u00fdjan s\u00f6ng, lofs\u00f6ngur hans hlj\u00f3mi \u00ed s\u00f6fnu\u00f0i tr\u00faa\u00f0ra.2\u00cdsrael gle\u00f0jist yfir skapara s\u00ednum, synir S\u00edonar fagni yfir konungi s\u00ednum.3\u00deeir skulu lofa nafn hans me\u00f0 gle\u00f0idansi, leika fyrir honum \u00e1 bumbur og g\u00edgjur.4\u00dev\u00ed a\u00f0 Drottinn hefir \u00fe\u00f3knun \u00e1 l\u00fd\u00f0 s\u00ednum, hann skr\u00fd\u00f0ir hrj\u00e1\u00f0a me\u00f0 sigri.5Hinir tr\u00fau\u00f0u skulu gle\u00f0jast me\u00f0 s\u00e6md, syngja fagnandi \u00ed hv\u00edlum s\u00ednum6me\u00f0 lofgj\u00f6r\u00f0 Gu\u00f0s \u00e1 tungu og tv\u00edeggja\u00f0 sver\u00f0 \u00ed h\u00f6ndum7til \u00feess a\u00f0 framkv\u00e6ma hefnd \u00e1 \u00fej\u00f3\u00f0unum, hirtingu \u00e1 l\u00fd\u00f0unum,8til \u00feess a\u00f0 binda konunga \u00feeirra me\u00f0 fj\u00f6trum, \u00fej\u00f3\u00f0h\u00f6f\u00f0ingja \u00feeirra me\u00f0 j\u00e1rnhlekkjum,9til \u00feess a\u00f0 fulln\u00e6gja \u00e1 \u00feeim skr\u00e1\u00f0um d\u00f3mi. \u00dea\u00f0 er til vegsemdar \u00f6llum d\u00fdrkendum hans. Halel\u00faja. <a href=\"https:\/\/biblian.is\/1981\/salmarnir-149-kafli\/\"> [&#8230;]<\/a><\/p>\n","protected":false},"author":1,"featured_media":0,"parent":0,"menu_order":0,"comment_status":"open","ping_status":"open","template":"bibliukaflar.php","meta":{"footnotes":""},"class_list":["post-1974","page","type-page","status-publish","hentry"],"_links":{"self":[{"href":"https:\/\/biblian.is\/1981\/wp-json\/wp\/v2\/pages\/1974","targetHints":{"allow":["GET"]}}],"collection":[{"href":"https:\/\/biblian.is\/1981\/wp-json\/wp\/v2\/pages"}],"about":[{"href":"https:\/\/biblian.is\/1981\/wp-json\/wp\/v2\/types\/page"}],"author":[{"embeddable":true,"href":"https:\/\/biblian.is\/1981\/wp-json\/wp\/v2\/users\/1"}],"replies":[{"embeddable":true,"href":"https:\/\/biblian.is\/1981\/wp-json\/wp\/v2\/comments?post=1974"}],"version-history":[{"count":0,"href":"https:\/\/biblian.is\/1981\/wp-json\/wp\/v2\/pages\/1974\/revisions"}],"wp:attachment":[{"href":"https:\/\/biblian.is\/1981\/wp-json\/wp\/v2\/media?parent=1974"}],"curies":[{"name":"wp","href":"https:\/\/api.w.org\/{rel}","templated":true}]}}