{"id":1972,"date":"2017-11-18T20:19:32","date_gmt":"2017-11-18T20:19:32","guid":{"rendered":"http:\/\/biblian.is\/1981\/salmarnir-147-kafli\/"},"modified":"2021-06-06T11:07:37","modified_gmt":"2021-06-06T11:07:37","slug":"salmarnir-147-kafli","status":"publish","type":"page","link":"https:\/\/biblian.is\/1981\/salmarnir-147-kafli\/","title":{"rendered":"S\u00e1lmarnir 147. kafli"},"content":{"rendered":"<p><a name=\"1\"><span class=\"versanumer\">1<\/span><\/a>Halel\u00faja. \u00dea\u00f0 er gott a\u00f0 leika fyrir Gu\u00f0i vorum, \u00fev\u00ed a\u00f0 hann er yndislegur, honum h\u00e6fir lofs\u00f6ngur.<a name=\"2\"><span class=\"versanumer\">2<\/span><\/a>Drottinn endurreisir Jer\u00fasalem, safnar saman hinum tv\u00edstru\u00f0u af \u00cdsrael.<a name=\"3\"><span class=\"versanumer\">3<\/span><\/a>Hann l\u00e6knar \u00fe\u00e1, er hafa sundurkrami\u00f0 hjarta, og bindur um benjar \u00feeirra.<a name=\"4\"><span class=\"versanumer\">4<\/span><\/a>Hann \u00e1kve\u00f0ur t\u00f6lu stjarnanna, kallar \u00fe\u00e6r allar me\u00f0 nafni.<a name=\"5\"><span class=\"versanumer\">5<\/span><\/a>Mikill er Drottinn vor og r\u00edkur a\u00f0 veldi, speki hans er \u00f3m\u00e6lanleg.<a name=\"6\"><span class=\"versanumer\">6<\/span><\/a>Drottinn annast hrj\u00e1\u00f0a, en \u00f3gu\u00f0lega l\u00e6gir hann a\u00f0 j\u00f6r\u00f0u.<a name=\"7\"><span class=\"versanumer\">7<\/span><\/a>Syngi\u00f0 Drottni me\u00f0 \u00feakkl\u00e6ti, leiki\u00f0 \u00e1 g\u00edgju fyrir Gu\u00f0i vorum.<a name=\"8\"><span class=\"versanumer\">8<\/span><\/a>Hann hylur himininn sk\u00fdjum, b\u00fdr regn handa j\u00f6r\u00f0inni, l\u00e6tur gras spretta \u00e1 fj\u00f6llunum.<a name=\"9\"><span class=\"versanumer\">9<\/span><\/a>Hann gefur skepnunum f\u00f3\u00f0ur \u00feeirra, hrafnsungunum, \u00feegar \u00feeir kalla.<a name=\"10\"><span class=\"versanumer\">10<\/span><\/a>Hann hefir eigi m\u00e6tur \u00e1 styrkleika hestsins, eigi \u00fe\u00f3knun \u00e1 f\u00f3tleggjum mannsins.<a name=\"11\"><span class=\"versanumer\">11<\/span><\/a>Drottinn hefir \u00fe\u00f3knun \u00e1 \u00feeim er \u00f3ttast hann, \u00feeim er b\u00ed\u00f0a miskunnar hans.<a name=\"12\"><span class=\"versanumer\">12<\/span><\/a>Vegsama Drottin, Jer\u00fasalem, lofa \u00fe\u00fa Gu\u00f0 \u00feinn, S\u00edon,<a name=\"13\"><span class=\"versanumer\">13<\/span><\/a>\u00fev\u00ed a\u00f0 hann hefir gj\u00f6rt sterka slagbrandana fyrir hli\u00f0um \u00fe\u00ednum, blessa\u00f0 b\u00f6rn \u00fe\u00edn, sem \u00ed \u00fe\u00e9r eru.<a name=\"14\"><span class=\"versanumer\">14<\/span><\/a>Hann gefur landi \u00fe\u00ednu fri\u00f0, se\u00f0ur \u00feig \u00e1 hinu kjarnbesta hveiti.<a name=\"15\"><span class=\"versanumer\">15<\/span><\/a>Hann sendir or\u00f0 sitt til jar\u00f0ar, bo\u00f0 hans hleypur me\u00f0 hra\u00f0a.<a name=\"16\"><span class=\"versanumer\">16<\/span><\/a>Hann gefur snj\u00f3 eins og ull, str\u00e1ir \u00fat hr\u00edmi sem \u00f6sku.<a name=\"17\"><span class=\"versanumer\">17<\/span><\/a>Hann sendir hagl sitt sem brau\u00f0mola, hver f\u00e6r sta\u00f0ist frost hans?<a name=\"18\"><span class=\"versanumer\">18<\/span><\/a>Hann sendir \u00fat or\u00f0 sitt og l\u00e6tur \u00edsinn \u00fei\u00f0na, l\u00e6tur vind sinn bl\u00e1sa, og v\u00f6tnin renna.<a name=\"19\"><span class=\"versanumer\">19<\/span><\/a>Hann kunngj\u00f6r\u00f0i Jakob or\u00f0 sitt, \u00cdsrael l\u00f6g s\u00edn og \u00e1kv\u00e6\u00f0i.<a name=\"20\"><span class=\"versanumer\">20<\/span><\/a>Svo hefir hann eigi gj\u00f6rt vi\u00f0 neina \u00fej\u00f3\u00f0, \u00feeim kennir hann ekki \u00e1kv\u00e6\u00f0i s\u00edn. Halel\u00faja.<\/p>\n<div class=\"footnote1981\"><b>147.1<\/b> Hallel\u00faja Slm 106.1+ &#8211; gott er Slm 92.2<br \/>\n<b>147.2<\/b> Drottinn endurreisir Jer\u00fasalem Slm 102.17+ ; Jes 44.28; Am 9.11 \u2013 safnar saman Jes 11.12; 56.8<br \/>\n<b>147.3<\/b> Gr\u00e6\u00f0ir sundurkrami\u00f0 hjarta Jes 61.1; sbr Job 5.18<br \/>\n<b>147.4<\/b> Gefur stj\u00f6rnunum nafn Jes 40.26; Bar 3.34-35<br \/>\n<b>147.5<\/b> Mikill er Drottinn Slm 145.13+ &#8211; \u00f3m\u00e6lanleg speki hans Jes 40.28<br \/>\n<b>147.6<\/b> Sty\u00f0ur hj\u00e1lparlausa Slm 146.9; Jes 40.29<br \/>\n<b>147.7<\/b> Leika fyrir Gu\u00f0i Slm 33.2, 68.33, 71.22-23, 81.3-4; 98.4-5;101.1, 104.33; 105.2, 144.9, 146.2, 149.3; D\u00f3m 5.1-3; sbr K\u00f3l 3.16<br \/>\n<b>147.8<\/b> Sk\u00fd, regn Slm 104.13,14; 135.7; Job 5.10<br \/>\n<b>147.9<\/b> Gefur skepnunum f\u00f3\u00f0ur Slm 104.27-28; 145.15-16 \u2013 hrafnsungar Job 38.41<br \/>\n<b>147.10<\/b> Styrkur hestsins Slm 20.8-9; 33.16-17; Am 2.15<br \/>\n<b>147.11<\/b> \u00d3ttast Drottinn Slm 15.4+ &#8211; vona \u00e1 miskunn hans Slm 33.18+<br \/>\n<b>147.15<\/b> Sendir bo\u00f0skap sinn Slm 33.9; 107.20; Jes 9.7; 55.11<br \/>\n<b>147.16-17<\/b> Snj\u00f3r, hagl Job 37.10; 38.22<br \/>\n<b>147.18<\/b> \u00cds Job 6.16<br \/>\n<b>147.19<\/b> Bo\u00f0ar 5M\u00f3s 4.7-8<br \/>\n<b>147.20<\/b> \u00dej\u00f3\u00f0irnar \u00feekkja ekki Post 14.16 \u2013 hallel\u00faja Slm 104.35+<\/div>\n","protected":false},"excerpt":{"rendered":"<p>1Halel\u00faja. \u00dea\u00f0 er gott a\u00f0 leika fyrir Gu\u00f0i vorum, \u00fev\u00ed a\u00f0 hann er yndislegur, honum h\u00e6fir lofs\u00f6ngur.2Drottinn endurreisir Jer\u00fasalem, safnar saman hinum tv\u00edstru\u00f0u af \u00cdsrael.3Hann l\u00e6knar \u00fe\u00e1, er hafa sundurkrami\u00f0 hjarta, og bindur um benjar \u00feeirra.4Hann \u00e1kve\u00f0ur t\u00f6lu stjarnanna, kallar \u00fe\u00e6r allar me\u00f0 nafni.5Mikill er Drottinn vor og r\u00edkur a\u00f0 veldi, speki hans er \u00f3m\u00e6lanleg.6Drottinn annast hrj\u00e1\u00f0a, en \u00f3gu\u00f0lega l\u00e6gir hann a\u00f0 j\u00f6r\u00f0u.7Syngi\u00f0 Drottni me\u00f0 \u00feakkl\u00e6ti, leiki\u00f0 \u00e1 g\u00edgju fyrir Gu\u00f0i vorum.8Hann hylur himininn sk\u00fdjum, b\u00fdr regn handa j\u00f6r\u00f0inni, l\u00e6tur gras spretta \u00e1 fj\u00f6llunum.9Hann gefur skepnunum f\u00f3\u00f0ur \u00feeirra, hrafnsungunum, \u00feegar \u00feeir kalla.10Hann hefir eigi m\u00e6tur \u00e1 styrkleika hestsins, eigi \u00fe\u00f3knun <a href=\"https:\/\/biblian.is\/1981\/salmarnir-147-kafli\/\"> [&#8230;]<\/a><\/p>\n","protected":false},"author":1,"featured_media":0,"parent":0,"menu_order":0,"comment_status":"open","ping_status":"open","template":"bibliukaflar.php","meta":{"footnotes":""},"class_list":["post-1972","page","type-page","status-publish","hentry"],"_links":{"self":[{"href":"https:\/\/biblian.is\/1981\/wp-json\/wp\/v2\/pages\/1972","targetHints":{"allow":["GET"]}}],"collection":[{"href":"https:\/\/biblian.is\/1981\/wp-json\/wp\/v2\/pages"}],"about":[{"href":"https:\/\/biblian.is\/1981\/wp-json\/wp\/v2\/types\/page"}],"author":[{"embeddable":true,"href":"https:\/\/biblian.is\/1981\/wp-json\/wp\/v2\/users\/1"}],"replies":[{"embeddable":true,"href":"https:\/\/biblian.is\/1981\/wp-json\/wp\/v2\/comments?post=1972"}],"version-history":[{"count":0,"href":"https:\/\/biblian.is\/1981\/wp-json\/wp\/v2\/pages\/1972\/revisions"}],"wp:attachment":[{"href":"https:\/\/biblian.is\/1981\/wp-json\/wp\/v2\/media?parent=1972"}],"curies":[{"name":"wp","href":"https:\/\/api.w.org\/{rel}","templated":true}]}}