{"id":1971,"date":"2017-11-18T20:19:32","date_gmt":"2017-11-18T20:19:32","guid":{"rendered":"http:\/\/biblian.is\/1981\/salmarnir-146-kafli\/"},"modified":"2021-06-06T11:07:34","modified_gmt":"2021-06-06T11:07:34","slug":"salmarnir-146-kafli","status":"publish","type":"page","link":"https:\/\/biblian.is\/1981\/salmarnir-146-kafli\/","title":{"rendered":"S\u00e1lmarnir 146. kafli"},"content":{"rendered":"<p><a name=\"1\"><span class=\"versanumer\">1<\/span><\/a>Halel\u00faja. Lofa \u00fe\u00fa Drottin, s\u00e1la m\u00edn!<a name=\"2\"><span class=\"versanumer\">2<\/span><\/a>\u00c9g vil lofa Drottin me\u00f0an lifi, lofsyngja Gu\u00f0i m\u00ednum, me\u00f0an \u00e9g er til.<a name=\"3\"><span class=\"versanumer\">3<\/span><\/a>Treysti\u00f0 eigi tignarmennum, m\u00f6nnum sem enga hj\u00e1lp geta veitt.<a name=\"4\"><span class=\"versanumer\">4<\/span><\/a>Andi \u00feeirra l\u00ed\u00f0ur burt, \u00feeir ver\u00f0a aftur a\u00f0 j\u00f6r\u00f0u, \u00e1 \u00feeim degi ver\u00f0a \u00e1form \u00feeirra a\u00f0 engu.<a name=\"5\"><span class=\"versanumer\">5<\/span><\/a>S\u00e6ll er s\u00e1, er \u00e1 Jakobs Gu\u00f0 s\u00e9r til hj\u00e1lpar, s\u00e1 er setur von s\u00edna \u00e1 Drottin, Gu\u00f0 sinn,<a name=\"6\"><span class=\"versanumer\">6<\/span><\/a>hann sem skapa\u00f0 hefir himin og j\u00f6r\u00f0, hafi\u00f0 og allt sem \u00ed \u00fev\u00ed er, hann sem var\u00f0veitir tr\u00fafesti s\u00edna a\u00f0 eil\u00edfu,<a name=\"7\"><span class=\"versanumer\">7<\/span><\/a>sem rekur r\u00e9ttar k\u00faga\u00f0ra og veitir brau\u00f0 hungru\u00f0um. Drottinn leysir hina bundnu,<a name=\"8\"><span class=\"versanumer\">8<\/span><\/a>Drottinn opnar augu blindra, Drottinn reisir upp ni\u00f0urbeyg\u00f0a, Drottinn elskar r\u00e9ttl\u00e1ta.<a name=\"9\"><span class=\"versanumer\">9<\/span><\/a>Drottinn var\u00f0veitir \u00fatlendingana, hann annast ekkjur og f\u00f6\u00f0urlausa, en \u00f3gu\u00f0lega l\u00e6tur hann fara villa vegar.<a name=\"10\"><span class=\"versanumer\">10<\/span><\/a>Drottinn er konungur a\u00f0 eil\u00edfu, hann er Gu\u00f0 \u00feinn, S\u00edon, fr\u00e1 kyni til kyns. Halel\u00faja.<\/p>\n<div class=\"footnote1981\"><b>146.1<\/b> Hallel\u00faja Slm 106.1+ &#8211; s\u00e1la m\u00edn Slm 103.1,22; 104.1,35<br \/>\n<b>146.2<\/b> Me\u00f0an lifi Slm 104.33 \u2013 lofsyngja Gu\u00f0i Slm 147.7+<br \/>\n<b>146.3<\/b> Treysti\u00f0 eigi tignarmennum Slm 60.13; 118.8-9<br \/>\n<b>146.4<\/b> Aftur a\u00f0 moldu Slm 103.14+ &#8211; \u00e1form a\u00f0 engu Slm 33.10<br \/>\n<b>146.5<\/b> S\u00e6ll Slm 1.1+ &#8211; Gu\u00f0 til hj\u00e1lpar Slm 27.9; 46.2; 121.2; 124.8 \u2013 vona \u00e1 Drottin Slm 25.5; 40.2; 71.5; 130.7; 131.3<br \/>\n<b>146.6<\/b> Skapari himins og jar\u00f0ar Slm 121.2+<br \/>\n<b>146.7<\/b> Rekur r\u00e9ttar k\u00faga\u00f0ra Slm 10.18; 103.6 \u2013 mettar hungra\u00f0a Slm 107.9 \u2013 frelsar bandingja Slm 68.7; 107.14-16; Jes 42.7; 49.9; 61.1<br \/>\n<b>146.8<\/b> Opnar augu blindra Jes 29.18; 35.5; 42.7; J\u00f3h 9.7,32 \u2013 reisir Slm 145.14; L\u00fak 13.13<br \/>\n<b>146.9<\/b> \u00datlendingar, ekkjur, muna\u00f0arlausir Slm 10.8; 68.6; 5M\u00f3s 10.18<br \/>\n<b>146.10<\/b> Konungur a\u00f0 eil\u00edfu Slm 9.8+ ; 2M\u00f3s 15.18 \u2013 hallel\u00faja Slm 104.35<\/div>\n","protected":false},"excerpt":{"rendered":"<p>1Halel\u00faja. Lofa \u00fe\u00fa Drottin, s\u00e1la m\u00edn!2\u00c9g vil lofa Drottin me\u00f0an lifi, lofsyngja Gu\u00f0i m\u00ednum, me\u00f0an \u00e9g er til.3Treysti\u00f0 eigi tignarmennum, m\u00f6nnum sem enga hj\u00e1lp geta veitt.4Andi \u00feeirra l\u00ed\u00f0ur burt, \u00feeir ver\u00f0a aftur a\u00f0 j\u00f6r\u00f0u, \u00e1 \u00feeim degi ver\u00f0a \u00e1form \u00feeirra a\u00f0 engu.5S\u00e6ll er s\u00e1, er \u00e1 Jakobs Gu\u00f0 s\u00e9r til hj\u00e1lpar, s\u00e1 er setur von s\u00edna \u00e1 Drottin, Gu\u00f0 sinn,6hann sem skapa\u00f0 hefir himin og j\u00f6r\u00f0, hafi\u00f0 og allt sem \u00ed \u00fev\u00ed er, hann sem var\u00f0veitir tr\u00fafesti s\u00edna a\u00f0 eil\u00edfu,7sem rekur r\u00e9ttar k\u00faga\u00f0ra og veitir brau\u00f0 hungru\u00f0um. Drottinn leysir hina bundnu,8Drottinn opnar augu blindra, Drottinn reisir upp ni\u00f0urbeyg\u00f0a, Drottinn elskar <a href=\"https:\/\/biblian.is\/1981\/salmarnir-146-kafli\/\"> [&#8230;]<\/a><\/p>\n","protected":false},"author":1,"featured_media":0,"parent":0,"menu_order":0,"comment_status":"open","ping_status":"open","template":"bibliukaflar.php","meta":{"footnotes":""},"class_list":["post-1971","page","type-page","status-publish","hentry"],"_links":{"self":[{"href":"https:\/\/biblian.is\/1981\/wp-json\/wp\/v2\/pages\/1971","targetHints":{"allow":["GET"]}}],"collection":[{"href":"https:\/\/biblian.is\/1981\/wp-json\/wp\/v2\/pages"}],"about":[{"href":"https:\/\/biblian.is\/1981\/wp-json\/wp\/v2\/types\/page"}],"author":[{"embeddable":true,"href":"https:\/\/biblian.is\/1981\/wp-json\/wp\/v2\/users\/1"}],"replies":[{"embeddable":true,"href":"https:\/\/biblian.is\/1981\/wp-json\/wp\/v2\/comments?post=1971"}],"version-history":[{"count":0,"href":"https:\/\/biblian.is\/1981\/wp-json\/wp\/v2\/pages\/1971\/revisions"}],"wp:attachment":[{"href":"https:\/\/biblian.is\/1981\/wp-json\/wp\/v2\/media?parent=1971"}],"curies":[{"name":"wp","href":"https:\/\/api.w.org\/{rel}","templated":true}]}}