{"id":1970,"date":"2017-11-18T20:19:32","date_gmt":"2017-11-18T20:19:32","guid":{"rendered":"http:\/\/biblian.is\/1981\/salmarnir-145-kafli\/"},"modified":"2021-06-06T11:07:32","modified_gmt":"2021-06-06T11:07:32","slug":"salmarnir-145-kafli","status":"publish","type":"page","link":"https:\/\/biblian.is\/1981\/salmarnir-145-kafli\/","title":{"rendered":"S\u00e1lmarnir 145. kafli"},"content":{"rendered":"<p><a name=\"1\"><span class=\"versanumer\">1<\/span><\/a>Dav\u00ed\u00f0s-lofs\u00f6ngur. \u00c9g vil vegsama \u00feig, \u00f3 Gu\u00f0 minn, \u00fe\u00fa konungur, og pr\u00edsa nafn \u00feitt um aldur og \u00e6vi.<a name=\"2\"><span class=\"versanumer\">2<\/span><\/a>\u00c1 hverjum degi vil \u00e9g pr\u00edsa \u00feig og lofa nafn \u00feitt um aldur og \u00e6vi.<a name=\"3\"><span class=\"versanumer\">3<\/span><\/a>Mikill er Drottinn og mj\u00f6g vegsamlegur, mikilleikur hans er \u00f3rannsakanlegur.<a name=\"4\"><span class=\"versanumer\">4<\/span><\/a>Ein kynsl\u00f3\u00f0in vegsamar verk \u00fe\u00edn fyrir annarri og kunngj\u00f6rir m\u00e1ttarverk \u00fe\u00edn.<a name=\"5\"><span class=\"versanumer\">5<\/span><\/a>\u00de\u00e6r segja fr\u00e1 tign og d\u00fdr\u00f0 vegsemdar \u00feinnar: \u00c9g vil syngja um d\u00e1semdir \u00fe\u00ednar.<a name=\"6\"><span class=\"versanumer\">6<\/span><\/a>Og um m\u00e1tt \u00f3gnarverka \u00feinna tala \u00fe\u00e6r: \u00c9g vil segja fr\u00e1 st\u00f3rvirkjum \u00fe\u00ednum.<a name=\"7\"><span class=\"versanumer\">7<\/span><\/a>\u00de\u00e6r minna \u00e1 \u00fe\u00edna miklu g\u00e6sku og fagna yfir r\u00e9ttl\u00e6ti \u00fe\u00ednu.<a name=\"8\"><span class=\"versanumer\">8<\/span><\/a>N\u00e1\u00f0ugur og miskunnsamur er Drottinn, \u00feolinm\u00f3\u00f0ur og mj\u00f6g g\u00e6skur\u00edkur.<a name=\"9\"><span class=\"versanumer\">9<\/span><\/a>Drottinn er \u00f6llum g\u00f3\u00f0ur, og miskunn hans er yfir \u00f6llu, sem hann skapar.<a name=\"10\"><span class=\"versanumer\">10<\/span><\/a>\u00d6ll sk\u00f6pun \u00fe\u00edn lofar \u00feig, Drottinn, og d\u00fdrkendur \u00fe\u00ednir pr\u00edsa \u00feig.<a name=\"11\"><span class=\"versanumer\">11<\/span><\/a>\u00deeir tala um d\u00fdr\u00f0 konungd\u00f3ms \u00fe\u00edns, segja fr\u00e1 veldi \u00fe\u00ednu.<a name=\"12\"><span class=\"versanumer\">12<\/span><\/a>\u00deeir kunngj\u00f6ra m\u00f6nnum veldi \u00feitt, hina d\u00fdrlegu tign konungd\u00f3ms \u00fe\u00edns.<a name=\"13\"><span class=\"versanumer\">13<\/span><\/a>Konungd\u00f3mur \u00feinn er konungd\u00f3mur um allar aldir og r\u00edki \u00feitt stendur fr\u00e1 kyni til kyns. Drottinn er tr\u00fafastur \u00ed \u00f6llum or\u00f0um s\u00ednum og miskunnsamur \u00ed \u00f6llum verkum s\u00ednum.<a name=\"14\"><span class=\"versanumer\">14<\/span><\/a>Drottinn sty\u00f0ur alla \u00fe\u00e1, er \u00e6tla a\u00f0 hn\u00edga, og reisir upp alla ni\u00f0urbeyg\u00f0a.<a name=\"15\"><span class=\"versanumer\">15<\/span><\/a>Allra augu vona \u00e1 \u00feig, og \u00fe\u00fa gefur \u00feeim f\u00e6\u00f0u \u00feeirra \u00e1 r\u00e9ttum t\u00edma.<a name=\"16\"><span class=\"versanumer\">16<\/span><\/a>\u00de\u00fa l\u00fdkur upp hendi \u00feinni og se\u00f0ur allt sem lifir me\u00f0 blessun.<a name=\"17\"><span class=\"versanumer\">17<\/span><\/a>Drottinn er r\u00e9ttl\u00e1tur \u00e1 \u00f6llum s\u00ednum vegum og miskunnsamur \u00ed \u00f6llum s\u00ednum verkum.<a name=\"18\"><span class=\"versanumer\">18<\/span><\/a>Drottinn er n\u00e1l\u00e6gur \u00f6llum sem \u00e1kalla hann, \u00f6llum sem \u00e1kalla hann \u00ed einl\u00e6gni.<a name=\"19\"><span class=\"versanumer\">19<\/span><\/a>Hann uppfyllir \u00f3sk \u00feeirra er \u00f3ttast hann, og hr\u00f3p \u00feeirra heyrir hann og hj\u00e1lpar \u00feeim.<a name=\"20\"><span class=\"versanumer\">20<\/span><\/a>Drottinn var\u00f0veitir alla \u00fe\u00e1 er elska hann, en \u00fatr\u00fdmir \u00f6llum n\u00ed\u00f0ingum.<a name=\"21\"><span class=\"versanumer\">21<\/span><\/a>Munnur minn skal m\u00e6la or\u00f0st\u00edr Drottins, allt hold vegsami hans heilaga nafn um aldur og \u00e6vi.<\/p>\n<div class=\"footnote1981\"><b>145.1<\/b> Gu\u00f0 minn, konungur Slm 5.3; 44.5; 84.4; sbr 93.1+ &#8211; tigna \u00feig Slm 30.2 \u2013 lofa nafn \u00feitt Slm 34.2; sbr 68.20<br \/>\n<b>145.3<\/b> Mikill er Drottinn Slm 48.2; 95.5; 147.5 \u2013 mj\u00f6g vegsamlegur Slm 18.4; 96.4<br \/>\n<b>145.4<\/b> Kynsl\u00f3\u00f0 eftir kynsl\u00f3\u00f0 Slm 78.4<br \/>\n<b>145.8<\/b> N\u00e1\u00f0ugur og miskunnsamur 2M\u00f3s 34.6+<br \/>\n<b>145.10<\/b> Verk \u00fe\u00edn Slm 103.22<br \/>\n<b>145.14<\/b> Sty\u00f0ur alla \u00fe\u00e1 Slm 94.18 \u2013 reisir Slm 146.8<br \/>\n<b>145.15-16<\/b> Vona \u2026 \u00fe\u00fa gefur Slm 104.27-28<br \/>\n<b>145.17<\/b> Miskunnsamur \u00ed \u00f6llu 5M\u00f3s 32.4<br \/>\n<b>145.18<\/b> N\u00e1l\u00e6gur \u00f6llum sem \u00e1kalla hann 5M\u00f3s 4.7; Jes 58.9; Jer 29.13<br \/>\n<b>145.19<\/b> \u00d3ttast Drottinn Slm 15.4+ &#8211; hann heyrir og hj\u00e1lpar Slm 34.18<\/div>\n","protected":false},"excerpt":{"rendered":"<p>1Dav\u00ed\u00f0s-lofs\u00f6ngur. \u00c9g vil vegsama \u00feig, \u00f3 Gu\u00f0 minn, \u00fe\u00fa konungur, og pr\u00edsa nafn \u00feitt um aldur og \u00e6vi.2\u00c1 hverjum degi vil \u00e9g pr\u00edsa \u00feig og lofa nafn \u00feitt um aldur og \u00e6vi.3Mikill er Drottinn og mj\u00f6g vegsamlegur, mikilleikur hans er \u00f3rannsakanlegur.4Ein kynsl\u00f3\u00f0in vegsamar verk \u00fe\u00edn fyrir annarri og kunngj\u00f6rir m\u00e1ttarverk \u00fe\u00edn.5\u00de\u00e6r segja fr\u00e1 tign og d\u00fdr\u00f0 vegsemdar \u00feinnar: \u00c9g vil syngja um d\u00e1semdir \u00fe\u00ednar.6Og um m\u00e1tt \u00f3gnarverka \u00feinna tala \u00fe\u00e6r: \u00c9g vil segja fr\u00e1 st\u00f3rvirkjum \u00fe\u00ednum.7\u00de\u00e6r minna \u00e1 \u00fe\u00edna miklu g\u00e6sku og fagna yfir r\u00e9ttl\u00e6ti \u00fe\u00ednu.8N\u00e1\u00f0ugur og miskunnsamur er Drottinn, \u00feolinm\u00f3\u00f0ur og mj\u00f6g g\u00e6skur\u00edkur.9Drottinn er \u00f6llum g\u00f3\u00f0ur, og miskunn hans <a href=\"https:\/\/biblian.is\/1981\/salmarnir-145-kafli\/\"> [&#8230;]<\/a><\/p>\n","protected":false},"author":1,"featured_media":0,"parent":0,"menu_order":0,"comment_status":"open","ping_status":"open","template":"bibliukaflar.php","meta":{"footnotes":""},"class_list":["post-1970","page","type-page","status-publish","hentry"],"_links":{"self":[{"href":"https:\/\/biblian.is\/1981\/wp-json\/wp\/v2\/pages\/1970","targetHints":{"allow":["GET"]}}],"collection":[{"href":"https:\/\/biblian.is\/1981\/wp-json\/wp\/v2\/pages"}],"about":[{"href":"https:\/\/biblian.is\/1981\/wp-json\/wp\/v2\/types\/page"}],"author":[{"embeddable":true,"href":"https:\/\/biblian.is\/1981\/wp-json\/wp\/v2\/users\/1"}],"replies":[{"embeddable":true,"href":"https:\/\/biblian.is\/1981\/wp-json\/wp\/v2\/comments?post=1970"}],"version-history":[{"count":0,"href":"https:\/\/biblian.is\/1981\/wp-json\/wp\/v2\/pages\/1970\/revisions"}],"wp:attachment":[{"href":"https:\/\/biblian.is\/1981\/wp-json\/wp\/v2\/media?parent=1970"}],"curies":[{"name":"wp","href":"https:\/\/api.w.org\/{rel}","templated":true}]}}