{"id":1967,"date":"2017-11-18T20:19:27","date_gmt":"2017-11-18T20:19:27","guid":{"rendered":"http:\/\/biblian.is\/1981\/salmarnir-142-kafli\/"},"modified":"2021-06-06T11:07:25","modified_gmt":"2021-06-06T11:07:25","slug":"salmarnir-142-kafli","status":"publish","type":"page","link":"https:\/\/biblian.is\/1981\/salmarnir-142-kafli\/","title":{"rendered":"S\u00e1lmarnir 142. kafli"},"content":{"rendered":"<p><a name=\"1\"><span class=\"versanumer\">1<\/span><\/a>Mask\u00edl eftir Dav\u00ed\u00f0, er hann var \u00ed hellinum. B\u00e6n.<a name=\"2\"><span class=\"versanumer\">2<\/span><\/a>\u00c9g hr\u00f3pa h\u00e1tt til Drottins, h\u00e1st\u00f6fum gr\u00e1tb\u00e6ni \u00e9g Drottin.<a name=\"3\"><span class=\"versanumer\">3<\/span><\/a>\u00c9g \u00fathelli kveini m\u00ednu fyrir honum, tj\u00e1i honum ney\u00f0 m\u00edna.<a name=\"4\"><span class=\"versanumer\">4<\/span><\/a>\u00deegar andi minn \u00f6rmagnast \u00ed m\u00e9r, \u00feekkir \u00fe\u00fa g\u00f6tu m\u00edna. \u00c1 lei\u00f0 \u00feeirri er \u00e9g geng hafa \u00feeir lagt sn\u00f6rur fyrir mig.<a name=\"5\"><span class=\"versanumer\">5<\/span><\/a>\u00c9g l\u00edt til h\u00e6gri handar og skyggnist um, en enginn kannast vi\u00f0 mig. M\u00e9r er varna\u00f0 s\u00e9rhvers h\u00e6lis, enginn spyr eftir m\u00e9r.<a name=\"6\"><span class=\"versanumer\">6<\/span><\/a>\u00c9g hr\u00f3pa til \u00fe\u00edn, Drottinn, \u00e9g segi: \u00de\u00fa ert h\u00e6li mitt, hlutdeild m\u00edn \u00e1 landi lifenda.<a name=\"7\"><span class=\"versanumer\">7<\/span><\/a>Veit athygli kveini m\u00ednu, \u00fev\u00ed a\u00f0 \u00e9g er mj\u00f6g \u00fejaka\u00f0ur, bjarga m\u00e9r fr\u00e1 ofs\u00e6kjendum m\u00ednum, \u00fev\u00ed a\u00f0 \u00feeir eru m\u00e9r yfirsterkari.<a name=\"8\"><span class=\"versanumer\">8<\/span><\/a>Lei\u00f0 mig \u00fat \u00far d\u00fdflissunni, a\u00f0 \u00e9g megi lofa nafn \u00feitt, hinir r\u00e9ttl\u00e1tu skipast \u00ed kringum mig, \u00feegar \u00fe\u00fa gj\u00f6rir vel til m\u00edn.<\/p>\n<div class=\"footnote1981\"><b>142.1<\/b> Dav\u00ed\u00f0 \u00ed hellinum 1Sam 24; sbr Slm 57.1<br \/>\n<b>142.2<\/b> Hr\u00f3pa til Drottins Slm 3.5+<br \/>\n<b>142.4<\/b> \u00de\u00fa \u00feekkir Slm 139.2-3 \u2013 gildra Slm 141.9<br \/>\n<b>142.6<\/b> H\u00e6li mitt sbr Slm 7.2+ &#8211; hlutskipti mitt Slm 73.26; sbr 16.5<br \/>\n<b>142.7<\/b> Gef gaum Slm 5.3+ &#8211; mj\u00f6g \u00fejaka\u00f0ur Slm 79.8 \u2013 bjarga m\u00e9r Jer 31.11<\/div>\n","protected":false},"excerpt":{"rendered":"<p>1Mask\u00edl eftir Dav\u00ed\u00f0, er hann var \u00ed hellinum. B\u00e6n.2\u00c9g hr\u00f3pa h\u00e1tt til Drottins, h\u00e1st\u00f6fum gr\u00e1tb\u00e6ni \u00e9g Drottin.3\u00c9g \u00fathelli kveini m\u00ednu fyrir honum, tj\u00e1i honum ney\u00f0 m\u00edna.4\u00deegar andi minn \u00f6rmagnast \u00ed m\u00e9r, \u00feekkir \u00fe\u00fa g\u00f6tu m\u00edna. \u00c1 lei\u00f0 \u00feeirri er \u00e9g geng hafa \u00feeir lagt sn\u00f6rur fyrir mig.5\u00c9g l\u00edt til h\u00e6gri handar og skyggnist um, en enginn kannast vi\u00f0 mig. M\u00e9r er varna\u00f0 s\u00e9rhvers h\u00e6lis, enginn spyr eftir m\u00e9r.6\u00c9g hr\u00f3pa til \u00fe\u00edn, Drottinn, \u00e9g segi: \u00de\u00fa ert h\u00e6li mitt, hlutdeild m\u00edn \u00e1 landi lifenda.7Veit athygli kveini m\u00ednu, \u00fev\u00ed a\u00f0 \u00e9g er mj\u00f6g \u00fejaka\u00f0ur, bjarga m\u00e9r fr\u00e1 ofs\u00e6kjendum m\u00ednum, \u00fev\u00ed a\u00f0 \u00feeir <a href=\"https:\/\/biblian.is\/1981\/salmarnir-142-kafli\/\"> [&#8230;]<\/a><\/p>\n","protected":false},"author":1,"featured_media":0,"parent":0,"menu_order":0,"comment_status":"open","ping_status":"open","template":"bibliukaflar.php","meta":{"footnotes":""},"class_list":["post-1967","page","type-page","status-publish","hentry"],"_links":{"self":[{"href":"https:\/\/biblian.is\/1981\/wp-json\/wp\/v2\/pages\/1967","targetHints":{"allow":["GET"]}}],"collection":[{"href":"https:\/\/biblian.is\/1981\/wp-json\/wp\/v2\/pages"}],"about":[{"href":"https:\/\/biblian.is\/1981\/wp-json\/wp\/v2\/types\/page"}],"author":[{"embeddable":true,"href":"https:\/\/biblian.is\/1981\/wp-json\/wp\/v2\/users\/1"}],"replies":[{"embeddable":true,"href":"https:\/\/biblian.is\/1981\/wp-json\/wp\/v2\/comments?post=1967"}],"version-history":[{"count":0,"href":"https:\/\/biblian.is\/1981\/wp-json\/wp\/v2\/pages\/1967\/revisions"}],"wp:attachment":[{"href":"https:\/\/biblian.is\/1981\/wp-json\/wp\/v2\/media?parent=1967"}],"curies":[{"name":"wp","href":"https:\/\/api.w.org\/{rel}","templated":true}]}}