{"id":1966,"date":"2017-11-18T20:19:27","date_gmt":"2017-11-18T20:19:27","guid":{"rendered":"http:\/\/biblian.is\/1981\/salmarnir-141-kafli\/"},"modified":"2021-06-06T11:07:22","modified_gmt":"2021-06-06T11:07:22","slug":"salmarnir-141-kafli","status":"publish","type":"page","link":"https:\/\/biblian.is\/1981\/salmarnir-141-kafli\/","title":{"rendered":"S\u00e1lmarnir 141. kafli"},"content":{"rendered":"<p><a name=\"1\"><span class=\"versanumer\">1<\/span><\/a>Dav\u00ed\u00f0ss\u00e1lmur. Drottinn, \u00e9g \u00e1kalla \u00feig, skunda \u00fe\u00fa til m\u00edn, lj\u00e1 eyra raust minni, er \u00e9g \u00e1kalla \u00feig.<a name=\"2\"><span class=\"versanumer\">2<\/span><\/a>B\u00e6n m\u00edn s\u00e9 fram borin sem reykelsisf\u00f3rn fyrir auglit \u00feitt, upplyfting handa minna sem kv\u00f6ldf\u00f3rn.<a name=\"3\"><span class=\"versanumer\">3<\/span><\/a>Set \u00fe\u00fa, Drottinn, v\u00f6r\u00f0 fyrir munn minn, g\u00e6slu fyrir dyr vara minna.<a name=\"4\"><span class=\"versanumer\">4<\/span><\/a>L\u00e1t eigi hjarta mitt hneigjast a\u00f0 neinu illu, a\u00f0 \u00fev\u00ed a\u00f0 fremja \u00f3gu\u00f0leg verk me\u00f0 illvirkjum, og l\u00e1t mig eigi eta kr\u00e1sir \u00feeirra.<a name=\"5\"><span class=\"versanumer\">5<\/span><\/a>\u00de\u00f3tt r\u00e9ttl\u00e1tur ma\u00f0ur sl\u00e1i mig og tr\u00faa\u00f0ur hirti mig, mun \u00e9g ekki \u00feiggja s\u00e6md af illum m\u00f6nnum. B\u00e6n m\u00edn stendur gegn illsku \u00feeirra.<a name=\"6\"><span class=\"versanumer\">6<\/span><\/a>\u00deegar h\u00f6f\u00f0ingjum \u00feeirra ver\u00f0ur hrundi\u00f0 ni\u00f0ur af kletti, munu menn skilja, a\u00f0 or\u00f0 m\u00edn voru s\u00f6nn.<a name=\"7\"><span class=\"versanumer\">7<\/span><\/a>Eins og menn h\u00f6ggva vi\u00f0 og klj\u00fafa \u00e1 j\u00f6r\u00f0u, svo skal beinum \u00feeirra tv\u00edstra\u00f0 vi\u00f0 gin Heljar.<a name=\"8\"><span class=\"versanumer\">8<\/span><\/a>Til \u00fe\u00edn, Drottinn, m\u00e6na augu m\u00edn, hj\u00e1 \u00fe\u00e9r leita \u00e9g h\u00e6lis, sel \u00fe\u00fa eigi fram l\u00edf mitt.<a name=\"9\"><span class=\"versanumer\">9<\/span><\/a>Var\u00f0veit mig fyrir gildru \u00feeirra, er sitja um mig, og fyrir sn\u00f6rum illvirkjanna.<a name=\"10\"><span class=\"versanumer\">10<\/span><\/a>Hinir \u00f3gu\u00f0legu falli \u00ed sitt eigi\u00f0 net, en \u00e9g sleppi heill \u00e1 h\u00fafi.<\/p>\n<div class=\"footnote1981\"><b>141.1<\/b> \u00c1kalla Drottin Slm 3.5+ &#8211; skunda Slm 31.3+ &#8211; lj\u00e1 eyra Slm 71.2+<br \/>\n<b>141.2<\/b> Upplyfting handa Slm 28.2+<br \/>\n<b>141.8<\/b> Leita h\u00e6lis Slm 7.2+<br \/>\n<b>141.9<\/b> Gildra Slm 9.16+<br \/>\n<b>141.10<\/b> \u00cd eigin gildru Slm 7.16+<\/div>\n","protected":false},"excerpt":{"rendered":"<p>1Dav\u00ed\u00f0ss\u00e1lmur. Drottinn, \u00e9g \u00e1kalla \u00feig, skunda \u00fe\u00fa til m\u00edn, lj\u00e1 eyra raust minni, er \u00e9g \u00e1kalla \u00feig.2B\u00e6n m\u00edn s\u00e9 fram borin sem reykelsisf\u00f3rn fyrir auglit \u00feitt, upplyfting handa minna sem kv\u00f6ldf\u00f3rn.3Set \u00fe\u00fa, Drottinn, v\u00f6r\u00f0 fyrir munn minn, g\u00e6slu fyrir dyr vara minna.4L\u00e1t eigi hjarta mitt hneigjast a\u00f0 neinu illu, a\u00f0 \u00fev\u00ed a\u00f0 fremja \u00f3gu\u00f0leg verk me\u00f0 illvirkjum, og l\u00e1t mig eigi eta kr\u00e1sir \u00feeirra.5\u00de\u00f3tt r\u00e9ttl\u00e1tur ma\u00f0ur sl\u00e1i mig og tr\u00faa\u00f0ur hirti mig, mun \u00e9g ekki \u00feiggja s\u00e6md af illum m\u00f6nnum. B\u00e6n m\u00edn stendur gegn illsku \u00feeirra.6\u00deegar h\u00f6f\u00f0ingjum \u00feeirra ver\u00f0ur hrundi\u00f0 ni\u00f0ur af kletti, munu menn skilja, a\u00f0 or\u00f0 m\u00edn voru <a href=\"https:\/\/biblian.is\/1981\/salmarnir-141-kafli\/\"> [&#8230;]<\/a><\/p>\n","protected":false},"author":1,"featured_media":0,"parent":0,"menu_order":0,"comment_status":"open","ping_status":"open","template":"bibliukaflar.php","meta":{"footnotes":""},"class_list":["post-1966","page","type-page","status-publish","hentry"],"_links":{"self":[{"href":"https:\/\/biblian.is\/1981\/wp-json\/wp\/v2\/pages\/1966","targetHints":{"allow":["GET"]}}],"collection":[{"href":"https:\/\/biblian.is\/1981\/wp-json\/wp\/v2\/pages"}],"about":[{"href":"https:\/\/biblian.is\/1981\/wp-json\/wp\/v2\/types\/page"}],"author":[{"embeddable":true,"href":"https:\/\/biblian.is\/1981\/wp-json\/wp\/v2\/users\/1"}],"replies":[{"embeddable":true,"href":"https:\/\/biblian.is\/1981\/wp-json\/wp\/v2\/comments?post=1966"}],"version-history":[{"count":0,"href":"https:\/\/biblian.is\/1981\/wp-json\/wp\/v2\/pages\/1966\/revisions"}],"wp:attachment":[{"href":"https:\/\/biblian.is\/1981\/wp-json\/wp\/v2\/media?parent=1966"}],"curies":[{"name":"wp","href":"https:\/\/api.w.org\/{rel}","templated":true}]}}