{"id":1964,"date":"2017-11-18T20:19:27","date_gmt":"2017-11-18T20:19:27","guid":{"rendered":"http:\/\/biblian.is\/1981\/salmarnir-139-kafli\/"},"modified":"2021-06-06T11:07:16","modified_gmt":"2021-06-06T11:07:16","slug":"salmarnir-139-kafli","status":"publish","type":"page","link":"https:\/\/biblian.is\/1981\/salmarnir-139-kafli\/","title":{"rendered":"S\u00e1lmarnir 139. kafli"},"content":{"rendered":"<p><a name=\"1\"><span class=\"versanumer\">1<\/span><\/a>Til s\u00f6ngstj\u00f3rans. Dav\u00ed\u00f0ss\u00e1lmur. Drottinn, \u00fe\u00fa rannsakar og \u00feekkir mig.<a name=\"2\"><span class=\"versanumer\">2<\/span><\/a>Hvort sem \u00e9g sit e\u00f0a stend, \u00fe\u00e1 veist \u00fe\u00fa \u00fea\u00f0, \u00fe\u00fa skynjar hugrenningar m\u00ednar \u00e1lengdar.<a name=\"3\"><span class=\"versanumer\">3<\/span><\/a>Hvort sem \u00e9g geng e\u00f0a ligg, \u00fe\u00e1 athugar \u00fe\u00fa \u00fea\u00f0, og alla vegu m\u00edna gj\u00f6r\u00feekkir \u00fe\u00fa.<a name=\"4\"><span class=\"versanumer\">4<\/span><\/a>\u00dev\u00ed a\u00f0 eigi er \u00fea\u00f0 or\u00f0 \u00e1 tungu minni, a\u00f0 \u00fe\u00fa, Drottinn, \u00feekkir \u00fea\u00f0 eigi til fulls.<a name=\"5\"><span class=\"versanumer\">5<\/span><\/a>\u00de\u00fa umlykur mig \u00e1 bak og brj\u00f3st, og h\u00f6nd \u00fe\u00edna hefir \u00fe\u00fa lagt \u00e1 mig.<a name=\"6\"><span class=\"versanumer\">6<\/span><\/a>\u00deekking \u00fe\u00edn er undursamlegri en svo, a\u00f0 \u00e9g f\u00e1i skili\u00f0, of h\u00e1leit, \u00e9g er henni eigi vaxinn.<a name=\"7\"><span class=\"versanumer\">7<\/span><\/a>Hvert get \u00e9g fari\u00f0 fr\u00e1 anda \u00fe\u00ednum og hvert fl\u00fai\u00f0 fr\u00e1 augliti \u00fe\u00ednu?<a name=\"8\"><span class=\"versanumer\">8<\/span><\/a>\u00de\u00f3tt \u00e9g stigi upp \u00ed himininn, \u00fe\u00e1 ertu \u00fear, \u00fe\u00f3tt \u00e9g gj\u00f6r\u00f0i undirheima a\u00f0 hv\u00edlu minni, sj\u00e1, \u00fe\u00fa ert \u00fear.<a name=\"9\"><span class=\"versanumer\">9<\/span><\/a>\u00de\u00f3tt \u00e9g lyfti m\u00e9r \u00e1 v\u00e6ngi morgunro\u00f0ans og settist vi\u00f0 hi\u00f0 ysta haf,<a name=\"10\"><span class=\"versanumer\">10<\/span><\/a>einnig \u00fear mundi h\u00f6nd \u00fe\u00edn lei\u00f0a mig og h\u00e6gri h\u00f6nd \u00fe\u00edn halda m\u00e9r.<a name=\"11\"><span class=\"versanumer\">11<\/span><\/a>Og \u00fe\u00f3tt \u00e9g seg\u00f0i: Myrkri\u00f0 hylji mig og lj\u00f3si\u00f0 \u00ed kringum mig ver\u00f0i n\u00f3tt,<a name=\"12\"><span class=\"versanumer\">12<\/span><\/a>\u00fe\u00e1 myndi \u00fe\u00f3 myrkri\u00f0 eigi ver\u00f0a \u00fe\u00e9r of myrkt og n\u00f3ttin l\u00fdsa eins og dagur, myrkur og lj\u00f3s eru j\u00f6fn fyrir \u00fe\u00e9r.<a name=\"13\"><span class=\"versanumer\">13<\/span><\/a>\u00dev\u00ed a\u00f0 \u00fe\u00fa hefir mynda\u00f0 n\u00fdru m\u00edn, ofi\u00f0 mig \u00ed m\u00f3\u00f0url\u00edfi.<a name=\"14\"><span class=\"versanumer\">14<\/span><\/a>\u00c9g lofa \u00feig fyrir \u00fea\u00f0, a\u00f0 \u00e9g er undursamlega skapa\u00f0ur, undursamleg eru verk \u00fe\u00edn, \u00fea\u00f0 veit \u00e9g n\u00e6sta vel.<a name=\"15\"><span class=\"versanumer\">15<\/span><\/a>Beinin \u00ed m\u00e9r voru \u00fe\u00e9r eigi hulin, \u00feegar \u00e9g var gj\u00f6r\u00f0ur \u00ed leyni, mynda\u00f0ur \u00ed dj\u00fapum jar\u00f0ar.<a name=\"16\"><span class=\"versanumer\">16<\/span><\/a>Augu \u00fe\u00edn s\u00e1u mig, er \u00e9g enn var \u00f3mynda\u00f0 efni, \u00e6vidagar voru \u00e1kve\u00f0nir og allir skr\u00e1\u00f0ir \u00ed b\u00f3k \u00fe\u00edna, \u00e1\u00f0ur en nokkur \u00feeirra var til or\u00f0inn.<a name=\"17\"><span class=\"versanumer\">17<\/span><\/a>En hversu torskildar eru m\u00e9r hugsanir \u00fe\u00ednar, \u00f3 Gu\u00f0, hversu st\u00f3rkostlegar eru \u00fe\u00e6r allar samanlag\u00f0ar.<a name=\"18\"><span class=\"versanumer\">18<\/span><\/a>Ef \u00e9g vildi telja \u00fe\u00e6r, v\u00e6ru \u00fe\u00e6r fleiri en sandkornin, \u00e9g mundi vakna og vera enn me\u00f0 hugann hj\u00e1 \u00fe\u00e9r.<a name=\"19\"><span class=\"versanumer\">19<\/span><\/a>\u00d3 a\u00f0 \u00fe\u00fa, Gu\u00f0, vildir fella n\u00ed\u00f0ingana. Mor\u00f0ingjar! V\u00edki\u00f0 fr\u00e1 m\u00e9r.<a name=\"20\"><span class=\"versanumer\">20<\/span><\/a>\u00deeir \u00ferj\u00f3skast gegn \u00fe\u00e9r me\u00f0 svikum og leggja nafn \u00feitt vi\u00f0 h\u00e9g\u00f3ma.<a name=\"21\"><span class=\"versanumer\">21<\/span><\/a>\u00c6tti \u00e9g eigi, Drottinn, a\u00f0 hata \u00fe\u00e1, er hata \u00feig, og hafa vi\u00f0bj\u00f3\u00f0 \u00e1 \u00feeim, er r\u00edsa gegn \u00fe\u00e9r?<a name=\"22\"><span class=\"versanumer\">22<\/span><\/a>\u00c9g hata \u00fe\u00e1 fullu hatri, \u00feeir eru or\u00f0nir \u00f3vinir m\u00ednir.<a name=\"23\"><span class=\"versanumer\">23<\/span><\/a>Pr\u00f3fa mig, Gu\u00f0, og \u00feekktu hjarta mitt, rannsaka mig og \u00feekktu hugsanir m\u00ednar,<a name=\"24\"><span class=\"versanumer\">24<\/span><\/a>og sj\u00e1 \u00fe\u00fa, hvort \u00e9g geng \u00e1 gl\u00f6tunarvegi, og lei\u00f0 mig hinn eil\u00edfa veg.<\/p>\n<div class=\"footnote1981\"><b>139.1<\/b> \u00de\u00fa \u00feekkir mig Slm 11.4-5; Jer 12.3; 1 Kro 28.9; Heb 4.13 &#8211; hvort sem &#8230; 2Kon 19.27<br \/>\n<b>139.2<\/b> Skynjar hugrenningar m\u00ednar Am 4.13; Job 31.4<br \/>\n<b>139.6<\/b> Undursamleg \u00feekking Job 11.7-9; R\u00f3m 11.33<br \/>\n<b>139.8-10<\/b> Hvergi \u00f3hultur Jer 23.23-24<br \/>\n<b>139.8<\/b> Upp \u00ed himininn Am 9.2-4<br \/>\n<b>139.9<\/b> V\u00e6ngir Slm 55.7<br \/>\n<b>139.12<\/b> Myrkur og lj\u00f3s Job 12.22; 34.21-22; 1Kor 4.5<br \/>\n<b>139.14-15<\/b> Gj\u00f6r\u00f0ur \u00ed leyni Job 10.8-12; Pr\u00e9d 11.5<br \/>\n<b>139.17<\/b> Hugsanir \u00fe\u00ednar Slm 40.6<br \/>\n<b>139.19<\/b> V\u00edki\u00f0 fr\u00e1 m\u00e9r! Slm 6.9+<br \/>\n<b>139.23<\/b> Pr\u00f3fa mig Slm 26.2+ ; Job 31.6<br \/>\n<b>139.24<\/b> Lei\u00f0 mig Slm 5.9+<\/div>\n","protected":false},"excerpt":{"rendered":"<p>1Til s\u00f6ngstj\u00f3rans. Dav\u00ed\u00f0ss\u00e1lmur. Drottinn, \u00fe\u00fa rannsakar og \u00feekkir mig.2Hvort sem \u00e9g sit e\u00f0a stend, \u00fe\u00e1 veist \u00fe\u00fa \u00fea\u00f0, \u00fe\u00fa skynjar hugrenningar m\u00ednar \u00e1lengdar.3Hvort sem \u00e9g geng e\u00f0a ligg, \u00fe\u00e1 athugar \u00fe\u00fa \u00fea\u00f0, og alla vegu m\u00edna gj\u00f6r\u00feekkir \u00fe\u00fa.4\u00dev\u00ed a\u00f0 eigi er \u00fea\u00f0 or\u00f0 \u00e1 tungu minni, a\u00f0 \u00fe\u00fa, Drottinn, \u00feekkir \u00fea\u00f0 eigi til fulls.5\u00de\u00fa umlykur mig \u00e1 bak og brj\u00f3st, og h\u00f6nd \u00fe\u00edna hefir \u00fe\u00fa lagt \u00e1 mig.6\u00deekking \u00fe\u00edn er undursamlegri en svo, a\u00f0 \u00e9g f\u00e1i skili\u00f0, of h\u00e1leit, \u00e9g er henni eigi vaxinn.7Hvert get \u00e9g fari\u00f0 fr\u00e1 anda \u00fe\u00ednum og hvert fl\u00fai\u00f0 fr\u00e1 augliti \u00fe\u00ednu?8\u00de\u00f3tt \u00e9g stigi upp \u00ed <a href=\"https:\/\/biblian.is\/1981\/salmarnir-139-kafli\/\"> [&#8230;]<\/a><\/p>\n","protected":false},"author":1,"featured_media":0,"parent":0,"menu_order":0,"comment_status":"open","ping_status":"open","template":"bibliukaflar.php","meta":{"footnotes":""},"class_list":["post-1964","page","type-page","status-publish","hentry"],"_links":{"self":[{"href":"https:\/\/biblian.is\/1981\/wp-json\/wp\/v2\/pages\/1964","targetHints":{"allow":["GET"]}}],"collection":[{"href":"https:\/\/biblian.is\/1981\/wp-json\/wp\/v2\/pages"}],"about":[{"href":"https:\/\/biblian.is\/1981\/wp-json\/wp\/v2\/types\/page"}],"author":[{"embeddable":true,"href":"https:\/\/biblian.is\/1981\/wp-json\/wp\/v2\/users\/1"}],"replies":[{"embeddable":true,"href":"https:\/\/biblian.is\/1981\/wp-json\/wp\/v2\/comments?post=1964"}],"version-history":[{"count":0,"href":"https:\/\/biblian.is\/1981\/wp-json\/wp\/v2\/pages\/1964\/revisions"}],"wp:attachment":[{"href":"https:\/\/biblian.is\/1981\/wp-json\/wp\/v2\/media?parent=1964"}],"curies":[{"name":"wp","href":"https:\/\/api.w.org\/{rel}","templated":true}]}}