{"id":1963,"date":"2017-11-18T20:19:27","date_gmt":"2017-11-18T20:19:27","guid":{"rendered":"http:\/\/biblian.is\/1981\/salmarnir-138-kafli\/"},"modified":"2021-06-06T11:07:14","modified_gmt":"2021-06-06T11:07:14","slug":"salmarnir-138-kafli","status":"publish","type":"page","link":"https:\/\/biblian.is\/1981\/salmarnir-138-kafli\/","title":{"rendered":"S\u00e1lmarnir 138. kafli"},"content":{"rendered":"<p><a name=\"1\"><span class=\"versanumer\">1<\/span><\/a>Eftir Dav\u00ed\u00f0. \u00c9g vil lofa \u00feig af \u00f6llu hjarta, lofsyngja \u00fe\u00e9r frammi fyrir gu\u00f0unum.<a name=\"2\"><span class=\"versanumer\">2<\/span><\/a>\u00c9g vil falla fram fyrir \u00fe\u00ednu heilaga musteri og lofa nafn \u00feitt sakir miskunnar \u00feinnar og tr\u00fafesti, \u00fev\u00ed a\u00f0 \u00fe\u00fa hefir gj\u00f6rt nafn \u00feitt og or\u00f0 \u00feitt meira \u00f6llu \u00f6\u00f0ru.<a name=\"3\"><span class=\"versanumer\">3<\/span><\/a>\u00deegar \u00e9g hr\u00f3pa\u00f0i, b\u00e6nheyr\u00f0ir \u00fe\u00fa mig, \u00fe\u00fa veittir m\u00e9r hugm\u00f3\u00f0, er \u00e9g fann kraft hj\u00e1 m\u00e9r.<a name=\"4\"><span class=\"versanumer\">4<\/span><\/a>Allir konungar \u00e1 j\u00f6r\u00f0u skulu lofa \u00feig, Drottinn, er \u00feeir heyra or\u00f0in af munni \u00fe\u00ednum.<a name=\"5\"><span class=\"versanumer\">5<\/span><\/a>\u00deeir skulu syngja um vegu Drottins, \u00fev\u00ed a\u00f0 mikil er d\u00fdr\u00f0 Drottins.<a name=\"6\"><span class=\"versanumer\">6<\/span><\/a>\u00dev\u00ed a\u00f0 Drottinn er h\u00e1r og s\u00e9r \u00fe\u00f3 hina l\u00edtilm\u00f3tlegu og \u00feekkir hinn drambl\u00e1ta \u00ed fjarska.<a name=\"7\"><span class=\"versanumer\">7<\/span><\/a>\u00de\u00f3tt \u00e9g s\u00e9 staddur \u00ed \u00ferengingu, l\u00e6tur \u00fe\u00fa mig l\u00edfi halda, \u00fe\u00fa r\u00e9ttir \u00fat h\u00f6nd \u00fe\u00edna gegn rei\u00f0i \u00f3vina minna, og h\u00e6gri h\u00f6nd \u00fe\u00edn hj\u00e1lpar m\u00e9r.<a name=\"8\"><span class=\"versanumer\">8<\/span><\/a>Drottinn mun koma \u00f6llu vel til vegar fyrir mig, Drottinn, miskunn \u00fe\u00edn varir a\u00f0 eil\u00edfu. Yfirgef eigi verk handa \u00feinna.<\/p>\n<div class=\"footnote1981\"><b>138.1<\/b> Af \u00f6llu hjarta Slm 9.2+- gu\u00f0irnir Slm 29.1; 82.1; 86.8; 89.7; sbr Job 1.6; 2.1<br \/>\n<b>138.2<\/b> Falla fram Slm 5.8<br \/>\n<b>138.3<\/b> \u00c9g hr\u00f3pa\u00f0i, \u00fe\u00fa b\u00e6nheyr\u00f0ir mig Slm 99.6+<br \/>\n<b>138.4<\/b> Allir konungar Slm 68.33<br \/>\n<b>138.6<\/b> Drottinn l\u00edtur til hins l\u00e1ga Slm 113.6-8; Jes 57.15; sbr L\u00fak 1.48<br \/>\n<b>138.8<\/b> Eil\u00edf miskunn Slm 100.5; 107.1+ ; 136.1<\/div>\n","protected":false},"excerpt":{"rendered":"<p>1Eftir Dav\u00ed\u00f0. \u00c9g vil lofa \u00feig af \u00f6llu hjarta, lofsyngja \u00fe\u00e9r frammi fyrir gu\u00f0unum.2\u00c9g vil falla fram fyrir \u00fe\u00ednu heilaga musteri og lofa nafn \u00feitt sakir miskunnar \u00feinnar og tr\u00fafesti, \u00fev\u00ed a\u00f0 \u00fe\u00fa hefir gj\u00f6rt nafn \u00feitt og or\u00f0 \u00feitt meira \u00f6llu \u00f6\u00f0ru.3\u00deegar \u00e9g hr\u00f3pa\u00f0i, b\u00e6nheyr\u00f0ir \u00fe\u00fa mig, \u00fe\u00fa veittir m\u00e9r hugm\u00f3\u00f0, er \u00e9g fann kraft hj\u00e1 m\u00e9r.4Allir konungar \u00e1 j\u00f6r\u00f0u skulu lofa \u00feig, Drottinn, er \u00feeir heyra or\u00f0in af munni \u00fe\u00ednum.5\u00deeir skulu syngja um vegu Drottins, \u00fev\u00ed a\u00f0 mikil er d\u00fdr\u00f0 Drottins.6\u00dev\u00ed a\u00f0 Drottinn er h\u00e1r og s\u00e9r \u00fe\u00f3 hina l\u00edtilm\u00f3tlegu og \u00feekkir hinn drambl\u00e1ta \u00ed fjarska.7\u00de\u00f3tt \u00e9g s\u00e9 <a href=\"https:\/\/biblian.is\/1981\/salmarnir-138-kafli\/\"> [&#8230;]<\/a><\/p>\n","protected":false},"author":1,"featured_media":0,"parent":0,"menu_order":0,"comment_status":"open","ping_status":"open","template":"bibliukaflar.php","meta":{"footnotes":""},"class_list":["post-1963","page","type-page","status-publish","hentry"],"_links":{"self":[{"href":"https:\/\/biblian.is\/1981\/wp-json\/wp\/v2\/pages\/1963","targetHints":{"allow":["GET"]}}],"collection":[{"href":"https:\/\/biblian.is\/1981\/wp-json\/wp\/v2\/pages"}],"about":[{"href":"https:\/\/biblian.is\/1981\/wp-json\/wp\/v2\/types\/page"}],"author":[{"embeddable":true,"href":"https:\/\/biblian.is\/1981\/wp-json\/wp\/v2\/users\/1"}],"replies":[{"embeddable":true,"href":"https:\/\/biblian.is\/1981\/wp-json\/wp\/v2\/comments?post=1963"}],"version-history":[{"count":0,"href":"https:\/\/biblian.is\/1981\/wp-json\/wp\/v2\/pages\/1963\/revisions"}],"wp:attachment":[{"href":"https:\/\/biblian.is\/1981\/wp-json\/wp\/v2\/media?parent=1963"}],"curies":[{"name":"wp","href":"https:\/\/api.w.org\/{rel}","templated":true}]}}