{"id":1962,"date":"2017-11-18T20:19:27","date_gmt":"2017-11-18T20:19:27","guid":{"rendered":"http:\/\/biblian.is\/1981\/salmarnir-137-kafli\/"},"modified":"2021-06-06T11:07:12","modified_gmt":"2021-06-06T11:07:12","slug":"salmarnir-137-kafli","status":"publish","type":"page","link":"https:\/\/biblian.is\/1981\/salmarnir-137-kafli\/","title":{"rendered":"S\u00e1lmarnir 137. kafli"},"content":{"rendered":"<p><a name=\"1\"><span class=\"versanumer\">1<\/span><\/a>Vi\u00f0 Bab\u00fdlons flj\u00f3t, \u00fear s\u00e1tum v\u00e9r og gr\u00e9tum, er v\u00e9r minntumst S\u00edonar.<a name=\"2\"><span class=\"versanumer\">2<\/span><\/a>\u00c1 p\u00edlvi\u00f0ina \u00fear hengdum v\u00e9r upp g\u00edgjur vorar.<a name=\"3\"><span class=\"versanumer\">3<\/span><\/a>\u00dev\u00ed a\u00f0 herlei\u00f0endur vorir heimtu\u00f0u s\u00f6nglj\u00f3\u00f0 af oss og k\u00fagarar vorir k\u00e6ti: Syngi\u00f0 oss S\u00edonarkv\u00e6\u00f0i!<a name=\"4\"><span class=\"versanumer\">4<\/span><\/a>Hvernig \u00e6ttum v\u00e9r a\u00f0 syngja Drottins lj\u00f3\u00f0 \u00ed \u00f6\u00f0ru landi?<a name=\"5\"><span class=\"versanumer\">5<\/span><\/a>Ef \u00e9g gleymi \u00fe\u00e9r, Jer\u00fasalem, \u00fe\u00e1 visni m\u00edn h\u00e6gri h\u00f6nd.<a name=\"6\"><span class=\"versanumer\">6<\/span><\/a>Tunga m\u00edn lo\u00f0i m\u00e9r vi\u00f0 g\u00f3m, ef \u00e9g man eigi til \u00fe\u00edn, ef Jer\u00fasalem er eigi allra besta yndi\u00f0 mitt.<a name=\"7\"><span class=\"versanumer\">7<\/span><\/a>Mun \u00fe\u00fa Ed\u00f3ms ni\u00f0jum, Drottinn, \u00f3heilladag Jer\u00fasalem, \u00feegar \u00feeir \u00e6ptu: R\u00edfi\u00f0, r\u00edfi\u00f0 allt ni\u00f0ur til grunna!<a name=\"8\"><span class=\"versanumer\">8<\/span><\/a>Bab\u00fdlonsd\u00f3ttir, \u00fe\u00fa sem tort\u00edmir! Heill \u00feeim, er geldur \u00fe\u00e9r fyrir \u00fea\u00f0 sem \u00fe\u00fa hefir gj\u00f6rt oss!<a name=\"9\"><span class=\"versanumer\">9<\/span><\/a>Heill \u00feeim er \u00fer\u00edfur ungb\u00f6rn \u00fe\u00edn og sl\u00e6r \u00feeim ni\u00f0ur vi\u00f0 stein.<\/p>\n<div class=\"footnote1981\"><b>137.1<\/b> Vi\u00f0 Bab\u00fdlonsflj\u00f3t Esk 3.15<br \/>\n<b>137.5<\/b> Ef \u00e9g gleymi \u00fe\u00e9r Jer 51.50<br \/>\n<b>137.7<\/b> Ed\u00f3ms ni\u00f0jar Esk 35.5; Jl 4.19; \u00d3b 1-21; Hlj 4.21; sbr Jer 49.7-22<br \/>\n<b>137.9<\/b> Sl\u00e6r ungb\u00f6rnum vi\u00f0 stein Jes 13.16; H\u00f3s 14.1; Nah 3.10<\/div>\n","protected":false},"excerpt":{"rendered":"<p>1Vi\u00f0 Bab\u00fdlons flj\u00f3t, \u00fear s\u00e1tum v\u00e9r og gr\u00e9tum, er v\u00e9r minntumst S\u00edonar.2\u00c1 p\u00edlvi\u00f0ina \u00fear hengdum v\u00e9r upp g\u00edgjur vorar.3\u00dev\u00ed a\u00f0 herlei\u00f0endur vorir heimtu\u00f0u s\u00f6nglj\u00f3\u00f0 af oss og k\u00fagarar vorir k\u00e6ti: Syngi\u00f0 oss S\u00edonarkv\u00e6\u00f0i!4Hvernig \u00e6ttum v\u00e9r a\u00f0 syngja Drottins lj\u00f3\u00f0 \u00ed \u00f6\u00f0ru landi?5Ef \u00e9g gleymi \u00fe\u00e9r, Jer\u00fasalem, \u00fe\u00e1 visni m\u00edn h\u00e6gri h\u00f6nd.6Tunga m\u00edn lo\u00f0i m\u00e9r vi\u00f0 g\u00f3m, ef \u00e9g man eigi til \u00fe\u00edn, ef Jer\u00fasalem er eigi allra besta yndi\u00f0 mitt.7Mun \u00fe\u00fa Ed\u00f3ms ni\u00f0jum, Drottinn, \u00f3heilladag Jer\u00fasalem, \u00feegar \u00feeir \u00e6ptu: R\u00edfi\u00f0, r\u00edfi\u00f0 allt ni\u00f0ur til grunna!8Bab\u00fdlonsd\u00f3ttir, \u00fe\u00fa sem tort\u00edmir! Heill \u00feeim, er geldur \u00fe\u00e9r fyrir \u00fea\u00f0 sem \u00fe\u00fa hefir gj\u00f6rt oss!9Heill <a href=\"https:\/\/biblian.is\/1981\/salmarnir-137-kafli\/\"> [&#8230;]<\/a><\/p>\n","protected":false},"author":1,"featured_media":0,"parent":0,"menu_order":0,"comment_status":"open","ping_status":"open","template":"bibliukaflar.php","meta":{"footnotes":""},"class_list":["post-1962","page","type-page","status-publish","hentry"],"_links":{"self":[{"href":"https:\/\/biblian.is\/1981\/wp-json\/wp\/v2\/pages\/1962","targetHints":{"allow":["GET"]}}],"collection":[{"href":"https:\/\/biblian.is\/1981\/wp-json\/wp\/v2\/pages"}],"about":[{"href":"https:\/\/biblian.is\/1981\/wp-json\/wp\/v2\/types\/page"}],"author":[{"embeddable":true,"href":"https:\/\/biblian.is\/1981\/wp-json\/wp\/v2\/users\/1"}],"replies":[{"embeddable":true,"href":"https:\/\/biblian.is\/1981\/wp-json\/wp\/v2\/comments?post=1962"}],"version-history":[{"count":0,"href":"https:\/\/biblian.is\/1981\/wp-json\/wp\/v2\/pages\/1962\/revisions"}],"wp:attachment":[{"href":"https:\/\/biblian.is\/1981\/wp-json\/wp\/v2\/media?parent=1962"}],"curies":[{"name":"wp","href":"https:\/\/api.w.org\/{rel}","templated":true}]}}