{"id":1960,"date":"2017-11-18T20:19:27","date_gmt":"2017-11-18T20:19:27","guid":{"rendered":"http:\/\/biblian.is\/1981\/salmarnir-135-kafli\/"},"modified":"2021-06-06T11:07:08","modified_gmt":"2021-06-06T11:07:08","slug":"salmarnir-135-kafli","status":"publish","type":"page","link":"https:\/\/biblian.is\/1981\/salmarnir-135-kafli\/","title":{"rendered":"S\u00e1lmarnir 135. kafli"},"content":{"rendered":"<p><a name=\"1\"><span class=\"versanumer\">1<\/span><\/a>Halel\u00faja. Lofi\u00f0 nafn Drottins, lofi\u00f0 hann, \u00fe\u00e9r \u00fej\u00f3nar Drottins,<a name=\"2\"><span class=\"versanumer\">2<\/span><\/a>er standi\u00f0 \u00ed h\u00fasi Drottins, \u00ed forg\u00f6r\u00f0um h\u00fass Gu\u00f0s vors.<a name=\"3\"><span class=\"versanumer\">3<\/span><\/a>Lofi\u00f0 Drottin, \u00fev\u00ed a\u00f0 Drottinn er g\u00f3\u00f0ur, leiki\u00f0 fyrir nafni hans, \u00fev\u00ed a\u00f0 \u00fea\u00f0 er yndislegt.<a name=\"4\"><span class=\"versanumer\">4<\/span><\/a>\u00dev\u00ed a\u00f0 Drottinn hefir \u00fatvali\u00f0 s\u00e9r Jakob, gert \u00cdsrael a\u00f0 eign sinni.<a name=\"5\"><span class=\"versanumer\">5<\/span><\/a>J\u00e1, \u00e9g veit, a\u00f0 Drottinn er mikill og a\u00f0 Drottinn vor er \u00f6llum gu\u00f0um \u00e6\u00f0ri.<a name=\"6\"><span class=\"versanumer\">6<\/span><\/a>Allt, sem Drottni \u00fe\u00f3knast, \u00fea\u00f0 gj\u00f6rir hann, \u00e1 himni og j\u00f6r\u00f0u, \u00ed hafinu og \u00f6llum dj\u00fapunum.<a name=\"7\"><span class=\"versanumer\">7<\/span><\/a>Hann l\u00e6tur sk\u00fdin uppst\u00edga fr\u00e1 endim\u00f6rkum jar\u00f0ar, gj\u00f6rir eldingarnar til a\u00f0 b\u00faa r\u00e1s regninu, hleypir vindinum \u00fat \u00far for\u00f0ab\u00farum hans.<a name=\"8\"><span class=\"versanumer\">8<\/span><\/a>Hann laust frumbur\u00f0i Egyptalands, b\u00e6\u00f0i menn og skepnur,<a name=\"9\"><span class=\"versanumer\">9<\/span><\/a>sendi t\u00e1kn og undur yfir Egyptaland, gegn Fara\u00f3 og \u00f6llum \u00fej\u00f3num hans.<a name=\"10\"><span class=\"versanumer\">10<\/span><\/a>Hann laust margar \u00fej\u00f3\u00f0ir og deyddi volduga konunga:<a name=\"11\"><span class=\"versanumer\">11<\/span><\/a>S\u00edhon, Amor\u00edtakonung, og \u00d3g, konung \u00ed Basan, og \u00f6ll konungsr\u00edki \u00ed Kanaan,<a name=\"12\"><span class=\"versanumer\">12<\/span><\/a>og gaf l\u00f6nd \u00feeirra a\u00f0 erf\u00f0, a\u00f0 erf\u00f0 \u00cdsrael, l\u00fd\u00f0 s\u00ednum.<a name=\"13\"><span class=\"versanumer\">13<\/span><\/a>Drottinn, nafn \u00feitt varir a\u00f0 eil\u00edfu, minning \u00fe\u00edn, Drottinn, fr\u00e1 kyni til kyns,<a name=\"14\"><span class=\"versanumer\">14<\/span><\/a>\u00fev\u00ed a\u00f0 Drottinn r\u00e9ttir hlut \u00fej\u00f3\u00f0ar sinnar og aumkast yfir \u00fej\u00f3na s\u00edna.<a name=\"15\"><span class=\"versanumer\">15<\/span><\/a>Skur\u00f0go\u00f0 \u00fej\u00f3\u00f0anna eru silfur og gull, handaverk manna.<a name=\"16\"><span class=\"versanumer\">16<\/span><\/a>\u00deau hafa munn, en tala ekki, augu, en sj\u00e1 ekki,<a name=\"17\"><span class=\"versanumer\">17<\/span><\/a>\u00feau hafa eyru, en heyra ekki, og eigi er heldur neinn andardr\u00e1ttur \u00ed munni \u00feeirra.<a name=\"18\"><span class=\"versanumer\">18<\/span><\/a>Eins og \u00feau eru, ver\u00f0a smi\u00f0ir \u00feeirra, allir \u00feeir, er \u00e1 \u00feau treysta.<a name=\"19\"><span class=\"versanumer\">19<\/span><\/a>\u00cdsraels \u00e6tt, lofi\u00f0 Drottin, Arons \u00e6tt, lofi\u00f0 Drottin!<a name=\"20\"><span class=\"versanumer\">20<\/span><\/a>Lev\u00ed \u00e6tt, lofi\u00f0 Drottin, \u00fe\u00e9r sem \u00f3ttist Drottin, lofi\u00f0 hann!<a name=\"21\"><span class=\"versanumer\">21<\/span><\/a>Lofa\u00f0ur s\u00e9 Drottinn fr\u00e1 S\u00edon, hann sem b\u00fdr \u00ed Jer\u00fasalem! Halel\u00faja.<\/p>\n<div class=\"footnote1981\"><b>135.1<\/b> Hallel\u00faja Slm 106.1+ &#8211; lofi\u00f0 hann, \u00fe\u00e9r \u00fej\u00f3nar Slm 113.1<br \/>\n<b>135.2<\/b> \u00cd h\u00fasi Drottins Slm 134.1<br \/>\n<b>135.3<\/b> Drottinn er g\u00f3\u00f0ur Slm 106.1+ &#8211; syngi\u00f0 Slm 96.1+<br \/>\n<b>135.4<\/b> \u00datvali\u00f0 Jakob 5M\u00f3s 7.6; 14.2 \u2013 til eignar 5M\u00f3s 14.2; 26.18; Mal 3.17<br \/>\n<b>135.5<\/b> \u00d6llum gu\u00f0um \u00e6\u00f0ri Slm 95.3; 2M\u00f3s 18.11<br \/>\n<b>135.6<\/b> Sem Drottni \u00fe\u00f3knast Slm 115.3<br \/>\n<b>135.7<\/b> Sk\u00fd, eldingar Jer 10.13; 51.16<br \/>\n<b>135.8<\/b> Frumbur\u00f0ir Egyptalanda Slm 78.43; 105.27; 2M\u00f3s 7-11; 14; Jer 32.20<br \/>\n<b>135.10-11<\/b> Konungar \u00ed Kanaan deyddir Slm 136.17-20<br \/>\n<b>135.11<\/b> S\u00edhon 4M\u00f3s 21.21-30 \u2013 \u00d3g 4M\u00f3s 21.33-35<br \/>\n<b>135.12<\/b> Erf\u00f0ahluta Slm 78.55; 136.21-22<br \/>\n<b>135.13<\/b> Fr\u00e1 kyni til kyns Slm 102.13; 2M\u00f3s 3.15<br \/>\n<b>135.14<\/b> R\u00e9ttir hlut 5M\u00f3s 32.36<br \/>\n<b>135.15-18<\/b> F\u00e1n\u00fdti skur\u00f0go\u00f0a Slm 115.4-8+<br \/>\n<b>135.19<\/b> \u00cdsraels \u00e6tt, Arons \u00e6tt Slm 115.9-10; 118.2-3<br \/>\n<b>135.20<\/b> \u00d3ttist Drottinn Slm 15.4+<br \/>\n<b>135.21<\/b> Lofa\u00f0ur s\u00e9 Drottinn Slm 28.6+ &#8211; hallel\u00faja Slm 104.35+<\/div>\n","protected":false},"excerpt":{"rendered":"<p>1Halel\u00faja. Lofi\u00f0 nafn Drottins, lofi\u00f0 hann, \u00fe\u00e9r \u00fej\u00f3nar Drottins,2er standi\u00f0 \u00ed h\u00fasi Drottins, \u00ed forg\u00f6r\u00f0um h\u00fass Gu\u00f0s vors.3Lofi\u00f0 Drottin, \u00fev\u00ed a\u00f0 Drottinn er g\u00f3\u00f0ur, leiki\u00f0 fyrir nafni hans, \u00fev\u00ed a\u00f0 \u00fea\u00f0 er yndislegt.4\u00dev\u00ed a\u00f0 Drottinn hefir \u00fatvali\u00f0 s\u00e9r Jakob, gert \u00cdsrael a\u00f0 eign sinni.5J\u00e1, \u00e9g veit, a\u00f0 Drottinn er mikill og a\u00f0 Drottinn vor er \u00f6llum gu\u00f0um \u00e6\u00f0ri.6Allt, sem Drottni \u00fe\u00f3knast, \u00fea\u00f0 gj\u00f6rir hann, \u00e1 himni og j\u00f6r\u00f0u, \u00ed hafinu og \u00f6llum dj\u00fapunum.7Hann l\u00e6tur sk\u00fdin uppst\u00edga fr\u00e1 endim\u00f6rkum jar\u00f0ar, gj\u00f6rir eldingarnar til a\u00f0 b\u00faa r\u00e1s regninu, hleypir vindinum \u00fat \u00far for\u00f0ab\u00farum hans.8Hann laust frumbur\u00f0i Egyptalands, b\u00e6\u00f0i menn og skepnur,9sendi t\u00e1kn <a href=\"https:\/\/biblian.is\/1981\/salmarnir-135-kafli\/\"> [&#8230;]<\/a><\/p>\n","protected":false},"author":1,"featured_media":0,"parent":0,"menu_order":0,"comment_status":"open","ping_status":"open","template":"bibliukaflar.php","meta":{"footnotes":""},"class_list":["post-1960","page","type-page","status-publish","hentry"],"_links":{"self":[{"href":"https:\/\/biblian.is\/1981\/wp-json\/wp\/v2\/pages\/1960","targetHints":{"allow":["GET"]}}],"collection":[{"href":"https:\/\/biblian.is\/1981\/wp-json\/wp\/v2\/pages"}],"about":[{"href":"https:\/\/biblian.is\/1981\/wp-json\/wp\/v2\/types\/page"}],"author":[{"embeddable":true,"href":"https:\/\/biblian.is\/1981\/wp-json\/wp\/v2\/users\/1"}],"replies":[{"embeddable":true,"href":"https:\/\/biblian.is\/1981\/wp-json\/wp\/v2\/comments?post=1960"}],"version-history":[{"count":0,"href":"https:\/\/biblian.is\/1981\/wp-json\/wp\/v2\/pages\/1960\/revisions"}],"wp:attachment":[{"href":"https:\/\/biblian.is\/1981\/wp-json\/wp\/v2\/media?parent=1960"}],"curies":[{"name":"wp","href":"https:\/\/api.w.org\/{rel}","templated":true}]}}