{"id":1959,"date":"2017-11-18T20:19:27","date_gmt":"2017-11-18T20:19:27","guid":{"rendered":"http:\/\/biblian.is\/1981\/salmarnir-134-kafli\/"},"modified":"2021-06-06T11:07:06","modified_gmt":"2021-06-06T11:07:06","slug":"salmarnir-134-kafli","status":"publish","type":"page","link":"https:\/\/biblian.is\/1981\/salmarnir-134-kafli\/","title":{"rendered":"S\u00e1lmarnir 134. kafli"},"content":{"rendered":"<p><a name=\"1\"><span class=\"versanumer\">1<\/span><\/a>Helgig\u00f6ngulj\u00f3\u00f0. J\u00e1, lofi\u00f0 Drottin, allir \u00fej\u00f3nar Drottins, \u00fe\u00e9r er standi\u00f0 \u00ed h\u00fasi Drottins um n\u00e6tur.<a name=\"2\"><span class=\"versanumer\">2<\/span><\/a>F\u00f3rni\u00f0 h\u00f6ndum til helgid\u00f3msins og lofi\u00f0 Drottin.<a name=\"3\"><span class=\"versanumer\">3<\/span><\/a>Drottinn blessi \u00feig fr\u00e1 S\u00edon, hann sem er skapari himins og jar\u00f0ar.<\/p>\n<div class=\"footnote1981\"><b>134.1<\/b> Lofi\u00f0 Drottinn sbr Slm 95.1+ &#8211; allir \u00fej\u00f3nar Slm 113.1+ &#8211; \u00ed h\u00fasi Drottins Slm 135.2 \u2013 um n\u00e6tur Jes 30.29; 1Kro 9.33<br \/>\n<b>134.2<\/b> Lyfta h\u00f6ndum Slm 28.2+ &#8211; lofa Drottin Slm 68.27; 103.21-22; 135.19-20; 1Kro 29.20; Neh 9.5<br \/>\n<b>134.3<\/b> Fr\u00e1 S\u00edon Slm 20.3+ &#8211; skapari himins og jar\u00f0ar Slm 121.2+<\/div>\n","protected":false},"excerpt":{"rendered":"<p>1Helgig\u00f6ngulj\u00f3\u00f0. J\u00e1, lofi\u00f0 Drottin, allir \u00fej\u00f3nar Drottins, \u00fe\u00e9r er standi\u00f0 \u00ed h\u00fasi Drottins um n\u00e6tur.2F\u00f3rni\u00f0 h\u00f6ndum til helgid\u00f3msins og lofi\u00f0 Drottin.3Drottinn blessi \u00feig fr\u00e1 S\u00edon, hann sem er skapari himins og jar\u00f0ar. 134.1 Lofi\u00f0 Drottinn sbr Slm 95.1+ &#8211; allir \u00fej\u00f3nar Slm 113.1+ &#8211; \u00ed h\u00fasi Drottins Slm 135.2 \u2013 um n\u00e6tur Jes 30.29; 1Kro 9.33 134.2 Lyfta h\u00f6ndum Slm 28.2+ &#8211; lofa Drottin Slm 68.27; 103.21-22; 135.19-20; 1Kro 29.20; Neh 9.5 134.3 Fr\u00e1 S\u00edon Slm 20.3+ &#8211; skapari himins og jar\u00f0ar Slm 121.2+<\/p>\n","protected":false},"author":1,"featured_media":0,"parent":0,"menu_order":0,"comment_status":"open","ping_status":"open","template":"bibliukaflar.php","meta":{"footnotes":""},"class_list":["post-1959","page","type-page","status-publish","hentry"],"_links":{"self":[{"href":"https:\/\/biblian.is\/1981\/wp-json\/wp\/v2\/pages\/1959","targetHints":{"allow":["GET"]}}],"collection":[{"href":"https:\/\/biblian.is\/1981\/wp-json\/wp\/v2\/pages"}],"about":[{"href":"https:\/\/biblian.is\/1981\/wp-json\/wp\/v2\/types\/page"}],"author":[{"embeddable":true,"href":"https:\/\/biblian.is\/1981\/wp-json\/wp\/v2\/users\/1"}],"replies":[{"embeddable":true,"href":"https:\/\/biblian.is\/1981\/wp-json\/wp\/v2\/comments?post=1959"}],"version-history":[{"count":0,"href":"https:\/\/biblian.is\/1981\/wp-json\/wp\/v2\/pages\/1959\/revisions"}],"wp:attachment":[{"href":"https:\/\/biblian.is\/1981\/wp-json\/wp\/v2\/media?parent=1959"}],"curies":[{"name":"wp","href":"https:\/\/api.w.org\/{rel}","templated":true}]}}