{"id":1958,"date":"2017-11-18T20:19:27","date_gmt":"2017-11-18T20:19:27","guid":{"rendered":"http:\/\/biblian.is\/1981\/salmarnir-133-kafli\/"},"modified":"2021-06-06T11:07:04","modified_gmt":"2021-06-06T11:07:04","slug":"salmarnir-133-kafli","status":"publish","type":"page","link":"https:\/\/biblian.is\/1981\/salmarnir-133-kafli\/","title":{"rendered":"S\u00e1lmarnir 133. kafli"},"content":{"rendered":"<p><a name=\"1\"><span class=\"versanumer\">1<\/span><\/a>Helgig\u00f6ngulj\u00f3\u00f0. Eftir Dav\u00ed\u00f0. Sj\u00e1, hversu fagurt og yndislegt \u00fea\u00f0 er, \u00feegar br\u00e6\u00f0ur b\u00faa saman,<a name=\"2\"><span class=\"versanumer\">2<\/span><\/a>eins og hin ilmg\u00f3\u00f0a ol\u00eda \u00e1 h\u00f6f\u00f0inu, er rennur ni\u00f0ur \u00ed skeggi\u00f0, skegg Arons, er fellur ni\u00f0ur \u00e1 kyrtilfald hans,<a name=\"3\"><span class=\"versanumer\">3<\/span><\/a>eins og d\u00f6gg af Hermonfjalli, er fellur ni\u00f0ur \u00e1 S\u00edonfj\u00f6ll. \u00dev\u00ed a\u00f0 \u00fear hefir Drottinn bo\u00f0i\u00f0 \u00fat blessun, l\u00edfi a\u00f0 eil\u00edfu.<\/p>\n<div class=\"footnote1981\"><b>133.2<\/b> Ol\u00eda 2M\u00f3s 29.7-9; 30.30-32<br \/>\n<b>133.3<\/b> D\u00f6gg Slm 110.3; 1M\u00f3s 27.28; 5M\u00f3s 32.2; Jes 26.19; H\u00f3s 14.6; Okv 9.12 \u2013 Hermon Slm 42.7 \u2013 S\u00edon, blessun Slm 20.3+<\/div>\n","protected":false},"excerpt":{"rendered":"<p>1Helgig\u00f6ngulj\u00f3\u00f0. Eftir Dav\u00ed\u00f0. Sj\u00e1, hversu fagurt og yndislegt \u00fea\u00f0 er, \u00feegar br\u00e6\u00f0ur b\u00faa saman,2eins og hin ilmg\u00f3\u00f0a ol\u00eda \u00e1 h\u00f6f\u00f0inu, er rennur ni\u00f0ur \u00ed skeggi\u00f0, skegg Arons, er fellur ni\u00f0ur \u00e1 kyrtilfald hans,3eins og d\u00f6gg af Hermonfjalli, er fellur ni\u00f0ur \u00e1 S\u00edonfj\u00f6ll. \u00dev\u00ed a\u00f0 \u00fear hefir Drottinn bo\u00f0i\u00f0 \u00fat blessun, l\u00edfi a\u00f0 eil\u00edfu. 133.2 Ol\u00eda 2M\u00f3s 29.7-9; 30.30-32 133.3 D\u00f6gg Slm 110.3; 1M\u00f3s 27.28; 5M\u00f3s 32.2; Jes 26.19; H\u00f3s 14.6; Okv 9.12 \u2013 Hermon Slm 42.7 \u2013 S\u00edon, blessun Slm 20.3+<\/p>\n","protected":false},"author":1,"featured_media":0,"parent":0,"menu_order":0,"comment_status":"open","ping_status":"open","template":"bibliukaflar.php","meta":{"footnotes":""},"class_list":["post-1958","page","type-page","status-publish","hentry"],"_links":{"self":[{"href":"https:\/\/biblian.is\/1981\/wp-json\/wp\/v2\/pages\/1958","targetHints":{"allow":["GET"]}}],"collection":[{"href":"https:\/\/biblian.is\/1981\/wp-json\/wp\/v2\/pages"}],"about":[{"href":"https:\/\/biblian.is\/1981\/wp-json\/wp\/v2\/types\/page"}],"author":[{"embeddable":true,"href":"https:\/\/biblian.is\/1981\/wp-json\/wp\/v2\/users\/1"}],"replies":[{"embeddable":true,"href":"https:\/\/biblian.is\/1981\/wp-json\/wp\/v2\/comments?post=1958"}],"version-history":[{"count":0,"href":"https:\/\/biblian.is\/1981\/wp-json\/wp\/v2\/pages\/1958\/revisions"}],"wp:attachment":[{"href":"https:\/\/biblian.is\/1981\/wp-json\/wp\/v2\/media?parent=1958"}],"curies":[{"name":"wp","href":"https:\/\/api.w.org\/{rel}","templated":true}]}}