{"id":1957,"date":"2017-11-18T20:19:27","date_gmt":"2017-11-18T20:19:27","guid":{"rendered":"http:\/\/biblian.is\/1981\/salmarnir-132-kafli\/"},"modified":"2021-06-06T11:07:01","modified_gmt":"2021-06-06T11:07:01","slug":"salmarnir-132-kafli","status":"publish","type":"page","link":"https:\/\/biblian.is\/1981\/salmarnir-132-kafli\/","title":{"rendered":"S\u00e1lmarnir 132. kafli"},"content":{"rendered":"<p><a name=\"1\"><span class=\"versanumer\">1<\/span><\/a>Helgig\u00f6ngulj\u00f3\u00f0. Drottinn, mun \u00fe\u00fa Dav\u00ed\u00f0 allar \u00ferautir hans,<a name=\"2\"><span class=\"versanumer\">2<\/span><\/a>hann sem s\u00f3r Drottni, gj\u00f6r\u00f0i heit hinum volduga Jakobs Gu\u00f0i:<a name=\"3\"><span class=\"versanumer\">3<\/span><\/a>\u00c9g vil eigi ganga inn \u00ed tjaldh\u00fas mitt, eigi st\u00edga \u00ed hv\u00edlur\u00fam mitt,<a name=\"4\"><span class=\"versanumer\">4<\/span><\/a>eigi unna augum m\u00ednum svefns n\u00e9 augnalokum m\u00ednum blunds,<a name=\"5\"><span class=\"versanumer\">5<\/span><\/a>fyrr en \u00e9g hefi fundi\u00f0 sta\u00f0 fyrir Drottin, b\u00fasta\u00f0 fyrir hinn volduga Jakobs Gu\u00f0.<a name=\"6\"><span class=\"versanumer\">6<\/span><\/a>Sj\u00e1, v\u00e9r h\u00f6fum heyrt um hann \u00ed Efrata, fundi\u00f0 hann \u00e1 Jaarm\u00f6rk.<a name=\"7\"><span class=\"versanumer\">7<\/span><\/a>L\u00e1tum oss ganga til b\u00fasta\u00f0ar Gu\u00f0s, falla fram \u00e1 f\u00f3tsk\u00f6r hans.<a name=\"8\"><span class=\"versanumer\">8<\/span><\/a>Tak \u00feig upp, Drottinn, og far \u00e1 hv\u00edldarsta\u00f0 \u00feinn, \u00fe\u00fa og \u00f6rk m\u00e1ttar \u00fe\u00edns.<a name=\"9\"><span class=\"versanumer\">9<\/span><\/a>Prestar \u00fe\u00ednir \u00edkl\u00e6\u00f0ist r\u00e9ttl\u00e6ti og d\u00fdrkendur \u00fe\u00ednir fagni.<a name=\"10\"><span class=\"versanumer\">10<\/span><\/a>Sakir Dav\u00ed\u00f0s \u00fej\u00f3ns \u00fe\u00edns v\u00edsa \u00fe\u00fa \u00fe\u00ednum smur\u00f0a eigi fr\u00e1.<a name=\"11\"><span class=\"versanumer\">11<\/span><\/a>Drottinn hefir svari\u00f0 Dav\u00ed\u00f0 \u00f3brig\u00f0ulan ei\u00f0, er hann eigi mun rj\u00fafa: Af \u00e1vexti kvi\u00f0ar \u00fe\u00edns mun \u00e9g setja mann \u00ed h\u00e1s\u00e6ti \u00feitt.<a name=\"12\"><span class=\"versanumer\">12<\/span><\/a>Ef synir \u00fe\u00ednir var\u00f0veita s\u00e1ttm\u00e1la minn og reglur m\u00ednar, \u00fe\u00e6r er \u00e9g kenni \u00feeim, \u00fe\u00e1 skulu og \u00feeirra synir um aldur sitja \u00ed h\u00e1s\u00e6ti \u00fe\u00ednu.<a name=\"13\"><span class=\"versanumer\">13<\/span><\/a>\u00dev\u00ed a\u00f0 Drottinn hefir \u00fatvali\u00f0 S\u00edon, \u00fer\u00e1\u00f0 hana s\u00e9r til b\u00fasta\u00f0ar:<a name=\"14\"><span class=\"versanumer\">14<\/span><\/a>\u00deetta er hv\u00edldarsta\u00f0ur minn um aldur, h\u00e9r vil \u00e9g b\u00faa, \u00fev\u00ed a\u00f0 hann hefi \u00e9g \u00fer\u00e1\u00f0.<a name=\"15\"><span class=\"versanumer\">15<\/span><\/a>Vistir hans vil \u00e9g vissulega blessa, og f\u00e1t\u00e6klinga hans vil \u00e9g se\u00f0ja me\u00f0 brau\u00f0i,<a name=\"16\"><span class=\"versanumer\">16<\/span><\/a>presta hans vil \u00e9g \u00edkl\u00e6\u00f0a hj\u00e1lpr\u00e6\u00f0i, hinir gu\u00f0hr\u00e6ddu er \u00fear b\u00faa skulu kve\u00f0a fagna\u00f0ar\u00f3pi.<a name=\"17\"><span class=\"versanumer\">17<\/span><\/a>\u00dear vil \u00e9g l\u00e1ta Dav\u00ed\u00f0 horn vaxa, \u00fear hefi \u00e9g b\u00fai\u00f0 lampa m\u00ednum smur\u00f0a.<a name=\"18\"><span class=\"versanumer\">18<\/span><\/a>\u00d3vini hans vil \u00e9g \u00edkl\u00e6\u00f0a sk\u00f6mm, en \u00e1 honum skal k\u00f3r\u00f3na hans lj\u00f3ma.<\/p>\n<div class=\"footnote1981\"><b>132.2-5<\/b> Heit Dav\u00ed\u00f0s 2Sam 7.2-3<br \/>\n<b>132.6<\/b> \u00d6rk Drottins 1Sam 5.1-7; 2Sam 6.1-19<br \/>\n<b>132.7<\/b> \u00c1 f\u00f3tsk\u00f6r hans Slm 99.5<br \/>\n<b>132.8-9<\/b> Kom \u00fe\u00fa, Drottinn 2Kro 6.41; sbr 4M\u00f3s 10.35; Slm 68.2<br \/>\n<b>132.10<\/b> V\u00edsa eigi fr\u00e1 2Kro 6.42 \u2013 \u00fe\u00ednum smur\u00f0a Slm 2.2+<br \/>\n<b>132.11<\/b> Svari\u00f0 ei\u00f0 2Sam 7.9-19; Jer 33.21-22,26 \u2013 af \u00e1vexti 2Sam 7.12; Jer 33.17<br \/>\n<b>132.12<\/b> Ef synir \u00fe\u00ednir &#8230; 2Sam 7.14-16<br \/>\n<b>132.13<\/b> \u00datvalinn b\u00fasta\u00f0ur Slm 48.2-3; 68.17; 78.68; 87.2; 135.21; Jes 31.9; 46.13; Jer 8.19; 31.6; Jl 4.17; Sak 1.17; Hlj 4.11; sbr 5M\u00f3s 12.5 o.fl.<br \/>\n<b>132.17<\/b> L\u00e1ta eflast \u2026 sbr Jes 11.1; Jer 23.5; 33.15; Sak 3.8; 6.12 \u2013 lampi 2Sam 21.17; 1Kon 11.36; 15.4; 2Kon 8.19<\/div>\n","protected":false},"excerpt":{"rendered":"<p>1Helgig\u00f6ngulj\u00f3\u00f0. Drottinn, mun \u00fe\u00fa Dav\u00ed\u00f0 allar \u00ferautir hans,2hann sem s\u00f3r Drottni, gj\u00f6r\u00f0i heit hinum volduga Jakobs Gu\u00f0i:3\u00c9g vil eigi ganga inn \u00ed tjaldh\u00fas mitt, eigi st\u00edga \u00ed hv\u00edlur\u00fam mitt,4eigi unna augum m\u00ednum svefns n\u00e9 augnalokum m\u00ednum blunds,5fyrr en \u00e9g hefi fundi\u00f0 sta\u00f0 fyrir Drottin, b\u00fasta\u00f0 fyrir hinn volduga Jakobs Gu\u00f0.6Sj\u00e1, v\u00e9r h\u00f6fum heyrt um hann \u00ed Efrata, fundi\u00f0 hann \u00e1 Jaarm\u00f6rk.7L\u00e1tum oss ganga til b\u00fasta\u00f0ar Gu\u00f0s, falla fram \u00e1 f\u00f3tsk\u00f6r hans.8Tak \u00feig upp, Drottinn, og far \u00e1 hv\u00edldarsta\u00f0 \u00feinn, \u00fe\u00fa og \u00f6rk m\u00e1ttar \u00fe\u00edns.9Prestar \u00fe\u00ednir \u00edkl\u00e6\u00f0ist r\u00e9ttl\u00e6ti og d\u00fdrkendur \u00fe\u00ednir fagni.10Sakir Dav\u00ed\u00f0s \u00fej\u00f3ns \u00fe\u00edns v\u00edsa \u00fe\u00fa \u00fe\u00ednum smur\u00f0a eigi fr\u00e1.11Drottinn <a href=\"https:\/\/biblian.is\/1981\/salmarnir-132-kafli\/\"> [&#8230;]<\/a><\/p>\n","protected":false},"author":1,"featured_media":0,"parent":0,"menu_order":0,"comment_status":"open","ping_status":"open","template":"bibliukaflar.php","meta":{"footnotes":""},"class_list":["post-1957","page","type-page","status-publish","hentry"],"_links":{"self":[{"href":"https:\/\/biblian.is\/1981\/wp-json\/wp\/v2\/pages\/1957","targetHints":{"allow":["GET"]}}],"collection":[{"href":"https:\/\/biblian.is\/1981\/wp-json\/wp\/v2\/pages"}],"about":[{"href":"https:\/\/biblian.is\/1981\/wp-json\/wp\/v2\/types\/page"}],"author":[{"embeddable":true,"href":"https:\/\/biblian.is\/1981\/wp-json\/wp\/v2\/users\/1"}],"replies":[{"embeddable":true,"href":"https:\/\/biblian.is\/1981\/wp-json\/wp\/v2\/comments?post=1957"}],"version-history":[{"count":0,"href":"https:\/\/biblian.is\/1981\/wp-json\/wp\/v2\/pages\/1957\/revisions"}],"wp:attachment":[{"href":"https:\/\/biblian.is\/1981\/wp-json\/wp\/v2\/media?parent=1957"}],"curies":[{"name":"wp","href":"https:\/\/api.w.org\/{rel}","templated":true}]}}