{"id":1956,"date":"2017-11-18T20:19:27","date_gmt":"2017-11-18T20:19:27","guid":{"rendered":"http:\/\/biblian.is\/1981\/salmarnir-131-kafli\/"},"modified":"2021-06-06T11:06:59","modified_gmt":"2021-06-06T11:06:59","slug":"salmarnir-131-kafli","status":"publish","type":"page","link":"https:\/\/biblian.is\/1981\/salmarnir-131-kafli\/","title":{"rendered":"S\u00e1lmarnir 131. kafli"},"content":{"rendered":"<p><a name=\"1\"><span class=\"versanumer\">1<\/span><\/a>Helgig\u00f6ngulj\u00f3\u00f0. Eftir Dav\u00ed\u00f0. Drottinn, hjarta mitt er eigi drambl\u00e1tt n\u00e9 augu m\u00edn hrokafull. \u00c9g f\u00e6st eigi vi\u00f0 mikil m\u00e1lefni, n\u00e9 \u00feau sem m\u00e9r eru ofvaxin.<a name=\"2\"><span class=\"versanumer\">2<\/span><\/a>Sj\u00e1, \u00e9g hefi sefa\u00f0 s\u00e1l m\u00edna og \u00feagga\u00f0 ni\u00f0ur \u00ed henni. Eins og afvani\u00f0 barn hj\u00e1 m\u00f3\u00f0ur sinni, svo er s\u00e1l m\u00edn \u00ed m\u00e9r.<a name=\"3\"><span class=\"versanumer\">3<\/span><\/a>Vona, \u00cdsrael, \u00e1 Drottin, h\u00e9\u00f0an \u00ed fr\u00e1 og a\u00f0 eil\u00edfu.<\/p>\n<div class=\"footnote1981\"><b>131.1<\/b> Er ofvaxi\u00f0 Slm 139.6<br \/>\n<b>131.2<\/b> \u00cd \u00feolinm\u00e6\u00f0i og trausti sbr Jes 30.15 \u2013 eins og barn Matt 18.3; sbr Jes 66.13; H\u00f3s 11.3,4<br \/>\n<b>131.3<\/b> Vona \u00e1 Drottinn sbr Slm 62.9 \u2013 a\u00f0 eil\u00edfu Slm 121.8+<\/div>\n","protected":false},"excerpt":{"rendered":"<p>1Helgig\u00f6ngulj\u00f3\u00f0. Eftir Dav\u00ed\u00f0. Drottinn, hjarta mitt er eigi drambl\u00e1tt n\u00e9 augu m\u00edn hrokafull. \u00c9g f\u00e6st eigi vi\u00f0 mikil m\u00e1lefni, n\u00e9 \u00feau sem m\u00e9r eru ofvaxin.2Sj\u00e1, \u00e9g hefi sefa\u00f0 s\u00e1l m\u00edna og \u00feagga\u00f0 ni\u00f0ur \u00ed henni. Eins og afvani\u00f0 barn hj\u00e1 m\u00f3\u00f0ur sinni, svo er s\u00e1l m\u00edn \u00ed m\u00e9r.3Vona, \u00cdsrael, \u00e1 Drottin, h\u00e9\u00f0an \u00ed fr\u00e1 og a\u00f0 eil\u00edfu. 131.1 Er ofvaxi\u00f0 Slm 139.6 131.2 \u00cd \u00feolinm\u00e6\u00f0i og trausti sbr Jes 30.15 \u2013 eins og barn Matt 18.3; sbr Jes 66.13; H\u00f3s 11.3,4 131.3 Vona \u00e1 Drottinn sbr Slm 62.9 \u2013 a\u00f0 eil\u00edfu Slm 121.8+<\/p>\n","protected":false},"author":1,"featured_media":0,"parent":0,"menu_order":0,"comment_status":"open","ping_status":"open","template":"bibliukaflar.php","meta":{"footnotes":""},"class_list":["post-1956","page","type-page","status-publish","hentry"],"_links":{"self":[{"href":"https:\/\/biblian.is\/1981\/wp-json\/wp\/v2\/pages\/1956","targetHints":{"allow":["GET"]}}],"collection":[{"href":"https:\/\/biblian.is\/1981\/wp-json\/wp\/v2\/pages"}],"about":[{"href":"https:\/\/biblian.is\/1981\/wp-json\/wp\/v2\/types\/page"}],"author":[{"embeddable":true,"href":"https:\/\/biblian.is\/1981\/wp-json\/wp\/v2\/users\/1"}],"replies":[{"embeddable":true,"href":"https:\/\/biblian.is\/1981\/wp-json\/wp\/v2\/comments?post=1956"}],"version-history":[{"count":0,"href":"https:\/\/biblian.is\/1981\/wp-json\/wp\/v2\/pages\/1956\/revisions"}],"wp:attachment":[{"href":"https:\/\/biblian.is\/1981\/wp-json\/wp\/v2\/media?parent=1956"}],"curies":[{"name":"wp","href":"https:\/\/api.w.org\/{rel}","templated":true}]}}