{"id":1955,"date":"2017-11-18T20:19:27","date_gmt":"2017-11-18T20:19:27","guid":{"rendered":"http:\/\/biblian.is\/1981\/salmarnir-130-kafli\/"},"modified":"2021-06-06T11:06:57","modified_gmt":"2021-06-06T11:06:57","slug":"salmarnir-130-kafli","status":"publish","type":"page","link":"https:\/\/biblian.is\/1981\/salmarnir-130-kafli\/","title":{"rendered":"S\u00e1lmarnir 130. kafli"},"content":{"rendered":"<p><a name=\"1\"><span class=\"versanumer\">1<\/span><\/a>Helgig\u00f6ngulj\u00f3\u00f0. \u00dar dj\u00fapinu \u00e1kalla \u00e9g \u00feig, Drottinn,<a name=\"2\"><span class=\"versanumer\">2<\/span><\/a>Drottinn, heyr \u00fe\u00fa raust m\u00edna, l\u00e1t eyru \u00fe\u00edn hlusta \u00e1 gr\u00e1tbei\u00f0ni m\u00edna!<a name=\"3\"><span class=\"versanumer\">3<\/span><\/a>Ef \u00fe\u00fa, Drottinn, g\u00e6fir g\u00e6tur a\u00f0 misgj\u00f6r\u00f0um, Drottinn, hver fengi \u00fe\u00e1 sta\u00f0ist?<a name=\"4\"><span class=\"versanumer\">4<\/span><\/a>En hj\u00e1 \u00fe\u00e9r er fyrirgefning, svo a\u00f0 menn \u00f3ttist \u00feig.<a name=\"5\"><span class=\"versanumer\">5<\/span><\/a>\u00c9g vona \u00e1 Drottin, s\u00e1l m\u00edn vonar, og hans or\u00f0s b\u00ed\u00f0 \u00e9g.<a name=\"6\"><span class=\"versanumer\">6<\/span><\/a>Meir en v\u00f6kumenn morgun, v\u00f6kumenn morgun, \u00fereyr s\u00e1l m\u00edn Drottin.<a name=\"7\"><span class=\"versanumer\">7<\/span><\/a>\u00d3 \u00cdsrael, b\u00ed\u00f0 \u00fe\u00fa Drottins, \u00fev\u00ed a\u00f0 hj\u00e1 Drottni er miskunn, og hj\u00e1 honum er gn\u00e6g\u00f0 lausnar.<a name=\"8\"><span class=\"versanumer\">8<\/span><\/a>Hann mun leysa \u00cdsrael fr\u00e1 \u00f6llum misgj\u00f6r\u00f0um hans.<\/p>\n<div class=\"footnote1981\"><b>130.1<\/b> \u00c1kalla Drottinn Slm 3.5+<br \/>\n<b>130.2<\/b> Hlusta \u00e1 Slm 71.2+ ; Neh 1.6; 2Kro 6.40 \u2013 gr\u00e1tbei\u00f0ni m\u00edna Slm 5.3; 140.7<br \/>\n<b>130.3<\/b> Hver fengi \u00fe\u00e1 sta\u00f0ist? Slm 143.2<br \/>\n<b>130.4<\/b> \u00d3ttast Drottinn Slm 25.12,14; 67.8; 72.5; 111.10; 112.1; Jes 8.13; 50.10; Okv 3.7; Pr\u00e9d 3.14; sbr Slm 15.4+<br \/>\n<b>130.5<\/b> Vona \u00e1 Drottinn Slm 27.14; 37.34; 40.2<br \/>\n<b>130.6<\/b> Meir en v\u00f6kumenn Jes 21.11 \u2013 \u00fereyja Drottinn Jes 26.9<br \/>\n<b>130.8<\/b> Leysa \u00cdsrael Slm 25.22<\/div>\n","protected":false},"excerpt":{"rendered":"<p>1Helgig\u00f6ngulj\u00f3\u00f0. \u00dar dj\u00fapinu \u00e1kalla \u00e9g \u00feig, Drottinn,2Drottinn, heyr \u00fe\u00fa raust m\u00edna, l\u00e1t eyru \u00fe\u00edn hlusta \u00e1 gr\u00e1tbei\u00f0ni m\u00edna!3Ef \u00fe\u00fa, Drottinn, g\u00e6fir g\u00e6tur a\u00f0 misgj\u00f6r\u00f0um, Drottinn, hver fengi \u00fe\u00e1 sta\u00f0ist?4En hj\u00e1 \u00fe\u00e9r er fyrirgefning, svo a\u00f0 menn \u00f3ttist \u00feig.5\u00c9g vona \u00e1 Drottin, s\u00e1l m\u00edn vonar, og hans or\u00f0s b\u00ed\u00f0 \u00e9g.6Meir en v\u00f6kumenn morgun, v\u00f6kumenn morgun, \u00fereyr s\u00e1l m\u00edn Drottin.7\u00d3 \u00cdsrael, b\u00ed\u00f0 \u00fe\u00fa Drottins, \u00fev\u00ed a\u00f0 hj\u00e1 Drottni er miskunn, og hj\u00e1 honum er gn\u00e6g\u00f0 lausnar.8Hann mun leysa \u00cdsrael fr\u00e1 \u00f6llum misgj\u00f6r\u00f0um hans. 130.1 \u00c1kalla Drottinn Slm 3.5+ 130.2 Hlusta \u00e1 Slm 71.2+ ; Neh 1.6; 2Kro 6.40 \u2013 gr\u00e1tbei\u00f0ni m\u00edna Slm <a href=\"https:\/\/biblian.is\/1981\/salmarnir-130-kafli\/\"> [&#8230;]<\/a><\/p>\n","protected":false},"author":1,"featured_media":0,"parent":0,"menu_order":0,"comment_status":"open","ping_status":"open","template":"bibliukaflar.php","meta":{"footnotes":""},"class_list":["post-1955","page","type-page","status-publish","hentry"],"_links":{"self":[{"href":"https:\/\/biblian.is\/1981\/wp-json\/wp\/v2\/pages\/1955","targetHints":{"allow":["GET"]}}],"collection":[{"href":"https:\/\/biblian.is\/1981\/wp-json\/wp\/v2\/pages"}],"about":[{"href":"https:\/\/biblian.is\/1981\/wp-json\/wp\/v2\/types\/page"}],"author":[{"embeddable":true,"href":"https:\/\/biblian.is\/1981\/wp-json\/wp\/v2\/users\/1"}],"replies":[{"embeddable":true,"href":"https:\/\/biblian.is\/1981\/wp-json\/wp\/v2\/comments?post=1955"}],"version-history":[{"count":0,"href":"https:\/\/biblian.is\/1981\/wp-json\/wp\/v2\/pages\/1955\/revisions"}],"wp:attachment":[{"href":"https:\/\/biblian.is\/1981\/wp-json\/wp\/v2\/media?parent=1955"}],"curies":[{"name":"wp","href":"https:\/\/api.w.org\/{rel}","templated":true}]}}