{"id":1951,"date":"2017-11-18T20:19:27","date_gmt":"2017-11-18T20:19:27","guid":{"rendered":"http:\/\/biblian.is\/1981\/salmarnir-126-kafli\/"},"modified":"2021-06-06T11:06:47","modified_gmt":"2021-06-06T11:06:47","slug":"salmarnir-126-kafli","status":"publish","type":"page","link":"https:\/\/biblian.is\/1981\/salmarnir-126-kafli\/","title":{"rendered":"S\u00e1lmarnir 126. kafli"},"content":{"rendered":"<p><a name=\"1\"><span class=\"versanumer\">1<\/span><\/a>Helgig\u00f6ngulj\u00f3\u00f0. \u00deegar Drottinn sneri vi\u00f0 hag S\u00edonar, \u00fe\u00e1 var sem oss dreymdi.<a name=\"2\"><span class=\"versanumer\">2<\/span><\/a>\u00de\u00e1 fylltist munnur vor hl\u00e1tri, og tungur vorar f\u00f6gnu\u00f0i. \u00de\u00e1 s\u00f6g\u00f0u menn me\u00f0al \u00fej\u00f3\u00f0anna: Mikla hluti hefir Drottinn gj\u00f6rt vi\u00f0 \u00fe\u00e1.<a name=\"3\"><span class=\"versanumer\">3<\/span><\/a>Drottinn hefir gj\u00f6rt mikla hluti vi\u00f0 oss, v\u00e9r vorum gla\u00f0ir.<a name=\"4\"><span class=\"versanumer\">4<\/span><\/a>Sn\u00fa vi\u00f0 hag vorum, Drottinn, eins og \u00fe\u00fa gj\u00f6rir vi\u00f0 l\u00e6kina \u00ed Su\u00f0urlandinu.<a name=\"5\"><span class=\"versanumer\">5<\/span><\/a>\u00deeir sem s\u00e1 me\u00f0 t\u00e1rum, munu uppskera me\u00f0 gle\u00f0is\u00f6ng.<a name=\"6\"><span class=\"versanumer\">6<\/span><\/a>Gr\u00e1tandi fara menn og bera s\u00e6\u00f0i\u00f0 til s\u00e1ningar, me\u00f0 gle\u00f0is\u00f6ng koma \u00feeir aftur og bera kornbindin heim.<\/p>\n<div class=\"footnote1981\"><b>126.1<\/b> Sneri vi\u00f0 hag Slm 14.7; 53.7; 85.2<br \/>\n<b>126.2<\/b> Fylltist hl\u00e1tri Job 8.21<br \/>\n<b>126.5<\/b> T\u00e1r, gle\u00f0is\u00f6ngur Slm 30.12; Jes 25.8-9; 61.3; 65.19; Jer 31.9,13; Bar 4.23; J\u00f3h 16.20<\/div>\n","protected":false},"excerpt":{"rendered":"<p>1Helgig\u00f6ngulj\u00f3\u00f0. \u00deegar Drottinn sneri vi\u00f0 hag S\u00edonar, \u00fe\u00e1 var sem oss dreymdi.2\u00de\u00e1 fylltist munnur vor hl\u00e1tri, og tungur vorar f\u00f6gnu\u00f0i. \u00de\u00e1 s\u00f6g\u00f0u menn me\u00f0al \u00fej\u00f3\u00f0anna: Mikla hluti hefir Drottinn gj\u00f6rt vi\u00f0 \u00fe\u00e1.3Drottinn hefir gj\u00f6rt mikla hluti vi\u00f0 oss, v\u00e9r vorum gla\u00f0ir.4Sn\u00fa vi\u00f0 hag vorum, Drottinn, eins og \u00fe\u00fa gj\u00f6rir vi\u00f0 l\u00e6kina \u00ed Su\u00f0urlandinu.5\u00deeir sem s\u00e1 me\u00f0 t\u00e1rum, munu uppskera me\u00f0 gle\u00f0is\u00f6ng.6Gr\u00e1tandi fara menn og bera s\u00e6\u00f0i\u00f0 til s\u00e1ningar, me\u00f0 gle\u00f0is\u00f6ng koma \u00feeir aftur og bera kornbindin heim. 126.1 Sneri vi\u00f0 hag Slm 14.7; 53.7; 85.2 126.2 Fylltist hl\u00e1tri Job 8.21 126.5 T\u00e1r, gle\u00f0is\u00f6ngur Slm 30.12; Jes 25.8-9; 61.3; 65.19; Jer <a href=\"https:\/\/biblian.is\/1981\/salmarnir-126-kafli\/\"> [&#8230;]<\/a><\/p>\n","protected":false},"author":1,"featured_media":0,"parent":0,"menu_order":0,"comment_status":"open","ping_status":"open","template":"bibliukaflar.php","meta":{"footnotes":""},"class_list":["post-1951","page","type-page","status-publish","hentry"],"_links":{"self":[{"href":"https:\/\/biblian.is\/1981\/wp-json\/wp\/v2\/pages\/1951","targetHints":{"allow":["GET"]}}],"collection":[{"href":"https:\/\/biblian.is\/1981\/wp-json\/wp\/v2\/pages"}],"about":[{"href":"https:\/\/biblian.is\/1981\/wp-json\/wp\/v2\/types\/page"}],"author":[{"embeddable":true,"href":"https:\/\/biblian.is\/1981\/wp-json\/wp\/v2\/users\/1"}],"replies":[{"embeddable":true,"href":"https:\/\/biblian.is\/1981\/wp-json\/wp\/v2\/comments?post=1951"}],"version-history":[{"count":0,"href":"https:\/\/biblian.is\/1981\/wp-json\/wp\/v2\/pages\/1951\/revisions"}],"wp:attachment":[{"href":"https:\/\/biblian.is\/1981\/wp-json\/wp\/v2\/media?parent=1951"}],"curies":[{"name":"wp","href":"https:\/\/api.w.org\/{rel}","templated":true}]}}