{"id":1949,"date":"2017-11-18T20:19:27","date_gmt":"2017-11-18T20:19:27","guid":{"rendered":"http:\/\/biblian.is\/1981\/salmarnir-124-kafli\/"},"modified":"2021-06-06T11:06:44","modified_gmt":"2021-06-06T11:06:44","slug":"salmarnir-124-kafli","status":"publish","type":"page","link":"https:\/\/biblian.is\/1981\/salmarnir-124-kafli\/","title":{"rendered":"S\u00e1lmarnir 124. kafli"},"content":{"rendered":"<p><a name=\"1\"><span class=\"versanumer\">1<\/span><\/a>Helgig\u00f6ngulj\u00f3\u00f0. Eftir Dav\u00ed\u00f0. Hef\u00f0i \u00fea\u00f0 ekki veri\u00f0 Drottinn sem var me\u00f0 oss, skal \u00cdsrael segja<a name=\"2\"><span class=\"versanumer\">2<\/span><\/a>hef\u00f0i \u00fea\u00f0 ekki veri\u00f0 Drottinn sem var me\u00f0 oss, \u00feegar menn risu \u00ed m\u00f3ti oss,<a name=\"3\"><span class=\"versanumer\">3<\/span><\/a>\u00fe\u00e1 hef\u00f0u \u00feeir gleypt oss lifandi, \u00feegar rei\u00f0i \u00feeirra b\u00e1la\u00f0ist upp \u00ed m\u00f3ti oss.<a name=\"4\"><span class=\"versanumer\">4<\/span><\/a>\u00de\u00e1 hef\u00f0u v\u00f6tnin streymt yfir oss, elfur gengi\u00f0 yfir oss,<a name=\"5\"><span class=\"versanumer\">5<\/span><\/a>\u00fe\u00e1 hef\u00f0u gengi\u00f0 yfir oss hin beljandi v\u00f6tn.<a name=\"6\"><span class=\"versanumer\">6<\/span><\/a>Lofa\u00f0ur s\u00e9 Drottinn, er ekki gaf oss t\u00f6nnum \u00feeirra a\u00f0 br\u00e1\u00f0.<a name=\"7\"><span class=\"versanumer\">7<\/span><\/a>S\u00e1l vor slapp burt eins og fugl \u00far sn\u00f6ru fuglarans. Brast snaran, burt sluppum v\u00e9r.<a name=\"8\"><span class=\"versanumer\">8<\/span><\/a>Hj\u00e1lp vor er \u00ed nafni Drottins, skapara himins og jar\u00f0ar.<\/p>\n<div class=\"footnote1981\"><b>124.1<\/b> Hef\u00f0i Drottinn ekki &#8230; Slm 94.17 \u2013 me\u00f0 oss Slm 118.13 \u2013 skal \u00cdsrael segja Slm 118.2; 129.1<br \/>\n<b>124.2<\/b> M\u00f3ti oss Slm 3.2<br \/>\n<b>124.3<\/b> Gleypt oss Slm 35.25; Jer 51.34; Okv 1.12<br \/>\n<b>124.4-5<\/b> Beljandi v\u00f6tn Slm 18.5; 32.6; 42.8; 69.2-3; Jes 8.7-8<br \/>\n<b>124.6<\/b> Lofa\u00f0ur s\u00e9 Drottinn Slm 28.6+<br \/>\n<b>124.7<\/b> \u00dar sn\u00f6ru Slm 91.3; 107.20; Okv 6.5; sbr Slm 25.15+<br \/>\n<b>124.8<\/b> Drottin er hj\u00e1lp vor Slm 20.8; 33.21; Okv 18.10 \u2013 skapari himins og jar\u00f0ar Slm 121.2+<\/div>\n","protected":false},"excerpt":{"rendered":"<p>1Helgig\u00f6ngulj\u00f3\u00f0. Eftir Dav\u00ed\u00f0. Hef\u00f0i \u00fea\u00f0 ekki veri\u00f0 Drottinn sem var me\u00f0 oss, skal \u00cdsrael segja2hef\u00f0i \u00fea\u00f0 ekki veri\u00f0 Drottinn sem var me\u00f0 oss, \u00feegar menn risu \u00ed m\u00f3ti oss,3\u00fe\u00e1 hef\u00f0u \u00feeir gleypt oss lifandi, \u00feegar rei\u00f0i \u00feeirra b\u00e1la\u00f0ist upp \u00ed m\u00f3ti oss.4\u00de\u00e1 hef\u00f0u v\u00f6tnin streymt yfir oss, elfur gengi\u00f0 yfir oss,5\u00fe\u00e1 hef\u00f0u gengi\u00f0 yfir oss hin beljandi v\u00f6tn.6Lofa\u00f0ur s\u00e9 Drottinn, er ekki gaf oss t\u00f6nnum \u00feeirra a\u00f0 br\u00e1\u00f0.7S\u00e1l vor slapp burt eins og fugl \u00far sn\u00f6ru fuglarans. Brast snaran, burt sluppum v\u00e9r.8Hj\u00e1lp vor er \u00ed nafni Drottins, skapara himins og jar\u00f0ar. 124.1 Hef\u00f0i Drottinn ekki &#8230; Slm 94.17 \u2013 me\u00f0 <a href=\"https:\/\/biblian.is\/1981\/salmarnir-124-kafli\/\"> [&#8230;]<\/a><\/p>\n","protected":false},"author":1,"featured_media":0,"parent":0,"menu_order":0,"comment_status":"open","ping_status":"open","template":"bibliukaflar.php","meta":{"footnotes":""},"class_list":["post-1949","page","type-page","status-publish","hentry"],"_links":{"self":[{"href":"https:\/\/biblian.is\/1981\/wp-json\/wp\/v2\/pages\/1949","targetHints":{"allow":["GET"]}}],"collection":[{"href":"https:\/\/biblian.is\/1981\/wp-json\/wp\/v2\/pages"}],"about":[{"href":"https:\/\/biblian.is\/1981\/wp-json\/wp\/v2\/types\/page"}],"author":[{"embeddable":true,"href":"https:\/\/biblian.is\/1981\/wp-json\/wp\/v2\/users\/1"}],"replies":[{"embeddable":true,"href":"https:\/\/biblian.is\/1981\/wp-json\/wp\/v2\/comments?post=1949"}],"version-history":[{"count":0,"href":"https:\/\/biblian.is\/1981\/wp-json\/wp\/v2\/pages\/1949\/revisions"}],"wp:attachment":[{"href":"https:\/\/biblian.is\/1981\/wp-json\/wp\/v2\/media?parent=1949"}],"curies":[{"name":"wp","href":"https:\/\/api.w.org\/{rel}","templated":true}]}}