{"id":1948,"date":"2017-11-18T20:19:27","date_gmt":"2017-11-18T20:19:27","guid":{"rendered":"http:\/\/biblian.is\/1981\/salmarnir-123-kafli\/"},"modified":"2021-06-06T11:06:42","modified_gmt":"2021-06-06T11:06:42","slug":"salmarnir-123-kafli","status":"publish","type":"page","link":"https:\/\/biblian.is\/1981\/salmarnir-123-kafli\/","title":{"rendered":"S\u00e1lmarnir 123. kafli"},"content":{"rendered":"<p><a name=\"1\"><span class=\"versanumer\">1<\/span><\/a>Helgig\u00f6ngulj\u00f3\u00f0. Til \u00fe\u00edn hef \u00e9g augu m\u00edn, \u00fe\u00fa sem situr \u00e1 himnum.<a name=\"2\"><span class=\"versanumer\">2<\/span><\/a>Eins og augu \u00fej\u00f3nanna m\u00e6na \u00e1 h\u00f6nd h\u00fasb\u00f3nda s\u00edns, eins og augu amb\u00e1ttarinnar m\u00e6na \u00e1 h\u00f6nd h\u00fasm\u00f3\u00f0ur sinnar, svo m\u00e6na augu vor \u00e1 Drottin, Gu\u00f0 vorn, uns hann l\u00edknar oss.<a name=\"3\"><span class=\"versanumer\">3<\/span><\/a>L\u00edkna oss, Drottinn, l\u00edkna oss, \u00fev\u00ed a\u00f0 v\u00e9r h\u00f6fum fengi\u00f0 meira en n\u00f3g af spotti.<a name=\"4\"><span class=\"versanumer\">4<\/span><\/a>S\u00e1l vor hefir fengi\u00f0 meira en n\u00f3g af h\u00e1\u00f0i hrokafullra, af spotti drambl\u00e1tra.<\/p>\n<div class=\"footnote1981\"><b>123.1<\/b> Hefja augu s\u00edn Slm 121.1 \u2013 Drottinn situr \u00e1 himnum Slm 103.19; 115.3; Jes 40.22; 2Makk 3.39; Matt 5.34; 6.9<br \/>\n<b>123.2<\/b> Hafa augun \u00e1 Drottni Slm 25.15; 141.8 \u2013 uns hann l\u00edknar Slm 69.4<br \/>\n<b>123.3<\/b> N\u00f3g af spotti Slm 44.14-17; Neh 3.36<br \/>\n<b>123.4<\/b> Drambl\u00e1tir Okv 16.18; 18.12<\/div>\n","protected":false},"excerpt":{"rendered":"<p>1Helgig\u00f6ngulj\u00f3\u00f0. Til \u00fe\u00edn hef \u00e9g augu m\u00edn, \u00fe\u00fa sem situr \u00e1 himnum.2Eins og augu \u00fej\u00f3nanna m\u00e6na \u00e1 h\u00f6nd h\u00fasb\u00f3nda s\u00edns, eins og augu amb\u00e1ttarinnar m\u00e6na \u00e1 h\u00f6nd h\u00fasm\u00f3\u00f0ur sinnar, svo m\u00e6na augu vor \u00e1 Drottin, Gu\u00f0 vorn, uns hann l\u00edknar oss.3L\u00edkna oss, Drottinn, l\u00edkna oss, \u00fev\u00ed a\u00f0 v\u00e9r h\u00f6fum fengi\u00f0 meira en n\u00f3g af spotti.4S\u00e1l vor hefir fengi\u00f0 meira en n\u00f3g af h\u00e1\u00f0i hrokafullra, af spotti drambl\u00e1tra. 123.1 Hefja augu s\u00edn Slm 121.1 \u2013 Drottinn situr \u00e1 himnum Slm 103.19; 115.3; Jes 40.22; 2Makk 3.39; Matt 5.34; 6.9 123.2 Hafa augun \u00e1 Drottni Slm 25.15; 141.8 \u2013 uns hann l\u00edknar <a href=\"https:\/\/biblian.is\/1981\/salmarnir-123-kafli\/\"> [&#8230;]<\/a><\/p>\n","protected":false},"author":1,"featured_media":0,"parent":0,"menu_order":0,"comment_status":"open","ping_status":"open","template":"bibliukaflar.php","meta":{"footnotes":""},"class_list":["post-1948","page","type-page","status-publish","hentry"],"_links":{"self":[{"href":"https:\/\/biblian.is\/1981\/wp-json\/wp\/v2\/pages\/1948","targetHints":{"allow":["GET"]}}],"collection":[{"href":"https:\/\/biblian.is\/1981\/wp-json\/wp\/v2\/pages"}],"about":[{"href":"https:\/\/biblian.is\/1981\/wp-json\/wp\/v2\/types\/page"}],"author":[{"embeddable":true,"href":"https:\/\/biblian.is\/1981\/wp-json\/wp\/v2\/users\/1"}],"replies":[{"embeddable":true,"href":"https:\/\/biblian.is\/1981\/wp-json\/wp\/v2\/comments?post=1948"}],"version-history":[{"count":0,"href":"https:\/\/biblian.is\/1981\/wp-json\/wp\/v2\/pages\/1948\/revisions"}],"wp:attachment":[{"href":"https:\/\/biblian.is\/1981\/wp-json\/wp\/v2\/media?parent=1948"}],"curies":[{"name":"wp","href":"https:\/\/api.w.org\/{rel}","templated":true}]}}