{"id":1947,"date":"2017-11-18T20:19:21","date_gmt":"2017-11-18T20:19:21","guid":{"rendered":"http:\/\/biblian.is\/1981\/salmarnir-122-kafli\/"},"modified":"2021-06-06T11:06:40","modified_gmt":"2021-06-06T11:06:40","slug":"salmarnir-122-kafli","status":"publish","type":"page","link":"https:\/\/biblian.is\/1981\/salmarnir-122-kafli\/","title":{"rendered":"S\u00e1lmarnir 122. kafli"},"content":{"rendered":"<p><a name=\"1\"><span class=\"versanumer\">1<\/span><\/a>Helgig\u00f6ngulj\u00f3\u00f0. Eftir Dav\u00ed\u00f0. \u00c9g var\u00f0 gla\u00f0ur, er menn s\u00f6g\u00f0u vi\u00f0 mig: G\u00f6ngum \u00ed h\u00fas Drottins.<a name=\"2\"><span class=\"versanumer\">2<\/span><\/a>F\u00e6tur vorir standa \u00ed hli\u00f0um \u00fe\u00ednum, Jer\u00fasalem.<a name=\"3\"><span class=\"versanumer\">3<\/span><\/a>Jer\u00fasalem, \u00fe\u00fa hin endurreista, borgin \u00fear sem \u00f6ll \u00fej\u00f3\u00f0in safnast saman,<a name=\"4\"><span class=\"versanumer\">4<\/span><\/a>\u00feanga\u00f0 sem kynkv\u00edslirnar fara, kynkv\u00edslir Drottins \u00fea\u00f0 er regla fyrir \u00cdsrael til \u00feess a\u00f0 lofa nafn Drottins,<a name=\"5\"><span class=\"versanumer\">5<\/span><\/a>\u00fev\u00ed a\u00f0 \u00fear standa d\u00f3marast\u00f3lar, st\u00f3lar fyrir Dav\u00ed\u00f0s \u00e6tt.<a name=\"6\"><span class=\"versanumer\">6<\/span><\/a>Bi\u00f0ji\u00f0 Jer\u00fasalem fri\u00f0ar, hlj\u00f3ti heill \u00feeir, er elska \u00feig.<a name=\"7\"><span class=\"versanumer\">7<\/span><\/a>Fri\u00f0ur s\u00e9 kringum m\u00fara \u00fe\u00edna, heill \u00ed h\u00f6llum \u00fe\u00ednum.<a name=\"8\"><span class=\"versanumer\">8<\/span><\/a>Sakir br\u00e6\u00f0ra minna og vina \u00f3ska \u00e9g \u00fe\u00e9r fri\u00f0ar.<a name=\"9\"><span class=\"versanumer\">9<\/span><\/a>Sakir h\u00fass Drottins, Gu\u00f0s vors, vil \u00e9g leita \u00fe\u00e9r hamingju.<\/p>\n<div class=\"footnote1981\"><b>122.1<\/b> H\u00fas Drottins Slm 27.4; 42.5; 43.4; Jes 2.3; 30.29; sbr Sak 8.21<br \/>\n<b>122.3<\/b> Jer\u00fasalem, rammger\u00f0a Mrk 13.1; sbr 1P\u00e9t 2.5; Opb 21.10-27<br \/>\n<b>122.4<\/b> Regla \u00ed \u00cdsrael Slm 81.5; 2M\u00f3s 34.24; L\u00fak 2.41-42<br \/>\n<b>122.5<\/b> H\u00e1s\u00e6ti d\u00f3msins 5M\u00f3s 17.8-11; 1Kon 7.7; 2Kro 19.8<br \/>\n<b>122.6<\/b> Fri\u00f0ur \u00ed Jer\u00fasalem Slm 51.20<br \/>\n<b>122.9<\/b> H\u00fas Drottins Slm 26.8<\/div>\n","protected":false},"excerpt":{"rendered":"<p>1Helgig\u00f6ngulj\u00f3\u00f0. Eftir Dav\u00ed\u00f0. \u00c9g var\u00f0 gla\u00f0ur, er menn s\u00f6g\u00f0u vi\u00f0 mig: G\u00f6ngum \u00ed h\u00fas Drottins.2F\u00e6tur vorir standa \u00ed hli\u00f0um \u00fe\u00ednum, Jer\u00fasalem.3Jer\u00fasalem, \u00fe\u00fa hin endurreista, borgin \u00fear sem \u00f6ll \u00fej\u00f3\u00f0in safnast saman,4\u00feanga\u00f0 sem kynkv\u00edslirnar fara, kynkv\u00edslir Drottins \u00fea\u00f0 er regla fyrir \u00cdsrael til \u00feess a\u00f0 lofa nafn Drottins,5\u00fev\u00ed a\u00f0 \u00fear standa d\u00f3marast\u00f3lar, st\u00f3lar fyrir Dav\u00ed\u00f0s \u00e6tt.6Bi\u00f0ji\u00f0 Jer\u00fasalem fri\u00f0ar, hlj\u00f3ti heill \u00feeir, er elska \u00feig.7Fri\u00f0ur s\u00e9 kringum m\u00fara \u00fe\u00edna, heill \u00ed h\u00f6llum \u00fe\u00ednum.8Sakir br\u00e6\u00f0ra minna og vina \u00f3ska \u00e9g \u00fe\u00e9r fri\u00f0ar.9Sakir h\u00fass Drottins, Gu\u00f0s vors, vil \u00e9g leita \u00fe\u00e9r hamingju. 122.1 H\u00fas Drottins Slm 27.4; 42.5; 43.4; Jes 2.3; 30.29; sbr Sak <a href=\"https:\/\/biblian.is\/1981\/salmarnir-122-kafli\/\"> [&#8230;]<\/a><\/p>\n","protected":false},"author":1,"featured_media":0,"parent":0,"menu_order":0,"comment_status":"open","ping_status":"open","template":"bibliukaflar.php","meta":{"footnotes":""},"class_list":["post-1947","page","type-page","status-publish","hentry"],"_links":{"self":[{"href":"https:\/\/biblian.is\/1981\/wp-json\/wp\/v2\/pages\/1947","targetHints":{"allow":["GET"]}}],"collection":[{"href":"https:\/\/biblian.is\/1981\/wp-json\/wp\/v2\/pages"}],"about":[{"href":"https:\/\/biblian.is\/1981\/wp-json\/wp\/v2\/types\/page"}],"author":[{"embeddable":true,"href":"https:\/\/biblian.is\/1981\/wp-json\/wp\/v2\/users\/1"}],"replies":[{"embeddable":true,"href":"https:\/\/biblian.is\/1981\/wp-json\/wp\/v2\/comments?post=1947"}],"version-history":[{"count":0,"href":"https:\/\/biblian.is\/1981\/wp-json\/wp\/v2\/pages\/1947\/revisions"}],"wp:attachment":[{"href":"https:\/\/biblian.is\/1981\/wp-json\/wp\/v2\/media?parent=1947"}],"curies":[{"name":"wp","href":"https:\/\/api.w.org\/{rel}","templated":true}]}}