{"id":1946,"date":"2017-11-18T20:19:21","date_gmt":"2017-11-18T20:19:21","guid":{"rendered":"http:\/\/biblian.is\/1981\/salmarnir-121-kafli\/"},"modified":"2021-06-06T11:06:39","modified_gmt":"2021-06-06T11:06:39","slug":"salmarnir-121-kafli","status":"publish","type":"page","link":"https:\/\/biblian.is\/1981\/salmarnir-121-kafli\/","title":{"rendered":"S\u00e1lmarnir 121. kafli"},"content":{"rendered":"<p><a name=\"1\"><span class=\"versanumer\">1<\/span><\/a>Helgig\u00f6ngulj\u00f3\u00f0 \u00c9g hef augu m\u00edn til fjallanna: Hva\u00f0an kemur m\u00e9r hj\u00e1lp?<a name=\"2\"><span class=\"versanumer\">2<\/span><\/a>Hj\u00e1lp m\u00edn kemur fr\u00e1 Drottni, skapara himins og jar\u00f0ar.<a name=\"3\"><span class=\"versanumer\">3<\/span><\/a>Hann mun eigi l\u00e1ta f\u00f3t \u00feinn skri\u00f0na, v\u00f6r\u00f0ur \u00feinn blundar ekki.<a name=\"4\"><span class=\"versanumer\">4<\/span><\/a>Nei, hann blundar ekki og sefur ekki, hann, v\u00f6r\u00f0ur \u00cdsraels.<a name=\"5\"><span class=\"versanumer\">5<\/span><\/a>Drottinn er v\u00f6r\u00f0ur \u00feinn, Drottinn sk\u00fdlir \u00fe\u00e9r, hann er \u00fe\u00e9r til h\u00e6gri handar.<a name=\"6\"><span class=\"versanumer\">6<\/span><\/a>Um daga mun s\u00f3larhitinn eigi vinna \u00fe\u00e9r mein, n\u00e9 heldur tungli\u00f0 um n\u00e6tur.<a name=\"7\"><span class=\"versanumer\">7<\/span><\/a>Drottinn mun vernda \u00feig fyrir \u00f6llu illu, hann mun vernda s\u00e1l \u00fe\u00edna.<a name=\"8\"><span class=\"versanumer\">8<\/span><\/a>Drottinn mun var\u00f0veita \u00fatg\u00f6ngu \u00fe\u00edna og inng\u00f6ngu h\u00e9\u00f0an \u00ed fr\u00e1 og a\u00f0 eil\u00edfu.<\/p>\n<div class=\"footnote1981\"><b>121.1<\/b> \u00c9g hef augu m\u00edn Slm 123.1 \u2013 til fjallanna Slm 48.2; 133.3 \u2013 hj\u00e1lp Slm 3.5; 20.3<br \/>\n<b>121.2<\/b> Skapari himins og jar\u00f0ar Slm 115.15; 124.8; 134.3; 136.5; 146.6; 1M\u00f3s 1.1; 2M\u00f3s 20.11; Jes 42.5; Okv 3.19; Post 14.15; Opb 14.7<br \/>\n<b>121.3<\/b> Var\u00f0veitir f\u00f3t \u00feinn Slm 66.9; 1Sam 2.9; Okv 3.23 \u2013 Drottinn, v\u00f6r\u00f0ur Slm 127.1; Jes 27.3<br \/>\n<b>121.4<\/b> Drottinn sefur ekki 1Kon 8.52; 18.27<br \/>\n<b>121.5<\/b> Sk\u00fdlir \u00fe\u00e9r Slm 91.1; Jes 25.4; L\u00fak 1.35 \u2013 til h\u00e6gri handar Slm 16.8+<br \/>\n<b>121.6<\/b> S\u00f3larhitinn Jes 49.10; SSal 18.3; Opb 7.16<br \/>\n<b>121.7<\/b> Fr\u00e1 \u00f6llu illu Slm 41.3; 97.10; 1M\u00f3s 28.15; 1\u00deess 5.23; 1T\u00edm 4.18<br \/>\n<b>121.8<\/b> \u00datg\u00f6ngu og inng\u00f6ngu 5M\u00f3s 28.6 \u2013 a\u00f0 eil\u00edfu Slm 125.2; 131.3<\/div>\n","protected":false},"excerpt":{"rendered":"<p>1Helgig\u00f6ngulj\u00f3\u00f0 \u00c9g hef augu m\u00edn til fjallanna: Hva\u00f0an kemur m\u00e9r hj\u00e1lp?2Hj\u00e1lp m\u00edn kemur fr\u00e1 Drottni, skapara himins og jar\u00f0ar.3Hann mun eigi l\u00e1ta f\u00f3t \u00feinn skri\u00f0na, v\u00f6r\u00f0ur \u00feinn blundar ekki.4Nei, hann blundar ekki og sefur ekki, hann, v\u00f6r\u00f0ur \u00cdsraels.5Drottinn er v\u00f6r\u00f0ur \u00feinn, Drottinn sk\u00fdlir \u00fe\u00e9r, hann er \u00fe\u00e9r til h\u00e6gri handar.6Um daga mun s\u00f3larhitinn eigi vinna \u00fe\u00e9r mein, n\u00e9 heldur tungli\u00f0 um n\u00e6tur.7Drottinn mun vernda \u00feig fyrir \u00f6llu illu, hann mun vernda s\u00e1l \u00fe\u00edna.8Drottinn mun var\u00f0veita \u00fatg\u00f6ngu \u00fe\u00edna og inng\u00f6ngu h\u00e9\u00f0an \u00ed fr\u00e1 og a\u00f0 eil\u00edfu. 121.1 \u00c9g hef augu m\u00edn Slm 123.1 \u2013 til fjallanna Slm 48.2; 133.3 \u2013 hj\u00e1lp <a href=\"https:\/\/biblian.is\/1981\/salmarnir-121-kafli\/\"> [&#8230;]<\/a><\/p>\n","protected":false},"author":1,"featured_media":0,"parent":0,"menu_order":0,"comment_status":"open","ping_status":"open","template":"bibliukaflar.php","meta":{"footnotes":""},"class_list":["post-1946","page","type-page","status-publish","hentry"],"_links":{"self":[{"href":"https:\/\/biblian.is\/1981\/wp-json\/wp\/v2\/pages\/1946","targetHints":{"allow":["GET"]}}],"collection":[{"href":"https:\/\/biblian.is\/1981\/wp-json\/wp\/v2\/pages"}],"about":[{"href":"https:\/\/biblian.is\/1981\/wp-json\/wp\/v2\/types\/page"}],"author":[{"embeddable":true,"href":"https:\/\/biblian.is\/1981\/wp-json\/wp\/v2\/users\/1"}],"replies":[{"embeddable":true,"href":"https:\/\/biblian.is\/1981\/wp-json\/wp\/v2\/comments?post=1946"}],"version-history":[{"count":0,"href":"https:\/\/biblian.is\/1981\/wp-json\/wp\/v2\/pages\/1946\/revisions"}],"wp:attachment":[{"href":"https:\/\/biblian.is\/1981\/wp-json\/wp\/v2\/media?parent=1946"}],"curies":[{"name":"wp","href":"https:\/\/api.w.org\/{rel}","templated":true}]}}