{"id":1945,"date":"2017-11-18T20:19:21","date_gmt":"2017-11-18T20:19:21","guid":{"rendered":"http:\/\/biblian.is\/1981\/salmarnir-120-kafli\/"},"modified":"2021-06-06T11:06:37","modified_gmt":"2021-06-06T11:06:37","slug":"salmarnir-120-kafli","status":"publish","type":"page","link":"https:\/\/biblian.is\/1981\/salmarnir-120-kafli\/","title":{"rendered":"S\u00e1lmarnir 120. kafli"},"content":{"rendered":"<p><a name=\"1\"><span class=\"versanumer\">1<\/span><\/a>Helgig\u00f6ngulj\u00f3\u00f0. \u00c9g \u00e1kalla Drottin \u00ed nau\u00f0um m\u00ednum, og hann b\u00e6nheyrir mig.<a name=\"2\"><span class=\"versanumer\">2<\/span><\/a>Drottinn, frelsa s\u00e1l m\u00edna fr\u00e1 lj\u00fagandi v\u00f6rum, fr\u00e1 t\u00e6landi tungu.<a name=\"3\"><span class=\"versanumer\">3<\/span><\/a>Hversu mun fara fyrir \u00fe\u00e9r n\u00fa og s\u00ed\u00f0ar, \u00fe\u00fa t\u00e6landi tunga?<a name=\"4\"><span class=\"versanumer\">4<\/span><\/a>\u00d6rvar har\u00f0stj\u00f3rans eru hvesstar me\u00f0 gl\u00f3andi vi\u00f0arkolum.<a name=\"5\"><span class=\"versanumer\">5<\/span><\/a>Vei m\u00e9r, a\u00f0 \u00e9g dvel hj\u00e1 Mesek, b\u00fd hj\u00e1 tj\u00f6ldum Kedars.<a name=\"6\"><span class=\"versanumer\">6<\/span><\/a>N\u00f3gu lengi hefir s\u00e1l m\u00edn b\u00fai\u00f0 hj\u00e1 \u00feeim er fri\u00f0inn hata.<a name=\"7\"><span class=\"versanumer\">7<\/span><\/a>\u00de\u00f3tt \u00e9g tali fri\u00f0lega, vilja \u00feeir \u00f3fri\u00f0.<\/p>\n<div class=\"footnote1981\"><b>120.1<\/b> \u00c9g \u00e1kalla, Drottinn b\u00e6nheyrir Slm 34.7; 81.8; 86.7; 118.5; J\u00f3n 2.3 \u2013 \u00e1kalla Drottinn Slm 3.5+<br \/>\n<b>120.2<\/b> Lj\u00fagandi varir Slm 31.19; 52.4,6; 109.2; S\u00edr 51.2; sbr Slm 5.10+<br \/>\n<b>120.4<\/b> Hvesstar \u00f6rvar Slm 45.6 \u2013 gl\u00f3andi Slm 140.11<\/div>\n","protected":false},"excerpt":{"rendered":"<p>1Helgig\u00f6ngulj\u00f3\u00f0. \u00c9g \u00e1kalla Drottin \u00ed nau\u00f0um m\u00ednum, og hann b\u00e6nheyrir mig.2Drottinn, frelsa s\u00e1l m\u00edna fr\u00e1 lj\u00fagandi v\u00f6rum, fr\u00e1 t\u00e6landi tungu.3Hversu mun fara fyrir \u00fe\u00e9r n\u00fa og s\u00ed\u00f0ar, \u00fe\u00fa t\u00e6landi tunga?4\u00d6rvar har\u00f0stj\u00f3rans eru hvesstar me\u00f0 gl\u00f3andi vi\u00f0arkolum.5Vei m\u00e9r, a\u00f0 \u00e9g dvel hj\u00e1 Mesek, b\u00fd hj\u00e1 tj\u00f6ldum Kedars.6N\u00f3gu lengi hefir s\u00e1l m\u00edn b\u00fai\u00f0 hj\u00e1 \u00feeim er fri\u00f0inn hata.7\u00de\u00f3tt \u00e9g tali fri\u00f0lega, vilja \u00feeir \u00f3fri\u00f0. 120.1 \u00c9g \u00e1kalla, Drottinn b\u00e6nheyrir Slm 34.7; 81.8; 86.7; 118.5; J\u00f3n 2.3 \u2013 \u00e1kalla Drottinn Slm 3.5+ 120.2 Lj\u00fagandi varir Slm 31.19; 52.4,6; 109.2; S\u00edr 51.2; sbr Slm 5.10+ 120.4 Hvesstar \u00f6rvar Slm 45.6 \u2013 gl\u00f3andi Slm 140.11<\/p>\n","protected":false},"author":1,"featured_media":0,"parent":0,"menu_order":0,"comment_status":"open","ping_status":"open","template":"bibliukaflar.php","meta":{"footnotes":""},"class_list":["post-1945","page","type-page","status-publish","hentry"],"_links":{"self":[{"href":"https:\/\/biblian.is\/1981\/wp-json\/wp\/v2\/pages\/1945","targetHints":{"allow":["GET"]}}],"collection":[{"href":"https:\/\/biblian.is\/1981\/wp-json\/wp\/v2\/pages"}],"about":[{"href":"https:\/\/biblian.is\/1981\/wp-json\/wp\/v2\/types\/page"}],"author":[{"embeddable":true,"href":"https:\/\/biblian.is\/1981\/wp-json\/wp\/v2\/users\/1"}],"replies":[{"embeddable":true,"href":"https:\/\/biblian.is\/1981\/wp-json\/wp\/v2\/comments?post=1945"}],"version-history":[{"count":0,"href":"https:\/\/biblian.is\/1981\/wp-json\/wp\/v2\/pages\/1945\/revisions"}],"wp:attachment":[{"href":"https:\/\/biblian.is\/1981\/wp-json\/wp\/v2\/media?parent=1945"}],"curies":[{"name":"wp","href":"https:\/\/api.w.org\/{rel}","templated":true}]}}