{"id":1943,"date":"2017-11-18T20:19:21","date_gmt":"2017-11-18T20:19:21","guid":{"rendered":"http:\/\/biblian.is\/1981\/salmarnir-118-kafli\/"},"modified":"2021-06-06T11:06:31","modified_gmt":"2021-06-06T11:06:31","slug":"salmarnir-118-kafli","status":"publish","type":"page","link":"https:\/\/biblian.is\/1981\/salmarnir-118-kafli\/","title":{"rendered":"S\u00e1lmarnir 118. kafli"},"content":{"rendered":"<p><a name=\"1\"><span class=\"versanumer\">1<\/span><\/a>\u00deakki\u00f0 Drottni, \u00fev\u00ed a\u00f0 hann er g\u00f3\u00f0ur, \u00fev\u00ed a\u00f0 miskunn hans varir a\u00f0 eil\u00edfu.<a name=\"2\"><span class=\"versanumer\">2<\/span><\/a>\u00dea\u00f0 m\u00e6li \u00cdsrael: \u00dev\u00ed a\u00f0 miskunn hans varir a\u00f0 eil\u00edfu!<a name=\"3\"><span class=\"versanumer\">3<\/span><\/a>\u00dea\u00f0 m\u00e6li Arons \u00e6tt: \u00dev\u00ed a\u00f0 miskunn hans varir a\u00f0 eil\u00edfu!<a name=\"4\"><span class=\"versanumer\">4<\/span><\/a>\u00dea\u00f0 m\u00e6li \u00feeir sem \u00f3ttast Drottin: \u00dev\u00ed a\u00f0 miskunn hans varir a\u00f0 eil\u00edfu!<a name=\"5\"><span class=\"versanumer\">5<\/span><\/a>\u00cd \u00ferengingunni \u00e1kalla\u00f0i \u00e9g Drottin, hann b\u00e6nheyr\u00f0i mig og r\u00fdmka\u00f0i um mig.<a name=\"6\"><span class=\"versanumer\">6<\/span><\/a>Drottinn er me\u00f0 m\u00e9r, \u00e9g \u00f3ttast eigi, hva\u00f0 geta menn gj\u00f6rt m\u00e9r?<a name=\"7\"><span class=\"versanumer\">7<\/span><\/a>Drottinn er me\u00f0 m\u00e9r me\u00f0 hj\u00e1lp s\u00edna, og \u00e9g mun f\u00e1 a\u00f0 horfa \u00e1 \u00f3farir hatursmanna minna.<a name=\"8\"><span class=\"versanumer\">8<\/span><\/a>Betra er a\u00f0 leita h\u00e6lis hj\u00e1 Drottni en a\u00f0 treysta m\u00f6nnum,<a name=\"9\"><span class=\"versanumer\">9<\/span><\/a>betra er a\u00f0 leita h\u00e6lis hj\u00e1 Drottni en a\u00f0 treysta tignarm\u00f6nnum.<a name=\"10\"><span class=\"versanumer\">10<\/span><\/a>Allar \u00fej\u00f3\u00f0ir umkringdu mig, en \u00ed nafni Drottins hefi \u00e9g sigrast \u00e1 \u00feeim.<a name=\"11\"><span class=\"versanumer\">11<\/span><\/a>\u00de\u00e6r umkringdu mig \u00e1 alla vegu, en \u00ed nafni Drottins hefi \u00e9g sigrast \u00e1 \u00feeim.<a name=\"12\"><span class=\"versanumer\">12<\/span><\/a>\u00de\u00e6r umkringdu mig eins og b\u00fdflugur vax, brunnu sem eldur \u00ed \u00feyrnum, en \u00ed nafni Drottins hefi \u00e9g sigrast \u00e1 \u00feeim.<a name=\"13\"><span class=\"versanumer\">13<\/span><\/a>M\u00e9r var hrundi\u00f0, til \u00feess a\u00f0 \u00e9g skyldi falla, en Drottinn veitti m\u00e9r li\u00f0.<a name=\"14\"><span class=\"versanumer\">14<\/span><\/a>Drottinn er styrkur minn og lofs\u00f6ngur, og hann var\u00f0 m\u00e9r til hj\u00e1lpr\u00e6\u00f0is.<a name=\"15\"><span class=\"versanumer\">15<\/span><\/a>Fagna\u00f0ar- og sigur\u00f3p kve\u00f0ur vi\u00f0 \u00ed tj\u00f6ldum r\u00e9ttl\u00e1tra: H\u00e6gri h\u00f6nd Drottins vinnur st\u00f3rvirki,<a name=\"16\"><span class=\"versanumer\">16<\/span><\/a>h\u00e6gri h\u00f6nd Drottins upphefur, h\u00e6gri h\u00f6nd Drottins vinnur st\u00f3rvirki.<a name=\"17\"><span class=\"versanumer\">17<\/span><\/a>\u00c9g mun eigi deyja, heldur lifa og kunngj\u00f6ra verk Drottins.<a name=\"18\"><span class=\"versanumer\">18<\/span><\/a>Drottinn hefir hirt mig har\u00f0lega, en eigi ofurselt mig dau\u00f0anum.<a name=\"19\"><span class=\"versanumer\">19<\/span><\/a>Lj\u00faki\u00f0 upp fyrir m\u00e9r hli\u00f0um r\u00e9ttl\u00e6tisins, a\u00f0 \u00e9g megi fara inn um \u00feau og lofa Drottin.<a name=\"20\"><span class=\"versanumer\">20<\/span><\/a>\u00deetta er hli\u00f0 Drottins, r\u00e9ttl\u00e1tir menn fara inn um \u00fea\u00f0.<a name=\"21\"><span class=\"versanumer\">21<\/span><\/a>\u00c9g lofa \u00feig, af \u00fev\u00ed a\u00f0 \u00fe\u00fa b\u00e6nheyr\u00f0ir mig og ert or\u00f0inn m\u00e9r hj\u00e1lpr\u00e6\u00f0i.<a name=\"22\"><span class=\"versanumer\">22<\/span><\/a>Steinninn sem smi\u00f0irnir h\u00f6fnu\u00f0u er or\u00f0inn a\u00f0 hyrningarsteini.<a name=\"23\"><span class=\"versanumer\">23<\/span><\/a>A\u00f0 tilhlutun Drottins er \u00feetta or\u00f0i\u00f0, \u00fea\u00f0 er d\u00e1samlegt \u00ed augum vorum.<a name=\"24\"><span class=\"versanumer\">24<\/span><\/a>\u00deetta er dagurinn sem Drottinn hefir gj\u00f6rt, f\u00f6gnum, verum gla\u00f0ir \u00e1 honum.<a name=\"25\"><span class=\"versanumer\">25<\/span><\/a>Drottinn, hj\u00e1lpa \u00fe\u00fa, Drottinn, gef \u00fe\u00fa gengi!<a name=\"26\"><span class=\"versanumer\">26<\/span><\/a>Blessa\u00f0ur s\u00e9 s\u00e1 sem kemur \u00ed nafni Drottins, fr\u00e1 h\u00fasi Drottins blessum v\u00e9r y\u00f0ur.<a name=\"27\"><span class=\"versanumer\">27<\/span><\/a>Drottinn er Gu\u00f0, hann l\u00e6tur oss sk\u00edna lj\u00f3s. Tengi\u00f0 saman dansra\u00f0irnar me\u00f0 laufgreinum, allt inn a\u00f0 altarishornunum.<a name=\"28\"><span class=\"versanumer\">28<\/span><\/a>\u00de\u00fa ert Gu\u00f0 minn, og \u00e9g \u00feakka \u00fe\u00e9r, Gu\u00f0 minn, \u00e9g vegsama \u00feig.<a name=\"29\"><span class=\"versanumer\">29<\/span><\/a>\u00deakki\u00f0 Drottni, \u00fev\u00ed a\u00f0 hann er g\u00f3\u00f0ur, \u00fev\u00ed a\u00f0 miskunn hans varir a\u00f0 eil\u00edfu.<\/p>\n<div class=\"footnote1981\"><b>118.1<\/b> \u00deakki\u00f0 Drottni Slm 105.1+ &#8211; hann er g\u00f3\u00f0ur, miskunn hans &#8230; Slm 106.1+<br \/>\n<b>118.3<\/b> Arons \u00e6tt Slm 115.10+<br \/>\n<b>118.4<\/b> \u00d3ttast Drottin Slm 15.4+<br \/>\n<b>118.5<\/b> \u00c1kalla Drottin, hann b\u00e6nheyrir Slm 99.6+ ; sbr 3.5+<br \/>\n<b>118.6<\/b> Drottinn er me\u00f0 m\u00e9r Heb 13.6; Jer 1.8; R\u00f3m 8.31 \u2013 \u00e9g \u00f3ttast eigi Slm 56.5; Jes 12.2; 41.10-14; 43.1; 44.2; Jer 1.8; Sef 3.16 \u2013 hva\u00f0 geta menn &#8230;? Jes 51.12; Jer 1.19<br \/>\n<b>118.7<\/b> \u00d3farir hatursmanna Slm 54.9+<br \/>\n<b>118.8<\/b> Leita h\u00e6lis Slm 7.2+ &#8211; hj\u00e1lp manna f\u00e1n\u00fdt Slm 60.13; Jer 17.5,7; sbr Slm 62.9,10<br \/>\n<b>118.9<\/b> Treysta tignarm\u00f6nnum Slm 146.3; Jes 30.3<br \/>\n<b>118.10<\/b> Umkringdu Slm 22.13<br \/>\n<b>118.12<\/b> Eldur \u00ed \u00feyrnum Jes 33.12<br \/>\n<b>118.13<\/b> M\u00e9r var hrint Slm 62.4<br \/>\n<b>118.14<\/b> Styrkur minn og lofs\u00f6ngur sbr 2M\u00f3s 15.2; Jes 12.2<br \/>\n<b>118.15<\/b> H\u00e6gri h\u00f6nd Drottins 2M\u00f3s 15.6<br \/>\n<b>118.17<\/b> Kunngj\u00f6ra d\u00e1\u00f0ir Drottins Slm 9.2+ ; Jer 51.10<br \/>\n<b>118.18<\/b> Hefir hirt mig Slm 107.12; Jer 30.11; 31.18 \u2013 en &#8230; SSal 12.21-22; 2Kor 6.9<br \/>\n<b>118.19<\/b> Lj\u00faki\u00f0 upp hli\u00f0um Slm 24.7; Jes 26.2<br \/>\n<b>118.20<\/b> R\u00e9ttl\u00e1tir ganga inn Slm 15.2-3; 24.4<br \/>\n<b>118.21<\/b> B\u00e6nheyr\u00f0ir mig Slm 66.19; 116.1-2<br \/>\n<b>118.22<\/b> Or\u00f0inn a\u00f0 hyrningarsteini Jes 28.16; Sak 4.7; Mrk 12.10 og hlst; Post 4.11; 1P\u00e9t 2.4-7<br \/>\n<b>118.24<\/b> \u00deetta er dagurinn Slm 75.3; Jes 49.8; Neh 8.9<br \/>\n<b>118.25<\/b> Gef \u00fe\u00fa gengi Jer 31.7, J\u00f3h 12.13 og hlst.<br \/>\n<b>118.26<\/b> Blessa\u00f0ur s\u00e9 Slm 28.6+ &#8211; \u00ed nafni Drottins 5M\u00f3s 21.5; Matt 21.9 og hlst; 23.39 \u2013 v\u00e9r blessum y\u00f0ur Slm 129.8 \u2013 fr\u00e1 h\u00fasi Drottins Slm 20.3+<br \/>\n<b>118.27<\/b> Drottin er Gu\u00f0 5M\u00f3s 4.35; 1Kon 18.39 \u2013 lj\u00f3s Slm 18.29; 67.2, 2M\u00f3s 13.21; 4M\u00f3s 6.25; Jes 60.1; 1J\u00f3h 2.8; sbr 27.1<br \/>\n<b>118.28<\/b> Gu\u00f0 minn Slm 22.11+ &#8211; \u00e9g vegsama \u00feig Jes 25.1; sbr Slm 99.5; 107.32; L\u00fak 1.46<\/div>\n","protected":false},"excerpt":{"rendered":"<p>1\u00deakki\u00f0 Drottni, \u00fev\u00ed a\u00f0 hann er g\u00f3\u00f0ur, \u00fev\u00ed a\u00f0 miskunn hans varir a\u00f0 eil\u00edfu.2\u00dea\u00f0 m\u00e6li \u00cdsrael: \u00dev\u00ed a\u00f0 miskunn hans varir a\u00f0 eil\u00edfu!3\u00dea\u00f0 m\u00e6li Arons \u00e6tt: \u00dev\u00ed a\u00f0 miskunn hans varir a\u00f0 eil\u00edfu!4\u00dea\u00f0 m\u00e6li \u00feeir sem \u00f3ttast Drottin: \u00dev\u00ed a\u00f0 miskunn hans varir a\u00f0 eil\u00edfu!5\u00cd \u00ferengingunni \u00e1kalla\u00f0i \u00e9g Drottin, hann b\u00e6nheyr\u00f0i mig og r\u00fdmka\u00f0i um mig.6Drottinn er me\u00f0 m\u00e9r, \u00e9g \u00f3ttast eigi, hva\u00f0 geta menn gj\u00f6rt m\u00e9r?7Drottinn er me\u00f0 m\u00e9r me\u00f0 hj\u00e1lp s\u00edna, og \u00e9g mun f\u00e1 a\u00f0 horfa \u00e1 \u00f3farir hatursmanna minna.8Betra er a\u00f0 leita h\u00e6lis hj\u00e1 Drottni en a\u00f0 treysta m\u00f6nnum,9betra er a\u00f0 leita h\u00e6lis hj\u00e1 Drottni en <a href=\"https:\/\/biblian.is\/1981\/salmarnir-118-kafli\/\"> [&#8230;]<\/a><\/p>\n","protected":false},"author":1,"featured_media":0,"parent":0,"menu_order":0,"comment_status":"open","ping_status":"open","template":"bibliukaflar.php","meta":{"footnotes":""},"class_list":["post-1943","page","type-page","status-publish","hentry"],"_links":{"self":[{"href":"https:\/\/biblian.is\/1981\/wp-json\/wp\/v2\/pages\/1943","targetHints":{"allow":["GET"]}}],"collection":[{"href":"https:\/\/biblian.is\/1981\/wp-json\/wp\/v2\/pages"}],"about":[{"href":"https:\/\/biblian.is\/1981\/wp-json\/wp\/v2\/types\/page"}],"author":[{"embeddable":true,"href":"https:\/\/biblian.is\/1981\/wp-json\/wp\/v2\/users\/1"}],"replies":[{"embeddable":true,"href":"https:\/\/biblian.is\/1981\/wp-json\/wp\/v2\/comments?post=1943"}],"version-history":[{"count":0,"href":"https:\/\/biblian.is\/1981\/wp-json\/wp\/v2\/pages\/1943\/revisions"}],"wp:attachment":[{"href":"https:\/\/biblian.is\/1981\/wp-json\/wp\/v2\/media?parent=1943"}],"curies":[{"name":"wp","href":"https:\/\/api.w.org\/{rel}","templated":true}]}}