{"id":1942,"date":"2017-11-18T20:19:21","date_gmt":"2017-11-18T20:19:21","guid":{"rendered":"http:\/\/biblian.is\/1981\/salmarnir-117-kafli\/"},"modified":"2021-06-06T11:06:30","modified_gmt":"2021-06-06T11:06:30","slug":"salmarnir-117-kafli","status":"publish","type":"page","link":"https:\/\/biblian.is\/1981\/salmarnir-117-kafli\/","title":{"rendered":"S\u00e1lmarnir 117. kafli"},"content":{"rendered":"<p><a name=\"1\"><span class=\"versanumer\">1<\/span><\/a>Lofi\u00f0 Drottin, allar \u00fej\u00f3\u00f0ir, vegsami\u00f0 hann, allir l\u00fd\u00f0ir,<a name=\"2\"><span class=\"versanumer\">2<\/span><\/a>\u00fev\u00ed a\u00f0 miskunn hans er voldug yfir oss, og tr\u00fafesti Drottins varir a\u00f0 eil\u00edfu. Halel\u00faja.<\/p>\n<div class=\"footnote1981\"><b>117.1<\/b> Lofi\u00f0 Drottinn, allar \u00fej\u00f3\u00f0ir R\u00f3m 15.11<br \/>\n<b>117.2<\/b> Miskunn hans Slm 103.11; R\u00f3m 5.20 \u2013 eil\u00edf tr\u00fafesti Slm 100.5; M\u00edk 7.20 \u2013 hallel\u00faja Slm 104.35+<\/div>\n","protected":false},"excerpt":{"rendered":"<p>1Lofi\u00f0 Drottin, allar \u00fej\u00f3\u00f0ir, vegsami\u00f0 hann, allir l\u00fd\u00f0ir,2\u00fev\u00ed a\u00f0 miskunn hans er voldug yfir oss, og tr\u00fafesti Drottins varir a\u00f0 eil\u00edfu. Halel\u00faja. 117.1 Lofi\u00f0 Drottinn, allar \u00fej\u00f3\u00f0ir R\u00f3m 15.11 117.2 Miskunn hans Slm 103.11; R\u00f3m 5.20 \u2013 eil\u00edf tr\u00fafesti Slm 100.5; M\u00edk 7.20 \u2013 hallel\u00faja Slm 104.35+<\/p>\n","protected":false},"author":1,"featured_media":0,"parent":0,"menu_order":0,"comment_status":"open","ping_status":"open","template":"bibliukaflar.php","meta":{"footnotes":""},"class_list":["post-1942","page","type-page","status-publish","hentry"],"_links":{"self":[{"href":"https:\/\/biblian.is\/1981\/wp-json\/wp\/v2\/pages\/1942","targetHints":{"allow":["GET"]}}],"collection":[{"href":"https:\/\/biblian.is\/1981\/wp-json\/wp\/v2\/pages"}],"about":[{"href":"https:\/\/biblian.is\/1981\/wp-json\/wp\/v2\/types\/page"}],"author":[{"embeddable":true,"href":"https:\/\/biblian.is\/1981\/wp-json\/wp\/v2\/users\/1"}],"replies":[{"embeddable":true,"href":"https:\/\/biblian.is\/1981\/wp-json\/wp\/v2\/comments?post=1942"}],"version-history":[{"count":0,"href":"https:\/\/biblian.is\/1981\/wp-json\/wp\/v2\/pages\/1942\/revisions"}],"wp:attachment":[{"href":"https:\/\/biblian.is\/1981\/wp-json\/wp\/v2\/media?parent=1942"}],"curies":[{"name":"wp","href":"https:\/\/api.w.org\/{rel}","templated":true}]}}