{"id":1941,"date":"2017-11-18T20:19:21","date_gmt":"2017-11-18T20:19:21","guid":{"rendered":"http:\/\/biblian.is\/1981\/salmarnir-116-kafli\/"},"modified":"2021-06-06T11:06:28","modified_gmt":"2021-06-06T11:06:28","slug":"salmarnir-116-kafli","status":"publish","type":"page","link":"https:\/\/biblian.is\/1981\/salmarnir-116-kafli\/","title":{"rendered":"S\u00e1lmarnir 116. kafli"},"content":{"rendered":"<p><a name=\"1\"><span class=\"versanumer\">1<\/span><\/a>\u00c9g elska Drottin, af \u00fev\u00ed a\u00f0 hann heyrir gr\u00e1tbei\u00f0ni m\u00edna.<a name=\"2\"><span class=\"versanumer\">2<\/span><\/a>Hann hefir hneigt eyra sitt a\u00f0 m\u00e9r, og alla \u00e6vi vil \u00e9g \u00e1kalla hann.<a name=\"3\"><span class=\"versanumer\">3<\/span><\/a>Sn\u00f6rur dau\u00f0ans umkringdu mig, angist Heljar m\u00e6tti m\u00e9r, \u00e9g m\u00e6tti nau\u00f0um og harmi.<a name=\"4\"><span class=\"versanumer\">4<\/span><\/a>\u00de\u00e1 \u00e1kalla\u00f0i \u00e9g nafn Drottins: \u00d3, Drottinn, bjarga s\u00e1l minni!<a name=\"5\"><span class=\"versanumer\">5<\/span><\/a>N\u00e1\u00f0ugur er Drottinn og r\u00e9ttl\u00e1tur, og vor Gu\u00f0 er miskunnsamur.<a name=\"6\"><span class=\"versanumer\">6<\/span><\/a>Drottinn var\u00f0veitir varnarlausa, \u00feegar \u00e9g var m\u00e1ttvana hj\u00e1lpa\u00f0i hann m\u00e9r.<a name=\"7\"><span class=\"versanumer\">7<\/span><\/a>Ver\u00f0 \u00fe\u00fa aftur r\u00f3leg, s\u00e1la m\u00edn, \u00fev\u00ed a\u00f0 Drottinn gj\u00f6rir vel til \u00fe\u00edn.<a name=\"8\"><span class=\"versanumer\">8<\/span><\/a>J\u00e1, \u00fe\u00fa hreifst s\u00e1l m\u00edna fr\u00e1 dau\u00f0a, auga mitt fr\u00e1 gr\u00e1ti, f\u00f3t minn fr\u00e1 hr\u00f6sun.<a name=\"9\"><span class=\"versanumer\">9<\/span><\/a>\u00c9g geng frammi fyrir Drottni \u00e1 landi lifenda.<a name=\"10\"><span class=\"versanumer\">10<\/span><\/a>\u00c9g tr\u00fa\u00f0i, \u00fe\u00f3 \u00e9g seg\u00f0i: \u00c9g er mj\u00f6g beyg\u00f0ur.<a name=\"11\"><span class=\"versanumer\">11<\/span><\/a>\u00c9g sag\u00f0i \u00ed angist minni: Allir menn lj\u00faga.<a name=\"12\"><span class=\"versanumer\">12<\/span><\/a>Hva\u00f0 \u00e1 \u00e9g a\u00f0 gjalda Drottni fyrir allar velgj\u00f6r\u00f0ir hans vi\u00f0 mig?<a name=\"13\"><span class=\"versanumer\">13<\/span><\/a>\u00c9g lyfti upp bikar hj\u00e1lpr\u00e6\u00f0isins og \u00e1kalla nafn Drottins.<a name=\"14\"><span class=\"versanumer\">14<\/span><\/a>\u00c9g grei\u00f0i Drottni heit m\u00edn, og \u00fea\u00f0 \u00ed augs\u00fdn alls l\u00fd\u00f0s hans.<a name=\"15\"><span class=\"versanumer\">15<\/span><\/a>D\u00fdr er \u00ed augum Drottins dau\u00f0i d\u00fdrkenda hans.<a name=\"16\"><span class=\"versanumer\">16<\/span><\/a>\u00c6, Drottinn, v\u00edst er \u00e9g \u00fej\u00f3nn \u00feinn, \u00e9g er \u00fej\u00f3nn \u00feinn, sonur amb\u00e1ttar \u00feinnar, \u00fe\u00fa leystir fj\u00f6tra m\u00edna.<a name=\"17\"><span class=\"versanumer\">17<\/span><\/a>\u00de\u00e9r f\u00e6ri \u00e9g \u00feakkarf\u00f3rn og \u00e1kalla nafn Drottins.<a name=\"18\"><span class=\"versanumer\">18<\/span><\/a>\u00c9g grei\u00f0i Drottni heit m\u00edn, og \u00fea\u00f0 \u00ed augs\u00fdn alls l\u00fd\u00f0s hans,<a name=\"19\"><span class=\"versanumer\">19<\/span><\/a>\u00ed forg\u00f6r\u00f0um h\u00fass Drottins, \u00ed \u00fe\u00e9r, Jer\u00fasalem. Halel\u00faja.<\/p>\n<div class=\"footnote1981\"><b>116.1<\/b> \u00c9g elska Drottinn Slm 18.2 \u2013 heyrir gr\u00e1tbei\u00f0ni Slm 28.2; 66.19<br \/>\n<b>116.2<\/b> Gu\u00f0 hneigir eyra sitt Slm 102.3<br \/>\n<b>116.3<\/b> Sn\u00f6rur dau\u00f0ans Slm 18.5 \u2013 m\u00e6ta nau\u00f0um og harmi Slm 31.11<br \/>\n<b>116.4<\/b> \u00c1kalla nafn Drottins Slm 118.5 \u2013 bjarga l\u00edfi m\u00ednu Slm 16.5; 22.6<br \/>\n<b>116.5<\/b> N\u00e1\u00f0ugur og r\u00e9ttl\u00e1tur 2M\u00f3s 34.6+ ; Slm 112.4; 145.17 \u2013 miskunnsamur Slm 103.13<br \/>\n<b>116.6<\/b> \u00cd nau\u00f0um Slm 142.7<br \/>\n<b>116.7<\/b> Drottinn gerir vel Slm 13.6<br \/>\n<b>116.8<\/b> Bjarga fr\u00e1 dau\u00f0a Slm 16.10; 49.16; 86.13; VDan 3.66; Post 2.24; sbr Heb 5.7 \u2013 t\u00e1rum Jes 25.8; Opb 21.4 \u2013 fr\u00e1 hr\u00f6sun Slm 56.14<br \/>\n<b>116.11<\/b> \u00cd angist Slm 31.2 \u2013 allir menn lj\u00faga Slm 12.3; 62.10; R\u00f3m 3.4<br \/>\n<b>116.13<\/b> Bikar hj\u00e1lpr\u00e6\u00f0isins 1Kor 10.16<br \/>\n<b>116.14<\/b> Grei\u00f0a heit Slm 116.18; 50.14; 56.13; J\u00f3n 2.10<br \/>\n<b>116.15<\/b> D\u00fdr er \u2026 Slm 72.14<br \/>\n<b>116.16<\/b> \u00dej\u00f3nn \u00feinn Slm 119.125; 143.12 \u2013 leysir fj\u00f6tra Jer 30.8<br \/>\n<b>116.17<\/b> \u00deakkarf\u00f3rn Slm 107.22; sbr 3M\u00f3s 7.12<br \/>\n<b>116.19<\/b> Hallel\u00faja Slm 104.34+<\/div>\n","protected":false},"excerpt":{"rendered":"<p>1\u00c9g elska Drottin, af \u00fev\u00ed a\u00f0 hann heyrir gr\u00e1tbei\u00f0ni m\u00edna.2Hann hefir hneigt eyra sitt a\u00f0 m\u00e9r, og alla \u00e6vi vil \u00e9g \u00e1kalla hann.3Sn\u00f6rur dau\u00f0ans umkringdu mig, angist Heljar m\u00e6tti m\u00e9r, \u00e9g m\u00e6tti nau\u00f0um og harmi.4\u00de\u00e1 \u00e1kalla\u00f0i \u00e9g nafn Drottins: \u00d3, Drottinn, bjarga s\u00e1l minni!5N\u00e1\u00f0ugur er Drottinn og r\u00e9ttl\u00e1tur, og vor Gu\u00f0 er miskunnsamur.6Drottinn var\u00f0veitir varnarlausa, \u00feegar \u00e9g var m\u00e1ttvana hj\u00e1lpa\u00f0i hann m\u00e9r.7Ver\u00f0 \u00fe\u00fa aftur r\u00f3leg, s\u00e1la m\u00edn, \u00fev\u00ed a\u00f0 Drottinn gj\u00f6rir vel til \u00fe\u00edn.8J\u00e1, \u00fe\u00fa hreifst s\u00e1l m\u00edna fr\u00e1 dau\u00f0a, auga mitt fr\u00e1 gr\u00e1ti, f\u00f3t minn fr\u00e1 hr\u00f6sun.9\u00c9g geng frammi fyrir Drottni \u00e1 landi lifenda.10\u00c9g tr\u00fa\u00f0i, \u00fe\u00f3 \u00e9g seg\u00f0i: \u00c9g <a href=\"https:\/\/biblian.is\/1981\/salmarnir-116-kafli\/\"> [&#8230;]<\/a><\/p>\n","protected":false},"author":1,"featured_media":0,"parent":0,"menu_order":0,"comment_status":"open","ping_status":"open","template":"bibliukaflar.php","meta":{"footnotes":""},"class_list":["post-1941","page","type-page","status-publish","hentry"],"_links":{"self":[{"href":"https:\/\/biblian.is\/1981\/wp-json\/wp\/v2\/pages\/1941","targetHints":{"allow":["GET"]}}],"collection":[{"href":"https:\/\/biblian.is\/1981\/wp-json\/wp\/v2\/pages"}],"about":[{"href":"https:\/\/biblian.is\/1981\/wp-json\/wp\/v2\/types\/page"}],"author":[{"embeddable":true,"href":"https:\/\/biblian.is\/1981\/wp-json\/wp\/v2\/users\/1"}],"replies":[{"embeddable":true,"href":"https:\/\/biblian.is\/1981\/wp-json\/wp\/v2\/comments?post=1941"}],"version-history":[{"count":0,"href":"https:\/\/biblian.is\/1981\/wp-json\/wp\/v2\/pages\/1941\/revisions"}],"wp:attachment":[{"href":"https:\/\/biblian.is\/1981\/wp-json\/wp\/v2\/media?parent=1941"}],"curies":[{"name":"wp","href":"https:\/\/api.w.org\/{rel}","templated":true}]}}