{"id":1940,"date":"2017-11-18T20:19:21","date_gmt":"2017-11-18T20:19:21","guid":{"rendered":"http:\/\/biblian.is\/1981\/salmarnir-115-kafli\/"},"modified":"2021-06-06T11:06:26","modified_gmt":"2021-06-06T11:06:26","slug":"salmarnir-115-kafli","status":"publish","type":"page","link":"https:\/\/biblian.is\/1981\/salmarnir-115-kafli\/","title":{"rendered":"S\u00e1lmarnir 115. kafli"},"content":{"rendered":"<p><a name=\"1\"><span class=\"versanumer\">1<\/span><\/a>Gef eigi oss, Drottinn, eigi oss, heldur \u00fe\u00ednu nafni d\u00fdr\u00f0ina sakir miskunnar \u00feinnar og tr\u00fafesti.<a name=\"2\"><span class=\"versanumer\">2<\/span><\/a>Hv\u00ed eiga hei\u00f0ingjarnir a\u00f0 segja: Hvar er Gu\u00f0 \u00feeirra?<a name=\"3\"><span class=\"versanumer\">3<\/span><\/a>En vor Gu\u00f0 er \u00ed himninum, allt sem honum \u00fe\u00f3knast, \u00fea\u00f0 gj\u00f6rir hann.<a name=\"4\"><span class=\"versanumer\">4<\/span><\/a>Skur\u00f0go\u00f0 \u00feeirra eru silfur og gull, handaverk manna.<a name=\"5\"><span class=\"versanumer\">5<\/span><\/a>\u00deau hafa munn, en tala ekki, augu, en sj\u00e1 ekki,<a name=\"6\"><span class=\"versanumer\">6<\/span><\/a>\u00feau hafa eyru, en heyra ekki, nef, en finna engan \u00feef.<a name=\"7\"><span class=\"versanumer\">7<\/span><\/a>\u00deau hafa hendur, en \u00fereifa ekki, f\u00e6tur, en ganga ekki, \u00feau tala eigi me\u00f0 barka s\u00ednum.<a name=\"8\"><span class=\"versanumer\">8<\/span><\/a>Eins og \u00feau eru, ver\u00f0a smi\u00f0ir \u00feeirra, allir \u00feeir er \u00e1 \u00feau treysta.<a name=\"9\"><span class=\"versanumer\">9<\/span><\/a>En \u00cdsrael treystir Drottni, hann er hj\u00e1lp \u00feeirra og skj\u00f6ldur.<a name=\"10\"><span class=\"versanumer\">10<\/span><\/a>Arons \u00e6tt treystir Drottni, hann er hj\u00e1lp \u00feeirra og skj\u00f6ldur.<a name=\"11\"><span class=\"versanumer\">11<\/span><\/a>\u00deeir sem \u00f3ttast Drottin treysta Drottni, hann er hj\u00e1lp \u00feeirra og skj\u00f6ldur.<a name=\"12\"><span class=\"versanumer\">12<\/span><\/a>Drottinn minnist vor, hann mun blessa, hann mun blessa \u00cdsraels \u00e6tt, hann mun blessa Arons \u00e6tt,<a name=\"13\"><span class=\"versanumer\">13<\/span><\/a>hann mun blessa \u00fe\u00e1 er \u00f3ttast Drottin, yngri sem eldri.<a name=\"14\"><span class=\"versanumer\">14<\/span><\/a>Drottinn mun fj\u00f6lga y\u00f0ur, sj\u00e1lfum y\u00f0ur og b\u00f6rnum y\u00f0ar.<a name=\"15\"><span class=\"versanumer\">15<\/span><\/a>\u00de\u00e9r eru\u00f0 blessa\u00f0ir af Drottni, skapara himins og jar\u00f0ar.<a name=\"16\"><span class=\"versanumer\">16<\/span><\/a>Himinninn er himinn Drottins, en j\u00f6r\u00f0ina hefir hann gefi\u00f0 mannanna b\u00f6rnum.<a name=\"17\"><span class=\"versanumer\">17<\/span><\/a>Eigi lofa anda\u00f0ir menn Drottin, n\u00e9 heldur neinn s\u00e1, sem hniginn er \u00ed dau\u00f0a\u00fe\u00f6gn,<a name=\"18\"><span class=\"versanumer\">18<\/span><\/a>en v\u00e9r viljum lofa Drottin, h\u00e9\u00f0an \u00ed fr\u00e1 og a\u00f0 eil\u00edfu. Halel\u00faja.<\/p>\n<div class=\"footnote1981\"><b>115.1<\/b> Gu\u00f0s er d\u00fdr\u00f0in Jes 48.11; Esk 36.22; VDan 3.20; Post 12.23 \u2013 miskunn og tr\u00fafesti Gu\u00f0s Slm 108.5; sbr 25.10+<br \/>\n<b>115.2<\/b> Hv\u00ed skyldu \u00fej\u00f3\u00f0irnar &#8230;? Slm 79.10+ ; 2M\u00f3s 32.12, 4M\u00f3s 14.15-16<br \/>\n<b>115.3<\/b> \u00c1 himni Slm 2.4+ ; 11.4; 123.1+ &#8211; sem honum \u00fe\u00f3knast Slm 135.6<br \/>\n<b>115.4-7<\/b> F\u00e1n\u00fdti skur\u00f0go\u00f0a Slm 135.15-18; 5M\u00f3s 4.28; Jes 40.19-20; 41.6-7; 44.9-20; 46.6-7; Jer 10.3-15; 16.20; H\u00f3s 8.5-6; Hab 2.18, SSal 13.10-14,31; 15.15;VDan 2; Post 19.26; Opb 9.20;<br \/>\n<b>115.8<\/b> Eins og \u00feau &#8230; 5M\u00f3s 27.15; Jer 2.5; SSal 14.8<br \/>\n<b>115.9<\/b> Treysta Drottni Slm 9.11+ ; 55.24+ &#8211; hj\u00e1lp og skj\u00f6ldur Slm 33.20, sbr 3.4+<br \/>\n<b>115.10<\/b> Arons \u00e6tt Slm 118.3; 135.19<br \/>\n<b>115.11<\/b> \u00d3ttast Drottinn Slm 15.4+<br \/>\n<b>115.12<\/b> Drottinn minnist vor Jes 49.15 \u2013 mun blessa Slm 28.9; 67.7; 109.28; Ef 1.3 \u2013 \u00cdsrael 4M\u00f3s 6.23-26 \u2013 Arons \u00e6tt sbr Jer 33.18<br \/>\n<b>115.13<\/b> Blessa \u00fe\u00e1 er \u00f3ttast Drottinn Slm 128.4 \u2013 h\u00e1a sem l\u00e1ga Jer 31.34; Opb 11.18<br \/>\n<b>115.14<\/b> Y\u00f0ur og b\u00f6rnum y\u00f0ar 5M\u00f3s 1.11; Post 2.39<br \/>\n<b>115.15<\/b> Blessa\u00f0ir af skaparanum Slm 134.3; 1M\u00f3s 14.19, sbr Rut 2.20 \u2013 himin og j\u00f6r\u00f0 Slm 121.2+<br \/>\n<b>115.16<\/b> Himininn Slm 115.3+ &#8211; gefi\u00f0 j\u00f6r\u00f0ina m\u00f6nnunum Jer 27.5; Post 17.26<br \/>\n<b>115.17<\/b> Lofa eigi Slm 6.6+<br \/>\n<b>115.18<\/b> En v\u00e9r &#8230; Jes 38.19 \u2013 a\u00f0 eil\u00edfu Slm 113.2, 121.8 \u2013 hallel\u00faja Slm 104.35+<\/div>\n","protected":false},"excerpt":{"rendered":"<p>1Gef eigi oss, Drottinn, eigi oss, heldur \u00fe\u00ednu nafni d\u00fdr\u00f0ina sakir miskunnar \u00feinnar og tr\u00fafesti.2Hv\u00ed eiga hei\u00f0ingjarnir a\u00f0 segja: Hvar er Gu\u00f0 \u00feeirra?3En vor Gu\u00f0 er \u00ed himninum, allt sem honum \u00fe\u00f3knast, \u00fea\u00f0 gj\u00f6rir hann.4Skur\u00f0go\u00f0 \u00feeirra eru silfur og gull, handaverk manna.5\u00deau hafa munn, en tala ekki, augu, en sj\u00e1 ekki,6\u00feau hafa eyru, en heyra ekki, nef, en finna engan \u00feef.7\u00deau hafa hendur, en \u00fereifa ekki, f\u00e6tur, en ganga ekki, \u00feau tala eigi me\u00f0 barka s\u00ednum.8Eins og \u00feau eru, ver\u00f0a smi\u00f0ir \u00feeirra, allir \u00feeir er \u00e1 \u00feau treysta.9En \u00cdsrael treystir Drottni, hann er hj\u00e1lp \u00feeirra og skj\u00f6ldur.10Arons \u00e6tt treystir Drottni, <a href=\"https:\/\/biblian.is\/1981\/salmarnir-115-kafli\/\"> [&#8230;]<\/a><\/p>\n","protected":false},"author":1,"featured_media":0,"parent":0,"menu_order":0,"comment_status":"open","ping_status":"open","template":"bibliukaflar.php","meta":{"footnotes":""},"class_list":["post-1940","page","type-page","status-publish","hentry"],"_links":{"self":[{"href":"https:\/\/biblian.is\/1981\/wp-json\/wp\/v2\/pages\/1940","targetHints":{"allow":["GET"]}}],"collection":[{"href":"https:\/\/biblian.is\/1981\/wp-json\/wp\/v2\/pages"}],"about":[{"href":"https:\/\/biblian.is\/1981\/wp-json\/wp\/v2\/types\/page"}],"author":[{"embeddable":true,"href":"https:\/\/biblian.is\/1981\/wp-json\/wp\/v2\/users\/1"}],"replies":[{"embeddable":true,"href":"https:\/\/biblian.is\/1981\/wp-json\/wp\/v2\/comments?post=1940"}],"version-history":[{"count":0,"href":"https:\/\/biblian.is\/1981\/wp-json\/wp\/v2\/pages\/1940\/revisions"}],"wp:attachment":[{"href":"https:\/\/biblian.is\/1981\/wp-json\/wp\/v2\/media?parent=1940"}],"curies":[{"name":"wp","href":"https:\/\/api.w.org\/{rel}","templated":true}]}}