{"id":1939,"date":"2017-11-18T20:19:21","date_gmt":"2017-11-18T20:19:21","guid":{"rendered":"http:\/\/biblian.is\/1981\/salmarnir-114-kafli\/"},"modified":"2021-06-06T11:06:24","modified_gmt":"2021-06-06T11:06:24","slug":"salmarnir-114-kafli","status":"publish","type":"page","link":"https:\/\/biblian.is\/1981\/salmarnir-114-kafli\/","title":{"rendered":"S\u00e1lmarnir 114. kafli"},"content":{"rendered":"<p><a name=\"1\"><span class=\"versanumer\">1<\/span><\/a>\u00deegar \u00cdsrael f\u00f3r \u00fat af Egyptalandi, Jakobs \u00e6tt fr\u00e1 \u00fej\u00f3\u00f0inni, er m\u00e6lti \u00e1 erlenda tungu,<a name=\"2\"><span class=\"versanumer\">2<\/span><\/a>var\u00f0 J\u00fada helgid\u00f3mur hans, \u00cdsrael r\u00edki hans.<a name=\"3\"><span class=\"versanumer\">3<\/span><\/a>Hafi\u00f0 s\u00e1 \u00fea\u00f0 og fl\u00fd\u00f0i, J\u00f3rdan h\u00f6rfa\u00f0i undan.<a name=\"4\"><span class=\"versanumer\">4<\/span><\/a>Fj\u00f6llin hoppu\u00f0u sem hr\u00fatar, h\u00e6\u00f0irnar sem l\u00f6mb.<a name=\"5\"><span class=\"versanumer\">5<\/span><\/a>Hva\u00f0 er \u00fe\u00e9r, haf, er \u00fe\u00fa fl\u00fdr, J\u00f3rdan, er \u00fe\u00fa h\u00f6rfar undan,<a name=\"6\"><span class=\"versanumer\">6<\/span><\/a>\u00fe\u00e9r fj\u00f6ll, er \u00fe\u00e9r hoppi\u00f0 sem hr\u00fatar, \u00fe\u00e9r h\u00e6\u00f0ir sem l\u00f6mb?<a name=\"7\"><span class=\"versanumer\">7<\/span><\/a>Titra \u00fe\u00fa, j\u00f6r\u00f0, fyrir augliti Drottins, fyrir augliti Jakobs Gu\u00f0s,<a name=\"8\"><span class=\"versanumer\">8<\/span><\/a>hans sem gj\u00f6rir klettinn a\u00f0 vatnstj\u00f6rn, tinnusteininn a\u00f0 vatnslind.<\/p>\n<div class=\"footnote1981\"><b>114.1<\/b> \u00dat af Egyptalandi 2M\u00f3s 12.41<br \/>\n<b>114.2<\/b> J\u00fada, helgid\u00f3mur Gu\u00f0s Slm 78.68-69; 2M\u00f3s 15.17; 25.8, 3M\u00f3s 20.26; 5M\u00f3s 7.6; Jer 2.3; 1Kor 3.16; 6.19-20; sbr 1P\u00e9t 2.4-5<br \/>\n<b>114.3<\/b> Hafi\u00f0 fl\u00fd\u00f0i Slm 77.17; 104.7, 2M\u00f3s 14.21+<br \/>\n<b>114.4<\/b> Fj\u00f6llin stukku Slm 29.6; sbr 2M\u00f3s 19.18<br \/>\n<b>114.5<\/b> J\u00f3rdan h\u00f6rfar Slm 66.6; 74.15; J\u00f3s 3.15-16<br \/>\n<b>114.7<\/b> Fyrir augliti Gu\u00f0s Slm 96.9<br \/>\n<b>114.8<\/b> Gj\u00f6rir klettinn a\u00f0 vatnsflaumi Slm 78.15-16; 105.41; 107.35+ ; 2M\u00f3s 17.5-6; 5M\u00f3s 8.15; Neh 9.15<\/div>\n","protected":false},"excerpt":{"rendered":"<p>1\u00deegar \u00cdsrael f\u00f3r \u00fat af Egyptalandi, Jakobs \u00e6tt fr\u00e1 \u00fej\u00f3\u00f0inni, er m\u00e6lti \u00e1 erlenda tungu,2var\u00f0 J\u00fada helgid\u00f3mur hans, \u00cdsrael r\u00edki hans.3Hafi\u00f0 s\u00e1 \u00fea\u00f0 og fl\u00fd\u00f0i, J\u00f3rdan h\u00f6rfa\u00f0i undan.4Fj\u00f6llin hoppu\u00f0u sem hr\u00fatar, h\u00e6\u00f0irnar sem l\u00f6mb.5Hva\u00f0 er \u00fe\u00e9r, haf, er \u00fe\u00fa fl\u00fdr, J\u00f3rdan, er \u00fe\u00fa h\u00f6rfar undan,6\u00fe\u00e9r fj\u00f6ll, er \u00fe\u00e9r hoppi\u00f0 sem hr\u00fatar, \u00fe\u00e9r h\u00e6\u00f0ir sem l\u00f6mb?7Titra \u00fe\u00fa, j\u00f6r\u00f0, fyrir augliti Drottins, fyrir augliti Jakobs Gu\u00f0s,8hans sem gj\u00f6rir klettinn a\u00f0 vatnstj\u00f6rn, tinnusteininn a\u00f0 vatnslind. 114.1 \u00dat af Egyptalandi 2M\u00f3s 12.41 114.2 J\u00fada, helgid\u00f3mur Gu\u00f0s Slm 78.68-69; 2M\u00f3s 15.17; 25.8, 3M\u00f3s 20.26; 5M\u00f3s 7.6; Jer 2.3; 1Kor 3.16; 6.19-20; sbr 1P\u00e9t 2.4-5 114.3 <a href=\"https:\/\/biblian.is\/1981\/salmarnir-114-kafli\/\"> [&#8230;]<\/a><\/p>\n","protected":false},"author":1,"featured_media":0,"parent":0,"menu_order":0,"comment_status":"open","ping_status":"open","template":"bibliukaflar.php","meta":{"footnotes":""},"class_list":["post-1939","page","type-page","status-publish","hentry"],"_links":{"self":[{"href":"https:\/\/biblian.is\/1981\/wp-json\/wp\/v2\/pages\/1939","targetHints":{"allow":["GET"]}}],"collection":[{"href":"https:\/\/biblian.is\/1981\/wp-json\/wp\/v2\/pages"}],"about":[{"href":"https:\/\/biblian.is\/1981\/wp-json\/wp\/v2\/types\/page"}],"author":[{"embeddable":true,"href":"https:\/\/biblian.is\/1981\/wp-json\/wp\/v2\/users\/1"}],"replies":[{"embeddable":true,"href":"https:\/\/biblian.is\/1981\/wp-json\/wp\/v2\/comments?post=1939"}],"version-history":[{"count":0,"href":"https:\/\/biblian.is\/1981\/wp-json\/wp\/v2\/pages\/1939\/revisions"}],"wp:attachment":[{"href":"https:\/\/biblian.is\/1981\/wp-json\/wp\/v2\/media?parent=1939"}],"curies":[{"name":"wp","href":"https:\/\/api.w.org\/{rel}","templated":true}]}}