{"id":1938,"date":"2017-11-18T20:19:21","date_gmt":"2017-11-18T20:19:21","guid":{"rendered":"http:\/\/biblian.is\/1981\/salmarnir-113-kafli\/"},"modified":"2021-06-06T11:06:23","modified_gmt":"2021-06-06T11:06:23","slug":"salmarnir-113-kafli","status":"publish","type":"page","link":"https:\/\/biblian.is\/1981\/salmarnir-113-kafli\/","title":{"rendered":"S\u00e1lmarnir 113. kafli"},"content":{"rendered":"<p><a name=\"1\"><span class=\"versanumer\">1<\/span><\/a>Halel\u00faja. \u00dej\u00f3nar Drottins, lofi\u00f0, lofi\u00f0 nafn Drottins.<a name=\"2\"><span class=\"versanumer\">2<\/span><\/a>Nafn Drottins s\u00e9 blessa\u00f0 h\u00e9\u00f0an \u00ed fr\u00e1 og a\u00f0 eil\u00edfu.<a name=\"3\"><span class=\"versanumer\">3<\/span><\/a>Fr\u00e1 s\u00f3laruppr\u00e1s til s\u00f3larlags s\u00e9 nafn Drottins vegsama\u00f0.<a name=\"4\"><span class=\"versanumer\">4<\/span><\/a>Drottinn er hafinn yfir allar \u00fej\u00f3\u00f0ir og d\u00fdr\u00f0 hans yfir himnana.<a name=\"5\"><span class=\"versanumer\">5<\/span><\/a>Hver er sem Drottinn, Gu\u00f0 vor? Hann situr h\u00e1tt<a name=\"6\"><span class=\"versanumer\">6<\/span><\/a>og horfir dj\u00fapt \u00e1 himni og \u00e1 j\u00f6r\u00f0u.<a name=\"7\"><span class=\"versanumer\">7<\/span><\/a>Hann reisir l\u00edtilmagnann \u00far duftinu, lyftir snau\u00f0um upp \u00far saurnum<a name=\"8\"><span class=\"versanumer\">8<\/span><\/a>og lei\u00f0ir hann til s\u00e6tis hj\u00e1 tignarm\u00f6nnum, hj\u00e1 tignarm\u00f6nnum \u00fej\u00f3\u00f0ar hans.<a name=\"9\"><span class=\"versanumer\">9<\/span><\/a>Hann l\u00e6tur \u00f3byrjuna \u00ed h\u00fasinu b\u00faa \u00ed n\u00e6\u00f0i sem gla\u00f0a barnam\u00f3\u00f0ur. Halel\u00faja.<\/p>\n<div class=\"footnote1981\"><b>113.1<\/b> Hallel\u00faja Slm 106.1+ &#8211; \u00fej\u00f3nar Drottins Slm 134.1; 135.1; VDan 3.63 \u2013 lofa nafn Drottins Slm 135.1<br \/>\n<b>113.2<\/b> Blessa\u00f0 a\u00f0 eil\u00edfu Slm 41.14; Job 1.21; Dan 2.20<br \/>\n<b>113.3<\/b> S\u00f3laruppr\u00e1s, s\u00f3larlag Slm 50.1; Mal 1.11; sbr Jes 59.19<br \/>\n<b>113.4<\/b> Drottinn er hafinn yfir &#8230; Slm 57.6; 97.9; 99.2<br \/>\n<b>113.5<\/b> Hver er sem Drottinn? Slm 35.10+<br \/>\n<b>113.6<\/b> L\u00edtur til jar\u00f0ar Slm 11.4+ ; 138.6; Jes 63.15; sbr Ef 4.10<br \/>\n<b>113.7<\/b> Reisir l\u00edtilmagnann 1Sam 2.8; L\u00fak 1.52; Jak 2.5<br \/>\n<b>113.9<\/b> \u00d3byrja \u2026 m\u00f3\u00f0ir 1M\u00f3s 18.10-11; 25.21; 30.22; 1Sam 1.2,19-20; Jes 54.1; L\u00fak 1.7,13 \u2013 hallel\u00faja Slm 104.35+<\/div>\n","protected":false},"excerpt":{"rendered":"<p>1Halel\u00faja. \u00dej\u00f3nar Drottins, lofi\u00f0, lofi\u00f0 nafn Drottins.2Nafn Drottins s\u00e9 blessa\u00f0 h\u00e9\u00f0an \u00ed fr\u00e1 og a\u00f0 eil\u00edfu.3Fr\u00e1 s\u00f3laruppr\u00e1s til s\u00f3larlags s\u00e9 nafn Drottins vegsama\u00f0.4Drottinn er hafinn yfir allar \u00fej\u00f3\u00f0ir og d\u00fdr\u00f0 hans yfir himnana.5Hver er sem Drottinn, Gu\u00f0 vor? Hann situr h\u00e1tt6og horfir dj\u00fapt \u00e1 himni og \u00e1 j\u00f6r\u00f0u.7Hann reisir l\u00edtilmagnann \u00far duftinu, lyftir snau\u00f0um upp \u00far saurnum8og lei\u00f0ir hann til s\u00e6tis hj\u00e1 tignarm\u00f6nnum, hj\u00e1 tignarm\u00f6nnum \u00fej\u00f3\u00f0ar hans.9Hann l\u00e6tur \u00f3byrjuna \u00ed h\u00fasinu b\u00faa \u00ed n\u00e6\u00f0i sem gla\u00f0a barnam\u00f3\u00f0ur. Halel\u00faja. 113.1 Hallel\u00faja Slm 106.1+ &#8211; \u00fej\u00f3nar Drottins Slm 134.1; 135.1; VDan 3.63 \u2013 lofa nafn Drottins Slm 135.1 113.2 Blessa\u00f0 a\u00f0 eil\u00edfu <a href=\"https:\/\/biblian.is\/1981\/salmarnir-113-kafli\/\"> [&#8230;]<\/a><\/p>\n","protected":false},"author":1,"featured_media":0,"parent":0,"menu_order":0,"comment_status":"open","ping_status":"open","template":"bibliukaflar.php","meta":{"footnotes":""},"class_list":["post-1938","page","type-page","status-publish","hentry"],"_links":{"self":[{"href":"https:\/\/biblian.is\/1981\/wp-json\/wp\/v2\/pages\/1938","targetHints":{"allow":["GET"]}}],"collection":[{"href":"https:\/\/biblian.is\/1981\/wp-json\/wp\/v2\/pages"}],"about":[{"href":"https:\/\/biblian.is\/1981\/wp-json\/wp\/v2\/types\/page"}],"author":[{"embeddable":true,"href":"https:\/\/biblian.is\/1981\/wp-json\/wp\/v2\/users\/1"}],"replies":[{"embeddable":true,"href":"https:\/\/biblian.is\/1981\/wp-json\/wp\/v2\/comments?post=1938"}],"version-history":[{"count":0,"href":"https:\/\/biblian.is\/1981\/wp-json\/wp\/v2\/pages\/1938\/revisions"}],"wp:attachment":[{"href":"https:\/\/biblian.is\/1981\/wp-json\/wp\/v2\/media?parent=1938"}],"curies":[{"name":"wp","href":"https:\/\/api.w.org\/{rel}","templated":true}]}}