{"id":1937,"date":"2017-11-18T20:19:21","date_gmt":"2017-11-18T20:19:21","guid":{"rendered":"http:\/\/biblian.is\/1981\/salmarnir-112-kafli\/"},"modified":"2021-06-06T11:06:21","modified_gmt":"2021-06-06T11:06:21","slug":"salmarnir-112-kafli","status":"publish","type":"page","link":"https:\/\/biblian.is\/1981\/salmarnir-112-kafli\/","title":{"rendered":"S\u00e1lmarnir 112. kafli"},"content":{"rendered":"<p><a name=\"1\"><span class=\"versanumer\">1<\/span><\/a>Halel\u00faja. S\u00e6ll er s\u00e1 ma\u00f0ur, sem \u00f3ttast Drottin og hefir mikla unun af bo\u00f0um hans.<a name=\"2\"><span class=\"versanumer\">2<\/span><\/a>Ni\u00f0jar hans ver\u00f0a voldugir \u00e1 j\u00f6r\u00f0unni, \u00e6tt r\u00e9ttv\u00edsra mun blessun hlj\u00f3ta.<a name=\"3\"><span class=\"versanumer\">3<\/span><\/a>N\u00e6gtir og au\u00f0\u00e6fi eru \u00ed h\u00fasi hans, og r\u00e9ttl\u00e6ti hans stendur st\u00f6\u00f0ugt a\u00f0 eil\u00edfu.<a name=\"4\"><span class=\"versanumer\">4<\/span><\/a>Hann upprennur r\u00e9ttv\u00edsum sem lj\u00f3s \u00ed myrkrinu, mildur og me\u00f0aumkunarsamur og r\u00e9ttl\u00e1tur.<a name=\"5\"><span class=\"versanumer\">5<\/span><\/a>Vel farnast \u00feeim manni, sem er mildur og f\u00fas a\u00f0 l\u00e1na, sem framkv\u00e6mir m\u00e1lefni s\u00edn me\u00f0 r\u00e9ttv\u00edsi,<a name=\"6\"><span class=\"versanumer\">6<\/span><\/a>\u00fev\u00ed a\u00f0 hann mun eigi haggast a\u00f0 eil\u00edfu, hins r\u00e9ttl\u00e1ta mun minnst um eil\u00edf\u00f0.<a name=\"7\"><span class=\"versanumer\">7<\/span><\/a>Hann \u00f3ttast eigi ill t\u00ed\u00f0indi, hjarta hans er st\u00f6\u00f0ugt og treystir Drottni.<a name=\"8\"><span class=\"versanumer\">8<\/span><\/a>Hjarta hans er \u00f6ruggt, hann \u00f3ttast eigi, og loks f\u00e6r hann a\u00f0 horfa \u00e1 fjendur s\u00edna au\u00f0m\u00fdkta.<a name=\"9\"><span class=\"versanumer\">9<\/span><\/a>Hann hefir mi\u00f0la\u00f0 mildilega, gefi\u00f0 f\u00e1t\u00e6kum, r\u00e9ttl\u00e6ti hans stendur st\u00f6\u00f0ugt a\u00f0 eil\u00edfu, horn hans gn\u00e6fir h\u00e1tt \u00ed vegsemd.<a name=\"10\"><span class=\"versanumer\">10<\/span><\/a>Hinn \u00f3gu\u00f0legi s\u00e9r \u00fea\u00f0, og honum gremst, n\u00edstir t\u00f6nnum og tort\u00edmist. \u00d3sk \u00f3gu\u00f0legra ver\u00f0ur a\u00f0 engu.<\/p>\n<div class=\"footnote1981\"><b>112.1<\/b> Hallel\u00faja Slm 106.1+ &#8211; s\u00e6ll Slm 1.1+ &#8211; \u00f3ttast Drottinn Slm 115.13; 128.1; sbr S\u00edr 25.11; 34.14; Slm 15.4+ gle\u00f0st yfir bo\u00f0um Drottins Slm 119.48<br \/>\n<b>112.2<\/b> Ni\u00f0jar hans Slm 25.13; 102.29; Okv 20.7 \u2013 Hlj\u00f3ta blessun Okv 10.7<br \/>\n<b>112.3<\/b> R\u00e9ttl\u00e6ti hans Slm 112.9; 111.3<br \/>\n<b>112.4<\/b> Lj\u00f3s Slm 37.6; 97.11; Jes 58.10, J\u00f3h 8.12 \u2013 miskunns\u00f6mum og r\u00e9ttl\u00e1tum 2M\u00f3s 34.6+<br \/>\n<b>112.5<\/b> F\u00fas a\u00f0 l\u00e1na Slm 37.26; Okv 14.21; 19.17; L\u00fak 6.35<br \/>\n<b>112.6<\/b> Aldrei hrasa Slm 15.5+ ; sbr 55.23<br \/>\n<b>112.7<\/b> St\u00f6\u00f0ugt hjarta Slm 108.2 \u2013 treysta Drottni Slm 9.11+ ; 55.24+<br \/>\n<b>112.8<\/b> \u00d3ttast ekki Slm 27.3,14 \u2013 l\u00edta fall \u00f3vinanna Slm 54.9+<br \/>\n<b>112.9<\/b> Mi\u00f0la mildilega Slm 37.21; Okv 11.24; 21.26; 28.27; 2Kor 9.9<br \/>\n<b>112.10<\/b> Gn\u00edstir t\u00f6nnum Slm 35.16 \u2013 r\u00e6tast ekki Slm 1.6; Job 8.13<\/div>\n","protected":false},"excerpt":{"rendered":"<p>1Halel\u00faja. S\u00e6ll er s\u00e1 ma\u00f0ur, sem \u00f3ttast Drottin og hefir mikla unun af bo\u00f0um hans.2Ni\u00f0jar hans ver\u00f0a voldugir \u00e1 j\u00f6r\u00f0unni, \u00e6tt r\u00e9ttv\u00edsra mun blessun hlj\u00f3ta.3N\u00e6gtir og au\u00f0\u00e6fi eru \u00ed h\u00fasi hans, og r\u00e9ttl\u00e6ti hans stendur st\u00f6\u00f0ugt a\u00f0 eil\u00edfu.4Hann upprennur r\u00e9ttv\u00edsum sem lj\u00f3s \u00ed myrkrinu, mildur og me\u00f0aumkunarsamur og r\u00e9ttl\u00e1tur.5Vel farnast \u00feeim manni, sem er mildur og f\u00fas a\u00f0 l\u00e1na, sem framkv\u00e6mir m\u00e1lefni s\u00edn me\u00f0 r\u00e9ttv\u00edsi,6\u00fev\u00ed a\u00f0 hann mun eigi haggast a\u00f0 eil\u00edfu, hins r\u00e9ttl\u00e1ta mun minnst um eil\u00edf\u00f0.7Hann \u00f3ttast eigi ill t\u00ed\u00f0indi, hjarta hans er st\u00f6\u00f0ugt og treystir Drottni.8Hjarta hans er \u00f6ruggt, hann \u00f3ttast eigi, og loks f\u00e6r hann a\u00f0 <a href=\"https:\/\/biblian.is\/1981\/salmarnir-112-kafli\/\"> [&#8230;]<\/a><\/p>\n","protected":false},"author":1,"featured_media":0,"parent":0,"menu_order":0,"comment_status":"open","ping_status":"open","template":"bibliukaflar.php","meta":{"footnotes":""},"class_list":["post-1937","page","type-page","status-publish","hentry"],"_links":{"self":[{"href":"https:\/\/biblian.is\/1981\/wp-json\/wp\/v2\/pages\/1937","targetHints":{"allow":["GET"]}}],"collection":[{"href":"https:\/\/biblian.is\/1981\/wp-json\/wp\/v2\/pages"}],"about":[{"href":"https:\/\/biblian.is\/1981\/wp-json\/wp\/v2\/types\/page"}],"author":[{"embeddable":true,"href":"https:\/\/biblian.is\/1981\/wp-json\/wp\/v2\/users\/1"}],"replies":[{"embeddable":true,"href":"https:\/\/biblian.is\/1981\/wp-json\/wp\/v2\/comments?post=1937"}],"version-history":[{"count":0,"href":"https:\/\/biblian.is\/1981\/wp-json\/wp\/v2\/pages\/1937\/revisions"}],"wp:attachment":[{"href":"https:\/\/biblian.is\/1981\/wp-json\/wp\/v2\/media?parent=1937"}],"curies":[{"name":"wp","href":"https:\/\/api.w.org\/{rel}","templated":true}]}}