{"id":1936,"date":"2017-11-18T20:19:21","date_gmt":"2017-11-18T20:19:21","guid":{"rendered":"http:\/\/biblian.is\/1981\/salmarnir-111-kafli\/"},"modified":"2021-06-06T11:06:20","modified_gmt":"2021-06-06T11:06:20","slug":"salmarnir-111-kafli","status":"publish","type":"page","link":"https:\/\/biblian.is\/1981\/salmarnir-111-kafli\/","title":{"rendered":"S\u00e1lmarnir 111. kafli"},"content":{"rendered":"<p><a name=\"1\"><span class=\"versanumer\">1<\/span><\/a>Halel\u00faja. \u00c9g vil lofa Drottin af \u00f6llu hjarta, \u00ed f\u00e9lagi og s\u00f6fnu\u00f0i r\u00e9ttv\u00edsra.<a name=\"2\"><span class=\"versanumer\">2<\/span><\/a>Mikil eru verk Drottins, ver\u00f0 \u00edhugunar \u00f6llum \u00feeim, er hafa unun af \u00feeim.<a name=\"3\"><span class=\"versanumer\">3<\/span><\/a>Tign og vegsemd eru verk hans og r\u00e9ttl\u00e6ti hans stendur st\u00f6\u00f0ugt a\u00f0 eil\u00edfu.<a name=\"4\"><span class=\"versanumer\">4<\/span><\/a>Hann hefir l\u00e1ti\u00f0 d\u00e1semdarverka sinna minnst ver\u00f0a, n\u00e1\u00f0ugur og miskunnsamur er Drottinn.<a name=\"5\"><span class=\"versanumer\">5<\/span><\/a>Hann hefir gefi\u00f0 f\u00e6\u00f0u \u00feeim, er \u00f3ttast hann, hann minnist a\u00f0 eil\u00edfu s\u00e1ttm\u00e1la s\u00edns.<a name=\"6\"><span class=\"versanumer\">6<\/span><\/a>Hann hefir kunngj\u00f6rt \u00fej\u00f3\u00f0 sinni kraft verka sinna, me\u00f0 \u00fev\u00ed a\u00f0 gefa \u00feeim eignir hei\u00f0ingjanna.<a name=\"7\"><span class=\"versanumer\">7<\/span><\/a>Verk handa hans eru tr\u00fafesti og r\u00e9ttv\u00edsi, \u00f6ll fyrirm\u00e6li hans eru \u00e1rei\u00f0anleg,<a name=\"8\"><span class=\"versanumer\">8<\/span><\/a>\u00f6rugg um aldur og \u00e6vi, framkv\u00e6md \u00ed tr\u00fafesti og r\u00e9ttv\u00edsi.<a name=\"9\"><span class=\"versanumer\">9<\/span><\/a>Hann hefir sent lausn l\u00fd\u00f0 s\u00ednum, skipa\u00f0 s\u00e1ttm\u00e1la sinn a\u00f0 eil\u00edfu, heilagt og \u00f3ttalegt er nafn hans.<a name=\"10\"><span class=\"versanumer\">10<\/span><\/a>Upphaf speki er \u00f3tti Drottins, hann er f\u00f6gur hyggindi \u00f6llum \u00feeim, er i\u00f0ka hann. Lofst\u00edr hans stendur um eil\u00edf\u00f0.<\/p>\n<div class=\"footnote1981\"><b>111.1<\/b> Hallel\u00faja Slm 106.1+ &#8211; af \u00f6llu hjarta Slm 138.1; Ef 5.19 \u2013 \u00ed s\u00f6fnu\u00f0i Slm 35.18+ ; 109.30; 149.1<br \/>\n<b>111.2<\/b> Mikl verk Slm 92.6; 104.24; Opb 15.3<br \/>\n<b>111.3<\/b> Vegsemd Slm 96.6; 104.1 \u2013 eil\u00edft r\u00e9ttl\u00e6ti Slm 112.3<br \/>\n<b>111.4<\/b> Til minningar 2M\u00f3s 3.15+ ; L\u00fak 22.19; sbr Slm 105.5; 107.8; 2M\u00f3s 13.9 \u2013 n\u00e1\u00f0ugur og miskunnsamur 2M\u00f3s 34.6+<br \/>\n<b>111.5<\/b> \u00d3ttast Drottinn Slm 15.4+ &#8211; l\u00ed\u00f0a engan Skort Slm 34.10 \u2013 minnist s\u00e1ttm\u00e1la s\u00edns Slm 105.8; 106.45<br \/>\n<b>111.6<\/b> M\u00e1tt verka sinna Jer 27.5 \u2013 erf\u00f0ahlut annarra \u00fej\u00f3\u00f0a Slm 44.3<br \/>\n<b>111.7<\/b> Tr\u00fafesti og r\u00e9ttv\u00edsi Dan 4.34; Opb 15.3 \u2013 \u00e1rei\u00f0anleg fyrirm\u00e6li Slm 19.8; 93.5<br \/>\n<b>111.8<\/b> Um aldur og \u00e6vi Jes 40.8; sbr Matt 5.18 \u2013 tr\u00fafesti og r\u00e9ttv\u00edsi Slm 19.10<br \/>\n<b>111.9<\/b> Lausn L\u00fak 1.68 \u2013 eil\u00edfur s\u00e1ttm\u00e1li Slm 105.10 \u2013 heilagt og \u00f3ttalegt 5M\u00f3s 28.58; L\u00fak 1.49<br \/>\n<b>111.10<\/b> \u00d3tti Drottins er speki Jes 33.6; Job 28.28; Okv 9.10; S\u00edr 1.16 \u2013 lofst\u00edr um eil\u00edf\u00f0 Opb 7.12<\/div>\n","protected":false},"excerpt":{"rendered":"<p>1Halel\u00faja. \u00c9g vil lofa Drottin af \u00f6llu hjarta, \u00ed f\u00e9lagi og s\u00f6fnu\u00f0i r\u00e9ttv\u00edsra.2Mikil eru verk Drottins, ver\u00f0 \u00edhugunar \u00f6llum \u00feeim, er hafa unun af \u00feeim.3Tign og vegsemd eru verk hans og r\u00e9ttl\u00e6ti hans stendur st\u00f6\u00f0ugt a\u00f0 eil\u00edfu.4Hann hefir l\u00e1ti\u00f0 d\u00e1semdarverka sinna minnst ver\u00f0a, n\u00e1\u00f0ugur og miskunnsamur er Drottinn.5Hann hefir gefi\u00f0 f\u00e6\u00f0u \u00feeim, er \u00f3ttast hann, hann minnist a\u00f0 eil\u00edfu s\u00e1ttm\u00e1la s\u00edns.6Hann hefir kunngj\u00f6rt \u00fej\u00f3\u00f0 sinni kraft verka sinna, me\u00f0 \u00fev\u00ed a\u00f0 gefa \u00feeim eignir hei\u00f0ingjanna.7Verk handa hans eru tr\u00fafesti og r\u00e9ttv\u00edsi, \u00f6ll fyrirm\u00e6li hans eru \u00e1rei\u00f0anleg,8\u00f6rugg um aldur og \u00e6vi, framkv\u00e6md \u00ed tr\u00fafesti og r\u00e9ttv\u00edsi.9Hann hefir sent lausn l\u00fd\u00f0 s\u00ednum, <a href=\"https:\/\/biblian.is\/1981\/salmarnir-111-kafli\/\"> [&#8230;]<\/a><\/p>\n","protected":false},"author":1,"featured_media":0,"parent":0,"menu_order":0,"comment_status":"open","ping_status":"open","template":"bibliukaflar.php","meta":{"footnotes":""},"class_list":["post-1936","page","type-page","status-publish","hentry"],"_links":{"self":[{"href":"https:\/\/biblian.is\/1981\/wp-json\/wp\/v2\/pages\/1936","targetHints":{"allow":["GET"]}}],"collection":[{"href":"https:\/\/biblian.is\/1981\/wp-json\/wp\/v2\/pages"}],"about":[{"href":"https:\/\/biblian.is\/1981\/wp-json\/wp\/v2\/types\/page"}],"author":[{"embeddable":true,"href":"https:\/\/biblian.is\/1981\/wp-json\/wp\/v2\/users\/1"}],"replies":[{"embeddable":true,"href":"https:\/\/biblian.is\/1981\/wp-json\/wp\/v2\/comments?post=1936"}],"version-history":[{"count":0,"href":"https:\/\/biblian.is\/1981\/wp-json\/wp\/v2\/pages\/1936\/revisions"}],"wp:attachment":[{"href":"https:\/\/biblian.is\/1981\/wp-json\/wp\/v2\/media?parent=1936"}],"curies":[{"name":"wp","href":"https:\/\/api.w.org\/{rel}","templated":true}]}}