{"id":1934,"date":"2017-11-18T20:19:21","date_gmt":"2017-11-18T20:19:21","guid":{"rendered":"http:\/\/biblian.is\/1981\/salmarnir-109-kafli\/"},"modified":"2021-06-06T11:06:15","modified_gmt":"2021-06-06T11:06:15","slug":"salmarnir-109-kafli","status":"publish","type":"page","link":"https:\/\/biblian.is\/1981\/salmarnir-109-kafli\/","title":{"rendered":"S\u00e1lmarnir 109. kafli"},"content":{"rendered":"<p><a name=\"1\"><span class=\"versanumer\">1<\/span><\/a>\u00de\u00fa Gu\u00f0 lofs\u00f6ngs m\u00edns, ver eigi hlj\u00f3\u00f0ur,<a name=\"2\"><span class=\"versanumer\">2<\/span><\/a>\u00fev\u00ed a\u00f0 \u00f3gu\u00f0legan og svikulan munn opna \u00feeir \u00ed gegn m\u00e9r, tala vi\u00f0 mig me\u00f0 lj\u00fagandi tungu.<a name=\"3\"><span class=\"versanumer\">3<\/span><\/a>Me\u00f0 hatursor\u00f0um umkringja \u00feeir mig og \u00e1reita mig a\u00f0 \u00e1st\u00e6\u00f0ulausu.<a name=\"4\"><span class=\"versanumer\">4<\/span><\/a>\u00deeir launa m\u00e9r elsku m\u00edna me\u00f0 ofs\u00f3kn, en \u00e9g gj\u00f6ri ekki anna\u00f0 en bi\u00f0ja.<a name=\"5\"><span class=\"versanumer\">5<\/span><\/a>\u00deeir launa m\u00e9r gott me\u00f0 illu og elsku m\u00edna me\u00f0 hatri.<a name=\"6\"><span class=\"versanumer\">6<\/span><\/a>Set \u00f3gu\u00f0legan yfir m\u00f3tst\u00f6\u00f0umann minn, og \u00e1k\u00e6randinn standi honum til h\u00e6gri handar.<a name=\"7\"><span class=\"versanumer\">7<\/span><\/a>Hann gangi sekur fr\u00e1 d\u00f3mi og b\u00e6n hans ver\u00f0i til syndar.<a name=\"8\"><span class=\"versanumer\">8<\/span><\/a>Dagar hans ver\u00f0i f\u00e1ir, og annar hlj\u00f3ti emb\u00e6tti hans.<a name=\"9\"><span class=\"versanumer\">9<\/span><\/a>B\u00f6rn hans ver\u00f0i f\u00f6\u00f0urlaus og kona hans ekkja.<a name=\"10\"><span class=\"versanumer\">10<\/span><\/a>B\u00f6rn hans fari \u00e1 fl\u00e6king og vergang, \u00feau ver\u00f0i rekin burt \u00far r\u00fastum s\u00ednum.<a name=\"11\"><span class=\"versanumer\">11<\/span><\/a>Okrarinn leggi sn\u00f6ru fyrir allar eigur hans, og \u00fatlendir fjandmenn r\u00e6ni afla hans.<a name=\"12\"><span class=\"versanumer\">12<\/span><\/a>Enginn s\u00fdni honum l\u00edkn, og enginn aumkist yfir f\u00f6\u00f0urlausu b\u00f6rnin hans.<a name=\"13\"><span class=\"versanumer\">13<\/span><\/a>Ni\u00f0jar hans ver\u00f0i afm\u00e1\u00f0ir, nafn hans \u00fatskafi\u00f0 \u00ed fyrsta \u00e6ttli\u00f0.<a name=\"14\"><span class=\"versanumer\">14<\/span><\/a>Misgj\u00f6r\u00f0ar fe\u00f0ra hans ver\u00f0i minnst af Drottni og synd m\u00f3\u00f0ur hans eigi afm\u00e1\u00f0,<a name=\"15\"><span class=\"versanumer\">15<\/span><\/a>s\u00e9u \u00fe\u00e6r \u00e6t\u00ed\u00f0 fyrir sj\u00f3num Drottins og hann afm\u00e1i minningu \u00feeirra af j\u00f6r\u00f0unni<a name=\"16\"><span class=\"versanumer\">16<\/span><\/a>sakir \u00feess, a\u00f0 hann mundi eigi eftir a\u00f0 s\u00fdna elsku, heldur ofs\u00f3tti hinn hrj\u00e1\u00f0a og snau\u00f0a og hinn r\u00e1\u00f0\u00ferota til \u00feess a\u00f0 drepa hann.<a name=\"17\"><span class=\"versanumer\">17<\/span><\/a>Hann elska\u00f0i b\u00f6lvunina, h\u00fan bitni \u00fe\u00e1 \u00e1 honum, hann sm\u00e1\u00f0i blessunina, h\u00fan s\u00e9 \u00fe\u00e1 fjarri honum.<a name=\"18\"><span class=\"versanumer\">18<\/span><\/a>Hann \u00edkl\u00e6ddist b\u00f6lvuninni sem kufli, h\u00fan l\u00e6sti sig \u00fe\u00e1 inn \u00ed innyfli hans sem vatn og \u00ed bein hans sem ol\u00eda,<a name=\"19\"><span class=\"versanumer\">19<\/span><\/a>h\u00fan ver\u00f0i honum sem kl\u00e6\u00f0i, er hann sveipar um sig, og sem belti, er hann s\u00edfellt gyr\u00f0ist.<a name=\"20\"><span class=\"versanumer\">20<\/span><\/a>\u00deetta s\u00e9u laun andst\u00e6\u00f0inga minna fr\u00e1 Drottni og \u00feeirra, er tala illt \u00ed gegn m\u00e9r.<a name=\"21\"><span class=\"versanumer\">21<\/span><\/a>En \u00fe\u00fa, Drottinn Gu\u00f0, breyt vi\u00f0 mig eftir g\u00e6sku miskunnar \u00feinnar, frelsa mig sakir nafns \u00fe\u00edns,<a name=\"22\"><span class=\"versanumer\">22<\/span><\/a>\u00fev\u00ed a\u00f0 \u00e9g er hrj\u00e1\u00f0ur og snau\u00f0ur, hjarta\u00f0 berst \u00e1kaft \u00ed brj\u00f3sti m\u00e9r.<a name=\"23\"><span class=\"versanumer\">23<\/span><\/a>\u00c9g hverf sem hallur skuggi, \u00e9g er hristur \u00fat eins og jar\u00f0vargar.<a name=\"24\"><span class=\"versanumer\">24<\/span><\/a>Kn\u00e9 m\u00edn skj\u00f6gra af f\u00f6stu, og hold mitt t\u00e6rist af vi\u00f0smj\u00f6rsskorti.<a name=\"25\"><span class=\"versanumer\">25<\/span><\/a>\u00c9g er or\u00f0inn \u00feeim a\u00f0 spotti, \u00feegar \u00feeir sj\u00e1 mig, hrista \u00feeir h\u00f6fu\u00f0i\u00f0.<a name=\"26\"><span class=\"versanumer\">26<\/span><\/a>Veit m\u00e9r li\u00f0, Drottinn, Gu\u00f0 minn, hj\u00e1lpa m\u00e9r eftir miskunn \u00feinni,<a name=\"27\"><span class=\"versanumer\">27<\/span><\/a>a\u00f0 \u00feeir megi komast a\u00f0 raun um, a\u00f0 \u00fea\u00f0 var \u00fe\u00edn h\u00f6nd, a\u00f0 \u00fea\u00f0 varst \u00fe\u00fa, Drottinn, sem gj\u00f6r\u00f0ir \u00fea\u00f0.<a name=\"28\"><span class=\"versanumer\">28<\/span><\/a>B\u00f6lvi \u00feeir, \u00fe\u00fa munt blessa, ver\u00f0i \u00feeir til skammar, er r\u00edsa gegn m\u00e9r, en \u00fej\u00f3nn \u00feinn gle\u00f0jist.<a name=\"29\"><span class=\"versanumer\">29<\/span><\/a>Andst\u00e6\u00f0ingar m\u00ednir \u00edkl\u00e6\u00f0ist sv\u00edvir\u00f0ing, sveipi um sig sk\u00f6mminni eins og skikkju.<a name=\"30\"><span class=\"versanumer\">30<\/span><\/a>\u00c9g vil lofa Drottin mikillega me\u00f0 munni m\u00ednum, me\u00f0al fj\u00f6lmennis vil \u00e9g vegsama hann,<a name=\"31\"><span class=\"versanumer\">31<\/span><\/a>\u00fev\u00ed a\u00f0 hann stendur hinum snau\u00f0a til h\u00e6gri handar til \u00feess a\u00f0 hj\u00e1lpa honum gegn \u00feeim er sakfella hann.<\/p>\n<div class=\"footnote1981\"><b>109.1<\/b> Gu\u00f0 lofs\u00f6ngs m\u00edns Slm 109.30; Jer 17.14 \u2013 hlj\u00f3\u00f0ur Gu\u00f0 Slm 28.1+<br \/>\n<b>109.2<\/b> Lj\u00fagandi tunga Slm 52.4; 120.2; sbr 5.10+<br \/>\n<b>109.3<\/b> A\u00f0 \u00e1st\u00e6\u00f0ulausu Slm 69.5<br \/>\n<b>109.5<\/b> Launa gott me\u00f0 illu Slm 35.12+<br \/>\n<b>109.6<\/b> Til h\u00e6gri handar Sk 3.1; Job 30.12 \u2013 \u00e1k\u00e6randi Job 1.6; Opb 12.10<br \/>\n<b>109.8<\/b> Og annar &#8230; Post 1.20<br \/>\n<b>109.9<\/b> B\u00f6rn hans, kona hans 2M\u00f3s 22.22; Jer 18.21<br \/>\n<b>109.11<\/b> Afla hans r\u00e6nt Job 5.5; 20.18<br \/>\n<b>109.13<\/b> Ni\u00f0jar hans afm\u00e1\u00f0ir Slm 37.28 \u2013 n\u00f6fn \u00feurrku\u00f0 \u00fat Job 18.17,19; Okv 10.7; S\u00edr 41.11<br \/>\n<b>109.15<\/b> Drottinn gleymi eigi Jer 18.23; Hlj 1.22 \u2013 afm\u00e1 minningu Slm 34.17<br \/>\n<b>109.17<\/b> B\u00f6lvunin r\u00e6tist \u00e1 honum Slm 59.13+ ; Jer 2.19; Esk 35.6; Jak 2.13<br \/>\n<b>109.18<\/b> Sem vatn 4M\u00f3s 5.22<br \/>\n<b>109.19<\/b> Sem skikkja Slm 109.29; 73.6<br \/>\n<b>109.20<\/b> Drottinn launi Slm 35.1,4; 69.23<br \/>\n<b>109.21<\/b> Sakir nafns \u00fe\u00edns Slm 23.3+ &#8211; g\u00e6ska \u00fe\u00edn og miskunn Slm 69.17<br \/>\n<b>109.22<\/b> Hrj\u00e1\u00f0ur og snau\u00f0ur Slm 40.18; 86.1; 140.13<br \/>\n<b>109.25<\/b> Hrista h\u00f6fu\u00f0i\u00f0 Slm 22.8+<br \/>\n<b>109.26<\/b> Hj\u00e1lpa m\u00e9r Slm 22.20+<br \/>\n<b>109.28<\/b> B\u00f6lvi \u00feeir, \u00fe\u00fa blessar 4M\u00f3s 24.10; sbr Matt 5.11<br \/>\n<b>109.29<\/b> Eins og skikkju Slm 109.19<br \/>\n<b>109.30<\/b> \u00c9g vegsama Drottinn Slm 71.14<br \/>\n<b>109.31<\/b> Til h\u00e6gri handar Slm 16.8+<\/div>\n","protected":false},"excerpt":{"rendered":"<p>1\u00de\u00fa Gu\u00f0 lofs\u00f6ngs m\u00edns, ver eigi hlj\u00f3\u00f0ur,2\u00fev\u00ed a\u00f0 \u00f3gu\u00f0legan og svikulan munn opna \u00feeir \u00ed gegn m\u00e9r, tala vi\u00f0 mig me\u00f0 lj\u00fagandi tungu.3Me\u00f0 hatursor\u00f0um umkringja \u00feeir mig og \u00e1reita mig a\u00f0 \u00e1st\u00e6\u00f0ulausu.4\u00deeir launa m\u00e9r elsku m\u00edna me\u00f0 ofs\u00f3kn, en \u00e9g gj\u00f6ri ekki anna\u00f0 en bi\u00f0ja.5\u00deeir launa m\u00e9r gott me\u00f0 illu og elsku m\u00edna me\u00f0 hatri.6Set \u00f3gu\u00f0legan yfir m\u00f3tst\u00f6\u00f0umann minn, og \u00e1k\u00e6randinn standi honum til h\u00e6gri handar.7Hann gangi sekur fr\u00e1 d\u00f3mi og b\u00e6n hans ver\u00f0i til syndar.8Dagar hans ver\u00f0i f\u00e1ir, og annar hlj\u00f3ti emb\u00e6tti hans.9B\u00f6rn hans ver\u00f0i f\u00f6\u00f0urlaus og kona hans ekkja.10B\u00f6rn hans fari \u00e1 fl\u00e6king og vergang, \u00feau ver\u00f0i rekin <a href=\"https:\/\/biblian.is\/1981\/salmarnir-109-kafli\/\"> [&#8230;]<\/a><\/p>\n","protected":false},"author":1,"featured_media":0,"parent":0,"menu_order":0,"comment_status":"open","ping_status":"open","template":"bibliukaflar.php","meta":{"footnotes":""},"class_list":["post-1934","page","type-page","status-publish","hentry"],"_links":{"self":[{"href":"https:\/\/biblian.is\/1981\/wp-json\/wp\/v2\/pages\/1934","targetHints":{"allow":["GET"]}}],"collection":[{"href":"https:\/\/biblian.is\/1981\/wp-json\/wp\/v2\/pages"}],"about":[{"href":"https:\/\/biblian.is\/1981\/wp-json\/wp\/v2\/types\/page"}],"author":[{"embeddable":true,"href":"https:\/\/biblian.is\/1981\/wp-json\/wp\/v2\/users\/1"}],"replies":[{"embeddable":true,"href":"https:\/\/biblian.is\/1981\/wp-json\/wp\/v2\/comments?post=1934"}],"version-history":[{"count":0,"href":"https:\/\/biblian.is\/1981\/wp-json\/wp\/v2\/pages\/1934\/revisions"}],"wp:attachment":[{"href":"https:\/\/biblian.is\/1981\/wp-json\/wp\/v2\/media?parent=1934"}],"curies":[{"name":"wp","href":"https:\/\/api.w.org\/{rel}","templated":true}]}}