{"id":1933,"date":"2017-11-18T20:19:21","date_gmt":"2017-11-18T20:19:21","guid":{"rendered":"http:\/\/biblian.is\/1981\/salmarnir-108-kafli\/"},"modified":"2021-06-06T11:06:13","modified_gmt":"2021-06-06T11:06:13","slug":"salmarnir-108-kafli","status":"publish","type":"page","link":"https:\/\/biblian.is\/1981\/salmarnir-108-kafli\/","title":{"rendered":"S\u00e1lmarnir 108. kafli"},"content":{"rendered":"<p><em>Lj\u00f3\u00f0. Dav\u00ed\u00f0ss\u00e1lmur.<\/em><br \/><a name=\"2\"><span class=\"versanumer\">2<\/span><\/a>Hjarta mitt er st\u00f6\u00f0ugt, \u00f3 Gu\u00f0, \u00e9g vil syngja og leika, vakna \u00fe\u00fa, s\u00e1la m\u00edn!<a name=\"3\"><span class=\"versanumer\">3<\/span><\/a>Vakna \u00fe\u00fa, harpa og g\u00edgja, \u00e9g vil vekja morgunro\u00f0ann.<a name=\"4\"><span class=\"versanumer\">4<\/span><\/a>\u00c9g vil lofa \u00feig me\u00f0al l\u00fd\u00f0anna, Drottinn, vegsama \u00feig me\u00f0al \u00fej\u00f3\u00f0anna,<a name=\"5\"><span class=\"versanumer\">5<\/span><\/a>\u00fev\u00ed a\u00f0 miskunn \u00fe\u00edn er himnum h\u00e6rri, og tr\u00fafesti \u00fe\u00edn n\u00e6r til sk\u00fdjanna.<a name=\"6\"><span class=\"versanumer\">6<\/span><\/a>S\u00fdn \u00feig himnum h\u00e6rri, \u00f3 Gu\u00f0, og d\u00fdr\u00f0 \u00fe\u00edn brei\u00f0ist yfir gj\u00f6rvalla j\u00f6r\u00f0ina,<a name=\"7\"><span class=\"versanumer\">7<\/span><\/a>til \u00feess a\u00f0 \u00e1stvinir \u00fe\u00ednir megi frelsast. Hj\u00e1lpa \u00fe\u00fa me\u00f0 h\u00e6gri hendi \u00feinni og b\u00e6nheyr mig.<a name=\"8\"><span class=\"versanumer\">8<\/span><\/a>Gu\u00f0 hefir sagt \u00ed helgid\u00f3mi s\u00ednum: \u00c9g vil fagna, \u00e9g vil skipta S\u00edkem, m\u00e6la \u00fat S\u00fakk\u00f3t-dal.<a name=\"9\"><span class=\"versanumer\">9<\/span><\/a>\u00c9g \u00e1 G\u00edlea\u00f0, \u00e9g \u00e1 Manasse, og Efra\u00edm er hl\u00edf h\u00f6f\u00f0i m\u00ednu, J\u00fada veldissproti minn.<a name=\"10\"><span class=\"versanumer\">10<\/span><\/a>M\u00f3ab er mundlaug m\u00edn, \u00ed Ed\u00f3m fleygi \u00e9g sk\u00f3num m\u00ednum, yfir Filisteu fagna \u00e9g.<a name=\"11\"><span class=\"versanumer\">11<\/span><\/a>Hver vill fara me\u00f0 mig \u00ed \u00f6rugga borg, hver vill flytja mig til Ed\u00f3m?<a name=\"12\"><span class=\"versanumer\">12<\/span><\/a>\u00de\u00fa hefir \u00fatsk\u00fafa\u00f0 oss, \u00f3 Gu\u00f0, og \u00fe\u00fa, Gu\u00f0, fer eigi \u00fat me\u00f0 hersveitum vorum.<a name=\"13\"><span class=\"versanumer\">13<\/span><\/a>Veit oss li\u00f0 gegn fjandm\u00f6nnunum, \u00fev\u00ed a\u00f0 mannahj\u00e1lp er \u00f3n\u00fdt.<a name=\"14\"><span class=\"versanumer\">14<\/span><\/a>Me\u00f0 Gu\u00f0s hj\u00e1lp munum v\u00e9r hreystiverk vinna, og hann mun tro\u00f0a \u00f3vini vora f\u00f3tum.<\/p>\n<div class=\"footnote1981\"><b>108.3<\/b> Vekja morgunro\u00f0ann Slm 119.62<br \/>\n<b>108.4<\/b> Me\u00f0al l\u00fd\u00f0anna Slm 18.50<br \/>\n<b>108.5<\/b> Til sk\u00fdjanna Slm 36.6; 103.11 \u2013 miskunn og tr\u00fafesti Slm 25.10+<br \/>\n<b>108.6<\/b> H\u00e1tt yfir himininn Slm 8.2; 113.4; sbr Jes 2.11<br \/>\n<b>108.7<\/b> Me\u00f0 h\u00e6gri hendi Slm 60.7+ &#8211; b\u00e6nheyr oss Slm 20.7<br \/>\n<b>108.9<\/b> Veldissproti minn sbr 1M\u00f3s 49.10<br \/>\n<b>108.12<\/b> Eigi me\u00f0 hersveitum vorum Slm 44.10<br \/>\n<b>108.13<\/b> Veit oss li\u00f0 2Kro 14.10; sbr Slm 22.20+ &#8211; hj\u00e1lp manna Slm 56.5; sbr 33.16+ ; 118.8<br \/>\n<b>108.14<\/b> Me\u00f0 Gu\u00f0s hj\u00e1lp &#8230; Slm 18.30; 44.6-9; Heb 11.33 \u2013 \u00f3vinir tro\u00f0nir f\u00f3tum Slm 44.6; sbr R\u00f3m 16.20<\/div>\n","protected":false},"excerpt":{"rendered":"<p>Lj\u00f3\u00f0. Dav\u00ed\u00f0ss\u00e1lmur.2Hjarta mitt er st\u00f6\u00f0ugt, \u00f3 Gu\u00f0, \u00e9g vil syngja og leika, vakna \u00fe\u00fa, s\u00e1la m\u00edn!3Vakna \u00fe\u00fa, harpa og g\u00edgja, \u00e9g vil vekja morgunro\u00f0ann.4\u00c9g vil lofa \u00feig me\u00f0al l\u00fd\u00f0anna, Drottinn, vegsama \u00feig me\u00f0al \u00fej\u00f3\u00f0anna,5\u00fev\u00ed a\u00f0 miskunn \u00fe\u00edn er himnum h\u00e6rri, og tr\u00fafesti \u00fe\u00edn n\u00e6r til sk\u00fdjanna.6S\u00fdn \u00feig himnum h\u00e6rri, \u00f3 Gu\u00f0, og d\u00fdr\u00f0 \u00fe\u00edn brei\u00f0ist yfir gj\u00f6rvalla j\u00f6r\u00f0ina,7til \u00feess a\u00f0 \u00e1stvinir \u00fe\u00ednir megi frelsast. Hj\u00e1lpa \u00fe\u00fa me\u00f0 h\u00e6gri hendi \u00feinni og b\u00e6nheyr mig.8Gu\u00f0 hefir sagt \u00ed helgid\u00f3mi s\u00ednum: \u00c9g vil fagna, \u00e9g vil skipta S\u00edkem, m\u00e6la \u00fat S\u00fakk\u00f3t-dal.9\u00c9g \u00e1 G\u00edlea\u00f0, \u00e9g \u00e1 Manasse, og Efra\u00edm er hl\u00edf h\u00f6f\u00f0i m\u00ednu, J\u00fada <a href=\"https:\/\/biblian.is\/1981\/salmarnir-108-kafli\/\"> [&#8230;]<\/a><\/p>\n","protected":false},"author":1,"featured_media":0,"parent":0,"menu_order":0,"comment_status":"open","ping_status":"open","template":"bibliukaflar.php","meta":{"footnotes":""},"class_list":["post-1933","page","type-page","status-publish","hentry"],"_links":{"self":[{"href":"https:\/\/biblian.is\/1981\/wp-json\/wp\/v2\/pages\/1933","targetHints":{"allow":["GET"]}}],"collection":[{"href":"https:\/\/biblian.is\/1981\/wp-json\/wp\/v2\/pages"}],"about":[{"href":"https:\/\/biblian.is\/1981\/wp-json\/wp\/v2\/types\/page"}],"author":[{"embeddable":true,"href":"https:\/\/biblian.is\/1981\/wp-json\/wp\/v2\/users\/1"}],"replies":[{"embeddable":true,"href":"https:\/\/biblian.is\/1981\/wp-json\/wp\/v2\/comments?post=1933"}],"version-history":[{"count":0,"href":"https:\/\/biblian.is\/1981\/wp-json\/wp\/v2\/pages\/1933\/revisions"}],"wp:attachment":[{"href":"https:\/\/biblian.is\/1981\/wp-json\/wp\/v2\/media?parent=1933"}],"curies":[{"name":"wp","href":"https:\/\/api.w.org\/{rel}","templated":true}]}}