{"id":1932,"date":"2017-11-18T20:19:21","date_gmt":"2017-11-18T20:19:21","guid":{"rendered":"http:\/\/biblian.is\/1981\/salmarnir-107-kafli\/"},"modified":"2021-06-06T11:06:12","modified_gmt":"2021-06-06T11:06:12","slug":"salmarnir-107-kafli","status":"publish","type":"page","link":"https:\/\/biblian.is\/1981\/salmarnir-107-kafli\/","title":{"rendered":"S\u00e1lmarnir 107. kafli"},"content":{"rendered":"<p><a name=\"1\"><span class=\"versanumer\">1<\/span><\/a>\u00deakki\u00f0 Drottni, \u00fev\u00ed a\u00f0 hann er g\u00f3\u00f0ur, \u00fev\u00ed a\u00f0 miskunn hans varir a\u00f0 eil\u00edfu.<a name=\"2\"><span class=\"versanumer\">2<\/span><\/a>Svo skulu hinir endurleystu Drottins segja, \u00feeir er hann hefir leyst \u00far nau\u00f0um<a name=\"3\"><span class=\"versanumer\">3<\/span><\/a>og safna\u00f0 saman \u00far l\u00f6ndunum, fr\u00e1 austri og vestri, fr\u00e1 nor\u00f0ri og su\u00f0ri.<a name=\"4\"><span class=\"versanumer\">4<\/span><\/a>\u00deeir reiku\u00f0u um ey\u00f0im\u00f6rkina, um veglaus \u00f6r\u00e6fin, og fundu eigi byggilegar borgir,<a name=\"5\"><span class=\"versanumer\">5<\/span><\/a>\u00fe\u00e1 hungra\u00f0i og \u00feyrsti, s\u00e1l \u00feeirra vanmegna\u00f0ist \u00ed \u00feeim.<a name=\"6\"><span class=\"versanumer\">6<\/span><\/a>\u00de\u00e1 hr\u00f3pu\u00f0u \u00feeir til Drottins \u00ed ney\u00f0 sinni, hann bjarga\u00f0i \u00feeim \u00far angist \u00feeirra<a name=\"7\"><span class=\"versanumer\">7<\/span><\/a>og leiddi \u00fe\u00e1 um sl\u00e9tta lei\u00f0, svo a\u00f0 \u00feeir komust til byggilegrar borgar.<a name=\"8\"><span class=\"versanumer\">8<\/span><\/a>\u00deeir skulu \u00feakka Drottni miskunn hans og d\u00e1semdarverk hans vi\u00f0 mannanna b\u00f6rn,<a name=\"9\"><span class=\"versanumer\">9<\/span><\/a>\u00fev\u00ed a\u00f0 hann metta\u00f0i magn\u00ferota s\u00e1l og fyllti hungra\u00f0a s\u00e1l g\u00e6\u00f0um.<a name=\"10\"><span class=\"versanumer\">10<\/span><\/a>\u00deeir sem s\u00e1tu \u00ed myrkri og ni\u00f0dimmu, bundnir eymd og j\u00e1rnum,<a name=\"11\"><span class=\"versanumer\">11<\/span><\/a>af \u00fev\u00ed a\u00f0 \u00feeir h\u00f6f\u00f0u \u00ferj\u00f3skast vi\u00f0 or\u00f0um Gu\u00f0s og fyrirliti\u00f0 r\u00e1\u00f0 Hins h\u00e6sta,<a name=\"12\"><span class=\"versanumer\">12<\/span><\/a>svo a\u00f0 hann beyg\u00f0i hug \u00feeirra me\u00f0 m\u00e6\u00f0u, \u00feeir hr\u00f6su\u00f0u, og enginn li\u00f0sinnti \u00feeim.<a name=\"13\"><span class=\"versanumer\">13<\/span><\/a>\u00de\u00e1 hr\u00f3pu\u00f0u \u00feeir til Drottins \u00ed ney\u00f0 sinni, hann frelsa\u00f0i \u00fe\u00e1 \u00far angist \u00feeirra,<a name=\"14\"><span class=\"versanumer\">14<\/span><\/a>hann leiddi \u00fe\u00e1 \u00fat \u00far myrkrinu og ni\u00f0dimmunni og braut sundur fj\u00f6tra \u00feeirra.<a name=\"15\"><span class=\"versanumer\">15<\/span><\/a>\u00deeir skulu \u00feakka Drottni miskunn hans og d\u00e1semdarverk hans vi\u00f0 mannanna b\u00f6rn,<a name=\"16\"><span class=\"versanumer\">16<\/span><\/a>\u00fev\u00ed a\u00f0 hann braut eirhli\u00f0in og m\u00f6lva\u00f0i j\u00e1rnsl\u00e1rnar.<a name=\"17\"><span class=\"versanumer\">17<\/span><\/a>Heimskingjar, er vegna sinnar syndsamlegu breytni og vegna misgj\u00f6r\u00f0a sinna voru \u00fej\u00e1\u00f0ir,<a name=\"18\"><span class=\"versanumer\">18<\/span><\/a>\u00feeim bau\u00f0 vi\u00f0 hverri f\u00e6\u00f0u og voru komnir n\u00e1l\u00e6gt hli\u00f0um dau\u00f0ans.<a name=\"19\"><span class=\"versanumer\">19<\/span><\/a>\u00de\u00e1 hr\u00f3pu\u00f0u \u00feeir til Drottins \u00ed ney\u00f0 sinni, hann frelsa\u00f0i \u00fe\u00e1 \u00far angist \u00feeirra,<a name=\"20\"><span class=\"versanumer\">20<\/span><\/a>hann sendi \u00fat or\u00f0 sitt og l\u00e6kna\u00f0i \u00fe\u00e1 og bjarga\u00f0i \u00feeim fr\u00e1 gr\u00f6finni.<a name=\"21\"><span class=\"versanumer\">21<\/span><\/a>\u00deeir skulu \u00feakka Drottni miskunn hans og d\u00e1semdarverk hans vi\u00f0 mannanna b\u00f6rn,<a name=\"22\"><span class=\"versanumer\">22<\/span><\/a>og f\u00e6ra \u00feakkarf\u00f3rnir og kunngj\u00f6ra verk hans me\u00f0 f\u00f6gnu\u00f0i.<a name=\"23\"><span class=\"versanumer\">23<\/span><\/a>\u00deeir sem f\u00f3ru um hafi\u00f0 \u00e1 skipum, r\u00e1ku verslun \u00e1 hinum miklu v\u00f6tnum,<a name=\"24\"><span class=\"versanumer\">24<\/span><\/a>\u00feeir hafa s\u00e9\u00f0 verk Drottins og d\u00e1semdir hans \u00e1 dj\u00fapinu.<a name=\"25\"><span class=\"versanumer\">25<\/span><\/a>\u00dev\u00ed a\u00f0 hann bau\u00f0 og \u00fe\u00e1 kom stormvi\u00f0ri, sem h\u00f3f upp bylgjur \u00feess.<a name=\"26\"><span class=\"versanumer\">26<\/span><\/a>\u00deeir h\u00f3fust til himins, sigu ni\u00f0ur \u00ed dj\u00fapi\u00f0, \u00feeim f\u00e9llst hugur \u00ed ney\u00f0inni.<a name=\"27\"><span class=\"versanumer\">27<\/span><\/a>\u00deeir r\u00f6mbu\u00f0u og skj\u00f6gru\u00f0u eins og drukkinn ma\u00f0ur, og \u00f6ll kunn\u00e1tta \u00feeirra var \u00ferotin.<a name=\"28\"><span class=\"versanumer\">28<\/span><\/a>\u00de\u00e1 hr\u00f3pu\u00f0u \u00feeir til Drottins \u00ed ney\u00f0 sinni, og hann leiddi \u00fe\u00e1 \u00far angist \u00feeirra.<a name=\"29\"><span class=\"versanumer\">29<\/span><\/a>Hann breytti stormvi\u00f0rinu \u00ed bl\u00ed\u00f0an bl\u00e6, svo a\u00f0 bylgjur hafsins ur\u00f0u hlj\u00f3\u00f0ar.<a name=\"30\"><span class=\"versanumer\">30<\/span><\/a>\u00de\u00e1 gl\u00f6ddust \u00feeir, af \u00fev\u00ed a\u00f0 \u00fe\u00e6r kyrr\u00f0ust, og hann l\u00e9t \u00fe\u00e1 komast \u00ed h\u00f6fn \u00fe\u00e1, er \u00feeir \u00fer\u00e1\u00f0u.<a name=\"31\"><span class=\"versanumer\">31<\/span><\/a>\u00deeir skulu \u00feakka Drottni miskunn hans og d\u00e1semdarverk hans vi\u00f0 mannanna b\u00f6rn,<a name=\"32\"><span class=\"versanumer\">32<\/span><\/a>vegsama hann \u00e1 \u00fej\u00f3\u00f0arsamkomunni og lofa hann \u00ed h\u00f3p \u00f6ldunganna.<a name=\"33\"><span class=\"versanumer\">33<\/span><\/a>Hann gj\u00f6rir flj\u00f3tin a\u00f0 ey\u00f0im\u00f6rk og uppsprettur a\u00f0 \u00feurrum lendum,<a name=\"34\"><span class=\"versanumer\">34<\/span><\/a>frj\u00f3samt land a\u00f0 saltsl\u00e9ttu sakir illsku \u00edb\u00faanna.<a name=\"35\"><span class=\"versanumer\">35<\/span><\/a>Hann gj\u00f6rir ey\u00f0im\u00f6rkina a\u00f0 vatnstj\u00f6rnum og \u00feurrlendi\u00f0 a\u00f0 uppsprettum<a name=\"36\"><span class=\"versanumer\">36<\/span><\/a>og l\u00e6tur hungra\u00f0a menn b\u00faa \u00fear, a\u00f0 \u00feeir megi grundvalla byggilega borg,<a name=\"37\"><span class=\"versanumer\">37<\/span><\/a>s\u00e1 akra og planta v\u00edngar\u00f0a og afla afur\u00f0a.<a name=\"38\"><span class=\"versanumer\">38<\/span><\/a>Og hann blessar \u00fe\u00e1, svo a\u00f0 \u00feeir margfaldast st\u00f3rum og f\u00e9na\u00f0 \u00feeirra l\u00e6tur hann eigi f\u00e6kka.<a name=\"39\"><span class=\"versanumer\">39<\/span><\/a>Og \u00fe\u00f3tt \u00feeir f\u00e6kki og hn\u00edgi ni\u00f0ur sakir \u00ferengingar af b\u00f6li og harmi,<a name=\"40\"><span class=\"versanumer\">40<\/span><\/a>\u00fe\u00e1 hellir hann fyrirlitning yfir tignarmenn og l\u00e6tur \u00fe\u00e1 villast um veglaus \u00f6r\u00e6fi,<a name=\"41\"><span class=\"versanumer\">41<\/span><\/a>en bjargar aumingjanum \u00far eymdinni og gj\u00f6rir \u00e6ttirnar sem hjar\u00f0ir.<a name=\"42\"><span class=\"versanumer\">42<\/span><\/a>Hinir r\u00e9ttv\u00edsu sj\u00e1 \u00fea\u00f0 og gle\u00f0jast, og \u00f6ll illska lokar munni s\u00ednum.<a name=\"43\"><span class=\"versanumer\">43<\/span><\/a>Hver sem er vitur, gefi g\u00e6tur a\u00f0 \u00feessu, og menn taki eftir n\u00e1\u00f0arverkum Drottins.<\/p>\n<div class=\"footnote1981\"><b>107.1<\/b> \u00deakki\u00f0 Drottni Slm 105.1+ &#8211; hann er g\u00f3\u00f0ur, miskunn hans &#8230; Slm 106.1+<br \/>\n<b>107.2<\/b> Drottinn endurleysir Slm 19.15; 106.10, sbr 2M\u00f3s 6.6<br \/>\n<b>107.3<\/b> Drottinn safnar saman Slm 106.47; Jes 11.12; 43.5; Jer 29.14; 31.8; Esk 20.34; 39.27; S\u00edr 36.8 \u2013 \u00far nor\u00f0ri og su\u00f0ri Jes 49.12<br \/>\n<b>107.4<\/b> Um veglaus \u00f6r\u00e6fi Jer 2.6<br \/>\n<b>107.5<\/b> Hungra\u00f0i og \u00feyrsti 2M\u00f3s 15.22; 16.3; Jes 41.17<br \/>\n<b>107.6<\/b> \u00deeir hr\u00f3pu\u00f0u, hann bjarga\u00f0i Slm 81.8; D\u00f3m 3.9,15 o.fl.; Neh 9.27<br \/>\n<b>107.9<\/b> Hann metta\u00f0i sbr Matt 5.6; J\u00f3h 4.14; 7.37 \u2013 g\u00e6\u00f0um L\u00fak 1.53; sbr Slm 146.7<br \/>\n<b>107.10<\/b> \u00cd myrkri Jes 9.1; 42.7<br \/>\n<b>107.11<\/b> Haft a\u00f0 engu r\u00e1\u00f0 Gu\u00f0s Slm 106.43; Jes 28.7-13; 2Kro 36.16; 2P\u00e9t 3.3<br \/>\n<b>107.14<\/b> \u00dat \u00far sortanum K\u00f3l 1.13<br \/>\n<b>107.16<\/b> Eirhli\u00f0 og j\u00e1rnsl\u00e1r Jes 45.2<br \/>\n<b>107.18<\/b> Bau\u00f0 vi\u00f0 mat Slm 102.5 \u2013 dyr dau\u00f0ans Slm 88.4<br \/>\n<b>107.20<\/b> L\u00e6kna og bjarga Slm 103.3-4 \u2013 or\u00f0 Drottins l\u00e6knar Matt 8.8<br \/>\n<b>107.22<\/b> \u00deakkarf\u00f3rnir Slm 50.14; Heb 13.15<br \/>\n<b>107.25<\/b> Stormvi\u00f0ri J\u00f3n 1.4<br \/>\n<b>107.29<\/b> \u00cd bl\u00ed\u00f0an bl\u00e6 Slm 89.10; J\u00f3n 1.15; Mrk 4.39 og hlst<br \/>\n<b>107.30<\/b> Komast \u00ed h\u00f6fn J\u00f3h 6.21<br \/>\n<b>107.32<\/b> S\u00f6fnu\u00f0ur \u00fej\u00f3\u00f0arinnar Slm 35.18+<br \/>\n<b>107.33<\/b> Flj\u00f3tin a\u00f0 ey\u00f0im\u00f6rk Jes 42.15; 50.2<br \/>\n<b>107.35<\/b> Gerir ey\u00f0im\u00f6rk a\u00f0 vatnstj\u00f6rnum Slm 114.8; Jes 35.7; 41.18; 43.20<br \/>\n<b>107.37<\/b> Uppskera r\u00edkulega Jer 31.5; Am 9.13-15<br \/>\n<b>107.38<\/b> Blessun og velmegun 1M\u00f3s 1.28; 2M\u00f3s 1.7; 5M\u00f3s 7.13; Jer 31.27; Okv 10.22<br \/>\n<b>107.39<\/b> Hnignun 1Sam 2.4; Job 12.23<br \/>\n<b>107.40<\/b> L\u00e6tur \u00fe\u00e1 villast Job 12.21,24; 1Sam 2.4-5; L\u00fak 1.51-52<br \/>\n<b>107.41<\/b> Hefur hinn snau\u00f0a upp \u00far eymd Slm 113.7; 147.6, 1Sam 2.8; L\u00fak 1.52-53<br \/>\n<b>107.42<\/b> Illsku linnir Slm 58.11-12; 63.12<br \/>\n<b>107.43<\/b> Vitur Jer 9.11; H\u00f3s 14.10<\/div>\n","protected":false},"excerpt":{"rendered":"<p>1\u00deakki\u00f0 Drottni, \u00fev\u00ed a\u00f0 hann er g\u00f3\u00f0ur, \u00fev\u00ed a\u00f0 miskunn hans varir a\u00f0 eil\u00edfu.2Svo skulu hinir endurleystu Drottins segja, \u00feeir er hann hefir leyst \u00far nau\u00f0um3og safna\u00f0 saman \u00far l\u00f6ndunum, fr\u00e1 austri og vestri, fr\u00e1 nor\u00f0ri og su\u00f0ri.4\u00deeir reiku\u00f0u um ey\u00f0im\u00f6rkina, um veglaus \u00f6r\u00e6fin, og fundu eigi byggilegar borgir,5\u00fe\u00e1 hungra\u00f0i og \u00feyrsti, s\u00e1l \u00feeirra vanmegna\u00f0ist \u00ed \u00feeim.6\u00de\u00e1 hr\u00f3pu\u00f0u \u00feeir til Drottins \u00ed ney\u00f0 sinni, hann bjarga\u00f0i \u00feeim \u00far angist \u00feeirra7og leiddi \u00fe\u00e1 um sl\u00e9tta lei\u00f0, svo a\u00f0 \u00feeir komust til byggilegrar borgar.8\u00deeir skulu \u00feakka Drottni miskunn hans og d\u00e1semdarverk hans vi\u00f0 mannanna b\u00f6rn,9\u00fev\u00ed a\u00f0 hann metta\u00f0i magn\u00ferota s\u00e1l og fyllti <a href=\"https:\/\/biblian.is\/1981\/salmarnir-107-kafli\/\"> [&#8230;]<\/a><\/p>\n","protected":false},"author":1,"featured_media":0,"parent":0,"menu_order":0,"comment_status":"open","ping_status":"open","template":"bibliukaflar.php","meta":{"footnotes":""},"class_list":["post-1932","page","type-page","status-publish","hentry"],"_links":{"self":[{"href":"https:\/\/biblian.is\/1981\/wp-json\/wp\/v2\/pages\/1932","targetHints":{"allow":["GET"]}}],"collection":[{"href":"https:\/\/biblian.is\/1981\/wp-json\/wp\/v2\/pages"}],"about":[{"href":"https:\/\/biblian.is\/1981\/wp-json\/wp\/v2\/types\/page"}],"author":[{"embeddable":true,"href":"https:\/\/biblian.is\/1981\/wp-json\/wp\/v2\/users\/1"}],"replies":[{"embeddable":true,"href":"https:\/\/biblian.is\/1981\/wp-json\/wp\/v2\/comments?post=1932"}],"version-history":[{"count":0,"href":"https:\/\/biblian.is\/1981\/wp-json\/wp\/v2\/pages\/1932\/revisions"}],"wp:attachment":[{"href":"https:\/\/biblian.is\/1981\/wp-json\/wp\/v2\/media?parent=1932"}],"curies":[{"name":"wp","href":"https:\/\/api.w.org\/{rel}","templated":true}]}}