{"id":1931,"date":"2017-11-18T20:19:21","date_gmt":"2017-11-18T20:19:21","guid":{"rendered":"http:\/\/biblian.is\/1981\/salmarnir-106-kafli\/"},"modified":"2021-06-06T11:06:10","modified_gmt":"2021-06-06T11:06:10","slug":"salmarnir-106-kafli","status":"publish","type":"page","link":"https:\/\/biblian.is\/1981\/salmarnir-106-kafli\/","title":{"rendered":"S\u00e1lmarnir 106. kafli"},"content":{"rendered":"<p><a name=\"1\"><span class=\"versanumer\">1<\/span><\/a>Halel\u00faja! \u00deakki\u00f0 Drottni, \u00fev\u00ed a\u00f0 hann er g\u00f3\u00f0ur, \u00fev\u00ed a\u00f0 miskunn hans varir a\u00f0 eil\u00edfu.<a name=\"2\"><span class=\"versanumer\">2<\/span><\/a>Hver getur sagt fr\u00e1 m\u00e1ttarverkum Drottins, kunngj\u00f6rt allan lofst\u00edr hans?<a name=\"3\"><span class=\"versanumer\">3<\/span><\/a>S\u00e6lir eru \u00feeir, sem g\u00e6ta r\u00e9ttarins, sem i\u00f0ka r\u00e9ttl\u00e6ti alla t\u00edma.<a name=\"4\"><span class=\"versanumer\">4<\/span><\/a>Minnst \u00fe\u00fa m\u00edn, Drottinn, me\u00f0 vel\u00fe\u00f3knun \u00feeirri, er \u00fe\u00fa hefir \u00e1 l\u00fd\u00f0 \u00fe\u00ednum, vitja m\u00edn me\u00f0 hj\u00e1lpr\u00e6\u00f0i \u00fe\u00ednu,<a name=\"5\"><span class=\"versanumer\">5<\/span><\/a>a\u00f0 \u00e9g megi horfa me\u00f0 unun \u00e1 hamingju \u00feinna \u00fatv\u00f6ldu, gle\u00f0jast yfir gle\u00f0i \u00fej\u00f3\u00f0ar \u00feinnar, fagna me\u00f0 eignarl\u00fd\u00f0 \u00fe\u00ednum.<a name=\"6\"><span class=\"versanumer\">6<\/span><\/a>V\u00e9r h\u00f6fum syndga\u00f0 \u00e1samt fe\u00f0rum vorum, h\u00f6fum breytt illa og \u00f3gu\u00f0lega.<a name=\"7\"><span class=\"versanumer\">7<\/span><\/a>Fe\u00f0ur vorir \u00ed Egyptalandi g\u00e1fu eigi g\u00e6tur a\u00f0 d\u00e1semdarverkum \u00fe\u00ednum, minntust eigi \u00feinnar miklu miskunnar og s\u00fdndu Hinum h\u00e6sta \u00ferj\u00f3sku hj\u00e1 Hafinu rau\u00f0a.<a name=\"8\"><span class=\"versanumer\">8<\/span><\/a>\u00de\u00f3 hj\u00e1lpa\u00f0i hann \u00feeim sakir nafns s\u00edns til \u00feess a\u00f0 kunngj\u00f6ra m\u00e1tt sinn.<a name=\"9\"><span class=\"versanumer\">9<\/span><\/a>Hann hasta\u00f0i \u00e1 Hafi\u00f0 rau\u00f0a, svo a\u00f0 \u00fea\u00f0 \u00feorna\u00f0i upp, og l\u00e9t \u00fe\u00e1 ganga um dj\u00fapin eins og um ey\u00f0im\u00f6rk.<a name=\"10\"><span class=\"versanumer\">10<\/span><\/a>Hann frelsa\u00f0i \u00fe\u00e1 af hendi hatursmanna \u00feeirra og leysti \u00fe\u00e1 af hendi \u00f3vinanna.<a name=\"11\"><span class=\"versanumer\">11<\/span><\/a>V\u00f6tnin huldu fjendur \u00feeirra, ekki einn af \u00feeim komst undan.<a name=\"12\"><span class=\"versanumer\">12<\/span><\/a>\u00de\u00e1 tr\u00fa\u00f0u \u00feeir or\u00f0um hans, sungu honum lof.<a name=\"13\"><span class=\"versanumer\">13<\/span><\/a>En \u00feeir gleymdu flj\u00f3tt verkum hans, treystu eigi \u00e1 r\u00e1\u00f0 hans.<a name=\"14\"><span class=\"versanumer\">14<\/span><\/a>\u00deeir fylltust lysting \u00ed ey\u00f0im\u00f6rkinni og freistu\u00f0u Gu\u00f0s \u00ed \u00f6r\u00e6funum.<a name=\"15\"><span class=\"versanumer\">15<\/span><\/a>\u00de\u00e1 veitti hann \u00feeim b\u00e6n \u00feeirra og sendi \u00feeim megur\u00f0.<a name=\"16\"><span class=\"versanumer\">16<\/span><\/a>\u00de\u00e1 \u00f6fundu\u00f0ust \u00feeir vi\u00f0 M\u00f3se \u00ed herb\u00fa\u00f0unum, vi\u00f0 Aron, hinn heilaga Drottins.<a name=\"17\"><span class=\"versanumer\">17<\/span><\/a>J\u00f6r\u00f0in opna\u00f0ist og svalg Datan og huldi flokk Ab\u00edrams,<a name=\"18\"><span class=\"versanumer\">18<\/span><\/a>eldur kvikna\u00f0i \u00ed flokki \u00feeirra, loginn brenndi hina \u00f3gu\u00f0legu.<a name=\"19\"><span class=\"versanumer\">19<\/span><\/a>\u00deeir bjuggu til k\u00e1lf hj\u00e1 H\u00f3reb og lutu steyptu l\u00edkneski,<a name=\"20\"><span class=\"versanumer\">20<\/span><\/a>og l\u00e9tu vegsemd s\u00edna \u00ed skiptum fyrir mynd af uxa, er gras etur.<a name=\"21\"><span class=\"versanumer\">21<\/span><\/a>\u00deeir gleymdu Gu\u00f0i, frelsara s\u00ednum, \u00feeim er st\u00f3rvirki gj\u00f6r\u00f0i \u00ed Egyptalandi,<a name=\"22\"><span class=\"versanumer\">22<\/span><\/a>d\u00e1semdarverk \u00ed landi Kams, \u00f3ttaleg verk vi\u00f0 Hafi\u00f0 rau\u00f0a.<a name=\"23\"><span class=\"versanumer\">23<\/span><\/a>\u00de\u00e1 hug\u00f0i hann \u00e1 a\u00f0 tort\u00edma \u00feeim, ef M\u00f3se, hans \u00fatvaldi, hef\u00f0i eigi gengi\u00f0 fram fyrir hann og bori\u00f0 af blaki\u00f0, til \u00feess a\u00f0 afst\u00fdra rei\u00f0i hans, svo a\u00f0 hann skyldi eigi tort\u00edma.<a name=\"24\"><span class=\"versanumer\">24<\/span><\/a>\u00deeir fyrirlitu hi\u00f0 una\u00f0slega land og tr\u00fa\u00f0u eigi or\u00f0um hans.<a name=\"25\"><span class=\"versanumer\">25<\/span><\/a>\u00deeir m\u00f6glu\u00f0u \u00ed tj\u00f6ldum s\u00ednum og hl\u00fdddu eigi \u00e1 raust Drottins.<a name=\"26\"><span class=\"versanumer\">26<\/span><\/a>\u00de\u00e1 lyfti hann hendi sinni gegn \u00feeim og s\u00f3r a\u00f0 l\u00e1ta \u00fe\u00e1 falla \u00ed ey\u00f0im\u00f6rkinni,<a name=\"27\"><span class=\"versanumer\">27<\/span><\/a>tv\u00edstra ni\u00f0jum \u00feeirra me\u00f0al \u00fej\u00f3\u00f0anna og dreifa \u00feeim um l\u00f6ndin.<a name=\"28\"><span class=\"versanumer\">28<\/span><\/a>\u00deeir d\u00fdrku\u00f0u Baal Pe\u00f3r og \u00e1tu f\u00f3rnir dau\u00f0ra skur\u00f0go\u00f0a.<a name=\"29\"><span class=\"versanumer\">29<\/span><\/a>\u00deeir egndu hann til rei\u00f0i me\u00f0 ath\u00e6fi s\u00ednu, og braust \u00fev\u00ed \u00fat pl\u00e1ga me\u00f0al \u00feeirra.<a name=\"30\"><span class=\"versanumer\">30<\/span><\/a>En P\u00ednehas gekk fram og skar \u00far, og \u00fe\u00e1 sta\u00f0na\u00f0i pl\u00e1gan.<a name=\"31\"><span class=\"versanumer\">31<\/span><\/a>Og honum var reikna\u00f0 \u00fea\u00f0 til r\u00e9ttl\u00e6tis, fr\u00e1 kyni til kyns, a\u00f0 eil\u00edfu.<a name=\"32\"><span class=\"versanumer\">32<\/span><\/a>\u00deeir reittu hann til rei\u00f0i hj\u00e1 Mer\u00edba-v\u00f6tnum, \u00fe\u00e1 f\u00f3r illa fyrir M\u00f3se \u00feeirra vegna,<a name=\"33\"><span class=\"versanumer\">33<\/span><\/a>\u00fev\u00ed a\u00f0 \u00feeir s\u00fdndu \u00ferj\u00f3sku anda hans, og honum hrutu \u00f3g\u00e6tnisor\u00f0 af v\u00f6rum.<a name=\"34\"><span class=\"versanumer\">34<\/span><\/a>\u00deeir eyddu eigi \u00fej\u00f3\u00f0unum, er Drottinn haf\u00f0i bo\u00f0i\u00f0 \u00feeim,<a name=\"35\"><span class=\"versanumer\">35<\/span><\/a>heldur l\u00f6g\u00f0u \u00feeir lag sitt vi\u00f0 hei\u00f0ingjana og l\u00e6r\u00f0u ath\u00e6fi \u00feeirra.<a name=\"36\"><span class=\"versanumer\">36<\/span><\/a>\u00deeir d\u00fdrku\u00f0u skur\u00f0go\u00f0 \u00feeirra, og \u00feau ur\u00f0u \u00feeim a\u00f0 sn\u00f6ru,<a name=\"37\"><span class=\"versanumer\">37<\/span><\/a>\u00feeir f\u00e6r\u00f0u a\u00f0 f\u00f3rnum sonu s\u00edna og d\u00e6tur s\u00ednar illum v\u00e6ttum<a name=\"38\"><span class=\"versanumer\">38<\/span><\/a>og \u00fathelltu saklausu bl\u00f3\u00f0i, bl\u00f3\u00f0i sona sinna og d\u00e6tra, er \u00feeir f\u00f3rnf\u00e6r\u00f0u skur\u00f0go\u00f0um Kanaans, svo a\u00f0 landi\u00f0 vanhelga\u00f0ist af bl\u00f3\u00f0skuldinni.<a name=\"39\"><span class=\"versanumer\">39<\/span><\/a>\u00deeir saurgu\u00f0ust af verkum s\u00ednum og fr\u00f6mdu trygg\u00f0rof me\u00f0 ath\u00e6fi s\u00ednu.<a name=\"40\"><span class=\"versanumer\">40<\/span><\/a>\u00de\u00e1 upptendra\u00f0ist rei\u00f0i Drottins gegn l\u00fd\u00f0 hans, og hann f\u00e9kk vi\u00f0bj\u00f3\u00f0 \u00e1 arfleif\u00f0 sinni.<a name=\"41\"><span class=\"versanumer\">41<\/span><\/a>Hann gaf \u00fe\u00e1 \u00e1 vald hei\u00f0ingjum, og hatursmenn \u00feeirra drottnu\u00f0u yfir \u00feeim.<a name=\"42\"><span class=\"versanumer\">42<\/span><\/a>\u00d3vinir \u00feeirra \u00fej\u00f6ku\u00f0u \u00fe\u00e1, og \u00feeir ur\u00f0u a\u00f0 beygja sig undir vald \u00feeirra.<a name=\"43\"><span class=\"versanumer\">43<\/span><\/a>M\u00f6rgum sinnum bjarga\u00f0i hann \u00feeim, en \u00feeir s\u00fdndu \u00ferj\u00f3sku \u00ed r\u00e1\u00f0i s\u00ednu og ur\u00f0u a\u00f0 l\u00fata sakir misgj\u00f6r\u00f0ar sinnar.<a name=\"44\"><span class=\"versanumer\">44<\/span><\/a>Samt leit hann \u00e1 ney\u00f0 \u00feeirra, er hann heyr\u00f0i kvein \u00feeirra.<a name=\"45\"><span class=\"versanumer\">45<\/span><\/a>Hann minntist s\u00e1ttm\u00e1la s\u00edns vi\u00f0 \u00fe\u00e1 og aumka\u00f0ist yfir \u00fe\u00e1 sakir sinnar miklu miskunnar<a name=\"46\"><span class=\"versanumer\">46<\/span><\/a>og l\u00e9t \u00fe\u00e1 finna miskunn hj\u00e1 \u00f6llum \u00feeim er h\u00f6f\u00f0u haft \u00fe\u00e1 burt hernumda.<a name=\"47\"><span class=\"versanumer\">47<\/span><\/a>Hj\u00e1lpa \u00fe\u00fa oss, Drottinn, Gu\u00f0 vor, og safna oss saman fr\u00e1 \u00fej\u00f3\u00f0unum, a\u00f0 v\u00e9r megum lofa \u00feitt heilaga nafn, v\u00ed\u00f0fr\u00e6gja lofst\u00edr \u00feinn.<a name=\"48\"><span class=\"versanumer\">48<\/span><\/a>Lofa\u00f0ur s\u00e9 Drottinn, \u00cdsraels Gu\u00f0, fr\u00e1 eil\u00edf\u00f0 til eil\u00edf\u00f0ar. Og allur l\u00fd\u00f0urinn segi: Amen! Halel\u00faja.<\/p>\n<div class=\"footnote1981\"><b>106.1<\/b> Hallel\u00faja Slm 111.1; 112.1; 113.1; 135.1; 146-150 \u2013 \u00feakki\u00f0 Drottni Slm 105.+ &#8211; hann er g\u00f3\u00f0ur Slm 100.5; 107.1; 118.1,29; 119.68; 135.3; 136.1, Jer 33.11; Nah 1.7; Esr 3.11, 2Kro 5.13, 1Makk 4.24 \u2013 miskunn hans 1Kro 16.41<br \/>\n<b>106.2<\/b> Hver getur sagt &#8230; ? 5M\u00f3s 3.24; Job 26.14; Pr\u00e9d 1.8; S\u00edr 18.4; 43.32<br \/>\n<b>106.3<\/b> S\u00e6lir Slm 1.1+ &#8211; i\u00f0ka r\u00e9ttl\u00e6ti Jes 56.1; Jer 22.15<br \/>\n<b>106.4<\/b> Minnstu m\u00edn Slm 25.7; Neh 5.19; Jer 15.15<br \/>\n<b>106.5<\/b> Heill hinna \u00fatv\u00f6ldu Slm 105.43; Jes 65.9; sbr 66.10<br \/>\n<b>106.6<\/b> Syndga\u00f0 Jer 3.25; Dan 9.5<br \/>\n<b>106.7<\/b> Minntust eigi Slm 78.11 \u2013 miskunnar \u00feinnar Slm 89.2 \u2013 risu gegn 2M\u00f3s 14.10-12; Neh 9.17<br \/>\n<b>106.8<\/b> Vegna nafns s\u00edns Esk 20.9<br \/>\n<b>106.9<\/b> Hasta\u00f0i \u00e1 hafi\u00f0 Slm 104.7+ ; Matt 8.26 \u2013 \u00feorna\u00f0i upp Slm 66.6 \u2013 leiddi \u00fe\u00e1 Slm 78.13<br \/>\n<b>106.10<\/b> Bjarga\u00f0i \u00feeim Slm 107.2; 2M\u00f3s 14.30; L\u00fak 1.71<br \/>\n<b>106.11<\/b> V\u00f6tnin huldu &#8230; 2M\u00f3s 14.28; 15.5, 5M\u00f3s 11.4<br \/>\n<b>106.12<\/b> \u00deeir treystu 2M\u00f3s 14.31 \u2013 sungu 2M\u00f3s 15.1-18,21<br \/>\n<b>106.13<\/b> Gleymdu flj\u00f3tt Slm 106.7,21; 78.11; sbr 5M\u00f3s 4.9 \u2013 b\u00ed\u00f0a sbr Hlj 3.26 \u2013 r\u00e1\u00f0 Gu\u00f0s Slm 107.11<br \/>\n<b>106.14<\/b> Fylltust \u00e1grind 4M\u00f3s 11.4; 1Kor 10.6 \u2013 freistu\u00f0u Gu\u00f0s Slm 78.18+<br \/>\n<b>106.15<\/b> \u00d3sk \u00feeirra Slm 78.18-20+<br \/>\n<b>106.16<\/b> \u00d6fundu\u00f0u M\u00f3se 4M\u00f3s 16.2-7<br \/>\n<b>106.17<\/b> J\u00f6r\u00f0in opna\u00f0ist 4M\u00f3s 16.31-32 \u2013 Datan, Ab\u00edram 4M\u00f3s 16.1<br \/>\n<b>106.18<\/b> Eldur kvikna\u00f0i 4M\u00f3s 16.35; Heb 10.27<br \/>\n<b>106.19<\/b> Hj\u00e1 H\u00f3reb 5M\u00f3s 9.8 \u2013 k\u00e1lfur 2M\u00f3s 32.4; 5M\u00f3s 4.16-19; 9.12,16,21; Neh 9.18; Post 7.41 \u2013 lutu 2M\u00f3s 32.8<br \/>\n<b>106.20<\/b> L\u00e9tu vegsemd s\u00edna R\u00f3m 1.23; sbr Jer 2.13; SSal 12.24<br \/>\n<b>106.21<\/b> \u00deeir gleymdu Slm 106.7,13; 5M\u00f3s 32.18, Jer 2.32 \u2013 frelsara s\u00ednum Jes 17.10+<br \/>\n<b>106.22<\/b> Land Kams Slm 78.51+ &#8211; \u00f3gnvekjandi d\u00e1\u00f0ir  Jer 32.21<br \/>\n<b>106.23<\/b> Me\u00f0alganga M\u00f3se 2M\u00f3s 32.11-14; 4M\u00f3s 14.13-20; 5M\u00f3s 25-29 \u2013 b\u00e6g\u00f0i fr\u00e1 Esk 22.30<br \/>\n<b>106.24<\/b> Fyrirlitu landi\u00f0 4M\u00f3s 13.32; 14.31 \u2013 tr\u00fa\u00f0u eigi 4M\u00f3s 14.11; 5M\u00f3s 1.32; 9.23<br \/>\n<b>106.25<\/b> M\u00f6glun og \u00f3hl\u00fd\u00f0ni 4M\u00f3s 14.2-4; 5M\u00f3s 1.27-28<br \/>\n<b>106.27<\/b> Dreifa Slm 44.12+ ; Esk 20.23<br \/>\n<b>106.28<\/b> Baal Pe\u00f3r 4M\u00f3s 25.1-3; 5M\u00f3s 4.3<br \/>\n<b>106.29<\/b> Egndu Gu\u00f0 til rei\u00f0i Slm 78.59 \u2013 pl\u00e1ga 4M\u00f3s 25.8; 1Kor 10.8<br \/>\n<b>106.30<\/b> P\u00ednehas 4M\u00f3s 25.7<br \/>\n<b>106.31<\/b> Reikna\u00f0 til r\u00e9ttl\u00e6tis 4M\u00f3s 25.10-13<br \/>\n<b>106.32<\/b> Mer\u00edba Slm 95.8+ &#8211; m\u00f3tl\u00e6ti 5M\u00f3s 4.21; 32.51-52<br \/>\n<b>106.33<\/b> Risu gegn vilja hans Jes 63.10 \u2013 vanhugsu\u00f0 or\u00f0 4M\u00f3s 20.10,12<br \/>\n<b>106.34<\/b> Eyddu eigi \u00fej\u00f3\u00f0unum D\u00f3m 1.21-33 \u2013 bo\u00f0 Drottins 5M\u00f3s 7.1-2,16<br \/>\n<b>106.35<\/b> H\u00e6ttir annarra \u00fej\u00f3\u00f0a D\u00f3m 3.5-6; sbr 1Kor 12.2; 15.33<br \/>\n<b>106.36<\/b> Skur\u00f0go\u00f0ad\u00fdrkun D\u00f3m 2.12 \u2013 ur\u00f0u a\u00f0 f\u00f3takefli 2M\u00f3s 23.33; 5M\u00f3s 7.16; D\u00f3m 2.3; SSal 14.11<br \/>\n<b>106.37<\/b> B\u00f6rnum f\u00f3rna\u00f0 2Kon 16.3; 17.17; Jer 7.31-32; 19.5; Esk 20.26 \u2013 v\u00e6ttir 5M\u00f3s 32.17; 1Kor 10.20<br \/>\n<b>106.38<\/b> Enn barnaf\u00f3rnir Jes 57.5; Jer 2.34; Esk 16.20<br \/>\n<b>106.39<\/b> Saurgu\u00f0ust Jer 2.7; Esk 20.30 \u2013 trygg\u00f0arof H\u00f3s 1.2+ , Jer 3.6-9<br \/>\n<b>106.40<\/b> Rei\u00f0i Drottins Slm 78.49; D\u00f3m 2.14<br \/>\n<b>106.41<\/b> Seldi \u00fe\u00e1 &#8230; Neh 9.27; sbr R\u00f3m 1.24 \u2013 drottnu\u00f0u 3M\u00f3s 26.17<br \/>\n<b>106.43<\/b> Bjarga\u00f0i \u00feeim, en &#8230; D\u00f3m 2.16-17<br \/>\n<b>106.44<\/b> Samt bjarga\u00f0i Gu\u00f0 Slm 107.6+<br \/>\n<b>106.45<\/b> Hann minntist Slm 98.3 \u2013 s\u00e1ttm\u00e1la s\u00edns Slm 105.8; L\u00fak 1.72 \u2013 aumka\u00f0ist yfir \u00fe\u00e1 Slm 90.13; Jer 26.19<br \/>\n<b>106.46<\/b> Finna miskunn 1Kon 8.50; Jer 42.12; Esr 9.9<br \/>\n<b>106.47<\/b> Safna oss saman Slm 107.3+ ; 5M\u00f3s 30.3; 2Makk 1.27 \u2013 \u00feitt heilaga nafn Slm 103.1+ &#8211; syngja lof 1Kro 16.35-36<br \/>\n<b>106.48<\/b> Lofa\u00f0ur s\u00e9 Drottinn Slm 28.6+ &#8211; \u00f6ll \u00fej\u00f3\u00f0in 5M\u00f3s 27.15; Neh 5.13; 8.6; 1Kro 16.36 \u2013 Amen, hallel\u00faja Opb 19.4 \u2013 hallel\u00faja Slm 104.35+<\/div>\n","protected":false},"excerpt":{"rendered":"<p>1Halel\u00faja! \u00deakki\u00f0 Drottni, \u00fev\u00ed a\u00f0 hann er g\u00f3\u00f0ur, \u00fev\u00ed a\u00f0 miskunn hans varir a\u00f0 eil\u00edfu.2Hver getur sagt fr\u00e1 m\u00e1ttarverkum Drottins, kunngj\u00f6rt allan lofst\u00edr hans?3S\u00e6lir eru \u00feeir, sem g\u00e6ta r\u00e9ttarins, sem i\u00f0ka r\u00e9ttl\u00e6ti alla t\u00edma.4Minnst \u00fe\u00fa m\u00edn, Drottinn, me\u00f0 vel\u00fe\u00f3knun \u00feeirri, er \u00fe\u00fa hefir \u00e1 l\u00fd\u00f0 \u00fe\u00ednum, vitja m\u00edn me\u00f0 hj\u00e1lpr\u00e6\u00f0i \u00fe\u00ednu,5a\u00f0 \u00e9g megi horfa me\u00f0 unun \u00e1 hamingju \u00feinna \u00fatv\u00f6ldu, gle\u00f0jast yfir gle\u00f0i \u00fej\u00f3\u00f0ar \u00feinnar, fagna me\u00f0 eignarl\u00fd\u00f0 \u00fe\u00ednum.6V\u00e9r h\u00f6fum syndga\u00f0 \u00e1samt fe\u00f0rum vorum, h\u00f6fum breytt illa og \u00f3gu\u00f0lega.7Fe\u00f0ur vorir \u00ed Egyptalandi g\u00e1fu eigi g\u00e6tur a\u00f0 d\u00e1semdarverkum \u00fe\u00ednum, minntust eigi \u00feinnar miklu miskunnar og s\u00fdndu Hinum h\u00e6sta \u00ferj\u00f3sku hj\u00e1 Hafinu <a href=\"https:\/\/biblian.is\/1981\/salmarnir-106-kafli\/\"> [&#8230;]<\/a><\/p>\n","protected":false},"author":1,"featured_media":0,"parent":0,"menu_order":0,"comment_status":"open","ping_status":"open","template":"bibliukaflar.php","meta":{"footnotes":""},"class_list":["post-1931","page","type-page","status-publish","hentry"],"_links":{"self":[{"href":"https:\/\/biblian.is\/1981\/wp-json\/wp\/v2\/pages\/1931","targetHints":{"allow":["GET"]}}],"collection":[{"href":"https:\/\/biblian.is\/1981\/wp-json\/wp\/v2\/pages"}],"about":[{"href":"https:\/\/biblian.is\/1981\/wp-json\/wp\/v2\/types\/page"}],"author":[{"embeddable":true,"href":"https:\/\/biblian.is\/1981\/wp-json\/wp\/v2\/users\/1"}],"replies":[{"embeddable":true,"href":"https:\/\/biblian.is\/1981\/wp-json\/wp\/v2\/comments?post=1931"}],"version-history":[{"count":0,"href":"https:\/\/biblian.is\/1981\/wp-json\/wp\/v2\/pages\/1931\/revisions"}],"wp:attachment":[{"href":"https:\/\/biblian.is\/1981\/wp-json\/wp\/v2\/media?parent=1931"}],"curies":[{"name":"wp","href":"https:\/\/api.w.org\/{rel}","templated":true}]}}