{"id":1930,"date":"2017-11-18T20:19:21","date_gmt":"2017-11-18T20:19:21","guid":{"rendered":"http:\/\/biblian.is\/1981\/salmarnir-105-kafli\/"},"modified":"2021-06-06T11:06:08","modified_gmt":"2021-06-06T11:06:08","slug":"salmarnir-105-kafli","status":"publish","type":"page","link":"https:\/\/biblian.is\/1981\/salmarnir-105-kafli\/","title":{"rendered":"S\u00e1lmarnir 105. kafli"},"content":{"rendered":"<p><a name=\"1\"><span class=\"versanumer\">1<\/span><\/a>\u00deakki\u00f0 Drottni, \u00e1kalli\u00f0 nafn hans, gj\u00f6ri\u00f0 m\u00e1ttarverk hans kunn me\u00f0al \u00fej\u00f3\u00f0anna!<a name=\"2\"><span class=\"versanumer\">2<\/span><\/a>Syngi\u00f0 fyrir honum, leiki\u00f0 fyrir honum, tali\u00f0 um \u00f6ll hans d\u00e1semdarverk.<a name=\"3\"><span class=\"versanumer\">3<\/span><\/a>Hr\u00f3si\u00f0 y\u00f0ur af hans helga nafni, hjarta \u00feeirra er leita Drottins gle\u00f0jist.<a name=\"4\"><span class=\"versanumer\">4<\/span><\/a>Leiti\u00f0 Drottins og m\u00e1ttar hans, stundi\u00f0 s\u00edfellt eftir augliti hans.<a name=\"5\"><span class=\"versanumer\">5<\/span><\/a>Minnist d\u00e1semdarverka hans, \u00feeirra er hann gj\u00f6r\u00f0i, t\u00e1kna hans og refsid\u00f3ma munns hans,<a name=\"6\"><span class=\"versanumer\">6<\/span><\/a>\u00fe\u00e9r ni\u00f0jar Abrahams, \u00fej\u00f3nar hans, \u00fe\u00e9r synir Jakobs, hans \u00fatv\u00f6ldu.<a name=\"7\"><span class=\"versanumer\">7<\/span><\/a>Hann er Drottinn, vor Gu\u00f0, um v\u00ed\u00f0a ver\u00f6ld ganga d\u00f3mar hans.<a name=\"8\"><span class=\"versanumer\">8<\/span><\/a>Hann minnist a\u00f0 eil\u00edfu s\u00e1ttm\u00e1la s\u00edns, or\u00f0s \u00feess, er hann hefir gefi\u00f0 \u00fe\u00fasundum kynsl\u00f3\u00f0a,<a name=\"9\"><span class=\"versanumer\">9<\/span><\/a>s\u00e1ttm\u00e1lans, er hann gj\u00f6r\u00f0i vi\u00f0 Abraham, og ei\u00f0s s\u00edns vi\u00f0 \u00cdsak,<a name=\"10\"><span class=\"versanumer\">10<\/span><\/a>\u00feess er hann setti sem l\u00f6g fyrir Jakob, eil\u00edfan s\u00e1ttm\u00e1la fyrir \u00cdsrael,<a name=\"11\"><span class=\"versanumer\">11<\/span><\/a>\u00fe\u00e1 er hann m\u00e6lti: \u00de\u00e9r mun \u00e9g gefa Kanaanland sem erf\u00f0ahlut y\u00f0ar.<a name=\"12\"><span class=\"versanumer\">12<\/span><\/a>\u00deegar \u00feeir voru f\u00e1mennur h\u00f3pur, \u00f6rf\u00e1ir og bjuggu \u00fear \u00fatlendingar,<a name=\"13\"><span class=\"versanumer\">13<\/span><\/a>\u00fe\u00e1 f\u00f3ru \u00feeir fr\u00e1 einni \u00fej\u00f3\u00f0 til annarrar og fr\u00e1 einu konungsr\u00edki til annars l\u00fd\u00f0s.<a name=\"14\"><span class=\"versanumer\">14<\/span><\/a>Hann lei\u00f0 engum a\u00f0 k\u00faga \u00fe\u00e1 og hegndi konungum \u00feeirra vegna.<a name=\"15\"><span class=\"versanumer\">15<\/span><\/a>Snerti\u00f0 eigi vi\u00f0 m\u00ednum smur\u00f0u og gj\u00f6ri\u00f0 eigi sp\u00e1m\u00f6nnum m\u00ednum mein.<a name=\"16\"><span class=\"versanumer\">16<\/span><\/a>\u00de\u00e1 er hann kalla\u00f0i hall\u00e6ri yfir landi\u00f0, braut \u00ed sundur hverja sto\u00f0 brau\u00f0sins,<a name=\"17\"><span class=\"versanumer\">17<\/span><\/a>\u00fe\u00e1 sendi hann mann \u00e1 undan \u00feeim, J\u00f3sef var seldur sem \u00fer\u00e6ll.<a name=\"18\"><span class=\"versanumer\">18<\/span><\/a>\u00deeir \u00fej\u00e1\u00f0u f\u00e6tur hans me\u00f0 fj\u00f6trum, hann var lag\u00f0ur \u00ed j\u00e1rn,<a name=\"19\"><span class=\"versanumer\">19<\/span><\/a>allt \u00fear til er or\u00f0 hans r\u00e6ttust, og or\u00f0 Drottins l\u00e9tu hann standast raunina.<a name=\"20\"><span class=\"versanumer\">20<\/span><\/a>Konungur sendi bo\u00f0 og l\u00e9t hann lausan, drottnari \u00fej\u00f3\u00f0anna leysti fj\u00f6tra hans.<a name=\"21\"><span class=\"versanumer\">21<\/span><\/a>Hann gj\u00f6r\u00f0i hann a\u00f0 herra yfir h\u00fasi s\u00ednu og a\u00f0 drottnara yfir \u00f6llum eigum s\u00ednum,<a name=\"22\"><span class=\"versanumer\">22<\/span><\/a>a\u00f0 hann g\u00e6ti fj\u00f6tra\u00f0 h\u00f6f\u00f0ingja eftir vild og kennt \u00f6ldungum hans speki.<a name=\"23\"><span class=\"versanumer\">23<\/span><\/a>S\u00ed\u00f0an kom \u00cdsrael til Egyptalands, Jakob var gestur \u00ed landi Kams.<a name=\"24\"><span class=\"versanumer\">24<\/span><\/a>Og Gu\u00f0 gj\u00f6r\u00f0i l\u00fd\u00f0 sinn mj\u00f6g mannmargan og l\u00e9t \u00fe\u00e1 ver\u00f0a fleiri en fjendur \u00feeirra.<a name=\"25\"><span class=\"versanumer\">25<\/span><\/a>Hann sneri hj\u00f6rtum Egypta til haturs vi\u00f0 l\u00fd\u00f0 sinn, til l\u00e6v\u00edsi vi\u00f0 \u00fej\u00f3na s\u00edna.<a name=\"26\"><span class=\"versanumer\">26<\/span><\/a>Hann sendi M\u00f3se, \u00fej\u00f3n sinn, og Aron, er hann haf\u00f0i \u00fatvali\u00f0,<a name=\"27\"><span class=\"versanumer\">27<\/span><\/a>hann gj\u00f6r\u00f0i t\u00e1kn s\u00edn \u00e1 \u00feeim og undur \u00ed landi Kams.<a name=\"28\"><span class=\"versanumer\">28<\/span><\/a>Hann sendi sorta og myrkva\u00f0i landi\u00f0, en \u00feeir g\u00e1fu or\u00f0um hans engan gaum,<a name=\"29\"><span class=\"versanumer\">29<\/span><\/a>hann breytti v\u00f6tnum \u00feeirra \u00ed bl\u00f3\u00f0 og l\u00e9t fiska \u00feeirra deyja,<a name=\"30\"><span class=\"versanumer\">30<\/span><\/a>land \u00feeirra var\u00f0 kvikt af froskum, alla lei\u00f0 inn \u00ed svefnherbergi konungs,<a name=\"31\"><span class=\"versanumer\">31<\/span><\/a>hann bau\u00f0, \u00fe\u00e1 komu flugur, m\u00fdvargur um \u00f6ll h\u00e9ru\u00f0 \u00feeirra,<a name=\"32\"><span class=\"versanumer\">32<\/span><\/a>hann gaf \u00feeim hagl fyrir regn, b\u00e1landi eld \u00ed land \u00feeirra,<a name=\"33\"><span class=\"versanumer\">33<\/span><\/a>hann laust v\u00ednvi\u00f0 \u00feeirra og f\u00edkjutr\u00e9 og braut sundur tr\u00e9n \u00ed h\u00e9ru\u00f0um \u00feeirra,<a name=\"34\"><span class=\"versanumer\">34<\/span><\/a>hann bau\u00f0, \u00fe\u00e1 kom jar\u00f0vargur og \u00f3teljandi engisprettur,<a name=\"35\"><span class=\"versanumer\">35<\/span><\/a>sem \u00e1tu upp allar jurtir \u00ed landi \u00feeirra og \u00e1tu upp \u00e1v\u00f6xtinn af j\u00f6r\u00f0 \u00feeirra,<a name=\"36\"><span class=\"versanumer\">36<\/span><\/a>hann laust alla frumbur\u00f0i \u00ed landi \u00feeirra, frumgr\u00f3\u00f0a alls styrkleiks \u00feeirra.<a name=\"37\"><span class=\"versanumer\">37<\/span><\/a>S\u00ed\u00f0an leiddi hann \u00fe\u00e1 \u00fat me\u00f0 silfri og gulli, enginn hrasa\u00f0i af kynkv\u00edslum hans.<a name=\"38\"><span class=\"versanumer\">38<\/span><\/a>Egyptaland gladdist yfir burtf\u00f6r \u00feeirra, \u00fev\u00ed a\u00f0 \u00f3tti vi\u00f0 \u00fe\u00e1 var fallinn yfir \u00fe\u00e1.<a name=\"39\"><span class=\"versanumer\">39<\/span><\/a>Hann breiddi \u00fat sk\u00fd sem hl\u00edf og eld til \u00feess a\u00f0 l\u00fdsa um n\u00e6tur.<a name=\"40\"><span class=\"versanumer\">40<\/span><\/a>\u00deeir b\u00e1\u00f0u, \u00fe\u00e1 l\u00e9t hann lyngh\u00e6ns koma og metta\u00f0i \u00fe\u00e1 me\u00f0 himnabrau\u00f0i.<a name=\"41\"><span class=\"versanumer\">41<\/span><\/a>Hann opna\u00f0i klett, svo a\u00f0 vatn vall upp, rann sem flj\u00f3t um ey\u00f0im\u00f6rkina.<a name=\"42\"><span class=\"versanumer\">42<\/span><\/a>Hann minntist s\u00edns heilaga heits vi\u00f0 Abraham \u00fej\u00f3n sinn<a name=\"43\"><span class=\"versanumer\">43<\/span><\/a>og leiddi l\u00fd\u00f0 sinn \u00fat me\u00f0 gle\u00f0i, s\u00edna \u00fatv\u00f6ldu me\u00f0 f\u00f6gnu\u00f0i.<a name=\"44\"><span class=\"versanumer\">44<\/span><\/a>Og hann gaf \u00feeim l\u00f6nd \u00fej\u00f3\u00f0anna, \u00fea\u00f0 sem \u00fej\u00f3\u00f0irnar h\u00f6f\u00f0u afla\u00f0 me\u00f0 striti, fengu \u00feeir til eignar,<a name=\"45\"><span class=\"versanumer\">45<\/span><\/a>til \u00feess a\u00f0 \u00feeir skyldu halda l\u00f6g hans og var\u00f0veita l\u00f6gm\u00e1l hans. Halel\u00faja.<\/p>\n<div class=\"footnote1981\"><b>105.1<\/b> \u00deakki\u00f0 Drottni Jes 12.4; sbr Slm 33.2; 106.1; 107.1; 136.1 \u2013 \u00e1kalli\u00f0 nafn hans Slm 80.19; 116.4; 1M\u00f3s 4.26; 2M\u00f3s 34.5; Jl 3.5 \u2013 m\u00e1ttarverk hans Slm 9.12; 96.3; 145.12<br \/>\n<b>105.2<\/b> Syngi\u00f0 Slm 9.3; 68.5 \u2013 leiki\u00f0 Slm 147.7+ &#8211; tali\u00f0 um Slm 9.2; Post 2.11<br \/>\n<b>105.3<\/b> Hans heilaga nafn Slm 33.21; 103.1+; 124.8+ &#8211; gle\u00f0ist Slm 40.17; 70.5; 106.5<br \/>\n<b>105.4<\/b> Leita Drottins Slm 9.11+ &#8211; auglit hans Slm 24.6+<br \/>\n<b>105.5<\/b> Minnist d\u00e1semdaverka hans Slm 77.12; 111.4+ ; sbr 136.4 \u2013 t\u00e1kn hans Slm 78.43; 2M\u00f3s 11.9<br \/>\n<b>105.6<\/b> Ni\u00f0jar Abrahams Jes 41.8; J\u00f3h 8.33; R\u00f3m 4.13; Gal 3.16 \u2013 synir Jakobs Slm 22.24; Jes 45.19<br \/>\n<b>105.7<\/b> Drottinn Gu\u00f0 vor Slm 95.7; 100.3; 2Kro 14.10 \u2013 um v\u00ed\u00f0a ver\u00f6ld &#8230; Slm 94.2; 1M\u00f3s 18.25; Jes 26.9; M\u00edk 4.3<br \/>\n<b>105.8-9<\/b> Hann minnist s\u00e1ttm\u00e1la s\u00edns Slm 106.45<br \/>\n<b>105.8<\/b> \u00de\u00fasundir kynslm\u00f3\u00f0a 5M\u00f3s 7.9; sbr 2M\u00f3s 20.6; 5M\u00f3s 5.10<br \/>\n<b>105.9<\/b> Vi\u00f0 Abraham 1M\u00f3s 15.18; sbr 12.3; 22.17 \u2013 s\u00f3r \u00cdsak 1M\u00f3s 26.3<br \/>\n<b>105.10-11<\/b> L\u00f6g fyrir Jakob 1M\u00f3s 28.13-15 \u2013 \u00e6varandi s\u00e1ttm\u00e1li Slm 111.9; 1M\u00f3s 17.7; D\u00f3m 2.1 \u2013 erf\u00f0ahlutur y\u00f0ar Slm 78.55<br \/>\n<b>105.12<\/b> F\u00e1mmennir 1M\u00f3s 34.30; 5M\u00f3s 7.7; 26.5<br \/>\n<b>105.13<\/b> Fr\u00e1 einni \u2026 1M\u00f3s 47.9; Heb 11.9,13<br \/>\n<b>105.14<\/b> Lei\u00f0 engum a\u00f0 k\u00faga \u00fe\u00e1 1M\u00f3s 35.5; SSal 10.11-12 \u2013 hegndi konungum 1M\u00f3s 12.17; 20.3,7<br \/>\n<b>105.15<\/b> Snerti\u00f0 eigi 1M\u00f3s 26.11; sbr 20.6 \u2013 sp\u00e1m\u00f6nnum m\u00ednum 1M\u00f3s 20.7<br \/>\n<b>105.16<\/b> Hungur yfir landi\u00f0 1M\u00f3s 41.54,57 \u2013 birg\u00f0um brau\u00f0s Jes 3.1, Esk 4.16<br \/>\n<b>105.17<\/b> J\u00f3sef sendur 1M\u00f3s 45.5 \u2013 seldur \u00fer\u00e6ll 1M\u00f3s 37.27-28; Post 7.9<br \/>\n<b>105.18<\/b> J\u00f3sef \u00ed myrkvastofu 1M\u00f3s 39.20<br \/>\n<b>105.19<\/b> Or\u00f0 J\u00f3sefs r\u00e6tast 1M\u00f3s 40.12-13; 41.13,54<br \/>\n<b>105.20<\/b> L\u00e1tinn laus 1M\u00f3s 41.14<br \/>\n<b>105.21<\/b> Yfir Egyptalandi 1M\u00f3s 41.40; P 7.10<br \/>\n<b>105.23<\/b> Jakob heldur til Egyptalands 1M\u00f3s 46.6-7; sbr Post 13.17; land Kams Slm 78.51+ ; 1M\u00f3s 10.6<br \/>\n<b>105.24<\/b> Fj\u00f6lmennari 2M\u00f3s 1.7; 5M\u00f3s 26.5<br \/>\n<b>105.25<\/b> Sneri hj\u00f6rtum Egypta 2M\u00f3s 1.9-10; 7.3; Post 7.19<br \/>\n<b>105.26<\/b> Gu\u00f0 sendir M\u00f3se 2M\u00f3s 3.10 \u2013 \u00fej\u00f3n sinn Heb 3.5 \u2013 Aron 2M\u00f3s 4.14,27 \u2013 \u00fatvali\u00f0 4M\u00f3s 16.5<br \/>\n<b>105.27<\/b> T\u00e1kn og undur Slm 78.43+<br \/>\n<b>105.28<\/b> Myrkur 2M\u00f3s 10.21-29; SSal 17.1-18.4; Opb 16.10-11<br \/>\n<b>105.29<\/b> Breytti v\u00f6tnum \u00ed bl\u00f3\u00f0 Slm 78.44+<br \/>\n<b>105.30<\/b> Froskar Slm 78.45<br \/>\n<b>105.31<\/b> Flugur Slm 78.45+ &#8211; m\u00fdvargur 2M\u00f3s 8.16-18; SSal 19.10<br \/>\n<b>105.32-33<\/b> Hagl og eldur Slm 78.47-48+<br \/>\n<b>105.34-35<\/b> Engisprettur Slm 78.46+<br \/>\n<b>105.36<\/b> Frumbur\u00f0ir deyddir Slm 78.49-51+<br \/>\n<b>105.37<\/b> Me\u00f0 silfri og gulli 2M\u00f3s 12.35-36; sbr 1M\u00f3s 15.14 \u2013 enginn hrasa\u00f0i Jes 63.13<br \/>\n<b>105.38<\/b> Egyptar gle\u00f0jast 2M\u00f3s 12.33 \u2013 \u00f3tti 2M\u00f3s 15.16<br \/>\n<b>105.39<\/b> Sk\u00fd, eldur Slm 78.14+<br \/>\n<b>105.40<\/b> \u00deeir b\u00e1\u00f0u \u2026 lyngh\u00e6nsn Slm 78.18+,26+ &#8211; himnabrau\u00f0 Slm 78.24-25<br \/>\n<b>105.41<\/b> Vatn af kletti Slm 78.15-16+<br \/>\n<b>105.42<\/b> Heit Gu\u00f0s 1M\u00f3s 15.13-14; 2M\u00f3s 2.24, L\u00fak 1.54-55<br \/>\n<b>105.43<\/b> Leiddi me\u00f0 gle\u00f0i Slm 106.5; 2M\u00f3s 15.20-21<br \/>\n<b>105.44<\/b> L\u00f6nd \u00fej\u00f3\u00f0anna Slm 78.54-55+<br \/>\n<b>105.45<\/b> Halda l\u00f6g hans Slm 78.7; 119, Esk 36.27; Ef 2.10 \u2013 hallel\u00faja Slm 104.35+<\/div>\n","protected":false},"excerpt":{"rendered":"<p>1\u00deakki\u00f0 Drottni, \u00e1kalli\u00f0 nafn hans, gj\u00f6ri\u00f0 m\u00e1ttarverk hans kunn me\u00f0al \u00fej\u00f3\u00f0anna!2Syngi\u00f0 fyrir honum, leiki\u00f0 fyrir honum, tali\u00f0 um \u00f6ll hans d\u00e1semdarverk.3Hr\u00f3si\u00f0 y\u00f0ur af hans helga nafni, hjarta \u00feeirra er leita Drottins gle\u00f0jist.4Leiti\u00f0 Drottins og m\u00e1ttar hans, stundi\u00f0 s\u00edfellt eftir augliti hans.5Minnist d\u00e1semdarverka hans, \u00feeirra er hann gj\u00f6r\u00f0i, t\u00e1kna hans og refsid\u00f3ma munns hans,6\u00fe\u00e9r ni\u00f0jar Abrahams, \u00fej\u00f3nar hans, \u00fe\u00e9r synir Jakobs, hans \u00fatv\u00f6ldu.7Hann er Drottinn, vor Gu\u00f0, um v\u00ed\u00f0a ver\u00f6ld ganga d\u00f3mar hans.8Hann minnist a\u00f0 eil\u00edfu s\u00e1ttm\u00e1la s\u00edns, or\u00f0s \u00feess, er hann hefir gefi\u00f0 \u00fe\u00fasundum kynsl\u00f3\u00f0a,9s\u00e1ttm\u00e1lans, er hann gj\u00f6r\u00f0i vi\u00f0 Abraham, og ei\u00f0s s\u00edns vi\u00f0 \u00cdsak,10\u00feess er hann setti sem l\u00f6g <a href=\"https:\/\/biblian.is\/1981\/salmarnir-105-kafli\/\"> [&#8230;]<\/a><\/p>\n","protected":false},"author":1,"featured_media":0,"parent":0,"menu_order":0,"comment_status":"open","ping_status":"open","template":"bibliukaflar.php","meta":{"footnotes":""},"class_list":["post-1930","page","type-page","status-publish","hentry"],"_links":{"self":[{"href":"https:\/\/biblian.is\/1981\/wp-json\/wp\/v2\/pages\/1930","targetHints":{"allow":["GET"]}}],"collection":[{"href":"https:\/\/biblian.is\/1981\/wp-json\/wp\/v2\/pages"}],"about":[{"href":"https:\/\/biblian.is\/1981\/wp-json\/wp\/v2\/types\/page"}],"author":[{"embeddable":true,"href":"https:\/\/biblian.is\/1981\/wp-json\/wp\/v2\/users\/1"}],"replies":[{"embeddable":true,"href":"https:\/\/biblian.is\/1981\/wp-json\/wp\/v2\/comments?post=1930"}],"version-history":[{"count":0,"href":"https:\/\/biblian.is\/1981\/wp-json\/wp\/v2\/pages\/1930\/revisions"}],"wp:attachment":[{"href":"https:\/\/biblian.is\/1981\/wp-json\/wp\/v2\/media?parent=1930"}],"curies":[{"name":"wp","href":"https:\/\/api.w.org\/{rel}","templated":true}]}}